{"id":66934,"date":"2026-03-19T09:15:35","date_gmt":"2026-03-19T09:15:35","guid":{"rendered":"https:\/\/soydeaqui.ddns.net\/pachuca\/index.php\/producto\/adaptador-de-bateria-para-analizador-c7x00-c-series-para-bateria-knb65l-radios-kenwood-tk2000-3000\/"},"modified":"2026-03-19T09:15:36","modified_gmt":"2026-03-19T09:15:36","slug":"adaptador-de-bateria-para-analizador-c7x00-c-series-para-bateria-knb65l-radios-kenwood-tk2000-3000","status":"publish","type":"product","link":"https:\/\/soydeaqui.ddns.net\/pachuca\/index.php\/producto\/adaptador-de-bateria-para-analizador-c7x00-c-series-para-bateria-knb65l-radios-kenwood-tk2000-3000\/","title":{"rendered":"Adaptador de Bater\u00eda para Analizador C7X00-C Series para Bater\u00eda KNB65L, Radios KENWOOD TK2000\/3000"},"content":{"rendered":"<div style='width: 100%; max-width: 1200px; margin: 0 auto; font-family: sans-serif; line-height: 1.6; color: inherit; background-color: transparent;'> <!-- Secci\u00f3n de caracter\u00edsticas --> <\/p>\n<div style='display: flex; flex-wrap: wrap; gap: 30px; margin-bottom: 30px;'>\n<div style='flex: 1 1 300px; min-width: 280px;'>\n<h3 style='font-size: 22px; border-bottom: 2px solid currentColor; padding-bottom: 5px; margin-top: 0; color: inherit; opacity: 0.8;'>Adaptador de Bater\u00eda para Analizador C7X00-C Series para Bater\u00eda KNB65L \/ TXKNB65L radios KENWOOD TK2000 \/ 3000.<\/h3>\n<ul style='padding-left: 20px; font-size: 15px; color: inherit;'>\n<li style='margin-bottom: 5px;'><strong>Compatibilidad:<\/strong> Todos los adaptadores de bater\u00eda universales Cadex son el\u00e9ctricamente compatibles con versiones anteriores y posteriores de todos Analizadores Cadex. Por favor haga referencia al Analizador para m\u00e1s informaci\u00f3n de especificaciones.<\/li>\n<li style='margin-bottom: 5px;'><strong>Mec\u00e1nica:<\/strong> Dise\u00f1o SnapLock<sup>TM<\/sup>&comma; intercambiable con adaptadores de bater\u00eda personalizados. Contactos: RigidArm: contactos chapados en oro *&comma; clasificados en 3A. FlexArm: contactos chapados en oro *&comma; clasificados en 3A. SmartCable: dos caimanes&comma; rojo y negro&comma; con conectado por tapones de banana; calificado en 3A. SmartConnect con FlexStrip *: microconector para ciertas bater\u00edas de iPhone \/ Samsung&comma; clasificadas en 3A. * Campo reemplazable<\/li>\n<li style='margin-bottom: 5px;'><strong>El\u00e9ctrica:<\/strong> 16kb de memoria no vol\u00e1til. Configuraciones de bater\u00eda (C-Code) se ingresan a trav\u00e9s del analizador. Los par\u00e1metros de la bater\u00eda se almacenan en el adaptador. Cada adaptador de bater\u00eda \u00fanico de Cadex tiene 10 C-C\u00f3digos \u00fanicos.<\/li>\n<li style='margin-bottom: 5px;'><strong>Tipos de Qu\u00edmica de bater\u00eda:<\/strong> Litio ion \/ pol\u00edmero (Li-ion\/ Li-Po)&comma; N\u00edquel Metal Hidruro (NiMH)&comma; N\u00edquel Cadmio (NiCd)&comma; \u00c1cido de plomo (SLA).<\/li>\n<li style='margin-bottom: 5px;'><strong>Garant\u00eda:<\/strong> Contra materiales defectuosos y mano de obra (o defectos de fabricaci\u00f3n) a partir de la fecha de compra. Cuando se compra con un analizador Cadex serie C-7X00-C.<\/li>\n<li style='margin-bottom: 5px;'><strong>Nota:<\/strong> Producto exclusivo para clientes de radiocomunicaci\u00f3n.<\/li>\n<\/ul><\/div>\n<\/p><\/div>\n<p> <!-- Separador --> <\/p>\n<hr style='border: 0; border-top: 1px solid rgba(150&comma; 150&comma; 150&comma; 0.3); margin: 30px 0;'> <\/div>\n","protected":false},"excerpt":{"rendered":"<p>Adaptador de Bater\u00eda para Analizador C7X00-C Series para Bater\u00eda KNB65L, Radios KENWOOD TK2000\/3000<\/p>\n","protected":false},"featured_media":66933,"comment_status":"open","ping_status":"closed","template":"","meta":[],"product_brand":[],"product_cat":[1676],"product_tag":[1678,1677,931],"class_list":{"0":"post-66934","1":"product","2":"type-product","3":"status-publish","4":"has-post-thumbnail","6":"product_cat-cups-para-analizadores-de-baterias","7":"product_tag-cadex-electronics-inc","8":"product_tag-cups-para-analizadores-de-baterias","9":"product_tag-equipo-de-laboratorio","11":"first","12":"outofstock","13":"sale","14":"shipping-taxable","15":"purchasable","16":"product-type-simple"},"_links":{"self":[{"href":"https:\/\/soydeaqui.ddns.net\/pachuca\/index.php\/wp-json\/wp\/v2\/product\/66934","targetHints":{"allow":["GET"]}}],"collection":[{"href":"https:\/\/soydeaqui.ddns.net\/pachuca\/index.php\/wp-json\/wp\/v2\/product"}],"about":[{"href":"https:\/\/soydeaqui.ddns.net\/pachuca\/index.php\/wp-json\/wp\/v2\/types\/product"}],"replies":[{"embeddable":true,"href":"https:\/\/soydeaqui.ddns.net\/pachuca\/index.php\/wp-json\/wp\/v2\/comments?post=66934"}],"wp:featuredmedia":[{"embeddable":true,"href":"https:\/\/soydeaqui.ddns.net\/pachuca\/index.php\/wp-json\/wp\/v2\/media\/66933"}],"wp:attachment":[{"href":"https:\/\/soydeaqui.ddns.net\/pachuca\/index.php\/wp-json\/wp\/v2\/media?parent=66934"}],"wp:term":[{"taxonomy":"product_brand","embeddable":true,"href":"https:\/\/soydeaqui.ddns.net\/pachuca\/index.php\/wp-json\/wp\/v2\/product_brand?post=66934"},{"taxonomy":"product_cat","embeddable":true,"href":"https:\/\/soydeaqui.ddns.net\/pachuca\/index.php\/wp-json\/wp\/v2\/product_cat?post=66934"},{"taxonomy":"product_tag","embeddable":true,"href":"https:\/\/soydeaqui.ddns.net\/pachuca\/index.php\/wp-json\/wp\/v2\/product_tag?post=66934"}],"curies":[{"name":"wp","href":"https:\/\/api.w.org\/{rel}","templated":true}]}}