{"id":66924,"date":"2026-03-19T09:15:17","date_gmt":"2026-03-19T09:15:17","guid":{"rendered":"https:\/\/soydeaqui.ddns.net\/pachuca\/index.php\/producto\/adaptador-de-bateria-para-analizador-c7x00-c-series-para-bateria-ntn4497-para-radios-motorola-ep450-dep450-pr400-cp150-cp200-cp250\/"},"modified":"2026-03-19T09:15:18","modified_gmt":"2026-03-19T09:15:18","slug":"adaptador-de-bateria-para-analizador-c7x00-c-series-para-bateria-ntn4497-para-radios-motorola-ep450-dep450-pr400-cp150-cp200-cp250","status":"publish","type":"product","link":"https:\/\/soydeaqui.ddns.net\/pachuca\/index.php\/producto\/adaptador-de-bateria-para-analizador-c7x00-c-series-para-bateria-ntn4497-para-radios-motorola-ep450-dep450-pr400-cp150-cp200-cp250\/","title":{"rendered":"Adaptador de bater\u00eda para ANALIZADOR C7X00-C SERIES para bater\u00eda NTN4497 para radios Motorola EP450, DEP450, PR400, CP150, CP200, CP250"},"content":{"rendered":"<div style='width: 100%; max-width: 1200px; margin: 0 auto; font-family: sans-serif; line-height: 1.6; color: inherit; background-color: transparent;'>\n<div style='display: flex; flex-wrap: wrap; gap: 30px; margin-bottom: 30px;'>\n<div style='flex: 1 1 300px; min-width: 280px;'>\n<h3 style='font-size: 22px; border-bottom: 2px solid currentColor; padding-bottom: 5px; margin-top: 0; color: inherit; opacity: 0.8;'>Compatibilidad<\/h3>\n<ul style='padding-left: 20px; font-size: 15px; color: inherit;'>\n<li style='margin-bottom: 5px;'>Todos los adaptadores de bater\u00eda universales Cadex son el\u00e9ctricamente compatibles con versiones anteriores y posteriores de todos Analizadores Cadex.<\/li>\n<li style='margin-bottom: 5px;'>Por favor haga referencia al Analizador para m\u00e1s informaci\u00f3n de especificaciones.<\/li>\n<\/ul><\/div>\n<div style='flex: 1 1 300px; min-width: 280px;'>\n<h3 style='font-size: 22px; border-bottom: 2px solid currentColor; padding-bottom: 5px; margin-top: 0; color: inherit; opacity: 0.8;'>Mec\u00e1nica<\/h3>\n<ul style='padding-left: 20px; font-size: 15px; color: inherit;'>\n<li style='margin-bottom: 5px;'>Dise\u00f1o SnapLock<sup>TM<\/sup>&comma; intercambiable con adaptadores de bater\u00eda personalizados.<\/li>\n<li style='margin-bottom: 5px;'>Contactos:<\/li>\n<ul style='padding-left: 25px; margin-top: 5px; margin-bottom: 5px;'>\n<li style='margin-bottom: 5px;'>RigidArm: contactos chapados en oro *&comma; clasificados en 3A<\/li>\n<li style='margin-bottom: 5px;'>FlexArm: contactos chapados en oro *&comma; clasificados en 3A<\/li>\n<li style='margin-bottom: 5px;'>SmartCable: dos caimanes&comma; rojo y negro&comma; conncetado por tapones de banana; calificado en 3A<\/li>\n<li style='margin-bottom: 5px;'>SmartConnect con FlexStrip *: microconector para ciertas bater\u00edas de iPhone \/ Samsung&comma; clasificadas en 3A<\/li>\n<\/ul>\n<li style='margin-bottom: 5px;'>* Campo reemplazable<\/li>\n<\/ul><\/div>\n<\/p><\/div>\n<div style='display: flex; flex-wrap: wrap; gap: 30px; margin-bottom: 30px;'>\n<div style='flex: 1 1 300px; min-width: 280px;'>\n<h3 style='font-size: 22px; border-bottom: 2px solid currentColor; padding-bottom: 5px; margin-top: 0; color: inherit; opacity: 0.8;'>El\u00e9ctrica<\/h3>\n<ul style='padding-left: 20px; font-size: 15px; color: inherit;'>\n<li style='margin-bottom: 5px;'>16kb de memoria no vol\u00e1til. Configuraciones de bater\u00eda (C-Code) se ingresan a trav\u00e9s del analizador.<\/li>\n<li style='margin-bottom: 5px;'>Los par\u00e1metros de la bater\u00eda se almacenan en el adaptador.<\/li>\n<li style='margin-bottom: 5px;'>Cada adaptador de bater\u00eda \u00fanico de Cadex tiene 10 C-C\u00f3digos \u00fanicos.<\/li>\n<\/ul><\/div>\n<div style='flex: 1 1 300px; min-width: 280px;'>\n<h3 style='font-size: 22px; border-bottom: 2px solid currentColor; padding-bottom: 5px; margin-top: 0; color: inherit; opacity: 0.8;'>Tipos de Qu\u00edmica de bater\u00eda<\/h3>\n<ul style='padding-left: 20px; font-size: 15px; color: inherit;'>\n<li style='margin-bottom: 5px;'>Litio lon \/ pol\u00edmero (Li-ion\/ Li-Po)<\/li>\n<li style='margin-bottom: 5px;'>N\u00edquel Metal Hidruro (NiMH)<\/li>\n<li style='margin-bottom: 5px;'>N\u00edquel Cadmio (NiCd)<\/li>\n<li style='margin-bottom: 5px;'>\u00c1cido de plomo (SLA)<\/li>\n<\/ul><\/div>\n<\/p><\/div>\n<div style='display: flex; flex-wrap: wrap; gap: 30px; margin-bottom: 30px;'>\n<div style='flex: 1 1 300px; min-width: 280px;'>\n<h3 style='font-size: 22px; border-bottom: 2px solid currentColor; padding-bottom: 5px; margin-top: 0; color: inherit; opacity: 0.8;'>Garant\u00eda<\/h3>\n<ul style='padding-left: 20px; font-size: 15px; color: inherit;'>\n<li style='margin-bottom: 5px;'>Contra materiales defectuosos y mano de obra (o defectos de fabricaci\u00f3n) a partir de la fecha de compra.<\/li>\n<li style='margin-bottom: 5px;'>Cuando se compra con un analizador Cadex serie C-7X00-C.<\/li>\n<\/ul><\/div>\n<\/p><\/div>\n<\/p><\/div>\n","protected":false},"excerpt":{"rendered":"<p>Adaptador de bater\u00eda para ANALIZADOR C7X00-C SERIES para bater\u00eda NTN4497 para radios Motorola EP450, DEP450, PR400, CP150, CP200, CP250<\/p>\n","protected":false},"featured_media":66923,"comment_status":"open","ping_status":"closed","template":"","meta":[],"product_brand":[],"product_cat":[1676],"product_tag":[1678,1677,931],"class_list":{"0":"post-66924","1":"product","2":"type-product","3":"status-publish","4":"has-post-thumbnail","6":"product_cat-cups-para-analizadores-de-baterias","7":"product_tag-cadex-electronics-inc","8":"product_tag-cups-para-analizadores-de-baterias","9":"product_tag-equipo-de-laboratorio","11":"first","12":"outofstock","13":"sale","14":"shipping-taxable","15":"purchasable","16":"product-type-simple"},"_links":{"self":[{"href":"https:\/\/soydeaqui.ddns.net\/pachuca\/index.php\/wp-json\/wp\/v2\/product\/66924","targetHints":{"allow":["GET"]}}],"collection":[{"href":"https:\/\/soydeaqui.ddns.net\/pachuca\/index.php\/wp-json\/wp\/v2\/product"}],"about":[{"href":"https:\/\/soydeaqui.ddns.net\/pachuca\/index.php\/wp-json\/wp\/v2\/types\/product"}],"replies":[{"embeddable":true,"href":"https:\/\/soydeaqui.ddns.net\/pachuca\/index.php\/wp-json\/wp\/v2\/comments?post=66924"}],"wp:featuredmedia":[{"embeddable":true,"href":"https:\/\/soydeaqui.ddns.net\/pachuca\/index.php\/wp-json\/wp\/v2\/media\/66923"}],"wp:attachment":[{"href":"https:\/\/soydeaqui.ddns.net\/pachuca\/index.php\/wp-json\/wp\/v2\/media?parent=66924"}],"wp:term":[{"taxonomy":"product_brand","embeddable":true,"href":"https:\/\/soydeaqui.ddns.net\/pachuca\/index.php\/wp-json\/wp\/v2\/product_brand?post=66924"},{"taxonomy":"product_cat","embeddable":true,"href":"https:\/\/soydeaqui.ddns.net\/pachuca\/index.php\/wp-json\/wp\/v2\/product_cat?post=66924"},{"taxonomy":"product_tag","embeddable":true,"href":"https:\/\/soydeaqui.ddns.net\/pachuca\/index.php\/wp-json\/wp\/v2\/product_tag?post=66924"}],"curies":[{"name":"wp","href":"https:\/\/api.w.org\/{rel}","templated":true}]}}