{"id":6692,"date":"2026-03-18T06:46:17","date_gmt":"2026-03-18T06:46:17","guid":{"rendered":"https:\/\/soydeaqui.ddns.net\/pachuca\/index.php\/producto\/xct-atenuador-con-sensor-de-presencia-apagado-automatico-ideal-para-dormitorios-recamaras-o-cocina\/"},"modified":"2026-03-18T06:46:21","modified_gmt":"2026-03-18T06:46:21","slug":"xct-atenuador-con-sensor-de-presencia-apagado-automatico-ideal-para-dormitorios-recamaras-o-cocina","status":"publish","type":"product","link":"https:\/\/soydeaqui.ddns.net\/pachuca\/index.php\/producto\/xct-atenuador-con-sensor-de-presencia-apagado-automatico-ideal-para-dormitorios-recamaras-o-cocina\/","title":{"rendered":"(XCT) Atenuador con sensor de presencia, apagado autom\u00e1tico, ideal para dormitorios, recamaras o cocina."},"content":{"rendered":"<div style='width: 100%; max-width: 1200px; margin: 0 auto; font-family: sans-serif; line-height: 1.6; color: inherit; background-color: transparent;'>\n<div style='display: flex; flex-wrap: wrap; gap: 30px; margin-bottom: 30px;'>\n<div style='flex: 1 1 300px; min-width: 280px;'>\n<h3 style='font-size: 22px; border-bottom: 2px solid currentColor; padding-bottom: 5px; margin-top: 0; color: inherit; opacity: 0.8;'>Descripci\u00f3n general<\/h3>\n<p style='font-size: 15px; color: inherit; margin-bottom: 15px;'>Los atenuadores LED C.L para focos ahorradores atenuables y LED ahorrar energia y crean ambiente.<\/p>\n<p style='font-size: 15px; color: inherit; margin-bottom: 15px;'>Los atenuadores C.L controlan multiples tipos de focos.<\/p>\n<ul style='padding-left: 20px; font-size: 15px; color: inherit;'>\n<li style='margin-bottom: 5px;'>LED atenuables<\/li>\n<li style='margin-bottom: 5px;'>CFL &#8211; focos ahorradors atenuables<\/li>\n<li style='margin-bottom: 5px;'>Incandescente \/ hal\u00f3genos<\/li>\n<\/ul>\n<p style='font-size: 15px; color: inherit; margin-bottom: 15px;'><strong>La tecnolog\u00eda XCT<\/strong> de Lutron detectan mejor que otros sensores con infrarojo pasivo (PIR)&comma; movimientos finos como el hojear un libro&comma; es el gran avance en la tecnolog\u00eda de detecci\u00f3n asegura<\/p>\n<\/p><\/div>\n<div style='flex: 1 1 300px; min-width: 280px;'>\n<div style='border: 1px solid rgba(150&comma; 150&comma; 150&comma; 0.4); border-radius: 8px; padding: 15px;'>\n<h3 style='font-size: 22px; border-bottom: 2px solid currentColor; padding-bottom: 5px; margin-top: 0; color: inherit; opacity: 0.8;'>Caracter\u00edsticas principales<\/h3>\n<ul style='padding-left: 20px; font-size: 14px; color: inherit;'>\n<li style='margin-bottom: 5px;'><strong>Tipo de aplicaciones:<\/strong> Recomendable para dormitorio&comma; cocina.<\/li>\n<li style='margin-bottom: 5px;'><strong>Tecnologia:<\/strong> XCT PIR.<\/li>\n<li style='margin-bottom: 5px;'><strong>Cobertura m\u00b2:<\/strong> 83 mts m\u00e1ximo&comma; 37 mts menor.<\/li>\n<li style='margin-bottom: 5px;'><strong>Desactivaci\u00f3n:<\/strong> 1&comma;5&comma;15&comma; \u00f3 30 minutos.<\/li>\n<li style='margin-bottom: 5px;'><strong>Voltaje:<\/strong> 120V<\/li>\n<li style='margin-bottom: 5px;'><strong>Amperaje\/Voltaje:<\/strong> 600W Inc\/Halogeno&comma; 150WCFL\/LED<\/li>\n<li style='margin-bottom: 5px;'><strong>Aplicaci\u00f3n 3 v\u00edas\/multilocalizaci\u00f3n:<\/strong> S\u00ed<\/li>\n<li style='margin-bottom: 5px;'><strong>Detecci\u00f3n de luz ambiental:<\/strong> Inteligente<\/li>\n<li style='margin-bottom: 5px;'><strong>Cumple con requerimientos de energ\u00eda:<\/strong> Apagado autom\u00e1tico&comma; iluminaci\u00f3n de m\u00faltiples niveles<\/li>\n<li style='margin-bottom: 5px;'><strong style='color: inherit;'><strong>No incluye la tapa de pared&comma;<\/strong> considerar el siguiente modelo CW-1-WH.<\/strong><\/li>\n<\/ul><\/div>\n<\/p><\/div>\n<\/p><\/div>\n<div style='display: flex; flex-wrap: wrap; gap: 30px; margin-bottom: 30px;'>\n<div style='flex: 1 1 100%; min-width: 280px;'>\n<div style='position: relative; padding-bottom: 56.25%; height: 0; overflow: hidden; margin-bottom: 30px;'>   <\/div>\n<\/p><\/div>\n<\/p><\/div>\n<hr style='border: 0; border-top: 1px solid rgba(150&comma; 150&comma; 150&comma; 0.3); margin: 30px 0;'> <\/div>\n","protected":false},"excerpt":{"rendered":"<p>(XCT) Atenuador con sensor de presencia, apagado autom\u00e1tico, ideal para dormitorios, recamaras o cocina.<\/p>\n","protected":false},"featured_media":6691,"comment_status":"open","ping_status":"closed","template":"","meta":[],"product_brand":[],"product_cat":[34],"product_tag":[30,35,36],"class_list":{"0":"post-6692","1":"product","2":"type-product","3":"status-publish","4":"has-post-thumbnail","6":"product_cat-lutron","7":"product_tag-automatizacion-casa-inteligente","8":"product_tag-lutron","9":"product_tag-lutron-electronics","11":"first","12":"instock","13":"sale","14":"shipping-taxable","15":"purchasable","16":"product-type-simple"},"_links":{"self":[{"href":"https:\/\/soydeaqui.ddns.net\/pachuca\/index.php\/wp-json\/wp\/v2\/product\/6692","targetHints":{"allow":["GET"]}}],"collection":[{"href":"https:\/\/soydeaqui.ddns.net\/pachuca\/index.php\/wp-json\/wp\/v2\/product"}],"about":[{"href":"https:\/\/soydeaqui.ddns.net\/pachuca\/index.php\/wp-json\/wp\/v2\/types\/product"}],"replies":[{"embeddable":true,"href":"https:\/\/soydeaqui.ddns.net\/pachuca\/index.php\/wp-json\/wp\/v2\/comments?post=6692"}],"wp:featuredmedia":[{"embeddable":true,"href":"https:\/\/soydeaqui.ddns.net\/pachuca\/index.php\/wp-json\/wp\/v2\/media\/6691"}],"wp:attachment":[{"href":"https:\/\/soydeaqui.ddns.net\/pachuca\/index.php\/wp-json\/wp\/v2\/media?parent=6692"}],"wp:term":[{"taxonomy":"product_brand","embeddable":true,"href":"https:\/\/soydeaqui.ddns.net\/pachuca\/index.php\/wp-json\/wp\/v2\/product_brand?post=6692"},{"taxonomy":"product_cat","embeddable":true,"href":"https:\/\/soydeaqui.ddns.net\/pachuca\/index.php\/wp-json\/wp\/v2\/product_cat?post=6692"},{"taxonomy":"product_tag","embeddable":true,"href":"https:\/\/soydeaqui.ddns.net\/pachuca\/index.php\/wp-json\/wp\/v2\/product_tag?post=6692"}],"curies":[{"name":"wp","href":"https:\/\/api.w.org\/{rel}","templated":true}]}}