{"id":66913,"date":"2026-03-19T09:14:55","date_gmt":"2026-03-19T09:14:55","guid":{"rendered":"https:\/\/soydeaqui.ddns.net\/pachuca\/index.php\/producto\/pdu-medible-para-distribucion-de-energia-entrada-200-230-nema-l6-30p-con-24-tomas-c13-y-6-tomas-c19-de-instalacion-vertical\/"},"modified":"2026-03-19T09:14:58","modified_gmt":"2026-03-19T09:14:58","slug":"pdu-medible-para-distribucion-de-energia-entrada-200-230-nema-l6-30p-con-24-tomas-c13-y-6-tomas-c19-de-instalacion-vertical","status":"publish","type":"product","link":"https:\/\/soydeaqui.ddns.net\/pachuca\/index.php\/producto\/pdu-medible-para-distribucion-de-energia-entrada-200-230-nema-l6-30p-con-24-tomas-c13-y-6-tomas-c19-de-instalacion-vertical\/","title":{"rendered":"PDU Medible, Para Distribuci\u00f3n de Energ\u00eda, Entrada 200-230 NEMA L6-30P, Con 24 Tomas C13 Y 6 Tomas C19, de Instalaci\u00f3n Vertical"},"content":{"rendered":"<div style='width: 100%; max-width: 1200px; margin: 0 auto; font-family: sans-serif; line-height: 1.6; color: inherit; background-color: transparent;'>\n<div style='display: flex; flex-wrap: wrap; gap: 30px; margin-bottom: 30px;'>\n<div style='flex: 1 1 300px; min-width: 280px;'>\n<h3 style='font-size: 22px; border-bottom: 2px solid currentColor; padding-bottom: 5px; margin-top: 0; color: inherit; opacity: 0.8;'>Descripci\u00f3n<\/h3>\n<p><img style='width: 100%; height: auto; border: 1px solid rgba(150&comma;150&comma;150&comma;0.3); border-radius: 8px;' src='https:\/\/ftp3.syscom.mx\/usuarios\/fotos\/logotipos\/cyberpower.png' alt=''><\/p>\n<p>CyberPower PDU30MVHVT30F proporciona la salida de una unidad UPS&comma; generador o red el\u00e9ctrica para habilitar m\u00faltiples dispositivos conectados en entornos de TI.<\/p>\n<p>El consumo de energ\u00eda para el equipo conectado se muestra en amperes en el panel LED para monitoreo de carga en tiempo real. Dise\u00f1ado con una carcasa met\u00e1lica resistente de grado industrial y un cable de alimentaci\u00f3n de entrada extra largo&comma; el producto permite su instalaci\u00f3n en entornos exigentes o donde s\u00f3lo hay disponibles fuentes de energ\u00eda distantes.<\/p>\n<\/p><\/div>\n<\/p><\/div>\n<div style='display: flex; flex-wrap: wrap; gap: 20px; margin-bottom: 30px;'>\n<div style='flex: 1 1 250px; border: 1px solid rgba(150&comma; 150&comma; 150&comma; 0.4); border-radius: 8px; overflow: hidden; display: flex; flex-direction: column;'>\n<div style='padding: 15px; border-bottom: 1px solid rgba(150&comma; 150&comma; 150&comma; 0.2); font-weight: bold; font-size: 18px; color: inherit;'>Especificaciones T\u00e9cnicas<\/div>\n<div style='padding: 15px; color: inherit;'>\n<ul style='padding-left: 20px; margin: 0; font-size: 14px; list-style-type: disc;'>\n<li style='margin-bottom: 5px;'><strong>Voltaje de entrada:<\/strong> 200-230 Vca<\/li>\n<li style='margin-bottom: 5px;'><strong>Frecuancia:<\/strong> 50Hz\/60Hz<\/li>\n<li style='margin-bottom: 5px;'><strong>Voltaje de salida:<\/strong> 200-230 Vca<\/li>\n<li style='margin-bottom: 5px;'><strong>Corriente:<\/strong> 30 Amp<\/li>\n<li style='margin-bottom: 5px;'><strong>Tipo de enchufe de entrada:<\/strong> NEMA L6-30P<img style='width: 40px; height: 40px; vertical-align: middle; border: 1px solid rgba(150&comma;150&comma;150&comma;0.3); border-radius: 8px;' src='https:\/\/www.cyberpower.com\/mx\/es\/File\/GetImageByDocId\/GeneralAttribute-246' alt=''><\/li>\n<li style='margin-bottom: 5px;'><strong>Longitud de cable de entrada:<\/strong> 3.05 metros<\/li>\n<li style='margin-bottom: 5px;'><strong>Tipos de tomas de salida:<\/strong> (24) IEC-320 C13<img style='width: 40px; height: 40px; vertical-align: middle; border: 1px solid rgba(150&comma;150&comma;150&comma;0.3); border-radius: 8px;' src='https:\/\/www.cyberpower.com\/mx\/es\/File\/GetImageByDocId\/GeneralAttribute-230' alt=''> y (6) IEC-320 C19<img style='width: 40px; height: 40px; vertical-align: middle; border: 1px solid rgba(150&comma;150&comma;150&comma;0.3); border-radius: 8px;' src='https:\/\/www.cyberpower.com\/mx\/es\/File\/GetImageByDocId\/GeneralAttribute-236' alt=''><\/li>\n<li style='margin-bottom: 5px;'><strong>Tama\u00f1o:<\/strong> 0U de Rack (Instalaci\u00f3n vertical)<\/li>\n<li style='margin-bottom: 5px;'><strong>Dimensiones:<\/strong> 44.5 x 1524 x 38.1 mm (Ancho x Alto x Profundidad)<\/li>\n<li style='margin-bottom: 5px;'><strong>Peso:<\/strong> 4.6 Kg.<\/li>\n<li style='margin-bottom: 5px;'><strong>Certificaciones:<\/strong> FCC Clase A&comma; UL60950<\/li>\n<\/ul><\/div>\n<\/p><\/div>\n<\/p><\/div>\n<\/p><\/div>\n","protected":false},"excerpt":{"rendered":"<p>PDU Medible, Para Distribuci\u00f3n de Energ\u00eda, Entrada 200-230 NEMA L6-30P, Con 24 Tomas C13 Y 6 Tomas C19, de Instalaci\u00f3n Vertical<\/p>\n","protected":false},"featured_media":66912,"comment_status":"open","ping_status":"closed","template":"","meta":[],"product_brand":[],"product_cat":[604],"product_tag":[606,677,605],"class_list":{"0":"post-66913","1":"product","2":"type-product","3":"status-publish","4":"has-post-thumbnail","6":"product_cat-accesorios-para-racks-y-gabinetes","7":"product_tag-accesorios-para-racks-y-gabinetes","8":"product_tag-cyberpower","9":"product_tag-racks-y-gabinetes","11":"first","12":"outofstock","13":"sale","14":"shipping-taxable","15":"purchasable","16":"product-type-simple"},"_links":{"self":[{"href":"https:\/\/soydeaqui.ddns.net\/pachuca\/index.php\/wp-json\/wp\/v2\/product\/66913","targetHints":{"allow":["GET"]}}],"collection":[{"href":"https:\/\/soydeaqui.ddns.net\/pachuca\/index.php\/wp-json\/wp\/v2\/product"}],"about":[{"href":"https:\/\/soydeaqui.ddns.net\/pachuca\/index.php\/wp-json\/wp\/v2\/types\/product"}],"replies":[{"embeddable":true,"href":"https:\/\/soydeaqui.ddns.net\/pachuca\/index.php\/wp-json\/wp\/v2\/comments?post=66913"}],"wp:featuredmedia":[{"embeddable":true,"href":"https:\/\/soydeaqui.ddns.net\/pachuca\/index.php\/wp-json\/wp\/v2\/media\/66912"}],"wp:attachment":[{"href":"https:\/\/soydeaqui.ddns.net\/pachuca\/index.php\/wp-json\/wp\/v2\/media?parent=66913"}],"wp:term":[{"taxonomy":"product_brand","embeddable":true,"href":"https:\/\/soydeaqui.ddns.net\/pachuca\/index.php\/wp-json\/wp\/v2\/product_brand?post=66913"},{"taxonomy":"product_cat","embeddable":true,"href":"https:\/\/soydeaqui.ddns.net\/pachuca\/index.php\/wp-json\/wp\/v2\/product_cat?post=66913"},{"taxonomy":"product_tag","embeddable":true,"href":"https:\/\/soydeaqui.ddns.net\/pachuca\/index.php\/wp-json\/wp\/v2\/product_tag?post=66913"}],"curies":[{"name":"wp","href":"https:\/\/api.w.org\/{rel}","templated":true}]}}