{"id":66906,"date":"2026-03-19T09:14:41","date_gmt":"2026-03-19T09:14:41","guid":{"rendered":"https:\/\/soydeaqui.ddns.net\/pachuca\/index.php\/producto\/adaptador-de-bateria-para-analizador-c7x00-c-series-para-apple-iphone-y-samsung-smart-connect-adapter\/"},"modified":"2026-03-19T09:14:42","modified_gmt":"2026-03-19T09:14:42","slug":"adaptador-de-bateria-para-analizador-c7x00-c-series-para-apple-iphone-y-samsung-smart-connect-adapter","status":"publish","type":"product","link":"https:\/\/soydeaqui.ddns.net\/pachuca\/index.php\/producto\/adaptador-de-bateria-para-analizador-c7x00-c-series-para-apple-iphone-y-samsung-smart-connect-adapter\/","title":{"rendered":"Adaptador de bater\u00eda para ANALIZADOR C7X00-C SERIES para  Apple iPhone y Samsung (Smart Connect Adapter)"},"content":{"rendered":"<div style='width: 100%; max-width: 1200px; margin: 0 auto; font-family: sans-serif; line-height: 1.6; color: inherit; background-color: transparent;'> <!-- Secci\u00f3n de descripci\u00f3n --> <\/p>\n<div style='margin-bottom: 30px;'>\n<h2 style='font-size: 24px; margin-top: 0; margin-bottom: 15px; color: inherit; opacity: 0.9;'>Adaptador de bater\u00eda para ANALIZADOR C7X00-C SERIES para (Smart Connect Adapter) APPLE IPHONE 5 \/ 6 SERIES<\/h2>\n<p style='margin-bottom: 10px;'>Algunos tel\u00e9fonos inteligentes tienen bater\u00edas no extra\u00edbles&comma; pero estos tambi\u00e9n necesita pruebas. El SmartConnect con FlexStrip permite realizar la prueba sin quitar la bater\u00eda. Con el dispositivo abierto&comma; desenchufe el cable de la bater\u00eda de la toma del tel\u00e9fono e ins\u00e9rtelo en el socket correspondiente en el FlexStrip.<\/p>\n<\/p><\/div>\n<p> <!-- Secci\u00f3n de compatibilidad --> <\/p>\n<div style='margin-bottom: 30px;'>\n<h2 style='font-size: 22px; margin-top: 0; margin-bottom: 15px; color: inherit; opacity: 0.85;'>Compatibilidad<\/h2>\n<div style='display: flex; flex-wrap: wrap; gap: 20px;'>\n<div style='flex: 1 1 250px; min-width: 200px;'>\n<h3 style='font-size: 18px; margin-top: 0; margin-bottom: 10px; color: inherit; opacity: 0.8;'>iPhone<\/h3>\n<p style='margin: 0; font-size: 14px; color: inherit;'>5&comma; 5c&comma; 5s&comma; 6&comma; 6 Plus&comma; 6s&comma; 6s Plus&comma; 7&comma; 7 Plus<\/p>\n<\/p><\/div>\n<div style='flex: 1 1 250px; min-width: 200px;'>\n<h3 style='font-size: 18px; margin-top: 0; margin-bottom: 10px; color: inherit; opacity: 0.8;'>Samsung<\/h3>\n<p style='margin: 0; font-size: 14px; color: inherit;'>S6&comma; S6 EDGE&comma; S7&comma; S7 EDGE&comma; S8&comma; S9&comma; NOTE 5&comma; NOTE 8<\/p>\n<\/p><\/div>\n<\/p><\/div>\n<p style='margin-top: 20px; margin-bottom: 0; font-size: 14px; color: inherit;'>Todos los adaptadores de bater\u00eda universales Cadex son el\u00e9ctricamente compatibles con versiones anteriores y posteriores de todos Analizadores Cadex.<\/p>\n<p style='margin-top: 10px; font-size: 14px; color: inherit;'>Por favor haga referencia al Analizador para m\u00e1s informaci\u00f3n de especificaciones.<\/p>\n<\/p><\/div>\n<p> <!-- Secci\u00f3n de especificaciones --> <\/p>\n<div style='margin-bottom: 30px;'>\n<div style='display: flex; flex-wrap: wrap; gap: 20px;'>\n<div style='flex: 1 1 300px; min-width: 250px;'>\n<h2 style='font-size: 22px; margin-top: 0; margin-bottom: 15px; color: inherit; opacity: 0.85;'>Mec\u00e1nica<\/h2>\n<ul style='padding-left: 20px; margin: 0; font-size: 14px; color: inherit; list-style-type: disc;'>\n<li style='margin-bottom: 8px;'>Dise\u00f1o SnapLock<sup>TM<\/sup>&comma; intercambiable con adaptadores de bater\u00eda personalizados.<\/li>\n<li style='margin-bottom: 8px;'>Contactos:<\/li>\n<li style='margin-bottom: 8px;'>RigidArm: contactos chapados en oro *&comma; clasificados en 3A<\/li>\n<li style='margin-bottom: 8px;'>FlexArm: contactos chapados en oro *&comma; clasificados en 3A<\/li>\n<li style='margin-bottom: 8px;'>SmartCable: dos caimanes&comma; rojo y negro&comma; conectado por tapones de banana; calificado en 3A<\/li>\n<li style='margin-bottom: 8px;'>SmartConnect con FlexStrip *: microconector para ciertas bater\u00edas de iPhone \/ Samsung&comma; clasificadas en 3A<\/li>\n<li style='margin-bottom: 8px;'>* Campo reemplazable<\/li>\n<\/ul><\/div>\n<div style='flex: 1 1 300px; min-width: 250px;'>\n<h2 style='font-size: 22px; margin-top: 0; margin-bottom: 15px; color: inherit; opacity: 0.85;'>El\u00e9ctrica<\/h2>\n<ul style='padding-left: 20px; margin: 0; font-size: 14px; color: inherit; list-style-type: disc;'>\n<li style='margin-bottom: 8px;'>16kb de memoria no vol\u00e1til. Configuraciones de bater\u00eda (C-Code) se ingresan a trav\u00e9s del analizador. Los par\u00e1metros de la bater\u00eda se almacenan en el adaptador.<\/li>\n<li style='margin-bottom: 8px;'>Cada adaptador de bater\u00eda \u00fanico de Cadex tiene 10 C-C\u00f3digos \u00fanicos.<\/li>\n<\/ul><\/div>\n<\/p><\/div>\n<\/p><\/div>\n<p> <!-- Secci\u00f3n de tipos de bater\u00eda --> <\/p>\n<div style='margin-bottom: 30px;'>\n<h2 style='font-size: 22px; margin-top: 0; margin-bottom: 15px; color: inherit; opacity: 0.85;'>Tipos de Qu\u00edmica de bater\u00eda<\/h2>\n<ul style='padding-left: 20px; margin: 0; font-size: 14px; color: inherit; list-style-type: disc;'>\n<li style='margin-bottom: 8px;'>Litio ion \/ pol\u00edmero (Li-ion\/ Li-Po)<\/li>\n<li style='margin-bottom: 8px;'>N\u00edquel Metal Hidruro (NiMH)<\/li>\n<li style='margin-bottom: 8px;'>N\u00edquel Cadmio (NiCd)<\/li>\n<li style='margin-bottom: 8px;'>\u00c1cido de plomo (SLA)<\/li>\n<\/ul><\/div>\n<p> <!-- Secci\u00f3n de garant\u00eda --> <\/p>\n<div style='margin-bottom: 30px;'>\n<h2 style='font-size: 22px; margin-top: 0; margin-bottom: 15px; color: inherit; opacity: 0.85;'>Garant\u00eda<\/h2>\n<p style='margin-top: 0; margin-bottom: 10px; font-size: 14px; color: inherit;'>Contra materiales defectuosos y mano de obra (o defectos de fabricaci\u00f3n) a partir de la fecha de compra.<\/p>\n<p style='margin-top: 0; margin-bottom: 10px; font-size: 14px; color: inherit;'>Cuando se compra con un analizador Cadex serie C-7X00-C.<\/p>\n<\/p><\/div>\n<p> <!-- Secci\u00f3n de compatibilidad adicional --> <\/p>\n<div style='margin-bottom: 30px;'>\n<h2 style='font-size: 22px; margin-top: 0; margin-bottom: 15px; color: inherit; opacity: 0.85;'>Compatibilidad adicional<\/h2>\n<p style='margin-top: 0; margin-bottom: 10px; font-size: 14px; color: inherit;'>Adaptador SnapLock \u2122 compatible con nuestros analizadores de bater\u00eda C5100B&comma; serie C7000 y sistema de prueba de bater\u00eda C8000.<\/p>\n<p style='margin-top: 0; margin-bottom: 10px; font-size: 14px; color: inherit;'>Para Samsung S6 S6 Edge&comma; Apple iPhone 5 5c 5s 6 6+ 6S 6S +:<\/p>\n<ul style='padding-left: 20px; margin: 0; font-size: 14px; color: inherit; list-style-type: disc;'>\n<li style='margin-bottom: 8px;'>Apple&comma; iPhone 5&comma; Li-Ion&comma; 3.6 V&comma; 1425 mAh<\/li>\n<li style='margin-bottom: 8px;'>Apple&comma; iPhone 5c \/ s&comma; Li-Ion&comma; 3.6 V&comma; 1550 mAh<\/li>\n<li style='margin-bottom: 8px;'>Samsung&comma; Galaxy S6&comma; Li-Ion&comma; 3.6 V&comma; 2550 mAh<\/li>\n<li style='margin-bottom: 8px;'>Samsung&comma; S6 Edge&comma; Li-ion&comma; 3.6 V&comma; 2600 mAh<\/li>\n<li style='margin-bottom: 8px;'>Apple&comma; iPhone 6&comma; Li-Ion&comma; 3.6 V&comma; 1800 mAh<\/li>\n<li style='margin-bottom: 8px;'>Apple&comma; iPhone 6+&comma; Li-ion&comma; 3.6 V&comma; 2900 mAh<\/li>\n<li style='margin-bottom: 8px;'>Apple&comma; iPhone 6S&comma; Li-Ion&comma; 3.6 V&comma; 1700 mAh<\/li>\n<li style='margin-bottom: 8px;'>Apple&comma; iPhone 6S +&comma; Li-Ion&comma; 3.6 V&comma; 2750 mAh<\/li>\n<\/ul><\/div>\n<\/p><\/div>\n","protected":false},"excerpt":{"rendered":"<p>Adaptador de bater\u00eda para ANALIZADOR C7X00-C SERIES para  Apple iPhone y Samsung (Smart Connect Adapter)<\/p>\n","protected":false},"featured_media":66905,"comment_status":"open","ping_status":"closed","template":"","meta":[],"product_brand":[],"product_cat":[1676],"product_tag":[1678,1677,931],"class_list":{"0":"post-66906","1":"product","2":"type-product","3":"status-publish","4":"has-post-thumbnail","6":"product_cat-cups-para-analizadores-de-baterias","7":"product_tag-cadex-electronics-inc","8":"product_tag-cups-para-analizadores-de-baterias","9":"product_tag-equipo-de-laboratorio","11":"first","12":"outofstock","13":"sale","14":"shipping-taxable","15":"purchasable","16":"product-type-simple"},"_links":{"self":[{"href":"https:\/\/soydeaqui.ddns.net\/pachuca\/index.php\/wp-json\/wp\/v2\/product\/66906","targetHints":{"allow":["GET"]}}],"collection":[{"href":"https:\/\/soydeaqui.ddns.net\/pachuca\/index.php\/wp-json\/wp\/v2\/product"}],"about":[{"href":"https:\/\/soydeaqui.ddns.net\/pachuca\/index.php\/wp-json\/wp\/v2\/types\/product"}],"replies":[{"embeddable":true,"href":"https:\/\/soydeaqui.ddns.net\/pachuca\/index.php\/wp-json\/wp\/v2\/comments?post=66906"}],"wp:featuredmedia":[{"embeddable":true,"href":"https:\/\/soydeaqui.ddns.net\/pachuca\/index.php\/wp-json\/wp\/v2\/media\/66905"}],"wp:attachment":[{"href":"https:\/\/soydeaqui.ddns.net\/pachuca\/index.php\/wp-json\/wp\/v2\/media?parent=66906"}],"wp:term":[{"taxonomy":"product_brand","embeddable":true,"href":"https:\/\/soydeaqui.ddns.net\/pachuca\/index.php\/wp-json\/wp\/v2\/product_brand?post=66906"},{"taxonomy":"product_cat","embeddable":true,"href":"https:\/\/soydeaqui.ddns.net\/pachuca\/index.php\/wp-json\/wp\/v2\/product_cat?post=66906"},{"taxonomy":"product_tag","embeddable":true,"href":"https:\/\/soydeaqui.ddns.net\/pachuca\/index.php\/wp-json\/wp\/v2\/product_tag?post=66906"}],"curies":[{"name":"wp","href":"https:\/\/api.w.org\/{rel}","templated":true}]}}