{"id":66879,"date":"2026-03-19T09:13:49","date_gmt":"2026-03-19T09:13:49","guid":{"rendered":"https:\/\/soydeaqui.ddns.net\/pachuca\/index.php\/producto\/torre-autosoportada-super-titan-s-310-de-36-576-metros-120-pies-con-anclaje\/"},"modified":"2026-03-19T09:13:50","modified_gmt":"2026-03-19T09:13:50","slug":"torre-autosoportada-super-titan-s-310-de-36-576-metros-120-pies-con-anclaje","status":"publish","type":"product","link":"https:\/\/soydeaqui.ddns.net\/pachuca\/index.php\/producto\/torre-autosoportada-super-titan-s-310-de-36-576-metros-120-pies-con-anclaje\/","title":{"rendered":"Torre Autosoportada SUPER TITAN S-310 de 36.576 metros (120 pies) con Anclaje."},"content":{"rendered":"<div style='width: 100%; max-width: 1200px; margin: 0 auto; font-family: sans-serif; line-height: 1.6; color: inherit; background-color: transparent;'> <!-- Im\u00e1genes de encabezado --> <\/p>\n<div style='display: flex; justify-content: space-between; align-items: center; flex-wrap: wrap; gap: 15px; margin-bottom: 30px;'> <img style='width: 280px; height: auto; border: 1px solid rgba(150&comma;150&comma;150&comma;0.3); border-radius: 8px;' src='https:\/\/ftp3.syscom.mx\/usuarios\/fotos\/TRYST40S300\/159323-super_titan.png' alt='Logo Super Titan'> <img style='width: 200px; height: auto; border: 1px solid rgba(150&comma;150&comma;150&comma;0.3); border-radius: 8px;' src='https:\/\/ftp3.syscom.mx\/usuarios\/fotos\/TRYT64T300\/158134-trylon_logo_2.png' alt='Logo Trylon'> <\/div>\n<p> <!-- Descripci\u00f3n general --> <\/p>\n<div style='margin-bottom: 30px;'>\n<p>El SuperTitan KD es una torre modular que se puede elevar hasta 190 pies de altura. Este sistema modular se puede configurar para crear diferentes tipos de torres&comma; variando alturas y capacidades de carga.<\/p>\n<p>El dise\u00f1o SuperTitan KD cumple con el est\u00e1ndar ANSI-TIA-222 F &#038; G.<\/p>\n<\/p><\/div>\n<p> <!-- Caracter\u00edsticas principales --> <\/p>\n<div style='display: flex; flex-wrap: wrap; gap: 30px; margin-bottom: 30px;'>\n<div style='flex: 1 1 300px; min-width: 280px;'>\n<h3 style='font-size: 22px; border-bottom: 2px solid currentColor; padding-bottom: 5px; margin-top: 0; color: inherit; opacity: 0.8;'>Especificaciones<\/h3>\n<ul style='padding-left: 20px; font-size: 15px; color: inherit;'>\n<li style='margin-bottom: 5px;'><strong>Tipo:<\/strong> Autosoportada<\/li>\n<li style='margin-bottom: 5px;'><strong>Altura de cada secci\u00f3n:<\/strong> 10&#8242; (3m)<\/li>\n<li style='margin-bottom: 5px;'><strong>Altura Total:<\/strong> 36.576 m (120&#8242;)<\/li>\n<li style='margin-bottom: 5px;'><strong>Modelo:<\/strong> S-310<\/li>\n<li style='margin-bottom: 5px;'><strong>Dise\u00f1o:<\/strong> Cumple con el est\u00e1ndar TIA\/EIA-222<\/li>\n<\/ul><\/div>\n<\/p><\/div>\n<p> <!-- Tabla de capacidades --> <\/p>\n<div style='margin-bottom: 30px;'>\n<div style='display: flex; flex-wrap: wrap; gap: 20px; margin-bottom: 15px;'>\n<div style='flex: 1 1 250px; border: 1px solid rgba(150&comma; 150&comma; 150&comma; 0.4); border-radius: 8px; overflow: hidden; display: flex; flex-direction: column;'>\n<div style='padding: 15px; border-bottom: 1px solid rgba(150&comma; 150&comma; 150&comma; 0.2); font-weight: bold; font-size: 18px; color: inherit;'>Capacidad de carga<\/div>\n<div style='padding: 15px; color: inherit;'>\n<p style='margin-bottom: 10px;'><strong>Velocidad de viento:<\/strong> 90 mph (144.8 km\/hr)<\/p>\n<p style='margin-bottom: 10px;'><strong>\u00c1rea de antenas permisibles:<\/strong> 22 ft\u00b2<\/p>\n<p style='margin-bottom: 0;'><strong>Clase:<\/strong> EIA Rev. Clase 1<\/p>\n<\/p><\/div>\n<\/p><\/div>\n<div style='flex: 1 1 250px; border: 1px solid rgba(150&comma; 150&comma; 150&comma; 0.4); border-radius: 8px; overflow: hidden; display: flex; flex-direction: column;'>\n<div style='padding: 15px; border-bottom: 1px solid rgba(150&comma; 150&comma; 150&comma; 0.2); font-weight: bold; font-size: 18px; color: inherit;'>Capacidad de carga<\/div>\n<div style='padding: 15px; color: inherit;'>\n<p style='margin-bottom: 10px;'><strong>Velocidad de viento:<\/strong> 105 mph (168.9 km\/hr)<\/p>\n<p style='margin-bottom: 10px;'><strong>\u00c1rea de antenas permisibles:<\/strong> 2 ft\u00b2<\/p>\n<p style='margin-bottom: 0;'><strong>Clase:<\/strong> EIA Rev. Clase 1<\/p>\n<\/p><\/div>\n<\/p><\/div>\n<div style='flex: 1 1 250px; border: 1px solid rgba(150&comma; 150&comma; 150&comma; 0.4); border-radius: 8px; overflow: hidden; display: flex; flex-direction: column;'>\n<div style='padding: 15px; border-bottom: 1px solid rgba(150&comma; 150&comma; 150&comma; 0.2); font-weight: bold; font-size: 18px; color: inherit;'>Capacidad de carga<\/div>\n<div style='padding: 15px; color: inherit;'>\n<p style='margin-bottom: 10px;'><strong>Velocidad de viento:<\/strong> 120 mph (193.1 km\/hr)<\/p>\n<p style='margin-bottom: 10px;'><strong>\u00c1rea de antenas permisibles:<\/strong> &#8211;<\/p>\n<p style='margin-bottom: 0;'><strong>Clase:<\/strong> EIA Rev. Clase 1<\/p>\n<\/p><\/div>\n<\/p><\/div>\n<\/p><\/div>\n<div style='display: flex; flex-wrap: wrap; gap: 20px;'>\n<div style='flex: 1 1 250px; border: 1px solid rgba(150&comma; 150&comma; 150&comma; 0.4); border-radius: 8px; overflow: hidden; display: flex; flex-direction: column;'>\n<div style='padding: 15px; border-bottom: 1px solid rgba(150&comma; 150&comma; 150&comma; 0.2); font-weight: bold; font-size: 18px; color: inherit;'>Capacidad de carga<\/div>\n<div style='padding: 15px; color: inherit;'>\n<p style='margin-bottom: 10px;'><strong>Velocidad de viento:<\/strong> 90 mph (144.8 km\/hr)<\/p>\n<p style='margin-bottom: 10px;'><strong>\u00c1rea de antenas permisibles:<\/strong> 14 ft\u00b2<\/p>\n<p style='margin-bottom: 0;'><strong>Clase:<\/strong> EIA Rev. Clase 2<\/p>\n<\/p><\/div>\n<\/p><\/div>\n<div style='flex: 1 1 250px; border: 1px solid rgba(150&comma; 150&comma; 150&comma; 0.4); border-radius: 8px; overflow: hidden; display: flex; flex-direction: column;'>\n<div style='padding: 15px; border-bottom: 1px solid rgba(150&comma; 150&comma; 150&comma; 0.2); font-weight: bold; font-size: 18px; color: inherit;'>Capacidad de carga<\/div>\n<div style='padding: 15px; color: inherit;'>\n<p style='margin-bottom: 10px;'><strong>Velocidad de viento:<\/strong> 105 mph (168.9 km\/hr)<\/p>\n<p style='margin-bottom: 10px;'><strong>\u00c1rea de antenas permisibles:<\/strong> &#8211;<\/p>\n<p style='margin-bottom: 0;'><strong>Clase:<\/strong> EIA Rev. Clase 2<\/p>\n<\/p><\/div>\n<\/p><\/div>\n<div style='flex: 1 1 250px; border: 1px solid rgba(150&comma; 150&comma; 150&comma; 0.4); border-radius: 8px; overflow: hidden; display: flex; flex-direction: column;'>\n<div style='padding: 15px; border-bottom: 1px solid rgba(150&comma; 150&comma; 150&comma; 0.2); font-weight: bold; font-size: 18px; color: inherit;'>Capacidad de carga<\/div>\n<div style='padding: 15px; color: inherit;'>\n<p style='margin-bottom: 10px;'><strong>Velocidad de viento:<\/strong> 120 mph (193.1 km\/hr)<\/p>\n<p style='margin-bottom: 10px;'><strong>\u00c1rea de antenas permisibles:<\/strong> &#8211;<\/p>\n<p style='margin-bottom: 0;'><strong>Clase:<\/strong> EIA Rev. Clase 2<\/p>\n<\/p><\/div>\n<\/p><\/div>\n<\/p><\/div>\n<\/p><\/div>\n<p> <!-- Aplicaciones --> <\/p>\n<div style='margin-bottom: 30px;'>\n<h3 style='font-size: 22px; border-bottom: 2px solid currentColor; padding-bottom: 5px; margin-top: 0; color: inherit; opacity: 0.8;'>Aplicaciones<\/h3>\n<ul style='padding-left: 20px; font-size: 15px; color: inherit;'>\n<li style='margin-bottom: 5px;'>Servicios de emergencia (polic\u00eda&comma; bomberos&comma; etc.)<\/li>\n<li style='margin-bottom: 5px;'>Sistemas SCADA<\/li>\n<li style='margin-bottom: 5px;'>Ideal para estaciones base con mayor carga par\u00e1metros<\/li>\n<li style='margin-bottom: 5px;'>Torres para instalaci\u00f3n de estaci\u00f3n base<\/li>\n<\/ul><\/div>\n<p> <!-- Diferenciadores --> <\/p>\n<div style='margin-bottom: 30px;'>\n<h3 style='font-size: 22px; border-bottom: 2px solid currentColor; padding-bottom: 5px; margin-top: 0; color: inherit; opacity: 0.8;'>Diferenciadores de la L\u00ednea SUPERTITAN<\/h3>\n<ul style='padding-left: 20px; font-size: 15px; color: inherit;'>\n<li style='margin-bottom: 5px;'>Altura m\u00e1xima de 190 pies<\/li>\n<li style='margin-bottom: 5px;'>Nuevo empaque innovador<\/li>\n<li style='margin-bottom: 5px;'>Reduce dr\u00e1sticamente los costos de flete<\/li>\n<li style='margin-bottom: 5px;'>Plazos de entrega reducidos<\/li>\n<\/ul><\/div>\n<p> <!-- Accesorios --> <\/p>\n<div style='margin-bottom: 30px;'>\n<h3 style='font-size: 22px; border-bottom: 2px solid currentColor; padding-bottom: 5px; margin-top: 0; color: inherit; opacity: 0.8;'>Accesorios complementarios (No incluidos)<\/h3>\n<div style='margin-top: 15px;'>\n<p style='margin-bottom: 10px; font-weight: bold; display: flex; justify-content: space-between; border-bottom: 1px solid rgba(150&comma; 150&comma; 150&comma; 0.3); padding-bottom: 5px;'> <span style='width: 20%;'>Cantidad<\/span> <span style='width: 30%;'>Modelo<\/span> <span style='width: 50%;'>Descripci\u00f3n<\/span> <\/p>\n<div style='display: flex; justify-content: space-between; align-items: center; margin-bottom: 10px;'>\n<div style='width: 20%;'>10<\/div>\n<div style='width: 30%;'><a style='color: inherit; text-decoration: underline;' href='https:\/\/www.syscom.mx\/producto\/TRY-ST-STEP10-Trylon-165144.html'>TRY-ST-STEP10<\/a><\/div>\n<div style='width: 50%;'>Pelda\u00f1os tipo Perno para Torres. Secciones 1 a 12 kit con 10 pzas.<\/div>\n<\/p><\/div>\n<div style='display: flex; justify-content: space-between; align-items: center; margin-bottom: 10px;'>\n<div style='width: 20%;'>2<\/div>\n<div style='width: 30%;'><a style='color: inherit; text-decoration: underline;' href='https:\/\/www.syscom.mx\/producto\/TRY-ST-STEPW-Trylon-165145.html'>TRY-ST-STEPW<\/a><\/div>\n<div style='width: 50%;'>Escalera de 3 m Tipo Perno con Secci\u00f3n Soldada para Torres. Secciones 13 a 21.<\/div>\n<\/p><\/div>\n<div style='display: flex; justify-content: space-between; align-items: center; margin-bottom: 10px;'>\n<div style='width: 20%;'>1<\/div>\n<div style='width: 30%;'><a style='color: inherit; text-decoration: underline;' href='https:\/\/www.syscom.mx\/producto\/TRY-ST-LV190-Trylon-165147.html'>TRY-ST-LV190<\/a><\/div>\n<div style='width: 50%;'>L\u00ednea de Vida hasta 57.9 m (190 pies). Compatible con l\u00ednea Super Titan.<\/div>\n<\/p><\/div>\n<div style='display: flex; justify-content: space-between; align-items: center; margin-bottom: 10px;'>\n<div style='width: 20%;'>1<\/div>\n<div style='width: 30%;'><a style='color: inherit; text-decoration: underline;' href='https:\/\/www.syscom.mx\/producto\/TRY-TLR-Trylon-165266.html'>TRY-TLR<\/a><\/div>\n<div style='width: 50%;'>Punta Pararrayo Maciza para Estructura de Torres.<\/div>\n<\/p><\/div>\n<div style='display: flex; justify-content: space-between; align-items: center; margin-bottom: 10px;'>\n<div style='width: 20%;'>1<\/div>\n<div style='width: 30%;'><a style='color: inherit; text-decoration: underline;' href='https:\/\/www.syscom.mx\/producto\/TRY-ST-GROUND3-Trylon-177071.html'>TRY-ST-GROUND3<\/a><\/div>\n<div style='width: 50%;'>Sistema de Aterrizaje en 3 Piernas para torres ST.<\/div>\n<\/p><\/div>\n<div style='display: flex; justify-content: space-between; align-items: center; margin-bottom: 10px;'>\n<div style='width: 20%;'>38<\/div>\n<div style='width: 30%;'><a style='color: inherit; text-decoration: underline;' href='https:\/\/www.syscom.mx\/producto\/TRY-ST-BRKT-4H-Trylon-161698.html'>TRYSTBRKT4H<\/a><\/div>\n<div style='width: 50%;'>Bracket Gu\u00eda de Cable de 4 orificios para torre ST.<\/div>\n<\/p><\/div>\n<div style='display: flex; justify-content: space-between; align-items: center; margin-bottom: 10px;'>\n<div style='width: 20%;'>1<\/div>\n<div style='width: 30%;'><a style='color: inherit; text-decoration: underline;' href='https:\/\/www.syscom.mx\/producto\/TRY-ST-ANTIC-13-Trylon-168017.html'>TRYSTANTIC13<\/a><\/div>\n<div style='width: 50%;'>Sistema antiescala para torre&comma; secciones 13-21.<\/div>\n<\/p><\/div>\n<div style='display: flex; justify-content: space-between; align-items: center; margin-bottom: 10px;'>\n<div style='width: 20%;'>2<\/div>\n<div style='width: 30%;'><a style='color: inherit; text-decoration: underline;' href='https:\/\/www.syscom.mx\/producto\/EI-GSL-SE-EPCOM-INDUSTRIAL-155623.html'>EIGSL SE<\/a><\/div>\n<div style='width: 50%;'>L\u00e1mpara de Obstrucci\u00f3n Aut\u00f3noma con Led color rojo con Panel Solar.<\/div>\n<\/p><\/div>\n<div style='display: flex; justify-content: space-between; align-items: center; margin-bottom: 10px;'>\n<div style='width: 20%;'>2<\/div>\n<div style='width: 30%;'><a style='color: inherit; text-decoration: underline;' href='https:\/\/www.syscom.mx\/producto\/HLU3-TA-EPCOM-INDUSTRIAL-190835.html'>HLU3TA<\/a><\/div>\n<div style='width: 50%;'>Base para L\u00e1mpara de Obstrucci\u00f3n EIGSLE.<\/div>\n<\/p><\/div>\n<p style='margin-top: 15px; color: #c0392b; font-size: 14px;'>* Dos en la punta.<\/p>\n<\/p><\/div>\n<\/p><\/div>\n<p> <!-- Sistema de empaque --> <\/p>\n<div style='margin-bottom: 30px;'>\n<h3 style='font-size: 22px; border-bottom: 2px solid currentColor; padding-bottom: 5px; margin-top: 0; color: inherit; opacity: 0.8;'>Sistema de Empaque Optimizado<\/h3>\n<div style='margin-top: 15px;'> <img style='width: 100%; height: auto; border: 1px solid rgba(150&comma;150&comma;150&comma;0.3); border-radius: 8px;' src='https:\/\/ftp3.syscom.mx\/usuarios\/fotos\/TRYST40S300\/159323-empaque.png' alt='Sistema de empaque optimizado'> <\/div>\n<\/p><\/div>\n<p> <!-- Im\u00e1genes de instalaci\u00f3n --> <\/p>\n<div style='margin-bottom: 30px;'>\n<h3 style='font-size: 22px; border-bottom: 2px solid currentColor; padding-bottom: 5px; margin-top: 0; color: inherit; opacity: 0.8;'>Instalaci\u00f3n<\/h3>\n<div style='margin-top: 15px;'>\n<p style='margin-bottom: 15px; font-weight: bold;'>Instalaci\u00f3n t\u00edpica de Torre<\/p>\n<p> <img style='width: 100%; height: auto; border: 1px solid rgba(150&comma;150&comma;150&comma;0.3); border-radius: 8px;' src='https:\/\/ftp3.syscom.mx\/usuarios\/fotos\/TRYST40S300\/159323-dscf0333.gif' alt='Instalaci\u00f3n t\u00edpica de Torre'> <\/div>\n<\/p><\/div>\n<p> <!-- Instalaci\u00f3n en condiciones de nieve --> <\/p>\n<div style='margin-bottom: 30px;'>\n<p style='margin-bottom: 15px; font-weight: bold;'>Instalaci\u00f3n en condiciones de Nieve<\/p>\n<p> <img style='width: 100%; height: auto; border: 1px solid rgba(150&comma;150&comma;150&comma;0.3); border-radius: 8px;' src='https:\/\/ftp3.syscom.mx\/usuarios\/fotos\/TRYST40S300\/159323-imagen1_chica.png' alt='Instalaci\u00f3n en condiciones de Nieve'> <\/div>\n<\/p><\/div>\n","protected":false},"excerpt":{"rendered":"<p>Torre Autosoportada SUPER TITAN S-310 de 36.576 metros (120 pies) con Anclaje.<\/p>\n","protected":false},"featured_media":66878,"comment_status":"open","ping_status":"closed","template":"","meta":[],"product_brand":[],"product_cat":[1713],"product_tag":[1714,246,1715],"class_list":{"0":"post-66879","1":"product","2":"type-product","3":"status-publish","4":"has-post-thumbnail","6":"product_cat-torres-autosoportadas","7":"product_tag-torres-autosoportadas","8":"product_tag-torres-y-mastiles","9":"product_tag-trylon","11":"first","12":"instock","13":"sale","14":"shipping-taxable","15":"purchasable","16":"product-type-simple"},"_links":{"self":[{"href":"https:\/\/soydeaqui.ddns.net\/pachuca\/index.php\/wp-json\/wp\/v2\/product\/66879","targetHints":{"allow":["GET"]}}],"collection":[{"href":"https:\/\/soydeaqui.ddns.net\/pachuca\/index.php\/wp-json\/wp\/v2\/product"}],"about":[{"href":"https:\/\/soydeaqui.ddns.net\/pachuca\/index.php\/wp-json\/wp\/v2\/types\/product"}],"replies":[{"embeddable":true,"href":"https:\/\/soydeaqui.ddns.net\/pachuca\/index.php\/wp-json\/wp\/v2\/comments?post=66879"}],"wp:featuredmedia":[{"embeddable":true,"href":"https:\/\/soydeaqui.ddns.net\/pachuca\/index.php\/wp-json\/wp\/v2\/media\/66878"}],"wp:attachment":[{"href":"https:\/\/soydeaqui.ddns.net\/pachuca\/index.php\/wp-json\/wp\/v2\/media?parent=66879"}],"wp:term":[{"taxonomy":"product_brand","embeddable":true,"href":"https:\/\/soydeaqui.ddns.net\/pachuca\/index.php\/wp-json\/wp\/v2\/product_brand?post=66879"},{"taxonomy":"product_cat","embeddable":true,"href":"https:\/\/soydeaqui.ddns.net\/pachuca\/index.php\/wp-json\/wp\/v2\/product_cat?post=66879"},{"taxonomy":"product_tag","embeddable":true,"href":"https:\/\/soydeaqui.ddns.net\/pachuca\/index.php\/wp-json\/wp\/v2\/product_tag?post=66879"}],"curies":[{"name":"wp","href":"https:\/\/api.w.org\/{rel}","templated":true}]}}