{"id":66824,"date":"2026-03-19T09:11:59","date_gmt":"2026-03-19T09:11:59","guid":{"rendered":"https:\/\/soydeaqui.ddns.net\/pachuca\/index.php\/producto\/modulo-d-potencia-24vcc-700w\/"},"modified":"2026-03-19T09:12:06","modified_gmt":"2026-03-19T09:12:06","slug":"modulo-d-potencia-24vcc-700w","status":"publish","type":"product","link":"https:\/\/soydeaqui.ddns.net\/pachuca\/index.php\/producto\/modulo-d-potencia-24vcc-700w\/","title":{"rendered":"MODULO D\/POTENCIA 24Vcc 700W"},"content":{"rendered":"<div style='width: 100%; max-width: 1200px; margin: 0 auto; font-family: sans-serif; line-height: 1.6; color: inherit; background-color: transparent;'> <!-- Secci\u00f3n de caracter\u00edsticas principales --> <\/p>\n<div style='display: flex; flex-wrap: wrap; gap: 30px; margin-bottom: 30px;'>\n<div style='flex: 1 1 300px; min-width: 280px;'>\n<h3 style='font-size: 22px; border-bottom: 2px solid currentColor; padding-bottom: 5px; margin-top: 0; color: inherit; opacity: 0.8;'>Caracter\u00edsticas principales<\/h3>\n<ul style='padding-left: 20px; font-size: 15px; color: inherit;'>\n<li style='margin-bottom: 5px;'><strong>Marca:<\/strong> ICT<\/li>\n<li style='margin-bottom: 5px;'><strong>Modelo:<\/strong> ICT70024PM<\/li>\n<li style='margin-bottom: 5px;'><strong>Tipo:<\/strong> M\u00f3dulo de potencia<\/li>\n<li style='margin-bottom: 5px;'><strong>Salida:<\/strong> 24 Vcc<\/li>\n<li style='margin-bottom: 5px;'><strong>Potencia:<\/strong> 700 W<\/li>\n<li style='margin-bottom: 5px;'><strong>Aplicaci\u00f3n:<\/strong> Fuentes industriales\/energ\u00eda para radiocomunicaci\u00f3n<\/li>\n<\/ul><\/div>\n<\/p><\/div>\n<p> <!-- Secci\u00f3n de especificaciones t\u00e9cnicas --> <\/p>\n<div style='display: flex; flex-wrap: wrap; gap: 30px; margin-bottom: 30px;'>\n<div style='flex: 1 1 300px; min-width: 280px;'>\n<h3 style='font-size: 22px; border-bottom: 2px solid currentColor; padding-bottom: 5px; margin-top: 0; color: inherit; opacity: 0.8;'>Especificaciones t\u00e9cnicas<\/h3>\n<ul style='padding-left: 20px; font-size: 15px; color: inherit;'>\n<li style='margin-bottom: 5px;'><strong>Voltaje de entrada:<\/strong> 100-300VAC<\/li>\n<li style='margin-bottom: 5px;'><strong>Voltaje nominal:<\/strong> 120\/240VAC<\/li>\n<li style='margin-bottom: 5px;'><strong>Frecuencia:<\/strong> 50\/60Hz<\/li>\n<li style='margin-bottom: 5px;'><strong>Factor de potencia:<\/strong> 0.99 (t\u00edpico)<\/li>\n<li style='margin-bottom: 5px;'><strong>Salida DC:<\/strong> 12 VDC<\/li>\n<li style='margin-bottom: 5px;'><strong>Potencia por m\u00f3dulo:<\/strong> 700W<\/li>\n<li style='margin-bottom: 5px;'><strong>Corriente por m\u00f3dulo:<\/strong> 50A<\/li>\n<li style='margin-bottom: 5px;'><strong>Eficiencia:<\/strong> 90% (t\u00edpico)<\/li>\n<li style='margin-bottom: 5px;'><strong>Rango de voltaje de salida:<\/strong> 11.5 &#8211; 15.5 VDC<\/li>\n<li style='margin-bottom: 5px;'><strong>Temperatura operaci\u00f3n:<\/strong> -30\u00b0C a +60\u00b0C<\/li>\n<\/ul><\/div>\n<p> <!-- Secci\u00f3n de caracter\u00edsticas f\u00edsicas --> <\/p>\n<div style='flex: 1 1 300px; min-width: 280px;'>\n<h3 style='font-size: 22px; border-bottom: 2px solid currentColor; padding-bottom: 5px; margin-top: 0; color: inherit; opacity: 0.8;'>Caracter\u00edsticas f\u00edsicas<\/h3>\n<ul style='padding-left: 20px; font-size: 15px; color: inherit;'>\n<li style='margin-bottom: 5px;'><strong>Conector de entrada AC:<\/strong> Terminal Block&comma; #8 &#8211; #16 AWG<\/li>\n<li style='margin-bottom: 5px;'><strong>Conector de salida DC:<\/strong> Busbars con 1\/4-20 x 7\/8&#8242; bolts<\/li>\n<li style='margin-bottom: 5px;'><strong>Conectores de alarma remota:<\/strong> Terminal Block (#16 -24 AWG)<\/li>\n<li style='margin-bottom: 5px;'><strong>Montaje:<\/strong> 1RU&comma; 19&#8242; rack mount<\/li>\n<li style='margin-bottom: 5px;'><strong>Peso (chasis vac\u00edo):<\/strong> 8.1 lbs \/ 3.7 kg<\/li>\n<li style='margin-bottom: 5px;'><strong>Peso (chasis + 4 m\u00f3dulos):<\/strong> 18.5 lbs \/ 8.4 kg<\/li>\n<li style='margin-bottom: 5px;'><strong>Dimensiones:<\/strong> 1.74 x 19.0 x 15.7 in. \/ 44 x 483 x 398 mm<\/li>\n<\/ul><\/div>\n<\/p><\/div>\n<p> <!-- Secci\u00f3n de est\u00e1ndares y opciones --> <\/p>\n<div style='display: flex; flex-wrap: wrap; gap: 30px; margin-bottom: 30px;'>\n<div style='flex: 1 1 300px; min-width: 280px;'>\n<h3 style='font-size: 22px; border-bottom: 2px solid currentColor; padding-bottom: 5px; margin-top: 0; color: inherit; opacity: 0.8;'>Est\u00e1ndares de dise\u00f1o<\/h3>\n<ul style='padding-left: 20px; font-size: 15px; color: inherit;'>\n<li style='margin-bottom: 5px;'><strong>Seguridad:<\/strong> EN 60950-1<\/li>\n<li style='margin-bottom: 5px;'><strong>Normativa:<\/strong> ROHS<\/li>\n<\/ul><\/div>\n<div style='flex: 1 1 300px; min-width: 280px;'>\n<h3 style='font-size: 22px; border-bottom: 2px solid currentColor; padding-bottom: 5px; margin-top: 0; color: inherit; opacity: 0.8;'>Opciones de configuraci\u00f3n<\/h3>\n<ul style='padding-left: 20px; font-size: 15px; color: inherit;'>\n<li style='margin-bottom: 5px;'><strong>M\u00f3dulo de control inteligente:<\/strong> Con display OLED<\/li>\n<li style='margin-bottom: 5px;'><strong>M\u00f3dulo de distribuci\u00f3n:<\/strong> 4 salidas con control remoto<\/li>\n<li style='margin-bottom: 5px;'><strong>M\u00f3dulo de gesti\u00f3n de bater\u00eda:<\/strong> 150A LVD y 100A C\/B<\/li>\n<\/ul><\/div>\n<\/p><\/div>\n<p> <!-- Secci\u00f3n de aplicaciones --> <\/p>\n<div style='display: flex; flex-wrap: wrap; gap: 30px; margin-bottom: 30px;'>\n<div style='flex: 1 1 300px; min-width: 280px;'>\n<h3 style='font-size: 22px; border-bottom: 2px solid currentColor; padding-bottom: 5px; margin-top: 0; color: inherit; opacity: 0.8;'>Aplicaciones<\/h3>\n<ul style='padding-left: 20px; font-size: 15px; color: inherit;'>\n<li style='margin-bottom: 5px;'>Sistemas de comunicaci\u00f3n RF<\/li>\n<li style='margin-bottom: 5px;'>Aplicaciones industriales de alimentaci\u00f3n DC<\/li>\n<li style='margin-bottom: 5px;'>Sistemas de energ\u00eda para telecomunicaciones<\/li>\n<li style='margin-bottom: 5px;'>Alimentaci\u00f3n de equipos cr\u00edticos con gesti\u00f3n remota<\/li>\n<\/ul><\/div>\n<p> <!-- Secci\u00f3n de redundancia y capacidad --> <\/p>\n<div style='flex: 1 1 300px; min-width: 280px;'>\n<h3 style='font-size: 22px; border-bottom: 2px solid currentColor; padding-bottom: 5px; margin-top: 0; color: inherit; opacity: 0.8;'>Redundancia y capacidad<\/h3>\n<ul style='padding-left: 20px; font-size: 15px; color: inherit;'>\n<li style='margin-bottom: 5px;'><strong>Configuraci\u00f3n:<\/strong> N+1<\/li>\n<li style='margin-bottom: 5px;'><strong>M\u00f3dulos soportados:<\/strong> 1 a 4 m\u00f3dulos de potencia<\/li>\n<li style='margin-bottom: 5px;'><strong>Potencia m\u00e1xima:<\/strong> 2800W en un solo chasis<\/li>\n<li style='margin-bottom: 5px;'><strong>Temperatura de almacenamiento:<\/strong> -45\u00b0C a +85\u00b0C<\/li>\n<\/ul><\/div>\n<\/p><\/div>\n<p> <!-- Secci\u00f3n de funcionalidades avanzadas --> <\/p>\n<div style='display: flex; flex-wrap: wrap; gap: 30px; margin-bottom: 30px;'>\n<div style='flex: 1 1 300px; min-width: 280px;'>\n<h3 style='font-size: 22px; border-bottom: 2px solid currentColor; padding-bottom: 5px; margin-top: 0; color: inherit; opacity: 0.8;'>Funcionalidades avanzadas<\/h3>\n<ul style='padding-left: 20px; font-size: 15px; color: inherit;'>\n<li style='margin-bottom: 5px;'>Monitoreo remoto v\u00eda Ethernet TCP\/IP<\/li>\n<li style='margin-bottom: 5px;'>Gesti\u00f3n avanzada de bater\u00edas con m\u00f3dulo opcional<\/li>\n<li style='margin-bottom: 5px;'>Control remoto de salidas individuales<\/li>\n<li style='margin-bottom: 5px;'>Monitoreo de corriente de carga<\/li>\n<li style='margin-bottom: 5px;'>Pruebas de descarga de bater\u00edas<\/li>\n<li style='margin-bottom: 5px;'>Registro de datos y alarmas<\/li>\n<li style='margin-bottom: 5px;'>Soporte para protocolos HTTPS&comma; SMTP&comma; SNMP<\/li>\n<\/ul><\/div>\n<p> <!-- Secci\u00f3n de conectividad --> <\/p>\n<div style='flex: 1 1 300px; min-width: 280px;'>\n<h3 style='font-size: 22px; border-bottom: 2px solid currentColor; padding-bottom: 5px; margin-top: 0; color: inherit; opacity: 0.8;'>Conectividad<\/h3>\n<ul style='padding-left: 20px; font-size: 15px; color: inherit;'>\n<li style='margin-bottom: 5px;'><strong>Interfaz de red:<\/strong> 10\/100 BASE-T<\/li>\n<li style='margin-bottom: 5px;'><strong>Protecci\u00f3n:<\/strong> 80% de capacidad continua<\/li>\n<li style='margin-bottom: 5px;'><strong>Alarmas:<\/strong> 4 entradas digitales&comma; 1 entrada anal\u00f3gica<\/li>\n<li style='margin-bottom: 5px;'><strong>Protecci\u00f3n contra sobretemperatura:<\/strong> 2% \/ \u00b0C (por encima de 50\u00b0C)<\/li>\n<\/ul><\/div>\n<\/p><\/div>\n<p> <!-- Secci\u00f3n de configuraciones --> <\/p>\n<div style='display: flex; flex-wrap: wrap; gap: 20px; margin-bottom: 30px;'>\n<div style='flex: 1 1 250px; border: 1px solid rgba(150&comma; 150&comma; 150&comma; 0.4); border-radius: 8px; overflow: hidden; display: flex; flex-direction: column;'>\n<div style='padding: 15px; border-bottom: 1px solid rgba(150&comma; 150&comma; 150&comma; 0.2); font-weight: bold; font-size: 18px; color: inherit;'>Configuraciones posibles<\/div>\n<div style='padding: 15px; color: inherit;'>\n<ul style='padding-left: 20px; margin: 0; font-size: 14px; list-style-type: disc;'>\n<li style='margin-bottom: 5px;'>ICT-IPS-BMM-LDMP<\/li>\n<li style='margin-bottom: 5px;'>ICT-IPS-BMMD-LDMP<\/li>\n<li style='margin-bottom: 5px;'>ICT-IPS-LDM-LDMP<\/li>\n<li style='margin-bottom: 5px;'>ICT-IPS-BMMP<\/li>\n<li style='margin-bottom: 5px;'>ICT-IPS-BMMDP<\/li>\n<li style='margin-bottom: 5px;'>ICT-IPS-BMMLP<\/li>\n<li style='margin-bottom: 5px;'>ICT-IPS-LDMP<\/li>\n<li style='margin-bottom: 5px;'>ICT-IPS<\/li>\n<\/ul><\/div>\n<\/p><\/div>\n<p> <!-- Secci\u00f3n de opciones de breakers --> <\/p>\n<div style='flex: 1 1 250px; border: 1px solid rgba(150&comma; 150&comma; 150&comma; 0.4); border-radius: 8px; overflow: hidden; display: flex; flex-direction: column;'>\n<div style='padding: 15px; border-bottom: 1px solid rgba(150&comma; 150&comma; 150&comma; 0.2); font-weight: bold; font-size: 18px; color: inherit;'>Opciones de breakers<\/div>\n<div style='padding: 15px; color: inherit;'>\n<ul style='padding-left: 20px; margin: 0; font-size: 14px; list-style-type: disc;'>\n<li style='margin-bottom: 5px;'>ICT-CB5<\/li>\n<li style='margin-bottom: 5px;'>ICT-CB10<\/li>\n<li style='margin-bottom: 5px;'>ICT-CB15<\/li>\n<li style='margin-bottom: 5px;'>ICT-CB25<\/li>\n<li style='margin-bottom: 5px;'>ICT-CB30<\/li>\n<\/ul><\/div>\n<\/p><\/div>\n<\/p><\/div>\n<p> <!-- Separador --> <\/p>\n<hr style='border: 0; border-top: 1px solid rgba(150&comma; 150&comma; 150&comma; 0.3); margin: 30px 0;'> <\/div>\n","protected":false},"excerpt":{"rendered":"<p>MODULO D\/POTENCIA 24Vcc 700W<\/p>\n","protected":false},"featured_media":66823,"comment_status":"open","ping_status":"closed","template":"","meta":[],"product_brand":[],"product_cat":[874],"product_tag":[142,875,1340],"class_list":{"0":"post-66824","1":"product","2":"type-product","3":"status-publish","4":"has-post-thumbnail","6":"product_cat-fuentes-industriales-de-cd","7":"product_tag-energia","8":"product_tag-fuentes-industriales-de-cd","9":"product_tag-ict","11":"first","12":"instock","13":"sale","14":"shipping-taxable","15":"purchasable","16":"product-type-simple"},"_links":{"self":[{"href":"https:\/\/soydeaqui.ddns.net\/pachuca\/index.php\/wp-json\/wp\/v2\/product\/66824","targetHints":{"allow":["GET"]}}],"collection":[{"href":"https:\/\/soydeaqui.ddns.net\/pachuca\/index.php\/wp-json\/wp\/v2\/product"}],"about":[{"href":"https:\/\/soydeaqui.ddns.net\/pachuca\/index.php\/wp-json\/wp\/v2\/types\/product"}],"replies":[{"embeddable":true,"href":"https:\/\/soydeaqui.ddns.net\/pachuca\/index.php\/wp-json\/wp\/v2\/comments?post=66824"}],"wp:featuredmedia":[{"embeddable":true,"href":"https:\/\/soydeaqui.ddns.net\/pachuca\/index.php\/wp-json\/wp\/v2\/media\/66823"}],"wp:attachment":[{"href":"https:\/\/soydeaqui.ddns.net\/pachuca\/index.php\/wp-json\/wp\/v2\/media?parent=66824"}],"wp:term":[{"taxonomy":"product_brand","embeddable":true,"href":"https:\/\/soydeaqui.ddns.net\/pachuca\/index.php\/wp-json\/wp\/v2\/product_brand?post=66824"},{"taxonomy":"product_cat","embeddable":true,"href":"https:\/\/soydeaqui.ddns.net\/pachuca\/index.php\/wp-json\/wp\/v2\/product_cat?post=66824"},{"taxonomy":"product_tag","embeddable":true,"href":"https:\/\/soydeaqui.ddns.net\/pachuca\/index.php\/wp-json\/wp\/v2\/product_tag?post=66824"}],"curies":[{"name":"wp","href":"https:\/\/api.w.org\/{rel}","templated":true}]}}