{"id":66819,"date":"2026-03-19T09:11:46","date_gmt":"2026-03-19T09:11:46","guid":{"rendered":"https:\/\/soydeaqui.ddns.net\/pachuca\/index.php\/producto\/modulo-de-potencia-de-700w-12vcc-para-fuente-modular-ict\/"},"modified":"2026-03-19T09:11:54","modified_gmt":"2026-03-19T09:11:54","slug":"modulo-de-potencia-de-700w-12vcc-para-fuente-modular-ict","status":"publish","type":"product","link":"https:\/\/soydeaqui.ddns.net\/pachuca\/index.php\/producto\/modulo-de-potencia-de-700w-12vcc-para-fuente-modular-ict\/","title":{"rendered":"M\u00f3dulo de Potencia de 700W, 12Vcc para Fuente Modular ICT"},"content":{"rendered":"<div style='width: 100%; max-width: 1200px; margin: 0 auto; font-family: sans-serif; line-height: 1.6; color: inherit; background-color: transparent;'>\n<div style='display: flex; flex-wrap: wrap; gap: 30px; margin-bottom: 30px;'>\n<div style='flex: 1 1 300px; min-width: 280px;'>\n<h3 style='font-size: 22px; border-bottom: 2px solid currentColor; padding-bottom: 5px; margin-top: 0; color: inherit; opacity: 0.8;'>Caracter\u00edsticas Principales<\/h3>\n<ul style='padding-left: 20px; font-size: 15px; color: inherit;'>\n<li style='margin-bottom: 5px;'>700 watts de potencia con sustituci\u00f3n en caliente<\/li>\n<li style='margin-bottom: 5px;'>Entrada 100-300 VCA con correcci\u00f3n de factor de potencia<\/li>\n<li style='margin-bottom: 5px;'>Operaci\u00f3n a -30 a 60\u00b0C temperatura ambiente<\/li>\n<li style='margin-bottom: 5px;'>Entrada 120\/240 VCA sin degradaci\u00f3n de potencia<\/li>\n<li style='margin-bottom: 5px;'>Salida de 12 VCC para sistemas eficientes<\/li>\n<\/ul>\n<\/div>\n<div style='flex: 1 1 300px; min-width: 280px;'>\n<h3 style='font-size: 22px; border-bottom: 2px solid currentColor; padding-bottom: 5px; margin-top: 0; color: inherit; opacity: 0.8;'>Especificaciones T\u00e9cnicas<\/h3>\n<ul style='padding-left: 20px; font-size: 15px; color: inherit;'>\n<li style='margin-bottom: 5px;'><strong>Voltaje de entrada:<\/strong> 100-300 VCA<\/li>\n<li style='margin-bottom: 5px;'><strong>Entrada:<\/strong> 120\/240 VCA<\/li>\n<li style='margin-bottom: 5px;'><strong>Factor de potencia:<\/strong> 0.99 t\u00edpico<\/li>\n<li style='margin-bottom: 5px;'><strong>Frecuencia:<\/strong> 50\/60 Hz<\/li>\n<li style='margin-bottom: 5px;'><strong>Voltaje de salida:<\/strong> 12 VCC nominal<\/li>\n<li style='margin-bottom: 5px;'><strong>Potencia:<\/strong> 700W por m\u00f3dulo<\/li>\n<li style='margin-bottom: 5px;'><strong>Corriente de salida:<\/strong> 50A por m\u00f3dulo<\/li>\n<li style='margin-bottom: 5px;'><strong>Eficiencia:<\/strong> 90% t\u00edpica<\/li>\n<li style='margin-bottom: 5px;'><strong>Rango de temperatura:<\/strong> -30 a +60\u00b0C<\/li>\n<\/ul>\n<\/div>\n<\/div>\n<div style='display: flex; flex-wrap: wrap; gap: 20px; margin-bottom: 30px;'>\n<div style='flex: 1 1 250px; border: 1px solid rgba(150&comma; 150&comma; 150&comma; 0.4); border-radius: 8px; overflow: hidden; display: flex; flex-direction: column;'>\n<div style='padding: 15px; border-bottom: 1px solid rgba(150&comma; 150&comma; 150&comma; 0.2); font-weight: bold; font-size: 18px; color: inherit;'>Caracter\u00edsticas El\u00e9ctricas<\/div>\n<div style='padding: 15px; color: inherit;'>\n<ul style='padding-left: 20px; margin: 0; font-size: 14px; list-style-type: disc;'>\n<li style='margin-bottom: 5px;'><strong>Rizado de salida:<\/strong> 30mV rms<\/li>\n<li style='margin-bottom: 5px;'><strong>Rango de ajuste:<\/strong> 11.5-15.5 VDC<\/li>\n<li style='margin-bottom: 5px;'><strong>Derating:<\/strong> 2% por \u00b0C sobre 50\u00b0C<\/li>\n<li style='margin-bottom: 5px;'><strong>Conector AC:<\/strong> Bloque de terminales #8-#16 AWG<\/li>\n<li style='margin-bottom: 5px;'><strong>Conector DC:<\/strong> Buses con tornillos 1\/4-20 x 7\/8&#8242;<\/li>\n<\/ul>\n<\/div>\n<\/div>\n<div style='flex: 1 1 250px; border: 1px solid rgba(150&comma; 150&comma; 150&comma; 0.4); border-radius: 8px; overflow: hidden; display: flex; flex-direction: column;'>\n<div style='padding: 15px; border-bottom: 1px solid rgba(150&comma; 150&comma; 150&comma; 0.2); font-weight: bold; font-size: 18px; color: inherit;'>Caracter\u00edsticas F\u00edsicas<\/div>\n<div style='padding: 15px; color: inherit;'>\n<ul style='padding-left: 20px; margin: 0; font-size: 14px; list-style-type: disc;'>\n<li style='margin-bottom: 5px;'><strong>Montaje:<\/strong> 1RU&comma; rack 19&#8242;<\/li>\n<li style='margin-bottom: 5px;'><strong>Peso:<\/strong> 8.1lbs (3.7kg) sin m\u00f3dulos<\/li>\n<li style='margin-bottom: 5px;'><strong>Dimensiones:<\/strong> 1.74 x 19.0 x 15.7&#8242; (44 x 483 x 398 mm)<\/li>\n<li style='margin-bottom: 5px;'><strong>Est\u00e1ndares:<\/strong> EN 60950-1&comma; RoHS<\/li>\n<\/ul>\n<\/div>\n<\/div>\n<\/div>\n<hr style='border: 0; border-top: 1px solid rgba(150&comma; 150&comma; 150&comma; 0.3); margin: 30px 0;'>\n<div style='display: flex; flex-wrap: wrap; gap: 30px; margin-bottom: 30px;'>\n<div style='flex: 1 1 300px; min-width: 280px;'>\n<h3 style='font-size: 22px; border-bottom: 2px solid currentColor; padding-bottom: 5px; margin-top: 0; color: inherit; opacity: 0.8;'>Aplicaciones<\/h3>\n<ul style='padding-left: 20px; font-size: 15px; color: inherit;'>\n<li style='margin-bottom: 5px;'>Sistemas de comunicaci\u00f3n RF<\/li>\n<li style='margin-bottom: 5px;'>Aplicaciones industriales de alimentaci\u00f3n DC<\/li>\n<li style='margin-bottom: 5px;'>Sistemas cr\u00edticos con requerimientos de alta disponibilidad<\/li>\n<li style='margin-bottom: 5px;'>Instalaciones con necesidad de monitoreo remoto<\/li>\n<\/ul>\n<\/div>\n<div style='flex: 1 1 300px; min-width: 280px;'>\n<h3 style='font-size: 22px; border-bottom: 2px solid currentColor; padding-bottom: 5px; margin-top: 0; color: inherit; opacity: 0.8;'>Funcionalidades Avanzadas<\/h3>\n<ul style='padding-left: 20px; font-size: 15px; color: inherit;'>\n<li style='margin-bottom: 5px;'>Monitoreo remoto v\u00eda Ethernet TCP\/IP<\/li>\n<li style='margin-bottom: 5px;'>Gesti\u00f3n avanzada de bater\u00edas (con m\u00f3dulo opcional)<\/li>\n<li style='margin-bottom: 5px;'>Control remoto de salidas de carga<\/li>\n<li style='margin-bottom: 5px;'>Monitoreo de corriente y alarma de sobrecarga<\/li>\n<li style='margin-bottom: 5px;'>Desconexi\u00f3n de bajo voltaje (LVD)<\/li>\n<\/ul>\n<\/div>\n<\/div>\n<\/div>\n","protected":false},"excerpt":{"rendered":"<p>M\u00f3dulo de Potencia de 700W, 12Vcc para Fuente Modular ICT<\/p>\n","protected":false},"featured_media":66818,"comment_status":"open","ping_status":"closed","template":"","meta":[],"product_brand":[],"product_cat":[874],"product_tag":[142,875,1340],"class_list":{"0":"post-66819","1":"product","2":"type-product","3":"status-publish","4":"has-post-thumbnail","6":"product_cat-fuentes-industriales-de-cd","7":"product_tag-energia","8":"product_tag-fuentes-industriales-de-cd","9":"product_tag-ict","11":"first","12":"instock","13":"sale","14":"shipping-taxable","15":"purchasable","16":"product-type-simple"},"_links":{"self":[{"href":"https:\/\/soydeaqui.ddns.net\/pachuca\/index.php\/wp-json\/wp\/v2\/product\/66819","targetHints":{"allow":["GET"]}}],"collection":[{"href":"https:\/\/soydeaqui.ddns.net\/pachuca\/index.php\/wp-json\/wp\/v2\/product"}],"about":[{"href":"https:\/\/soydeaqui.ddns.net\/pachuca\/index.php\/wp-json\/wp\/v2\/types\/product"}],"replies":[{"embeddable":true,"href":"https:\/\/soydeaqui.ddns.net\/pachuca\/index.php\/wp-json\/wp\/v2\/comments?post=66819"}],"wp:featuredmedia":[{"embeddable":true,"href":"https:\/\/soydeaqui.ddns.net\/pachuca\/index.php\/wp-json\/wp\/v2\/media\/66818"}],"wp:attachment":[{"href":"https:\/\/soydeaqui.ddns.net\/pachuca\/index.php\/wp-json\/wp\/v2\/media?parent=66819"}],"wp:term":[{"taxonomy":"product_brand","embeddable":true,"href":"https:\/\/soydeaqui.ddns.net\/pachuca\/index.php\/wp-json\/wp\/v2\/product_brand?post=66819"},{"taxonomy":"product_cat","embeddable":true,"href":"https:\/\/soydeaqui.ddns.net\/pachuca\/index.php\/wp-json\/wp\/v2\/product_cat?post=66819"},{"taxonomy":"product_tag","embeddable":true,"href":"https:\/\/soydeaqui.ddns.net\/pachuca\/index.php\/wp-json\/wp\/v2\/product_tag?post=66819"}],"curies":[{"name":"wp","href":"https:\/\/api.w.org\/{rel}","templated":true}]}}