{"id":66815,"date":"2026-03-19T09:11:38","date_gmt":"2026-03-19T09:11:38","guid":{"rendered":"https:\/\/soydeaqui.ddns.net\/pachuca\/index.php\/producto\/noizebarriers-tapones-auditivos-electronicos-de-alta-definicion\/"},"modified":"2026-03-19T09:11:44","modified_gmt":"2026-03-19T09:11:44","slug":"noizebarriers-tapones-auditivos-electronicos-de-alta-definicion","status":"publish","type":"product","link":"https:\/\/soydeaqui.ddns.net\/pachuca\/index.php\/producto\/noizebarriers-tapones-auditivos-electronicos-de-alta-definicion\/","title":{"rendered":"NoizeBarriers Tapones auditivos electr\u00f3nicos de alta definici\u00f3n"},"content":{"rendered":"<div style='width: 100%; max-width: 1200px; margin: 0 auto; font-family: sans-serif; line-height: 1.6; color: inherit; background-color: transparent;'> <!-- Secci\u00f3n de descripci\u00f3n principal --> <\/p>\n<div style='margin-bottom: 30px; font-size: 15px; color: inherit;'>\n<p>Los tapones auditivos electr\u00f3nicos de alta definici\u00f3n NoizeBarrier de OTTO&comma; proporcionan protecci\u00f3n auditiva contra ruidos fuertes con una conciencia situacional insuperable y comunicaci\u00f3n clara estando alerta a lo que pasa a nuestros alrededores.<\/p>\n<p>El modo dual de los tapones auditivos NoizeBarrier ofrece una protecci\u00f3n auditiva&comma; adem\u00e1s de la detecci\u00f3n y filtrado de la voz en el ambiente ruidoso&comma; para una extremadamente efectiva y clara mejora auditiva.<\/p>\n<p>Los insertos aislantes del ruido combinadas con componentes electr\u00f3nicos patentados de procesamiento de sonido&comma; producen el protector auditivo m\u00e1s efectivo que responde a su entorno.<\/p>\n<p>Los protectores auditivos proporcionan una alerta situacional de nuestros alrededores (360\u00ba)&comma; cuando los niveles de sonido son seguros&comma; un mayor nivel de protecci\u00f3n cuando hay un ruido fuerte sostenido (hasta 15 dB)&comma; y m\u00e1xima protecci\u00f3n de ruidos de impulsos fuertes (hasta 40 dB).<\/p>\n<p>Con una simple presi\u00f3n sobre el bot\u00f3n integrado&comma; el modo de audici\u00f3n mejorado proporciona una amplificaci\u00f3n 5X de sonidos suaves&comma; mientras se mantiene la protecci\u00f3n contra el ruido impulsivo.<\/p>\n<p>Los tapones para los o\u00eddos NoizeBarrier se pueden usar todo el d\u00eda sin necesidad de quitarlos para escuchar a otra persona cara a cara.<\/p>\n<p>Los tapones para los o\u00eddos tienen hasta 16 horas de duraci\u00f3n de la bater\u00eda y vienen con una funda resistente e impermeable para recarga y almacenamiento de estos mismos.<\/p>\n<\/p><\/div>\n<p> <!-- Secci\u00f3n de caracter\u00edsticas principales --> <\/p>\n<div style='display: flex; flex-wrap: wrap; gap: 30px; margin-bottom: 30px;'>\n<div style='flex: 1 1 300px; min-width: 280px;'>\n<h3 style='font-size: 22px; border-bottom: 2px solid currentColor; padding-bottom: 5px; margin-top: 0; color: inherit; opacity: 0.8;'>Caracter\u00edsticas principales<\/h3>\n<ul style='padding-left: 20px; font-size: 15px; color: inherit;'>\n<li style='margin-bottom: 5px;'>A prueba de agua IP67.<\/li>\n<li style='margin-bottom: 5px;'>Con una protecci\u00f3n de hasta 40 dB contra ruido impulsivo como el disparo de un arma&comma; hasta 15 dB de atenuaci\u00f3n de ruido en ambientes ruidosos.<\/li>\n<li style='margin-bottom: 5px;'>El modo de mejora auditiva amplifica los sonidos suaves hasta 5 veces al estar hablando cara a cara&comma; mejorando la recepci\u00f3n del habla de una tercer persona.<\/li>\n<li style='margin-bottom: 5px;'>Una audici\u00f3n natural para los sonidos no nocivos.<\/li>\n<li style='margin-bottom: 5px;'>La calidad de sonido de alta definici\u00f3n Accu-Technology\u00ae.<\/li>\n<li style='margin-bottom: 5px;'>Bot\u00f3n t\u00e1ctil para operaci\u00f3n en modo dual.<\/li>\n<li style='margin-bottom: 5px;'>Equipo recargable con hasta 16 horas de uso continuo.<\/li>\n<li style='margin-bottom: 5px;'>Cuenta con una caja a prueba de agua IP67 con una pantalla LCD de estado de carga.<\/li>\n<li style='margin-bottom: 5px;'>por defectos de fabricaci\u00f3n.<\/li>\n<\/ul><\/div>\n<\/p><\/div>\n<p> <!-- Secci\u00f3n de especificaciones --> <\/p>\n<div style='display: flex; flex-wrap: wrap; gap: 20px; margin-bottom: 30px;'>\n<div style='flex: 1 1 250px; border: 1px solid rgba(150&comma; 150&comma; 150&comma; 0.4); border-radius: 8px; overflow: hidden; display: flex; flex-direction: column;'>\n<div style='padding: 15px; border-bottom: 1px solid rgba(150&comma; 150&comma; 150&comma; 0.2); font-weight: bold; font-size: 18px; color: inherit;'>Especificaciones<\/div>\n<div style='padding: 15px; color: inherit;'>\n<ul style='padding-left: 20px; margin: 0; font-size: 14px; list-style-type: disc;'>\n<li style='margin-bottom: 5px;'><strong>Reducci\u00f3n de ruido (NRR):<\/strong> Hasta 26 dB con tapones de espuma&comma; 25 dB con tapones de silic\u00f3n de 3 bridas<\/li>\n<li style='margin-bottom: 5px;'><strong>Respuesta de frecuencia:<\/strong> 40 Hz &#8211; 16 kHz<\/li>\n<li style='margin-bottom: 5px;'><strong>Transductores:<\/strong> Receptores de armadura equilibrada (altavoces)<\/li>\n<li style='margin-bottom: 5px;'><strong>Micr\u00f3fonos:<\/strong> MEMS de ancho de banda amplio y bajo ruido<\/li>\n<li style='margin-bottom: 5px;'><strong>Duraci\u00f3n de bater\u00eda:<\/strong> Hasta 16 horas de uso continuo<\/li>\n<li style='margin-bottom: 5px;'><strong>Capacidad de carga:<\/strong> La estaci\u00f3n puede cargar 20 ciclos de carga de los tapones auditivos aut\u00f3nomamente<\/li>\n<\/ul><\/div>\n<\/p><\/div>\n<p> <!-- Secci\u00f3n de contenido incluido --> <\/p>\n<div style='flex: 1 1 250px; border: 1px solid rgba(150&comma; 150&comma; 150&comma; 0.4); border-radius: 8px; overflow: hidden; display: flex; flex-direction: column;'>\n<div style='padding: 15px; border-bottom: 1px solid rgba(150&comma; 150&comma; 150&comma; 0.2); font-weight: bold; font-size: 18px; color: inherit;'>Contenido del paquete<\/div>\n<div style='padding: 15px; color: inherit;'>\n<ul style='padding-left: 20px; margin: 0; font-size: 14px; list-style-type: disc;'>\n<li style='margin-bottom: 5px;'>Par de tapones electr\u00f3nicos<\/li>\n<li style='margin-bottom: 5px;'>Surtido de puntas de espuma y de silic\u00f3n<\/li>\n<li style='margin-bottom: 5px;'>Cord\u00f3n duradero para sujetar tapones auditivos<\/li>\n<li style='margin-bottom: 5px;'>Manual de usuario<\/li>\n<li style='margin-bottom: 5px;'>Herramienta de filtros<\/li>\n<li style='margin-bottom: 5px;'>Filtros<\/li>\n<li style='margin-bottom: 5px;'>Herramienta de limpieza<\/li>\n<\/ul><\/div>\n<\/p><\/div>\n<\/p><\/div>\n<p> <!-- Separador --> <\/p>\n<hr style='border: 0; border-top: 1px solid rgba(150&comma; 150&comma; 150&comma; 0.3); margin: 30px 0;'> <\/div>\n","protected":false},"excerpt":{"rendered":"<p>NoizeBarriers Tapones auditivos electr\u00f3nicos de alta definici\u00f3n<\/p>\n","protected":false},"featured_media":66814,"comment_status":"open","ping_status":"closed","template":"","meta":[],"product_brand":[],"product_cat":[1622],"product_tag":[1337,1518,1585],"class_list":{"0":"post-66815","1":"product","2":"type-product","3":"status-publish","4":"has-post-thumbnail","6":"product_cat-microfono-audifono-accesorios-para-otras-marcas","7":"product_tag-accesorios-para-otras-marcas","8":"product_tag-microfono-audifono","9":"product_tag-otto","11":"first","12":"outofstock","13":"sale","14":"shipping-taxable","15":"purchasable","16":"product-type-simple"},"_links":{"self":[{"href":"https:\/\/soydeaqui.ddns.net\/pachuca\/index.php\/wp-json\/wp\/v2\/product\/66815","targetHints":{"allow":["GET"]}}],"collection":[{"href":"https:\/\/soydeaqui.ddns.net\/pachuca\/index.php\/wp-json\/wp\/v2\/product"}],"about":[{"href":"https:\/\/soydeaqui.ddns.net\/pachuca\/index.php\/wp-json\/wp\/v2\/types\/product"}],"replies":[{"embeddable":true,"href":"https:\/\/soydeaqui.ddns.net\/pachuca\/index.php\/wp-json\/wp\/v2\/comments?post=66815"}],"wp:featuredmedia":[{"embeddable":true,"href":"https:\/\/soydeaqui.ddns.net\/pachuca\/index.php\/wp-json\/wp\/v2\/media\/66814"}],"wp:attachment":[{"href":"https:\/\/soydeaqui.ddns.net\/pachuca\/index.php\/wp-json\/wp\/v2\/media?parent=66815"}],"wp:term":[{"taxonomy":"product_brand","embeddable":true,"href":"https:\/\/soydeaqui.ddns.net\/pachuca\/index.php\/wp-json\/wp\/v2\/product_brand?post=66815"},{"taxonomy":"product_cat","embeddable":true,"href":"https:\/\/soydeaqui.ddns.net\/pachuca\/index.php\/wp-json\/wp\/v2\/product_cat?post=66815"},{"taxonomy":"product_tag","embeddable":true,"href":"https:\/\/soydeaqui.ddns.net\/pachuca\/index.php\/wp-json\/wp\/v2\/product_tag?post=66815"}],"curies":[{"name":"wp","href":"https:\/\/api.w.org\/{rel}","templated":true}]}}