{"id":66810,"date":"2026-03-19T09:11:24","date_gmt":"2026-03-19T09:11:24","guid":{"rendered":"https:\/\/soydeaqui.ddns.net\/pachuca\/index.php\/producto\/cable-para-microfono-audifono-snap-intercambiable-con-conector-para-radios-icom-ic-f3216-4261ds-dt-ic-f52d-62d-ic-f3400-4400ds-dt\/"},"modified":"2026-03-19T09:11:33","modified_gmt":"2026-03-19T09:11:33","slug":"cable-para-microfono-audifono-snap-intercambiable-con-conector-para-radios-icom-ic-f3216-4261ds-dt-ic-f52d-62d-ic-f3400-4400ds-dt","status":"publish","type":"product","link":"https:\/\/soydeaqui.ddns.net\/pachuca\/index.php\/producto\/cable-para-microfono-audifono-snap-intercambiable-con-conector-para-radios-icom-ic-f3216-4261ds-dt-ic-f52d-62d-ic-f3400-4400ds-dt\/","title":{"rendered":"Cable para Micr\u00f3fono aud\u00edfono SNAP intercambiable con conector para Radios Icom IC-F3216\/4261DS\/DT, IC-F52D\/62D, IC-F3400\/4400DS\/DT"},"content":{"rendered":"<div style='width: 100%; max-width: 1200px; margin: 0 auto; font-family: sans-serif; line-height: 1.6; color: inherit; background-color: transparent;'> <!-- Secci\u00f3n de descripci\u00f3n --> <\/p>\n<div style='display: flex; flex-wrap: wrap; gap: 30px; margin-bottom: 30px;'>\n<div style='flex: 1 1 300px; min-width: 280px;'>\n<h3 style='font-size: 22px; border-bottom: 2px solid currentColor; padding-bottom: 5px; margin-top: 0; color: inherit; opacity: 0.8;'>Descripci\u00f3n<\/h3>\n<p style='font-size: 15px; color: inherit;'> El conector P-SNAP de 2 hilos de PRYME permite seleccionar el tipo de auricular m\u00e1s adecuado para cada aplicaci\u00f3n. Ayuda a prevenir el desgaste del conector del radio&comma; reduciendo costos de reparaci\u00f3n. El cable especial de fibra trenzada es m\u00e1s fuerte y duradero que los cables pl\u00e1sticos convencionales&comma; ofreciendo mayor comodidad y evitando enredos t\u00edpicos de cables PUR (poliuretano). <\/p>\n<\/p><\/div>\n<\/p><\/div>\n<p> <!-- Secci\u00f3n de caracter\u00edsticas --> <\/p>\n<div style='display: flex; flex-wrap: wrap; gap: 30px; margin-bottom: 30px;'>\n<div style='flex: 1 1 300px; min-width: 280px;'>\n<h3 style='font-size: 22px; border-bottom: 2px solid currentColor; padding-bottom: 5px; margin-top: 0; color: inherit; opacity: 0.8;'>Caracter\u00edsticas t\u00e9cnicas<\/h3>\n<ul style='padding-left: 20px; font-size: 15px; color: inherit;'>\n<li style='margin-bottom: 5px;'><strong>Conector:<\/strong> P-SNAP de 2 hilos<\/li>\n<li style='margin-bottom: 5px;'><strong>Compatible con:<\/strong> Radios Icom IC-F3216\/4261DS\/DT&comma; IC-F52D\/62D&comma; IC-F3400\/4400DS\/DT<\/li>\n<li style='margin-bottom: 5px;'><strong>Tipo de cable:<\/strong> Fibra trenzada<\/li>\n<li style='margin-bottom: 5px;'><strong>Construcci\u00f3n:<\/strong> Cable sin polarizar<\/li>\n<li style='margin-bottom: 5px;'><strong>Versi\u00f3n:<\/strong> SNP-2W-20BF<\/li>\n<\/ul><\/div>\n<div style='flex: 1 1 300px; min-width: 280px;'>\n<h3 style='font-size: 22px; border-bottom: 2px solid currentColor; padding-bottom: 5px; margin-top: 0; color: inherit; opacity: 0.8;'>Ventajas del dise\u00f1o<\/h3>\n<ul style='padding-left: 20px; font-size: 15px; color: inherit;'>\n<li style='margin-bottom: 5px;'>Resistente a tracci\u00f3n y flexi\u00f3n<\/li>\n<li style='margin-bottom: 5px;'>Superficie suave y c\u00f3moda<\/li>\n<li style='margin-bottom: 5px;'>Resiste enredos comunes<\/li>\n<li style='margin-bottom: 5px;'>Acabado no reflectante<\/li>\n<li style='margin-bottom: 5px;'>Resistente al agua<\/li>\n<\/ul><\/div>\n<\/p><\/div>\n<p> <!-- Secci\u00f3n de especificaciones --> <\/p>\n<div style='display: flex; flex-wrap: wrap; gap: 20px; margin-bottom: 30px;'>\n<div style='flex: 1 1 250px; border: 1px solid rgba(150&comma; 150&comma; 150&comma; 0.4); border-radius: 8px; overflow: hidden; display: flex; flex-direction: column;'>\n<div style='padding: 15px; border-bottom: 1px solid rgba(150&comma; 150&comma; 150&comma; 0.2); font-weight: bold; font-size: 18px; color: inherit;'>Especificaciones<\/div>\n<div style='padding: 15px; color: inherit;'>\n<ul style='padding-left: 20px; margin: 0; font-size: 14px; list-style-type: disc;'>\n<li style='margin-bottom: 5px;'><strong>Tipo de cable:<\/strong> 2 hilos<\/li>\n<li style='margin-bottom: 5px;'><strong>Conector:<\/strong> P-SNAP<\/li>\n<li style='margin-bottom: 5px;'><strong>Material:<\/strong> Fibra trenzada<\/li>\n<li style='margin-bottom: 5px;'><strong>Garant\u00eda:<\/strong> 3 a\u00f1os<\/li>\n<\/ul><\/div>\n<\/p><\/div>\n<div style='flex: 1 1 250px; border: 1px solid rgba(150&comma; 150&comma; 150&comma; 0.4); border-radius: 8px; overflow: hidden; display: flex; flex-direction: column;'>\n<div style='padding: 15px; border-bottom: 1px solid rgba(150&comma; 150&comma; 150&comma; 0.2); font-weight: bold; font-size: 18px; color: inherit;'>Compatibilidad<\/div>\n<div style='padding: 15px; color: inherit;'>\n<ul style='padding-left: 20px; margin: 0; font-size: 14px; list-style-type: disc;'>\n<li style='margin-bottom: 5px;'>Icom IC-F3216<\/li>\n<li style='margin-bottom: 5px;'>Icom IC-F4261DS\/DT<\/li>\n<li style='margin-bottom: 5px;'>Icom IC-F52D\/62D<\/li>\n<li style='margin-bottom: 5px;'>Icom IC-F3400\/4400DS\/DT<\/li>\n<\/ul><\/div>\n<\/p><\/div>\n<\/p><\/div>\n<p> <!-- Separador --> <\/p>\n<hr style='border: 0; border-top: 1px solid rgba(150&comma; 150&comma; 150&comma; 0.3); margin: 30px 0;'> <\/div>\n","protected":false},"excerpt":{"rendered":"<p>Cable para Micr\u00f3fono aud\u00edfono SNAP intercambiable con conector para Radios Icom IC-F3216\/4261DS\/DT, IC-F52D\/62D, IC-F3400\/4400DS\/DT<\/p>\n","protected":false},"featured_media":66809,"comment_status":"open","ping_status":"closed","template":"","meta":[],"product_brand":[],"product_cat":[1516],"product_tag":[1517,1518,1730],"class_list":{"0":"post-66810","1":"product","2":"type-product","3":"status-publish","4":"has-post-thumbnail","6":"product_cat-microfono-audifono","7":"product_tag-accesorios-para-icom","8":"product_tag-microfono-audifono","9":"product_tag-pryme","11":"first","12":"outofstock","13":"sale","14":"shipping-taxable","15":"purchasable","16":"product-type-simple"},"_links":{"self":[{"href":"https:\/\/soydeaqui.ddns.net\/pachuca\/index.php\/wp-json\/wp\/v2\/product\/66810","targetHints":{"allow":["GET"]}}],"collection":[{"href":"https:\/\/soydeaqui.ddns.net\/pachuca\/index.php\/wp-json\/wp\/v2\/product"}],"about":[{"href":"https:\/\/soydeaqui.ddns.net\/pachuca\/index.php\/wp-json\/wp\/v2\/types\/product"}],"replies":[{"embeddable":true,"href":"https:\/\/soydeaqui.ddns.net\/pachuca\/index.php\/wp-json\/wp\/v2\/comments?post=66810"}],"wp:featuredmedia":[{"embeddable":true,"href":"https:\/\/soydeaqui.ddns.net\/pachuca\/index.php\/wp-json\/wp\/v2\/media\/66809"}],"wp:attachment":[{"href":"https:\/\/soydeaqui.ddns.net\/pachuca\/index.php\/wp-json\/wp\/v2\/media?parent=66810"}],"wp:term":[{"taxonomy":"product_brand","embeddable":true,"href":"https:\/\/soydeaqui.ddns.net\/pachuca\/index.php\/wp-json\/wp\/v2\/product_brand?post=66810"},{"taxonomy":"product_cat","embeddable":true,"href":"https:\/\/soydeaqui.ddns.net\/pachuca\/index.php\/wp-json\/wp\/v2\/product_cat?post=66810"},{"taxonomy":"product_tag","embeddable":true,"href":"https:\/\/soydeaqui.ddns.net\/pachuca\/index.php\/wp-json\/wp\/v2\/product_tag?post=66810"}],"curies":[{"name":"wp","href":"https:\/\/api.w.org\/{rel}","templated":true}]}}