{"id":66806,"date":"2026-03-19T09:11:14","date_gmt":"2026-03-19T09:11:14","guid":{"rendered":"https:\/\/soydeaqui.ddns.net\/pachuca\/index.php\/producto\/elemento-dpm-de-800-960-mhz-en-sensor-5010-5014-potencia-de-salida-de-125-mw-5-w\/"},"modified":"2026-03-19T09:11:15","modified_gmt":"2026-03-19T09:11:15","slug":"elemento-dpm-de-800-960-mhz-en-sensor-5010-5014-potencia-de-salida-de-125-mw-5-w","status":"publish","type":"product","link":"https:\/\/soydeaqui.ddns.net\/pachuca\/index.php\/producto\/elemento-dpm-de-800-960-mhz-en-sensor-5010-5014-potencia-de-salida-de-125-mw-5-w\/","title":{"rendered":"Elemento DPM de 800-960 MHz en Sensor 5010\/5014, Potencia de Salida de 125 mW-5 W."},"content":{"rendered":"<div style='width: 100%; max-width: 1200px; margin: 0 auto; font-family: sans-serif; line-height: 1.6; color: inherit; background-color: transparent;'>\n<div style='display: flex; flex-wrap: wrap; gap: 30px; margin-bottom: 30px;'>\n<div style='flex: 1 1 300px; min-width: 280px;'>\n<h3 style='font-size: 22px; border-bottom: 2px solid currentColor; padding-bottom: 5px; margin-top: 0; color: inherit; opacity: 0.8;'>Descripci\u00f3n<\/h3>\n<ul style='padding-left: 20px; font-size: 15px; color: inherit;'>\n<li style='margin-bottom: 5px;'>Los elementos DPM est\u00e1n dise\u00f1ados para utilizarse con los sensores digitales de potencia de la serie 5010 \/ 5014.<\/li>\n<li style='margin-bottom: 5px;'>Usando el dise\u00f1o familiar de elementos de forma&comma; el Elemento DPM puede medir con precisi\u00f3n la potencia promedio real.<\/li>\n<li style='margin-bottom: 5px;'>Todos los elementos ensamblables est\u00e1n calibrados de acuerdo a los minuciosos procedimientos de calibraci\u00f3n BIRD&comma; avalados por un largo historial de valores de desviaci\u00f3n media para asegurar la certificaci\u00f3n a las especificaciones estipuladas de los instrumentos actuales&comma; as\u00ed como la intercambiabilidad en campo con equipos comprados desde su inicio.<\/li>\n<\/ul><\/div>\n<\/p><\/div>\n<div style='display: flex; flex-wrap: wrap; gap: 20px; margin-bottom: 30px;'>\n<div style='flex: 1 1 250px; border: 1px solid rgba(150&comma; 150&comma; 150&comma; 0.4); border-radius: 8px; overflow: hidden; display: flex; flex-direction: column;'>\n<div style='padding: 15px; border-bottom: 1px solid rgba(150&comma; 150&comma; 150&comma; 0.2); font-weight: bold; font-size: 18px; color: inherit;'>Especificaciones<\/div>\n<div style='padding: 15px; color: inherit;'>\n<ul style='padding-left: 20px; margin: 0; font-size: 14px; list-style-type: disc;'>\n<li style='margin-bottom: 5px;'><strong>Rango de frecuencia:<\/strong> 800-960 MHz<\/li>\n<li style='margin-bottom: 5px;'><strong>Compatibilidad:<\/strong> Sensores serie 5010\/5014<\/li>\n<li style='margin-bottom: 5px;'><strong>Potencia de salida:<\/strong> 125 mW &#8211; 5 W<\/li>\n<\/ul><\/div>\n<\/p><\/div>\n<\/p><\/div>\n<hr style='border: 0; border-top: 1px solid rgba(150&comma; 150&comma; 150&comma; 0.3); margin: 30px 0;'> <\/div>\n","protected":false},"excerpt":{"rendered":"<p>Elemento DPM de 800-960 MHz en Sensor 5010\/5014, Potencia de Salida de 125 mW-5 W.<\/p>\n","protected":false},"featured_media":66805,"comment_status":"open","ping_status":"closed","template":"","meta":[],"product_brand":[],"product_cat":[1639],"product_tag":[1641,931,1640],"class_list":{"0":"post-66806","1":"product","2":"type-product","3":"status-publish","4":"has-post-thumbnail","6":"product_cat-wattmetros-y-elementos","7":"product_tag-bird-technologies","8":"product_tag-equipo-de-laboratorio","9":"product_tag-wattmetros-y-elementos","11":"first","12":"outofstock","13":"sale","14":"shipping-taxable","15":"purchasable","16":"product-type-simple"},"_links":{"self":[{"href":"https:\/\/soydeaqui.ddns.net\/pachuca\/index.php\/wp-json\/wp\/v2\/product\/66806","targetHints":{"allow":["GET"]}}],"collection":[{"href":"https:\/\/soydeaqui.ddns.net\/pachuca\/index.php\/wp-json\/wp\/v2\/product"}],"about":[{"href":"https:\/\/soydeaqui.ddns.net\/pachuca\/index.php\/wp-json\/wp\/v2\/types\/product"}],"replies":[{"embeddable":true,"href":"https:\/\/soydeaqui.ddns.net\/pachuca\/index.php\/wp-json\/wp\/v2\/comments?post=66806"}],"wp:featuredmedia":[{"embeddable":true,"href":"https:\/\/soydeaqui.ddns.net\/pachuca\/index.php\/wp-json\/wp\/v2\/media\/66805"}],"wp:attachment":[{"href":"https:\/\/soydeaqui.ddns.net\/pachuca\/index.php\/wp-json\/wp\/v2\/media?parent=66806"}],"wp:term":[{"taxonomy":"product_brand","embeddable":true,"href":"https:\/\/soydeaqui.ddns.net\/pachuca\/index.php\/wp-json\/wp\/v2\/product_brand?post=66806"},{"taxonomy":"product_cat","embeddable":true,"href":"https:\/\/soydeaqui.ddns.net\/pachuca\/index.php\/wp-json\/wp\/v2\/product_cat?post=66806"},{"taxonomy":"product_tag","embeddable":true,"href":"https:\/\/soydeaqui.ddns.net\/pachuca\/index.php\/wp-json\/wp\/v2\/product_tag?post=66806"}],"curies":[{"name":"wp","href":"https:\/\/api.w.org\/{rel}","templated":true}]}}