{"id":66707,"date":"2026-03-19T09:07:42","date_gmt":"2026-03-19T09:07:42","guid":{"rendered":"https:\/\/soydeaqui.ddns.net\/pachuca\/index.php\/producto\/estrobo-led-para-obstruccion-autonoma-con-led-color-rojo-con-panel-solar-luz-fija-o-estroboscopica-configurable-no-incluye-montaje\/"},"modified":"2026-03-19T09:07:52","modified_gmt":"2026-03-19T09:07:52","slug":"estrobo-led-para-obstruccion-autonoma-con-led-color-rojo-con-panel-solar-luz-fija-o-estroboscopica-configurable-no-incluye-montaje","status":"publish","type":"product","link":"https:\/\/soydeaqui.ddns.net\/pachuca\/index.php\/producto\/estrobo-led-para-obstruccion-autonoma-con-led-color-rojo-con-panel-solar-luz-fija-o-estroboscopica-configurable-no-incluye-montaje\/","title":{"rendered":"Estrobo led para Obstrucci\u00f3n Aut\u00f3noma con Led Color Rojo con Panel Solar (Luz Fija o Estrobosc\u00f3pica configurable) \/ No incluye montaje"},"content":{"rendered":"<div style='width: 100%; max-width: 1200px; margin: 0 auto; font-family: sans-serif; line-height: 1.6; color: inherit; background-color: transparent;'> <!-- Secci\u00f3n de caracter\u00edsticas --> <\/p>\n<div style='display: flex; flex-wrap: wrap; gap: 30px; margin-bottom: 30px;'>\n<div style='flex: 1 1 300px; min-width: 280px;'>\n<h3 style='font-size: 22px; border-bottom: 2px solid currentColor; padding-bottom: 5px; margin-top: 0; color: inherit; opacity: 0.8;'>Caracter\u00edsticas<\/h3>\n<ul style='padding-left: 20px; font-size: 15px; color: inherit;'>\n<li style='margin-bottom: 5px;'>La fotoc\u00e9lula puede encender \/ apagar la luz en d\u00edas lluviosos o por la noche autom\u00e1ticamente.<\/li>\n<li style='margin-bottom: 5px;'>Estandarizaci\u00f3n del dise\u00f1o \u00f3ptico&comma; alta eficiencia de conversi\u00f3n fotoel\u00e9ctrica.<\/li>\n<li style='margin-bottom: 5px;'>Adopta la eficiencia de conversi\u00f3n fotoel\u00e9ctrica de chip solar de alta eficiencia es m\u00e1s del 19%.<\/li>\n<li style='margin-bottom: 5px;'>La integraci\u00f3n del dise\u00f1o a prueba de agua&comma; puede trabajar en inmersi\u00f3n en agua de mar&comma; grado de protecci\u00f3n IP68.<\/li>\n<li style='margin-bottom: 5px;'>Adopta chip de LED personalizado&comma; la eficiencia de transferencia y la vida \u00fatil es m\u00e1s alta que el LED normal.<\/li>\n<li style='margin-bottom: 5px;'>El circuito adopta un avanzado sistema de administraci\u00f3n de carga y descarga&comma; prolonga la vida \u00fatil de la bater\u00eda de manera efectiva.<\/li>\n<li style='margin-bottom: 5px;'>La l\u00e1mpara ampl\u00eda el interruptor de estado&comma; puede ajustar la base del modo de trabajo de luz constante o intermitente en un requisito.<\/li>\n<li style='margin-bottom: 5px;'>Proporciona la capacidad de protecci\u00f3n contra rayos&comma; resistencia a la luz&comma; resistencia a la nieve y la lluvia.<\/li>\n<li style='margin-bottom: 5px;'>Interior adopta una bater\u00eda de hierro de \u00e1cido fosf\u00f3rico solar cuya vida \u00fatil puede superar los 3 a\u00f1os&comma; reducir el costo de mantenimiento y la dificultad.<\/li>\n<li style='margin-bottom: 5px;'>La base adopta material pl\u00e1stico dedicado de grado marino&comma; puede aplicarse a v\u00edas mar\u00edtimas y plantas qu\u00edmicas que tienen un ambiente hostil y corrosivo fuerte.<\/li>\n<li style='margin-bottom: 5px;'>Con aguja de p\u00e1jaro para evitar la ca\u00edda de las aves.<\/li>\n<li style='margin-bottom: 5px;'>Sin radiofrecuencia (RF)&comma; sin interferencia electromagn\u00e9tica<\/li>\n<li style='margin-bottom: 5px;'>Trabajo estable&comma; bajo costo.<\/li>\n<\/ul><\/div>\n<\/p><\/div>\n<p> <!-- Secci\u00f3n de enlace de montaje --> <\/p>\n<div style='display: flex; flex-wrap: wrap; gap: 30px; margin-bottom: 30px;'>\n<div style='flex: 1 1 300px; min-width: 280px;'>\n<p style='font-size: 14pt; color: inherit; margin: 0;'> <strong>No incluye montaje&comma; considerar el modelo de montaje <\/strong> <a style='color: #005cb9; text-decoration: none; font-weight: 600; background-color: transparent;' href='https:\/\/www.syscom.mx\/producto\/HLU-3R2-EPCOM-INDUSTRIAL-196712.html'>HLU-3R2<\/a> <\/p>\n<\/p><\/div>\n<\/p><\/div>\n<p> <!-- Secci\u00f3n de informaci\u00f3n adicional --> <\/p>\n<div style='display: flex; flex-wrap: wrap; gap: 30px; margin-bottom: 30px;'>\n<div style='flex: 1 1 300px; min-width: 280px;'>\n<p style='font-size: 14pt; color: inherit; margin: 0;'>Este equipo no cuenta con ninguna certificacion&comma; es para uso convencional.<\/p>\n<\/p><\/div>\n<\/p><\/div>\n<p> <!-- Secci\u00f3n de video --> <\/p>\n<div style='display: flex; flex-wrap: wrap; gap: 30px; margin-bottom: 30px;'>\n<div style='flex: 1 1 300px; min-width: 280px;'>\n<div style='position: relative; padding-bottom: 56.25%; height: 0; overflow: hidden; margin-bottom: 30px;'>   <\/div>\n<\/p><\/div>\n<\/p><\/div>\n<p> <!-- Secci\u00f3n de especificaciones --> <\/p>\n<div style='display: flex; flex-wrap: wrap; gap: 20px; margin-bottom: 30px;'>\n<div style='flex: 1 1 250px; border: 1px solid rgba(150&comma; 150&comma; 150&comma; 0.4); border-radius: 8px; overflow: hidden; display: flex; flex-direction: column;'>\n<div style='padding: 15px; border-bottom: 1px solid rgba(150&comma; 150&comma; 150&comma; 0.2); font-weight: bold; font-size: 18px; color: inherit;'>Especificaciones<\/div>\n<div style='padding: 15px; color: inherit;'>\n<ul style='padding-left: 20px; margin: 0; font-size: 14px; list-style-type: disc;'>\n<li style='margin-bottom: 5px;'><strong>Nombre:<\/strong> Fuente Servicio Vida<\/li>\n<li style='margin-bottom: 5px;'><strong>Par\u00e1metro:<\/strong> > 100000 horas<\/li>\n<li style='margin-bottom: 5px;'><strong>Nombre:<\/strong> Fuente de alimentaci\u00f3n<\/li>\n<li style='margin-bottom: 5px;'><strong>Par\u00e1metro:<\/strong> Clase A panel solar de alta eficiencia<\/li>\n<li style='margin-bottom: 5px;'><strong>Nombre:<\/strong> Capacidad de la bater\u00eda<\/li>\n<li style='margin-bottom: 5px;'><strong>Par\u00e1metro:<\/strong> 3.2V 3.3AH<\/li>\n<li style='margin-bottom: 5px;'><strong>Nombre:<\/strong> Tipo de bater\u00eda<\/li>\n<li style='margin-bottom: 5px;'><strong>Par\u00e1metro:<\/strong> Bater\u00eda reemplazable de fosfato de hierro y litio<\/li>\n<li style='margin-bottom: 5px;'><strong>Nombre:<\/strong> Energ\u00eda del panel solar<\/li>\n<li style='margin-bottom: 5px;'><strong>Par\u00e1metro:<\/strong> 1.8W<\/li>\n<li style='margin-bottom: 5px;'><strong>Nombre:<\/strong> Vida del panel solar<\/li>\n<li style='margin-bottom: 5px;'><strong>Par\u00e1metro:<\/strong> > 20 a\u00f1os<\/li>\n<li style='margin-bottom: 5px;'><strong>Nombre:<\/strong> Consumo de energ\u00eda<\/li>\n<li style='margin-bottom: 5px;'><strong>Par\u00e1metro:<\/strong> \u22640.3W<\/li>\n<li style='margin-bottom: 5px;'><strong>Nombre:<\/strong> Divergencia vertical<\/li>\n<li style='margin-bottom: 5px;'><strong>Par\u00e1metro:<\/strong> > 8 \u00b0<\/li>\n<li style='margin-bottom: 5px;'><strong>Nombre:<\/strong> Salida horizontal<\/li>\n<li style='margin-bottom: 5px;'><strong>Par\u00e1metro:<\/strong> 360 \u00b0<\/li>\n<li style='margin-bottom: 5px;'><strong>Nombre:<\/strong> Fuente de luz<\/li>\n<li style='margin-bottom: 5px;'><strong>Par\u00e1metro:<\/strong> LED<\/li>\n<li style='margin-bottom: 5px;'><strong>Nombre:<\/strong> Tama\u00f1o total (mm)<\/li>\n<li style='margin-bottom: 5px;'><strong>Par\u00e1metro:<\/strong> 186 mm (D) \u00d7 190 mm (H)<\/li>\n<li style='margin-bottom: 5px;'><strong>Nombre:<\/strong> Tama\u00f1o de instalaci\u00f3n<\/li>\n<li style='margin-bottom: 5px;'><strong>Par\u00e1metro:<\/strong> \u00a2 170 mm \u00d7 M6<\/li>\n<li style='margin-bottom: 5px;'><strong>Nombre:<\/strong> Temperatura de almacenamiento<\/li>\n<li style='margin-bottom: 5px;'><strong>Par\u00e1metro:<\/strong> -40 \u2103 ~ 70 \u2103<\/li>\n<li style='margin-bottom: 5px;'><strong>Nombre:<\/strong> Temperatura de trabajo<\/li>\n<li style='margin-bottom: 5px;'><strong>Par\u00e1metro:<\/strong> -40 \u2103 ~ 60 \u2103<\/li>\n<li style='margin-bottom: 5px;'><strong>Nombre:<\/strong> Capacidad anti-viento<\/li>\n<li style='margin-bottom: 5px;'><strong>Par\u00e1metro:<\/strong> 80m \/ s<\/li>\n<li style='margin-bottom: 5px;'><strong>Nombre:<\/strong> Intensidad de luz constante<\/li>\n<li style='margin-bottom: 5px;'><strong>Par\u00e1metro:<\/strong> Rojo 29cd<\/li>\n<li style='margin-bottom: 5px;'><strong>Nombre:<\/strong> Intensidad de luz intermitente<\/li>\n<li style='margin-bottom: 5px;'><strong>Par\u00e1metro:<\/strong> Rojo 33cd<\/li>\n<li style='margin-bottom: 5px;'><strong>Nombre:<\/strong> Peso<\/li>\n<li style='margin-bottom: 5px;'><strong>Par\u00e1metro:<\/strong> 1.2kg<\/li>\n<li style='margin-bottom: 5px;'><strong>Nombre:<\/strong> Modo de trabajo<\/li>\n<li style='margin-bottom: 5px;'><strong>Par\u00e1metro:<\/strong> Intermitente \/ constante<\/li>\n<li style='margin-bottom: 5px;'><strong>Nombre:<\/strong> Tiempo de trabajo continuo<\/li>\n<li style='margin-bottom: 5px;'><strong>Par\u00e1metro:<\/strong> > 30 d\u00edas (trabajo 10 horas por d\u00eda)<\/li>\n<li style='margin-bottom: 5px;'><strong>Nombre:<\/strong> Brillo ambiental controlado \u00f3pticamente<\/li>\n<li style='margin-bottom: 5px;'><strong>Par\u00e1metro:<\/strong> 300 \u00b1 100LUX<\/li>\n<li style='margin-bottom: 5px;'><strong>Nombre:<\/strong> IP est\u00e1ndar<\/li>\n<li style='margin-bottom: 5px;'><strong>Par\u00e1metro:<\/strong> IP68<\/li>\n<\/ul><\/div>\n<\/p><\/div>\n<\/p><\/div>\n<p> <!-- Separador --> <\/p>\n<hr style='border: 0; border-top: 1px solid rgba(150&comma; 150&comma; 150&comma; 0.3); margin: 30px 0;'> <\/div>\n","protected":false},"excerpt":{"rendered":"<p>Estrobo led para Obstrucci\u00f3n Aut\u00f3noma con Led Color Rojo con Panel Solar (Luz Fija o Estrobosc\u00f3pica configurable) \/ No incluye montaje<\/p>\n","protected":false},"featured_media":66706,"comment_status":"open","ping_status":"closed","template":"","meta":[],"product_brand":[],"product_cat":[1632],"product_tag":[181,1633,246],"class_list":{"0":"post-66707","1":"product","2":"type-product","3":"status-publish","4":"has-post-thumbnail","6":"product_cat-lamparas-de-obstruccion","7":"product_tag-epcom-industrial","8":"product_tag-lamparas-de-obstruccion","9":"product_tag-torres-y-mastiles","11":"first","12":"instock","13":"sale","14":"shipping-taxable","15":"purchasable","16":"product-type-simple"},"_links":{"self":[{"href":"https:\/\/soydeaqui.ddns.net\/pachuca\/index.php\/wp-json\/wp\/v2\/product\/66707","targetHints":{"allow":["GET"]}}],"collection":[{"href":"https:\/\/soydeaqui.ddns.net\/pachuca\/index.php\/wp-json\/wp\/v2\/product"}],"about":[{"href":"https:\/\/soydeaqui.ddns.net\/pachuca\/index.php\/wp-json\/wp\/v2\/types\/product"}],"replies":[{"embeddable":true,"href":"https:\/\/soydeaqui.ddns.net\/pachuca\/index.php\/wp-json\/wp\/v2\/comments?post=66707"}],"wp:featuredmedia":[{"embeddable":true,"href":"https:\/\/soydeaqui.ddns.net\/pachuca\/index.php\/wp-json\/wp\/v2\/media\/66706"}],"wp:attachment":[{"href":"https:\/\/soydeaqui.ddns.net\/pachuca\/index.php\/wp-json\/wp\/v2\/media?parent=66707"}],"wp:term":[{"taxonomy":"product_brand","embeddable":true,"href":"https:\/\/soydeaqui.ddns.net\/pachuca\/index.php\/wp-json\/wp\/v2\/product_brand?post=66707"},{"taxonomy":"product_cat","embeddable":true,"href":"https:\/\/soydeaqui.ddns.net\/pachuca\/index.php\/wp-json\/wp\/v2\/product_cat?post=66707"},{"taxonomy":"product_tag","embeddable":true,"href":"https:\/\/soydeaqui.ddns.net\/pachuca\/index.php\/wp-json\/wp\/v2\/product_tag?post=66707"}],"curies":[{"name":"wp","href":"https:\/\/api.w.org\/{rel}","templated":true}]}}