{"id":6670,"date":"2026-03-18T06:45:59","date_gmt":"2026-03-18T06:45:59","guid":{"rendered":"https:\/\/soydeaqui.ddns.net\/pachuca\/index.php\/producto\/atenuador-dimmer-maestro-600w-baja-tension-multilocacion-sinlge-pole-color-blanco\/"},"modified":"2026-03-18T06:45:59","modified_gmt":"2026-03-18T06:45:59","slug":"atenuador-dimmer-maestro-600w-baja-tension-multilocacion-sinlge-pole-color-blanco","status":"publish","type":"product","link":"https:\/\/soydeaqui.ddns.net\/pachuca\/index.php\/producto\/atenuador-dimmer-maestro-600w-baja-tension-multilocacion-sinlge-pole-color-blanco\/","title":{"rendered":"Atenuador (dimmer) Maestro 600W baja tensi\u00f3n, multilocaci\u00f3n, sinlge pole,  color blanco."},"content":{"rendered":"<div style='width: 100%; max-width: 1200px; margin: 0 auto; font-family: sans-serif; line-height: 1.6; color: inherit; background-color: transparent;'> <!-- Secci\u00f3n de descripci\u00f3n general --> <\/p>\n<div style='margin-bottom: 30px;'>\n<h3 style='font-size: 22px; border-bottom: 2px solid currentColor; padding-bottom: 5px; margin-top: 0; color: inherit; opacity: 0.8;'>Descripci\u00f3n<\/h3>\n<p style='font-size: 15px; color: inherit; margin-top: 15px;'>Atenuador (dimmer) Maestro 600W baja tensi\u00f3n&comma; multilocaci\u00f3n&comma; single pole&comma; color blanco. Permite atenuar de forma r\u00e1pida y sencilla la iluminaci\u00f3n de su hogar u oficina de forma local&comma; sin requerir Hub controlador ni App para su configuraci\u00f3n y control de atenuaci\u00f3n.<\/p>\n<p style='font-size: 15px; color: inherit; margin-top: 15px;'>Para el uso de 3 v\u00edas requiere su compa\u00f1ero modelo <strong>MA-R-WH<\/strong>.<\/p>\n<\/p><\/div>\n<p> <!-- Secci\u00f3n de caracter\u00edsticas t\u00e9cnicas --> <\/p>\n<div style='display: flex; flex-wrap: wrap; gap: 30px; margin-bottom: 30px;'>\n<div style='flex: 1 1 300px; min-width: 280px;'>\n<h3 style='font-size: 22px; border-bottom: 2px solid currentColor; padding-bottom: 5px; margin-top: 0; color: inherit; opacity: 0.8;'>Caracter\u00edsticas T\u00e9cnicas<\/h3>\n<ul style='padding-left: 20px; font-size: 15px; color: inherit; margin-top: 15px;'>\n<li style='margin-bottom: 5px;'><strong>Potencia:<\/strong> 600W<\/li>\n<li style='margin-bottom: 5px;'><strong>Tensi\u00f3n:<\/strong> 120 V<\/li>\n<li style='margin-bottom: 5px;'><strong>Frecuencia:<\/strong> 50 \/ 60 Hz<\/li>\n<li style='margin-bottom: 5px;'><strong>Tipo:<\/strong> Baja tensi\u00f3n electr\u00f3nico<\/li>\n<li style='margin-bottom: 5px;'><strong>Factor de potencia:<\/strong> 8.3 A<\/li>\n<li style='margin-bottom: 5px;'><strong>Temperatura de operaci\u00f3n:<\/strong> 0 \u00b0C a 40 \u00b0C (32 \u00b0F a 104 \u00b0F)<\/li>\n<li style='margin-bottom: 5px;'><strong>Profundidad m\u00ednima de caja:<\/strong> 64 mm (2&#8242; pulg)<\/li>\n<li style='margin-bottom: 5px;'><strong>Longitud m\u00e1xima de cable:<\/strong> 76 m (250 pies)<\/li>\n<\/ul><\/div>\n<p> <!-- Secci\u00f3n de compatibilidad --> <\/p>\n<div style='flex: 1 1 300px; min-width: 280px;'>\n<h3 style='font-size: 22px; border-bottom: 2px solid currentColor; padding-bottom: 5px; margin-top: 0; color: inherit; opacity: 0.8;'>Compatibilidad<\/h3>\n<ul style='padding-left: 20px; font-size: 15px; color: inherit; margin-top: 15px;'>\n<li style='margin-bottom: 5px;'><strong>Tipo de carga:<\/strong> Incandescente \/ Hal\u00f3gena&comma; o iluminaci\u00f3n alimentada por transformador de bajo voltaje electr\u00f3nico (incluye incandescente&comma; hal\u00f3gena o LED)<\/li>\n<li style='margin-bottom: 5px;'><strong>Compatibilidad 3\/4 v\u00edas:<\/strong> Requiere atenuadores accesorios LutronR<\/li>\n<li style='margin-bottom: 5px;'><strong>Conexi\u00f3n a tierra:<\/strong> Opcional (ver notas de instalaci\u00f3n)<\/li>\n<\/ul><\/div>\n<\/p><\/div>\n<p> <!-- Secci\u00f3n de especificaciones de instalaci\u00f3n --> <\/p>\n<div style='display: flex; flex-wrap: wrap; gap: 20px; margin-bottom: 30px;'>\n<div style='flex: 1 1 250px; border: 1px solid rgba(150&comma; 150&comma; 150&comma; 0.4); border-radius: 8px; overflow: hidden; display: flex; flex-direction: column;'>\n<div style='padding: 15px; border-bottom: 1px solid rgba(150&comma; 150&comma; 150&comma; 0.2); font-weight: bold; font-size: 18px; color: inherit;'>Notas de Instalaci\u00f3n<\/div>\n<div style='padding: 15px; color: inherit;'>\n<ul style='padding-left: 20px; margin: 0; font-size: 14px; list-style-type: disc;'>\n<li style='margin-bottom: 5px;'>Requiere cable neutro en la caja de empotrar<\/li>\n<li style='margin-bottom: 5px;'>No compatible con interruptores est\u00e1ndar de 3 o 4 v\u00edas<\/li>\n<li style='margin-bottom: 5px;'>M\u00e1ximo 9 atenuadores accesorios por circuito 3\/4 v\u00edas<\/li>\n<li style='margin-bottom: 5px;'>No usar con cargas menores a 5W\/VA<\/li>\n<li style='margin-bottom: 5px;'>No usar para controlar recept\u00e1culos&comma; luminarias fluorescentes&comma; l\u00e1mparas fluorescentes compactas&comma; electrodom\u00e9sticos a motor o transformador<\/li>\n<\/ul><\/div>\n<\/p><\/div>\n<p> <!-- Secci\u00f3n de reducci\u00f3n de capacidad --> <\/p>\n<div style='flex: 1 1 250px; border: 1px solid rgba(150&comma; 150&comma; 150&comma; 0.4); border-radius: 8px; overflow: hidden; display: flex; flex-direction: column;'>\n<div style='padding: 15px; border-bottom: 1px solid rgba(150&comma; 150&comma; 150&comma; 0.2); font-weight: bold; font-size: 18px; color: inherit;'>Reducci\u00f3n de Capacidad<\/div>\n<div style='padding: 15px; color: inherit;'>\n<ul style='padding-left: 20px; margin: 0; font-size: 14px; list-style-type: disc;'>\n<li style='margin-bottom: 5px;'><strong>Dispositivo \u00fanico:<\/strong> 600W<\/li>\n<li style='margin-bottom: 5px;'><strong>Dispositivo de extremo:<\/strong> 500W<\/li>\n<li style='margin-bottom: 5px;'><strong>Dispositivo intermedio:<\/strong> 400W<\/li>\n<\/ul><\/div>\n<\/p><\/div>\n<p> <!-- Secci\u00f3n de seguridad --> <\/p>\n<div style='flex: 1 1 250px; border: 1px solid rgba(150&comma; 150&comma; 150&comma; 0.4); border-radius: 8px; overflow: hidden; display: flex; flex-direction: column;'>\n<div style='padding: 15px; border-bottom: 1px solid rgba(150&comma; 150&comma; 150&comma; 0.2); font-weight: bold; font-size: 18px; color: inherit;'>Seguridad<\/div>\n<div style='padding: 15px; color: inherit;'>\n<ul style='padding-left: 20px; margin: 0; font-size: 14px; list-style-type: disc;'>\n<li style='margin-bottom: 5px;'>No instalar en ambientes con riesgo de humedad<\/li>\n<li style='margin-bottom: 5px;'>No exponer a productos qu\u00edmicos corrosivos<\/li>\n<li style='margin-bottom: 5px;'>No instalar sin conocimientos el\u00e9ctricos adecuados<\/li>\n<li style='margin-bottom: 5px;'>Desconectar corriente antes de instalar<\/li>\n<\/ul><\/div>\n<\/p><\/div>\n<\/p><\/div>\n<p> <!-- Secci\u00f3n de uso --> <\/p>\n<div style='margin-bottom: 30px;'>\n<h3 style='font-size: 22px; border-bottom: 2px solid currentColor; padding-bottom: 5px; margin-top: 0; color: inherit; opacity: 0.8;'>Uso Recomendado<\/h3>\n<ul style='padding-left: 20px; font-size: 15px; color: inherit; margin-top: 15px;'>\n<li style='margin-bottom: 5px;'>Control de iluminaci\u00f3n en viviendas y oficinas<\/li>\n<li style='margin-bottom: 5px;'>Sistemas de iluminaci\u00f3n de bajo voltaje<\/li>\n<li style='margin-bottom: 5px;'>Aplicaciones con m\u00faltiples puntos de control<\/li>\n<li style='margin-bottom: 5px;'>Instalaciones con transformadores electr\u00f3nicos<\/li>\n<\/ul><\/div>\n<p> <!-- Separador --> <\/p>\n<hr style='border: 0; border-top: 1px solid rgba(150&comma; 150&comma; 150&comma; 0.3); margin: 30px 0;'> <\/div>\n","protected":false},"excerpt":{"rendered":"<p>Atenuador (dimmer) Maestro 600W baja tensi\u00f3n, multilocaci\u00f3n, sinlge pole,  color blanco.<\/p>\n","protected":false},"featured_media":6669,"comment_status":"open","ping_status":"closed","template":"","meta":[],"product_brand":[],"product_cat":[34],"product_tag":[30,35,36],"class_list":{"0":"post-6670","1":"product","2":"type-product","3":"status-publish","4":"has-post-thumbnail","6":"product_cat-lutron","7":"product_tag-automatizacion-casa-inteligente","8":"product_tag-lutron","9":"product_tag-lutron-electronics","11":"first","12":"outofstock","13":"sale","14":"shipping-taxable","15":"purchasable","16":"product-type-simple"},"_links":{"self":[{"href":"https:\/\/soydeaqui.ddns.net\/pachuca\/index.php\/wp-json\/wp\/v2\/product\/6670","targetHints":{"allow":["GET"]}}],"collection":[{"href":"https:\/\/soydeaqui.ddns.net\/pachuca\/index.php\/wp-json\/wp\/v2\/product"}],"about":[{"href":"https:\/\/soydeaqui.ddns.net\/pachuca\/index.php\/wp-json\/wp\/v2\/types\/product"}],"replies":[{"embeddable":true,"href":"https:\/\/soydeaqui.ddns.net\/pachuca\/index.php\/wp-json\/wp\/v2\/comments?post=6670"}],"wp:featuredmedia":[{"embeddable":true,"href":"https:\/\/soydeaqui.ddns.net\/pachuca\/index.php\/wp-json\/wp\/v2\/media\/6669"}],"wp:attachment":[{"href":"https:\/\/soydeaqui.ddns.net\/pachuca\/index.php\/wp-json\/wp\/v2\/media?parent=6670"}],"wp:term":[{"taxonomy":"product_brand","embeddable":true,"href":"https:\/\/soydeaqui.ddns.net\/pachuca\/index.php\/wp-json\/wp\/v2\/product_brand?post=6670"},{"taxonomy":"product_cat","embeddable":true,"href":"https:\/\/soydeaqui.ddns.net\/pachuca\/index.php\/wp-json\/wp\/v2\/product_cat?post=6670"},{"taxonomy":"product_tag","embeddable":true,"href":"https:\/\/soydeaqui.ddns.net\/pachuca\/index.php\/wp-json\/wp\/v2\/product_tag?post=6670"}],"curies":[{"name":"wp","href":"https:\/\/api.w.org\/{rel}","templated":true}]}}