{"id":66698,"date":"2026-03-19T09:07:23","date_gmt":"2026-03-19T09:07:23","guid":{"rendered":"https:\/\/soydeaqui.ddns.net\/pachuca\/index.php\/producto\/interruptor-breaker-magnetico-hidraulico-de-25-amperes\/"},"modified":"2026-03-19T09:07:30","modified_gmt":"2026-03-19T09:07:30","slug":"interruptor-breaker-magnetico-hidraulico-de-25-amperes","status":"publish","type":"product","link":"https:\/\/soydeaqui.ddns.net\/pachuca\/index.php\/producto\/interruptor-breaker-magnetico-hidraulico-de-25-amperes\/","title":{"rendered":"Interruptor\/ Breaker Magn\u00e9tico-Hidr\u00e1ulico de 25 Amperes"},"content":{"rendered":"<div style='width: 100%; max-width: 1200px; margin: 0 auto; font-family: sans-serif; line-height: 1.6; color: inherit; background-color: transparent;'> <!-- Logo de la marca --> <\/p>\n<div style='text-align: center; margin: 20px 0;'> <img style='width: 100%; max-width: 500px; height: auto; border: 1px solid rgba(150&comma;150&comma;150&comma;0.3); border-radius: 8px;' src='https:\/\/ftp3.syscom.mx\/usuarios\/sapodaca\/ICT\/LOGO%20ICT.png' alt='Logo ICT'> <\/div>\n<p> <!-- T\u00edtulo del producto --> <\/p>\n<div style='text-align: center; margin: 30px 0;'>\n<h2 style='font-size: 24px; margin: 0; color: inherit; opacity: 0.9;'>Breaker Magn\u00e9tico Hidra\u00falico<\/h2>\n<\/p><\/div>\n<p> <!-- Descripci\u00f3n principal --> <\/p>\n<div style='margin: 30px 0;'>\n<p style='font-size: 15px; color: inherit; margin: 0 0 15px 0;'>Disyuntor Magn\u00e9tico-Hidr\u00e1ulico miniatura de bajo costo y dise\u00f1o compacto&comma; compatible con paneles de distribuci\u00f3n ICT.<\/p>\n<\/p><\/div>\n<p> <!-- Especificaciones --> <\/p>\n<div style='margin: 30px 0;'>\n<div style='border: 1px solid rgba(150&comma;150&comma;150&comma;0.3); border-left: 5px solid rgba(0&comma;145&comma;255&comma;0.8); border-radius: 8px; padding: 15px; margin-bottom: 20px; box-shadow: 0 2px 8px rgba(0&comma;145&comma;255&comma;0.1);'>\n<h3 style='margin: 0 0 15px 0; font-size: 18px; color: inherit; opacity: 0.9;'>Especificaciones:<\/h3>\n<ul style='padding-left: 20px; margin: 0; font-size: 14px; color: inherit;'>\n<li style='margin-bottom: 8px;'>Polos: 1<\/li>\n<li style='margin-bottom: 8px;'>Capacidad: 25 Amperes<\/li>\n<li style='margin-bottom: 8px;'>M\u00e1ximo voltaje: 80 Vcc<\/li>\n<li style='margin-bottom: 8px;'>M\u00e1xima Capacidad de Interrupci\u00f3n: 600A @ 80Vcc<\/li>\n<\/ul><\/div>\n<\/p><\/div>\n<p> <!-- Imagen de dimensiones --> <\/p>\n<div style='text-align: center; margin: 30px 0;'> <img style='width: 100%; max-width: 450px; height: auto; border: 1px solid rgba(150&comma;150&comma;150&comma;0.3); border-radius: 8px;' src='https:\/\/ftp3.syscom.mx\/usuarios\/sapodaca\/ICT\/dim-braker.png' alt='Dimensiones del breaker'> <\/div>\n<\/p><\/div>\n","protected":false},"excerpt":{"rendered":"<p>Interruptor\/ Breaker Magn\u00e9tico-Hidr\u00e1ulico de 25 Amperes<\/p>\n","protected":false},"featured_media":66697,"comment_status":"open","ping_status":"closed","template":"","meta":[],"product_brand":[],"product_cat":[1944],"product_tag":[142,1340,646],"class_list":{"0":"post-66698","1":"product","2":"type-product","3":"status-publish","4":"has-post-thumbnail","6":"product_cat-pdu-energia-radiocomunicacion","7":"product_tag-energia","8":"product_tag-ict","9":"product_tag-pdu","11":"first","12":"instock","13":"sale","14":"shipping-taxable","15":"purchasable","16":"product-type-simple"},"_links":{"self":[{"href":"https:\/\/soydeaqui.ddns.net\/pachuca\/index.php\/wp-json\/wp\/v2\/product\/66698","targetHints":{"allow":["GET"]}}],"collection":[{"href":"https:\/\/soydeaqui.ddns.net\/pachuca\/index.php\/wp-json\/wp\/v2\/product"}],"about":[{"href":"https:\/\/soydeaqui.ddns.net\/pachuca\/index.php\/wp-json\/wp\/v2\/types\/product"}],"replies":[{"embeddable":true,"href":"https:\/\/soydeaqui.ddns.net\/pachuca\/index.php\/wp-json\/wp\/v2\/comments?post=66698"}],"wp:featuredmedia":[{"embeddable":true,"href":"https:\/\/soydeaqui.ddns.net\/pachuca\/index.php\/wp-json\/wp\/v2\/media\/66697"}],"wp:attachment":[{"href":"https:\/\/soydeaqui.ddns.net\/pachuca\/index.php\/wp-json\/wp\/v2\/media?parent=66698"}],"wp:term":[{"taxonomy":"product_brand","embeddable":true,"href":"https:\/\/soydeaqui.ddns.net\/pachuca\/index.php\/wp-json\/wp\/v2\/product_brand?post=66698"},{"taxonomy":"product_cat","embeddable":true,"href":"https:\/\/soydeaqui.ddns.net\/pachuca\/index.php\/wp-json\/wp\/v2\/product_cat?post=66698"},{"taxonomy":"product_tag","embeddable":true,"href":"https:\/\/soydeaqui.ddns.net\/pachuca\/index.php\/wp-json\/wp\/v2\/product_tag?post=66698"}],"curies":[{"name":"wp","href":"https:\/\/api.w.org\/{rel}","templated":true}]}}