{"id":66665,"date":"2026-03-19T09:06:02","date_gmt":"2026-03-19T09:06:02","guid":{"rendered":"https:\/\/soydeaqui.ddns.net\/pachuca\/index.php\/producto\/opcion-plan-de-servicio-para-3-anos-en-analizadores-r8000-r8100\/"},"modified":"2026-03-19T09:06:03","modified_gmt":"2026-03-19T09:06:03","slug":"opcion-plan-de-servicio-para-3-anos-en-analizadores-r8000-r8100","status":"publish","type":"product","link":"https:\/\/soydeaqui.ddns.net\/pachuca\/index.php\/producto\/opcion-plan-de-servicio-para-3-anos-en-analizadores-r8000-r8100\/","title":{"rendered":"Opci\u00f3n Plan de Servicio para 3 A\u00f1os en Analizadores R8000 \/R8100."},"content":{"rendered":"<div style='width: 100%; max-width: 1200px; margin: 0 auto; font-family: sans-serif; line-height: 1.6; color: inherit; background-color: transparent;'> <!-- Secci\u00f3n de caracter\u00edsticas principales --> <\/p>\n<div style='display: flex; flex-wrap: wrap; gap: 30px; margin-bottom: 30px;'>\n<div style='flex: 1 1 300px; min-width: 280px;'>\n<h3 style='font-size: 22px; border-bottom: 2px solid currentColor; padding-bottom: 5px; margin-top: 0; color: inherit; opacity: 0.8;'>Descripci\u00f3n General<\/h3>\n<ul style='padding-left: 20px; font-size: 15px; color: inherit;'>\n<li style='margin-bottom: 5px;'>Plan de Servicio Extendido para Analizadores de Sistema de Comunicaciones<\/li>\n<li style='margin-bottom: 5px;'>Aplicable para modelos R8000 y R8100<\/li>\n<li style='margin-bottom: 5px;'>Duraci\u00f3n: 3 a\u00f1os de cobertura<\/li>\n<\/ul><\/div>\n<div style='flex: 1 1 300px; min-width: 280px;'>\n<h3 style='font-size: 22px; border-bottom: 2px solid currentColor; padding-bottom: 5px; margin-top: 0; color: inherit; opacity: 0.8;'>Caracter\u00edsticas<\/h3>\n<ul style='padding-left: 20px; font-size: 15px; color: inherit;'>\n<li style='margin-bottom: 5px;'>Cobertura de servicio preventivo y correctivo<\/li>\n<li style='margin-bottom: 5px;'>Incluye actualizaciones de software<\/li>\n<li style='margin-bottom: 5px;'>Soporte t\u00e9cnico especializado<\/li>\n<li style='margin-bottom: 5px;'>Servicio en garant\u00eda para hardware<\/li>\n<\/ul><\/div>\n<\/p><\/div>\n<p> <!-- Secci\u00f3n de especificaciones --> <\/p>\n<div style='display: flex; flex-wrap: wrap; gap: 20px; margin-bottom: 30px;'>\n<div style='flex: 1 1 250px; border: 1px solid rgba(150&comma; 150&comma; 150&comma; 0.4); border-radius: 8px; overflow: hidden; display: flex; flex-direction: column;'>\n<div style='padding: 15px; border-bottom: 1px solid rgba(150&comma; 150&comma; 150&comma; 0.2); font-weight: bold; font-size: 18px; color: inherit;'>Duraci\u00f3n<\/div>\n<div style='padding: 15px; color: inherit;'>\n<ul style='padding-left: 20px; margin: 0; font-size: 14px; list-style-type: disc;'>\n<li style='margin-bottom: 5px;'>3 a\u00f1os de cobertura<\/li>\n<\/ul><\/div>\n<\/p><\/div>\n<div style='flex: 1 1 250px; border: 1px solid rgba(150&comma; 150&comma; 150&comma; 0.4); border-radius: 8px; overflow: hidden; display: flex; flex-direction: column;'>\n<div style='padding: 15px; border-bottom: 1px solid rgba(150&comma; 150&comma; 150&comma; 0.2); font-weight: bold; font-size: 18px; color: inherit;'>Modelos Compatibles<\/div>\n<div style='padding: 15px; color: inherit;'>\n<ul style='padding-left: 20px; margin: 0; font-size: 14px; list-style-type: disc;'>\n<li style='margin-bottom: 5px;'>R8000<\/li>\n<li style='margin-bottom: 5px;'>R8100<\/li>\n<\/ul><\/div>\n<\/p><\/div>\n<div style='flex: 1 1 250px; border: 1px solid rgba(150&comma; 150&comma; 150&comma; 0.4); border-radius: 8px; overflow: hidden; display: flex; flex-direction: column;'>\n<div style='padding: 15px; border-bottom: 1px solid rgba(150&comma; 150&comma; 150&comma; 0.2); font-weight: bold; font-size: 18px; color: inherit;'>Cobertura<\/div>\n<div style='padding: 15px; color: inherit;'>\n<ul style='padding-left: 20px; margin: 0; font-size: 14px; list-style-type: disc;'>\n<li style='margin-bottom: 5px;'>Servicio preventivo y correctivo<\/li>\n<li style='margin-bottom: 5px;'>Actualizaciones de software<\/li>\n<li style='margin-bottom: 5px;'>Soporte t\u00e9cnico especializado<\/li>\n<\/ul><\/div>\n<\/p><\/div>\n<\/p><\/div>\n<p> <!-- Separador --> <\/p>\n<hr style='border: 0; border-top: 1px solid rgba(150&comma; 150&comma; 150&comma; 0.3); margin: 30px 0;'> <!-- Secci\u00f3n de compatibilidad --> <\/p>\n<div style='margin-bottom: 30px;'>\n<h3 style='font-size: 22px; border-bottom: 2px solid currentColor; padding-bottom: 5px; margin-top: 0; color: inherit; opacity: 0.8;'>Modelos Compatibles<\/h3>\n<div style='display: flex; flex-wrap: wrap; gap: 15px; margin-top: 15px;'>\n<div style='flex: 1 1 200px; border: 1px solid rgba(150&comma; 150&comma; 150&comma; 0.3); border-radius: 6px; padding: 12px; background-color: rgba(255&comma; 255&comma; 250&comma; 0.03); color: inherit;'> <strong style='color: inherit;'>R8000<\/strong> <\/p>\n<p style='margin: 5px 0 0 0; font-size: 14px; color: inherit;'>Analizador de Sistema de Comunicaciones &#8211; Modelo Base<\/p>\n<\/p><\/div>\n<div style='flex: 1 1 200px; border: 1px solid rgba(150&comma; 150&comma; 150&comma; 0.3); border-radius: 6px; padding: 12px; background-color: rgba(255&comma; 255&comma; 250&comma; 0.03); color: inherit;'> <strong style='color: inherit;'>R8100<\/strong> <\/p>\n<p style='margin: 5px 0 0 0; font-size: 14px; color: inherit;'>Analizador de Sistema de Comunicaciones &#8211; Incluye items con marca \u2776<\/p>\n<\/p><\/div>\n<\/p><\/div>\n<\/p><\/div>\n<p> <!-- Secci\u00f3n de opciones relacionadas --> <\/p>\n<div style='margin-bottom: 30px;'>\n<h3 style='font-size: 22px; border-bottom: 2px solid currentColor; padding-bottom: 5px; margin-top: 0; color: inherit; opacity: 0.8;'>Planes de Servicio Relacionados<\/h3>\n<div style='display: grid; grid-template-columns: repeat(auto-fill&comma; minmax(220px&comma; 1fr)); gap: 15px; margin-top: 15px;'>\n<div style='border: 1px solid rgba(150&comma; 150&comma; 150&comma; 0.3); border-radius: 6px; padding: 12px; background-color: rgba(255&comma; 255&comma; 250&comma; 0.03); color: inherit;'> <strong style='color: inherit;'>R8-5Y<\/strong> <\/p>\n<p style='margin: 5px 0 0 0; font-size: 14px; color: inherit;'>Plan de Servicio de 5 a\u00f1os<\/p>\n<\/p><\/div>\n<div style='border: 1px solid rgba(150&comma; 150&comma; 150&comma; 0.3); border-radius: 6px; padding: 12px; background-color: rgba(255&comma; 255&comma; 250&comma; 0.03); color: inherit;'> <strong style='color: inherit;'>R8-5Y Upgrade<\/strong> <\/p>\n<p style='margin: 5px 0 0 0; font-size: 14px; color: inherit;'>Upgrade a 5 a\u00f1os desde plan de 3 a\u00f1os para R8000-1G Premier<\/p>\n<\/p><\/div>\n<\/p><\/div>\n<\/p><\/div>\n<p> <!-- Secci\u00f3n de informaci\u00f3n adicional --> <\/p>\n<div style='margin-bottom: 30px;'>\n<h3 style='font-size: 22px; border-bottom: 2px solid currentColor; padding-bottom: 5px; margin-top: 0; color: inherit; opacity: 0.8;'>Informaci\u00f3n Adicional<\/h3>\n<div style='margin-top: 15px; font-size: 14px; color: inherit;'>\n<p style='margin-bottom: 15px;'>El plan de servicio R8-3Y proporciona cobertura extendida para los analizadores de comunicaci\u00f3n R8000 y R8100&comma; asegurando disponibilidad y rendimiento \u00f3ptimo durante el per\u00edodo de 3 a\u00f1os.<\/p>\n<p style='margin-bottom: 15px;'>Este plan incluye soporte t\u00e9cnico especializado&comma; mantenimiento preventivo y correctivo&comma; as\u00ed como actualizaciones de software cuando est\u00e9n disponibles.<\/p>\n<p style='margin-bottom: 15px;'>El servicio est\u00e1 disponible para unidades nuevas y debe ser contratado al momento de la compra o dentro del per\u00edodo de garant\u00eda est\u00e1ndar del fabricante.<\/p>\n<\/p><\/div>\n<\/p><\/div>\n<\/p><\/div>\n","protected":false},"excerpt":{"rendered":"<p>Opci\u00f3n Plan de Servicio para 3 A\u00f1os en Analizadores R8000 \/R8100.<\/p>\n","protected":false},"featured_media":66664,"comment_status":"open","ping_status":"closed","template":"","meta":[],"product_brand":[],"product_cat":[1610],"product_tag":[1611,931,1674],"class_list":{"0":"post-66665","1":"product","2":"type-product","3":"status-publish","4":"has-post-thumbnail","6":"product_cat-analizadores-espectro-y-antenas-monitores-de-servicio-y-softwares","7":"product_tag-analizadores-espectro-y-antenas-monitores-de-servicio-y-softwares","8":"product_tag-equipo-de-laboratorio","9":"product_tag-freedom-communication-technologies","11":"first","12":"outofstock","13":"sale","14":"shipping-taxable","15":"purchasable","16":"product-type-simple"},"_links":{"self":[{"href":"https:\/\/soydeaqui.ddns.net\/pachuca\/index.php\/wp-json\/wp\/v2\/product\/66665","targetHints":{"allow":["GET"]}}],"collection":[{"href":"https:\/\/soydeaqui.ddns.net\/pachuca\/index.php\/wp-json\/wp\/v2\/product"}],"about":[{"href":"https:\/\/soydeaqui.ddns.net\/pachuca\/index.php\/wp-json\/wp\/v2\/types\/product"}],"replies":[{"embeddable":true,"href":"https:\/\/soydeaqui.ddns.net\/pachuca\/index.php\/wp-json\/wp\/v2\/comments?post=66665"}],"wp:featuredmedia":[{"embeddable":true,"href":"https:\/\/soydeaqui.ddns.net\/pachuca\/index.php\/wp-json\/wp\/v2\/media\/66664"}],"wp:attachment":[{"href":"https:\/\/soydeaqui.ddns.net\/pachuca\/index.php\/wp-json\/wp\/v2\/media?parent=66665"}],"wp:term":[{"taxonomy":"product_brand","embeddable":true,"href":"https:\/\/soydeaqui.ddns.net\/pachuca\/index.php\/wp-json\/wp\/v2\/product_brand?post=66665"},{"taxonomy":"product_cat","embeddable":true,"href":"https:\/\/soydeaqui.ddns.net\/pachuca\/index.php\/wp-json\/wp\/v2\/product_cat?post=66665"},{"taxonomy":"product_tag","embeddable":true,"href":"https:\/\/soydeaqui.ddns.net\/pachuca\/index.php\/wp-json\/wp\/v2\/product_tag?post=66665"}],"curies":[{"name":"wp","href":"https:\/\/api.w.org\/{rel}","templated":true}]}}