{"id":66659,"date":"2026-03-19T09:05:51","date_gmt":"2026-03-19T09:05:51","guid":{"rendered":"https:\/\/soydeaqui.ddns.net\/pachuca\/index.php\/producto\/opcion-de-software-auto-tune-para-portatiles-bk-kng-en-r8000-r8100\/"},"modified":"2026-03-19T09:05:52","modified_gmt":"2026-03-19T09:05:52","slug":"opcion-de-software-auto-tune-para-portatiles-bk-kng-en-r8000-r8100","status":"publish","type":"product","link":"https:\/\/soydeaqui.ddns.net\/pachuca\/index.php\/producto\/opcion-de-software-auto-tune-para-portatiles-bk-kng-en-r8000-r8100\/","title":{"rendered":"Opci\u00f3n de Software Auto-Tune para Port\u00e1tiles BK KNG en R8000 \/R8100."},"content":{"rendered":"<div style='width: 100%; max-width: 1200px; margin: 0 auto; font-family: sans-serif; line-height: 1.6; color: inherit; background-color: transparent;'>\n<div style='display: flex; flex-wrap: wrap; gap: 30px; margin-bottom: 30px;'>\n<div style='flex: 1 1 300px; min-width: 280px;'>\n<h3 style='font-size: 22px; border-bottom: 2px solid currentColor; padding-bottom: 5px; margin-top: 0; color: inherit; opacity: 0.8;'>Caracter\u00edsticas Principales<\/h3>\n<ul style='padding-left: 20px; font-size: 15px; color: inherit;'>\n<li style='margin-bottom: 5px;'>Software de Auto-Tune para radios port\u00e1tiles BK KNG<\/li>\n<li style='margin-bottom: 5px;'>Compatible con analizadores de comunicaciones R8000 y R8100<\/li>\n<li style='margin-bottom: 5px;'>Permite la sintonizaci\u00f3n autom\u00e1tica de radios port\u00e1tiles<\/li>\n<li style='margin-bottom: 5px;'>Part Number: R8-AT_KNG<\/li>\n<\/ul><\/div>\n<div style='flex: 1 1 300px; min-width: 280px;'>\n<h3 style='font-size: 22px; border-bottom: 2px solid currentColor; padding-bottom: 5px; margin-top: 0; color: inherit; opacity: 0.8;'>Aplicaciones<\/h3>\n<ul style='padding-left: 20px; font-size: 15px; color: inherit;'>\n<li style='margin-bottom: 5px;'>Sintonizaci\u00f3n autom\u00e1tica de radios port\u00e1tiles BK KNG<\/li>\n<li style='margin-bottom: 5px;'>Integraci\u00f3n con equipos de an\u00e1lisis R8000\/R8100<\/li>\n<li style='margin-bottom: 5px;'>Optimizaci\u00f3n de desempe\u00f1o de sistemas de comunicaci\u00f3n<\/li>\n<li style='margin-bottom: 5px;'>Mantenimiento y ajuste de equipos de radio<\/li>\n<\/ul><\/div>\n<\/p><\/div>\n<div style='display: flex; flex-wrap: wrap; gap: 20px; margin-bottom: 30px;'>\n<div style='flex: 1 1 250px; border: 1px solid rgba(150&comma; 150&comma; 150&comma; 0.4); border-radius: 8px; overflow: hidden; display: flex; flex-direction: column;'>\n<div style='padding: 15px; border-bottom: 1px solid rgba(150&comma; 150&comma; 150&comma; 0.2); font-weight: bold; font-size: 18px; color: inherit;'>Compatibilidad<\/div>\n<div style='padding: 15px; color: inherit;'>\n<ul style='padding-left: 20px; margin: 0; font-size: 14px; list-style-type: disc;'>\n<li style='margin-bottom: 5px;'>R8000<\/li>\n<li style='margin-bottom: 5px;'>R8100<\/li>\n<\/ul><\/div>\n<\/p><\/div>\n<div style='flex: 1 1 250px; border: 1px solid rgba(150&comma; 150&comma; 150&comma; 0.4); border-radius: 8px; overflow: hidden; display: flex; flex-direction: column;'>\n<div style='padding: 15px; border-bottom: 1px solid rgba(150&comma; 150&comma; 150&comma; 0.2); font-weight: bold; font-size: 18px; color: inherit;'>Categor\u00eda<\/div>\n<div style='padding: 15px; color: inherit;'>\n<ul style='padding-left: 20px; margin: 0; font-size: 14px; list-style-type: disc;'>\n<li style='margin-bottom: 5px;'>Opci\u00f3n de Software<\/li>\n<li style='margin-bottom: 5px;'>AutoTune<\/li>\n<li style='margin-bottom: 5px;'>An\u00e1lisis de Comunicaciones<\/li>\n<\/ul><\/div>\n<\/p><\/div>\n<div style='flex: 1 1 250px; border: 1px solid rgba(150&comma; 150&comma; 150&comma; 0.4); border-radius: 8px; overflow: hidden; display: flex; flex-direction: column;'>\n<div style='padding: 15px; border-bottom: 1px solid rgba(150&comma; 150&comma; 150&comma; 0.2); font-weight: bold; font-size: 18px; color: inherit;'>Identificaci\u00f3n<\/div>\n<div style='padding: 15px; color: inherit;'>\n<ul style='padding-left: 20px; margin: 0; font-size: 14px; list-style-type: disc;'>\n<li style='margin-bottom: 5px;'>Part Number: R8-AT_KNG<\/li>\n<li style='margin-bottom: 5px;'>Modelo: R8ATKNG<\/li>\n<li style='margin-bottom: 5px;'>Categor\u00eda: AutoTune Options<\/li>\n<\/ul><\/div>\n<\/p><\/div>\n<\/p><\/div>\n<hr style='border: 0; border-top: 1px solid rgba(150&comma; 150&comma; 150&comma; 0.3); margin: 30px 0;'>\n<div style='display: flex; flex-wrap: wrap; gap: 30px; margin-bottom: 30px;'>\n<div style='flex: 1 1 300px; min-width: 280px;'>\n<h3 style='font-size: 22px; border-bottom: 2px solid currentColor; padding-bottom: 5px; margin-top: 0; color: inherit; opacity: 0.8;'>Productos Relacionados<\/h3>\n<ul style='padding-left: 20px; font-size: 15px; color: inherit;'>\n<li style='margin-bottom: 5px;'>R8-AT_TRBO &#8211; AutoTune para MOTOTRO<\/li>\n<li style='margin-bottom: 5px;'>R8-AT_XTL &#8211; AutoTune para XTL 1500\/2500\/5000<\/li>\n<li style='margin-bottom: 5px;'>R8-AT_XTS &#8211; AutoTune para XTS 1500\/2500\/5000<\/li>\n<li style='margin-bottom: 5px;'>R8-AT_APX &#8211; AutoTune para APX Series<\/li>\n<li style='margin-bottom: 5px;'>R8-AT_KWNX &#8211; AutoTune para Kenwood NX Series<\/li>\n<li style='margin-bottom: 5px;'>R8-AT_XG-75 &#8211; AutoTune para Harris XG-75 Series<\/li>\n<\/ul><\/div>\n<div style='flex: 1 1 300px; min-width: 280px;'>\n<h3 style='font-size: 22px; border-bottom: 2px solid currentColor; padding-bottom: 5px; margin-top: 0; color: inherit; opacity: 0.8;'>Opciones de Software<\/h3>\n<ul style='padding-left: 20px; font-size: 15px; color: inherit;'>\n<li style='margin-bottom: 5px;'>R8-P25 &#8211; Project 25 Phase 1<\/li>\n<li style='margin-bottom: 5px;'>R8-P25TRNK &#8211; Project 25 Phase 1 Trunking<\/li>\n<li style='margin-bottom: 5px;'>R8-P25_II &#8211; Project 25 Phase 2<\/li>\n<li style='margin-bottom: 5px;'>R8-DMR &#8211; DMR convencional (Tier 2)<\/li>\n<li style='margin-bottom: 5px;'>R8-NXDN &#8211; NXDN<\/li>\n<li style='margin-bottom: 5px;'>R8-TETRATMO &#8211; TETRA TMO<\/li>\n<\/ul><\/div>\n<\/p><\/div>\n<\/p><\/div>\n","protected":false},"excerpt":{"rendered":"<p>Opci\u00f3n de Software Auto-Tune para Port\u00e1tiles BK KNG en R8000 \/R8100.<\/p>\n","protected":false},"featured_media":66658,"comment_status":"open","ping_status":"closed","template":"","meta":[],"product_brand":[],"product_cat":[1610],"product_tag":[1611,931,1674],"class_list":{"0":"post-66659","1":"product","2":"type-product","3":"status-publish","4":"has-post-thumbnail","6":"product_cat-analizadores-espectro-y-antenas-monitores-de-servicio-y-softwares","7":"product_tag-analizadores-espectro-y-antenas-monitores-de-servicio-y-softwares","8":"product_tag-equipo-de-laboratorio","9":"product_tag-freedom-communication-technologies","11":"first","12":"outofstock","13":"sale","14":"shipping-taxable","15":"purchasable","16":"product-type-simple"},"_links":{"self":[{"href":"https:\/\/soydeaqui.ddns.net\/pachuca\/index.php\/wp-json\/wp\/v2\/product\/66659","targetHints":{"allow":["GET"]}}],"collection":[{"href":"https:\/\/soydeaqui.ddns.net\/pachuca\/index.php\/wp-json\/wp\/v2\/product"}],"about":[{"href":"https:\/\/soydeaqui.ddns.net\/pachuca\/index.php\/wp-json\/wp\/v2\/types\/product"}],"replies":[{"embeddable":true,"href":"https:\/\/soydeaqui.ddns.net\/pachuca\/index.php\/wp-json\/wp\/v2\/comments?post=66659"}],"wp:featuredmedia":[{"embeddable":true,"href":"https:\/\/soydeaqui.ddns.net\/pachuca\/index.php\/wp-json\/wp\/v2\/media\/66658"}],"wp:attachment":[{"href":"https:\/\/soydeaqui.ddns.net\/pachuca\/index.php\/wp-json\/wp\/v2\/media?parent=66659"}],"wp:term":[{"taxonomy":"product_brand","embeddable":true,"href":"https:\/\/soydeaqui.ddns.net\/pachuca\/index.php\/wp-json\/wp\/v2\/product_brand?post=66659"},{"taxonomy":"product_cat","embeddable":true,"href":"https:\/\/soydeaqui.ddns.net\/pachuca\/index.php\/wp-json\/wp\/v2\/product_cat?post=66659"},{"taxonomy":"product_tag","embeddable":true,"href":"https:\/\/soydeaqui.ddns.net\/pachuca\/index.php\/wp-json\/wp\/v2\/product_tag?post=66659"}],"curies":[{"name":"wp","href":"https:\/\/api.w.org\/{rel}","templated":true}]}}