{"id":66657,"date":"2026-03-19T09:05:47","date_gmt":"2026-03-19T09:05:47","guid":{"rendered":"https:\/\/soydeaqui.ddns.net\/pachuca\/index.php\/producto\/opcion-de-software-auto-tune-para-radios-harris-xl-200-en-r8000-r8100\/"},"modified":"2026-03-19T09:05:49","modified_gmt":"2026-03-19T09:05:49","slug":"opcion-de-software-auto-tune-para-radios-harris-xl-200-en-r8000-r8100","status":"publish","type":"product","link":"https:\/\/soydeaqui.ddns.net\/pachuca\/index.php\/producto\/opcion-de-software-auto-tune-para-radios-harris-xl-200-en-r8000-r8100\/","title":{"rendered":"Opci\u00f3n de Software Auto-Tune para Radios Harris XL-200 en R8000 \/R8100."},"content":{"rendered":"<div style='width: 100%; max-width: 1200px; margin: 0 auto; font-family: sans-serif; line-height: 1.6; color: inherit; background-color: transparent;'> <!-- Secci\u00f3n de descripci\u00f3n principal --> <\/p>\n<div style='margin-bottom: 30px;'>\n<h2 style='font-size: 24px; border-bottom: 2px solid currentColor; padding-bottom: 5px; margin-top: 0; color: inherit; opacity: 0.9;'>Opci\u00f3n de Software Auto-Tune para Radios Harris XL-200 en R8000 \/R8100<\/h2>\n<p style='font-size: 15px; color: inherit; margin-top: 15px;'> Software de Auto-Tune para radios Harris XL-200&comma; compatible con los analizadores de comunicaciones R8000 y R8100. Esta opci\u00f3n permite la integraci\u00f3n autom\u00e1tica de configuraciones para radios Harris XL-200 en sistemas de comunicaci\u00f3n. <\/p>\n<\/p><\/div>\n<p> <!-- Secci\u00f3n de compatibilidad --> <\/p>\n<div style='display: flex; flex-wrap: wrap; gap: 30px; margin-bottom: 30px;'>\n<div style='flex: 1 1 300px; min-width: 280px;'>\n<h3 style='font-size: 22px; border-bottom: 2px solid currentColor; padding-bottom: 5px; margin-top: 0; color: inherit; opacity: 0.8;'>Compatibilidad<\/h3>\n<ul style='padding-left: 20px; font-size: 15px; color: inherit;'>\n<li style='margin-bottom: 5px;'>R8000 Communications System Analyzer<\/li>\n<li style='margin-bottom: 5px;'>R8100 Communications System Analyzer<\/li>\n<li style='margin-bottom: 5px;'>Harris XL-200 Radios<\/li>\n<\/ul><\/div>\n<p> <!-- Secci\u00f3n de caracter\u00edsticas t\u00e9cnicas --> <\/p>\n<div style='flex: 1 1 300px; min-width: 280px;'>\n<h3 style='font-size: 22px; border-bottom: 2px solid currentColor; padding-bottom: 5px; margin-top: 0; color: inherit; opacity: 0.8;'>Caracter\u00edsticas t\u00e9cnicas<\/h3>\n<ul style='padding-left: 20px; font-size: 15px; color: inherit;'>\n<li style='margin-bottom: 5px;'><strong>Funci\u00f3n:<\/strong> AutoTune<\/li>\n<li style='margin-bottom: 5px;'><strong>Aplicaci\u00f3n:<\/strong> Configuraci\u00f3n autom\u00e1tica de radios<\/li>\n<li style='margin-bottom: 5px;'><strong>Integraci\u00f3n:<\/strong> Sistema R8000\/R8100<\/li>\n<\/ul><\/div>\n<\/p><\/div>\n<p> <!-- Secci\u00f3n de opciones relacionadas --> <\/p>\n<div style='margin-bottom: 30px;'>\n<h3 style='font-size: 22px; border-bottom: 2px solid currentColor; padding-bottom: 5px; margin-top: 0; color: inherit; opacity: 0.8;'>Opciones de AutoTune disponibles<\/h3>\n<ul style='padding-left: 20px; font-size: 15px; color: inherit;'>\n<li style='margin-bottom: 5px;'>R8-AT_TRBO &#8211; Para MOTOTRO Mobiles y Portables (excepto SL300)<\/li>\n<li style='margin-bottom: 5px;'>R8-AT_XTL &#8211; Para XTL 1500\/2500\/5000 Mobiles<\/li>\n<li style='margin-bottom: 5px;'>R8-AT_XTS &#8211; Para XTS 1500\/2500\/5000 Portables<\/li>\n<li style='margin-bottom: 5px;'>R8-AT_APX &#8211; Para APX 1000\/2000\/4000\/6000\/7000 Series<\/li>\n<li style='margin-bottom: 5px;'>R8-AT_KWNX &#8211; Para Kenwood NX Series<\/li>\n<li style='margin-bottom: 5px;'>R8-AT_XG-75 &#8211; Para Harris XG-75\/P7300\/M7300<\/li>\n<li style='margin-bottom: 5px;'>R8-AT_XM100 &#8211; Para Harris XM100<\/li>\n<li style='margin-bottom: 5px;'>R8-AT_XL200 &#8211; Para Harris XL200 (este producto)<\/li>\n<li style='margin-bottom: 5px;'>R8-AT_KNG &#8211; Para BK KNG Portables<\/li>\n<\/ul><\/div>\n<p> <!-- Separador --> <\/p>\n<hr style='border: 0; border-top: 1px solid rgba(150&comma; 150&comma; 150&comma; 0.3); margin: 30px 0;'> <!-- Secci\u00f3n de opciones de servicio --> <\/p>\n<div style='display: flex; flex-wrap: wrap; gap: 20px; margin-bottom: 30px;'>\n<div style='flex: 1 1 250px; border: 1px solid rgba(150&comma; 150&comma; 150&comma; 0.4); border-radius: 8px; overflow: hidden; display: flex; flex-direction: column;'>\n<div style='padding: 15px; border-bottom: 1px solid rgba(150&comma; 150&comma; 150&comma; 0.2); font-weight: bold; font-size: 18px; color: inherit;'>Planes de Servicio<\/div>\n<div style='padding: 15px; color: inherit;'>\n<ul style='padding-left: 20px; margin: 0; font-size: 14px; list-style-type: disc;'>\n<li style='margin-bottom: 5px;'>R8-3Y &#8211; Plan de servicio de 3 a\u00f1os<\/li>\n<li style='margin-bottom: 5px;'>R8-5Y &#8211; Plan de servicio de 5 a\u00f1os<\/li>\n<li style='margin-bottom: 5px;'>R8-5Y Upgrade &#8211; Upgrade a 5 a\u00f1os desde plan de 3 a\u00f1os<\/li>\n<\/ul><\/div>\n<\/p><\/div>\n<p> <!-- Secci\u00f3n de accesorios de transporte --> <\/p>\n<div style='flex: 1 1 250px; border: 1px solid rgba(150&comma; 150&comma; 150&comma; 0.4); border-radius: 8px; overflow: hidden; display: flex; flex-direction: column;'>\n<div style='padding: 15px; border-bottom: 1px solid rgba(150&comma; 150&comma; 150&comma; 0.2); font-weight: bold; font-size: 18px; color: inherit;'>Accesorios de Transporte<\/div>\n<div style='padding: 15px; color: inherit;'>\n<ul style='padding-left: 20px; margin: 0; font-size: 14px; list-style-type: disc;'>\n<li style='margin-bottom: 5px;'>R8-SC &#8211; Estuche blando<\/li>\n<li style='margin-bottom: 5px;'>R8-TC &#8211; Estuche de tr\u00e1nsito con espuma<\/li>\n<li style='margin-bottom: 5px;'>R8-TSC &#8211; Estuche de tr\u00e1nsito para estuche blando<\/li>\n<\/ul><\/div>\n<\/p><\/div>\n<\/p><\/div>\n<p> <!-- Secci\u00f3n de accesorios de protecci\u00f3n --> <\/p>\n<div style='display: flex; flex-wrap: wrap; gap: 20px; margin-bottom: 30px;'>\n<div style='flex: 1 1 250px; border: 1px solid rgba(150&comma; 150&comma; 150&comma; 0.4); border-radius: 8px; overflow: hidden; display: flex; flex-direction: column;'>\n<div style='padding: 15px; border-bottom: 1px solid rgba(150&comma; 150&comma; 150&comma; 0.2); font-weight: bold; font-size: 18px; color: inherit;'>Accesorios de Protecci\u00f3n<\/div>\n<div style='padding: 15px; color: inherit;'>\n<ul style='padding-left: 20px; margin: 0; font-size: 14px; list-style-type: disc;'>\n<li style='margin-bottom: 5px;'>R8-HC &#8211; Estuche protector con protecci\u00f3n LCD para R8000<\/li>\n<li style='margin-bottom: 5px;'>R8-GC &#8211; Estuche protector con protecci\u00f3n LCD para R8100<\/li>\n<\/ul><\/div>\n<\/p><\/div>\n<p> <!-- Secci\u00f3n de accesorios miscel\u00e1neos --> <\/p>\n<div style='flex: 1 1 250px; border: 1px solid rgba(150&comma; 150&comma; 150&comma; 0.4); border-radius: 8px; overflow: hidden; display: flex; flex-direction: column;'>\n<div style='padding: 15px; border-bottom: 1px solid rgba(150&comma; 150&comma; 150&comma; 0.2); font-weight: bold; font-size: 18px; color: inherit;'>Accesorios Miscel\u00e1neos<\/div>\n<div style='padding: 15px; color: inherit;'>\n<ul style='padding-left: 20px; margin: 0; font-size: 14px; list-style-type: disc;'>\n<li style='margin-bottom: 5px;'>R8-VSWR &#8211; Kit de puente de p\u00e9rdida de retorno de antena<\/li>\n<li style='margin-bottom: 5px;'>R8-FT7 &#8211; Paquete de software de prueba en carretera<\/li>\n<li style='margin-bottom: 5px;'>R8-CF-HW &#8211; Hardware de detecci\u00f3n de fallas en cables<\/li>\n<\/ul><\/div>\n<\/p><\/div>\n<\/p><\/div>\n<\/p><\/div>\n","protected":false},"excerpt":{"rendered":"<p>Opci\u00f3n de Software Auto-Tune para Radios Harris XL-200 en R8000 \/R8100.<\/p>\n","protected":false},"featured_media":66656,"comment_status":"open","ping_status":"closed","template":"","meta":[],"product_brand":[],"product_cat":[1610],"product_tag":[1611,931,1674],"class_list":{"0":"post-66657","1":"product","2":"type-product","3":"status-publish","4":"has-post-thumbnail","6":"product_cat-analizadores-espectro-y-antenas-monitores-de-servicio-y-softwares","7":"product_tag-analizadores-espectro-y-antenas-monitores-de-servicio-y-softwares","8":"product_tag-equipo-de-laboratorio","9":"product_tag-freedom-communication-technologies","11":"first","12":"outofstock","13":"sale","14":"shipping-taxable","15":"purchasable","16":"product-type-simple"},"_links":{"self":[{"href":"https:\/\/soydeaqui.ddns.net\/pachuca\/index.php\/wp-json\/wp\/v2\/product\/66657","targetHints":{"allow":["GET"]}}],"collection":[{"href":"https:\/\/soydeaqui.ddns.net\/pachuca\/index.php\/wp-json\/wp\/v2\/product"}],"about":[{"href":"https:\/\/soydeaqui.ddns.net\/pachuca\/index.php\/wp-json\/wp\/v2\/types\/product"}],"replies":[{"embeddable":true,"href":"https:\/\/soydeaqui.ddns.net\/pachuca\/index.php\/wp-json\/wp\/v2\/comments?post=66657"}],"wp:featuredmedia":[{"embeddable":true,"href":"https:\/\/soydeaqui.ddns.net\/pachuca\/index.php\/wp-json\/wp\/v2\/media\/66656"}],"wp:attachment":[{"href":"https:\/\/soydeaqui.ddns.net\/pachuca\/index.php\/wp-json\/wp\/v2\/media?parent=66657"}],"wp:term":[{"taxonomy":"product_brand","embeddable":true,"href":"https:\/\/soydeaqui.ddns.net\/pachuca\/index.php\/wp-json\/wp\/v2\/product_brand?post=66657"},{"taxonomy":"product_cat","embeddable":true,"href":"https:\/\/soydeaqui.ddns.net\/pachuca\/index.php\/wp-json\/wp\/v2\/product_cat?post=66657"},{"taxonomy":"product_tag","embeddable":true,"href":"https:\/\/soydeaqui.ddns.net\/pachuca\/index.php\/wp-json\/wp\/v2\/product_tag?post=66657"}],"curies":[{"name":"wp","href":"https:\/\/api.w.org\/{rel}","templated":true}]}}