{"id":66653,"date":"2026-03-19T09:05:38","date_gmt":"2026-03-19T09:05:38","guid":{"rendered":"https:\/\/soydeaqui.ddns.net\/pachuca\/index.php\/producto\/opcion-de-software-auto-tune-para-moviles-y-portatiles-harris-series-xg-75-p7300-m7300-en-r8000-r8100\/"},"modified":"2026-03-19T09:05:39","modified_gmt":"2026-03-19T09:05:39","slug":"opcion-de-software-auto-tune-para-moviles-y-portatiles-harris-series-xg-75-p7300-m7300-en-r8000-r8100","status":"publish","type":"product","link":"https:\/\/soydeaqui.ddns.net\/pachuca\/index.php\/producto\/opcion-de-software-auto-tune-para-moviles-y-portatiles-harris-series-xg-75-p7300-m7300-en-r8000-r8100\/","title":{"rendered":"Opci\u00f3n de Software Auto-Tune para M\u00f3viles y Port\u00e1tiles Harris Series XG-75 \/P7300 \/M7300 en R8000 \/R8100."},"content":{"rendered":"<div style='width: 100%; max-width: 1200px; margin: 0 auto; font-family: sans-serif; line-height: 1.6; color: inherit; background-color: transparent;'> <!-- Secci\u00f3n de descripci\u00f3n principal --> <\/p>\n<div style='margin-bottom: 30px;'>\n<h2 style='font-size: 24px; border-bottom: 2px solid currentColor; padding-bottom: 8px; margin-top: 0; color: inherit; opacity: 0.9;'>Opci\u00f3n de Software Auto-Tune para M\u00f3viles y Port\u00e1tiles Harris Series XG-75 \/P7300 \/M7300 en R8000 \/R8100<\/h2>\n<p style='font-size: 15px; color: inherit; margin-top: 15px;'>Software de sintonizaci\u00f3n autom\u00e1tica para equipos Harris Series XG-75&comma; P7300 y M7300 utilizados con los analizadores de comunicaci\u00f3n R8000 y R8100.<\/p>\n<\/p><\/div>\n<p> <!-- Secci\u00f3n de caracter\u00edsticas principales --> <\/p>\n<div style='display: flex; flex-wrap: wrap; gap: 30px; margin-bottom: 30px;'>\n<div style='flex: 1 1 300px; min-width: 280px;'>\n<h3 style='font-size: 20px; border-bottom: 2px solid currentColor; padding-bottom: 5px; margin-top: 0; color: inherit; opacity: 0.8;'>Caracter\u00edsticas Principales<\/h3>\n<ul style='padding-left: 20px; font-size: 14px; color: inherit;'>\n<li style='margin-bottom: 5px;'>Sintonizaci\u00f3n autom\u00e1tica para equipos Harris Series XG-75&comma; P7300 y M7300<\/li>\n<li style='margin-bottom: 5px;'>Compatibilidad con analizadores de comunicaci\u00f3n R8000 y R8100<\/li>\n<li style='margin-bottom: 5px;'>Incluye todos los accesorios necesarios para conexi\u00f3n y configuraci\u00f3n<\/li>\n<\/ul><\/div>\n<\/p><\/div>\n<p> <!-- Secci\u00f3n de especificaciones por categor\u00eda --> <\/p>\n<div style='display: flex; flex-wrap: wrap; gap: 20px; margin-bottom: 30px;'>\n<div style='flex: 1 1 250px; border: 1px solid rgba(150&comma; 150&comma; 150&comma; 0.4); border-radius: 8px; overflow: hidden; display: flex; flex-direction: column;'>\n<div style='padding: 15px; border-bottom: 1px solid rgba(150&comma; 150&comma; 150&comma; 0.2); font-weight: bold; font-size: 18px; color: inherit;'>Especificaciones<\/div>\n<div style='padding: 15px; color: inherit;'>\n<ul style='padding-left: 20px; margin: 0; font-size: 14px; list-style-type: disc;'>\n<li style='margin-bottom: 5px;'><strong>Modelo:<\/strong> R8-AT_XG-75<\/li>\n<li style='margin-bottom: 5px;'><strong>Compatibilidad:<\/strong> Harris XG-75\/P7300\/M7300 Series<\/li>\n<li style='margin-bottom: 5px;'><strong>Plataforma:<\/strong> R8000\/R8100 Communications System Analyzer<\/li>\n<\/ul><\/div>\n<\/p><\/div>\n<div style='flex: 1 1 250px; border: 1px solid rgba(150&comma; 150&comma; 150&comma; 0.4); border-radius: 8px; overflow: hidden; display: flex; flex-direction: column;'>\n<div style='padding: 15px; border-bottom: 1px solid rgba(150&comma; 150&comma; 150&comma; 0.2); font-weight: bold; font-size: 18px; color: inherit;'>Accesorios Incluidos<\/div>\n<div style='padding: 15px; color: inherit;'>\n<ul style='padding-left: 20px; margin: 0; font-size: 14px; list-style-type: disc;'>\n<li style='margin-bottom: 5px;'>TTL-232RG-VSW3V3-WE_M USB programming cable<\/li>\n<li style='margin-bottom: 5px;'>19B801496G2 Antenna Adaptor<\/li>\n<li style='margin-bottom: 5px;'>CA-023407-002 Audio Test Cable<\/li>\n<li style='margin-bottom: 5px;'>BT-023406-015 Battery Eliminator<\/li>\n<li style='margin-bottom: 5px;'>MATQ-03424 Test Box (XG-75P Portables)<\/li>\n<li style='margin-bottom: 5px;'>202161-02 Breakout Box (XG-75M\/M7300 Mobiles)<\/li>\n<li style='margin-bottom: 5px;'>MC-101616-041 Microphone Cable<\/li>\n<li style='margin-bottom: 5px;'>14002-0174-7 Speaker Cable<\/li>\n<li style='margin-bottom: 5px;'>BCM676 USB to Serial Adaptor<\/li>\n<li style='margin-bottom: 5px;'>MXT100 Serial Cable (6 ft.)<\/li>\n<\/ul><\/div>\n<\/p><\/div>\n<div style='flex: 1 1 250px; border: 1px solid rgba(150&comma; 150&comma; 150&comma; 0.4); border-radius: 8px; overflow: hidden; display: flex; flex-direction: column;'>\n<div style='padding: 15px; border-bottom: 1px solid rgba(150&comma; 150&comma; 150&comma; 0.2); font-weight: bold; font-size: 18px; color: inherit;'>Compatibilidad<\/div>\n<div style='padding: 15px; color: inherit;'>\n<ul style='padding-left: 20px; margin: 0; font-size: 14px; list-style-type: disc;'>\n<li style='margin-bottom: 5px;'>Harris XG-75 Series<\/li>\n<li style='margin-bottom: 5px;'>Harris P7300 Portables<\/li>\n<li style='margin-bottom: 5px;'>Harris M7300 Mobiles<\/li>\n<li style='margin-bottom: 5px;'>R8000 Communications System Analyzer<\/li>\n<li style='margin-bottom: 5px;'>R8100 Communications System Analyzer<\/li>\n<\/ul><\/div>\n<\/p><\/div>\n<div style='flex: 1 1 250px; border: 1px solid rgba(150&comma; 150&comma; 150&comma; 0.4); border-radius: 8px; overflow: hidden; display: flex; flex-direction: column;'>\n<div style='padding: 15px; border-bottom: 1px solid rgba(150&comma; 150&comma; 150&comma; 0.2); font-weight: bold; font-size: 18px; color: inherit;'>Opciones de AutoTune<\/div>\n<div style='padding: 15px; color: inherit;'>\n<ul style='padding-left: 20px; margin: 0; font-size: 14px; list-style-type: disc;'>\n<li style='margin-bottom: 5px;'>R8-AT_TRBO (MOTOTRO Mobiles and Portables)<\/li>\n<li style='margin-bottom: 5px;'>R8-AT_XTL (XTL 1500\/2500\/5000 Mobiles)<\/li>\n<li style='margin-bottom: 5px;'>R8-AT_XTS (XTS 1500\/2500\/5000 Portables)<\/li>\n<li style='margin-bottom: 5px;'>R8-AT_APX (APX 1000\/2000\/4000\/6000\/7000 Series)<\/li>\n<li style='margin-bottom: 5px;'>R8-AT_KWNX (Kenwood NX Series Mobiles)<\/li>\n<li style='margin-bottom: 5px;'>R8-AT_XM100 (Harris XM100 Radios)<\/li>\n<li style='margin-bottom: 5px;'>R8-AT_XL200 (Harris XL200 Radios)<\/li>\n<li style='margin-bottom: 5px;'>R8-AT_KNG (BK KNG Portables)<\/li>\n<\/ul><\/div>\n<\/p><\/div>\n<\/p><\/div>\n<p> <!-- Secci\u00f3n de planes de servicio --> <\/p>\n<div style='display: flex; flex-wrap: wrap; gap: 20px; margin-bottom: 30px;'>\n<div style='flex: 1 1 250px; border: 1px solid rgba(150&comma; 150&comma; 150&comma; 0.4); border-radius: 8px; overflow: hidden; display: flex; flex-direction: column;'>\n<div style='padding: 15px; border-bottom: 1px solid rgba(150&comma; 150&comma; 150&comma; 0.2); font-weight: bold; font-size: 18px; color: inherit;'>Planes de Servicio<\/div>\n<div style='padding: 15px; color: inherit;'>\n<ul style='padding-left: 20px; margin: 0; font-size: 14px; list-style-type: disc;'>\n<li style='margin-bottom: 5px;'>R8-3Y: Tres a\u00f1os de servicio<\/li>\n<li style='margin-bottom: 5px;'>R8-5Y: Cinco a\u00f1os de servicio<\/li>\n<li style='margin-bottom: 5px;'>R8-5Y Upgrade: Ampliaci\u00f3n de servicio para R8000-1G Premier<\/li>\n<\/ul><\/div>\n<\/p><\/div>\n<\/p><\/div>\n<p> <!-- Separador final --> <\/p>\n<hr style='border: 0; border-top: 1px solid rgba(150&comma; 150&comma; 150&comma; 0.3); margin: 30px 0;'> <\/div>\n","protected":false},"excerpt":{"rendered":"<p>Opci\u00f3n de Software Auto-Tune para M\u00f3viles y Port\u00e1tiles Harris Series XG-75 \/P7300 \/M7300 en R8000 \/R8100.<\/p>\n","protected":false},"featured_media":66652,"comment_status":"open","ping_status":"closed","template":"","meta":[],"product_brand":[],"product_cat":[1610],"product_tag":[1611,931,1674],"class_list":{"0":"post-66653","1":"product","2":"type-product","3":"status-publish","4":"has-post-thumbnail","6":"product_cat-analizadores-espectro-y-antenas-monitores-de-servicio-y-softwares","7":"product_tag-analizadores-espectro-y-antenas-monitores-de-servicio-y-softwares","8":"product_tag-equipo-de-laboratorio","9":"product_tag-freedom-communication-technologies","11":"first","12":"outofstock","13":"sale","14":"shipping-taxable","15":"purchasable","16":"product-type-simple"},"_links":{"self":[{"href":"https:\/\/soydeaqui.ddns.net\/pachuca\/index.php\/wp-json\/wp\/v2\/product\/66653","targetHints":{"allow":["GET"]}}],"collection":[{"href":"https:\/\/soydeaqui.ddns.net\/pachuca\/index.php\/wp-json\/wp\/v2\/product"}],"about":[{"href":"https:\/\/soydeaqui.ddns.net\/pachuca\/index.php\/wp-json\/wp\/v2\/types\/product"}],"replies":[{"embeddable":true,"href":"https:\/\/soydeaqui.ddns.net\/pachuca\/index.php\/wp-json\/wp\/v2\/comments?post=66653"}],"wp:featuredmedia":[{"embeddable":true,"href":"https:\/\/soydeaqui.ddns.net\/pachuca\/index.php\/wp-json\/wp\/v2\/media\/66652"}],"wp:attachment":[{"href":"https:\/\/soydeaqui.ddns.net\/pachuca\/index.php\/wp-json\/wp\/v2\/media?parent=66653"}],"wp:term":[{"taxonomy":"product_brand","embeddable":true,"href":"https:\/\/soydeaqui.ddns.net\/pachuca\/index.php\/wp-json\/wp\/v2\/product_brand?post=66653"},{"taxonomy":"product_cat","embeddable":true,"href":"https:\/\/soydeaqui.ddns.net\/pachuca\/index.php\/wp-json\/wp\/v2\/product_cat?post=66653"},{"taxonomy":"product_tag","embeddable":true,"href":"https:\/\/soydeaqui.ddns.net\/pachuca\/index.php\/wp-json\/wp\/v2\/product_tag?post=66653"}],"curies":[{"name":"wp","href":"https:\/\/api.w.org\/{rel}","templated":true}]}}