{"id":6665,"date":"2026-03-18T06:45:55","date_gmt":"2026-03-18T06:45:55","guid":{"rendered":"https:\/\/soydeaqui.ddns.net\/pachuca\/index.php\/producto\/radiora2-adaptador-atenuador-para-lamparas-300w-inc-hal-compatible-con-ra2select-y-rr3\/"},"modified":"2026-03-18T06:45:58","modified_gmt":"2026-03-18T06:45:58","slug":"radiora2-adaptador-atenuador-para-lamparas-300w-inc-hal-compatible-con-ra2select-y-rr3","status":"publish","type":"product","link":"https:\/\/soydeaqui.ddns.net\/pachuca\/index.php\/producto\/radiora2-adaptador-atenuador-para-lamparas-300w-inc-hal-compatible-con-ra2select-y-rr3\/","title":{"rendered":"(RadioRA2) Adaptador atenuador para lamparas, 300W INC\/HAL, compatible con RA2Select y RR3"},"content":{"rendered":"<div style='width: 100%; max-width: 1200px; margin: 0 auto; font-family: sans-serif; line-height: 1.6; color: inherit; background-color: transparent;'> <!-- Enlace Single Page --> <\/p>\n<div style='margin-bottom: 20px;'> <a style='display: inline-block; padding: 10px 20px; background-color: #007bff; color: #ffffff !important; text-decoration: none; border-radius: 4px; font-weight: bold;' href='https:\/\/www.syscom.mx\/singlepage\/lutron_radiora' target='_blank' rel='noopener'>Ver Single Page<\/a> <\/div>\n<p> <!-- Lista de caracter\u00edsticas --> <\/p>\n<div style='margin-bottom: 30px;'>\n<ul style='padding-left: 20px; font-size: 15px; color: inherit;'>\n<li style='margin-bottom: 5px;'>Adaptador dimmer para l\u00e1mpara plug-in 120V<\/li>\n<li style='margin-bottom: 5px;'><strong>Incandescent&comma; Halogen 300W<\/strong><\/li>\n<li style='margin-bottom: 5px;'><strong>MLV 200W<\/strong><\/li>\n<li style='margin-bottom: 5px;'>CFL&comma; Fluorescent&comma; ELV (Solo modo conmutaci\u00f3n) 300W<\/li>\n<\/ul><\/div>\n<p> <!-- Descripci\u00f3n general --> <\/p>\n<div style='margin-bottom: 30px;'>\n<p style='font-size: 15px; color: inherit;'>El atenuador de l\u00e1mpara de sobremesa controla directamente la atenuaci\u00f3n de una l\u00e1mpara de mesa conectada y permite un control de la l\u00e1mpara desde botoneras y otros dispositivos del sistema. El enchufe de &#8216;apilamiento&#8217; del atenuador se conecta a un recept\u00e1culo el\u00e9ctrico est\u00e1ndar y tambi\u00e9n proporciona conexi\u00f3n para la l\u00e1mpara.<\/p>\n<\/p><\/div>\n<p> <!-- Detalles adicionales --> <\/p>\n<div style='margin-bottom: 30px;'>\n<p style='font-size: 15px; color: inherit;'>Los m\u00f3dulos enchufables est\u00e1n dise\u00f1ados para ocultarse detr\u00e1s del mobiliario. La l\u00e1mpara conectada puede apagarse desde botoneras&comma; sensores y otros dispositivos del sistema.<\/p>\n<\/p><\/div>\n<p> <!-- Secci\u00f3n de preguntas frecuentes --> <\/p>\n<div style='margin-bottom: 30px;'>\n<h3 style='font-size: 22px; border-bottom: 2px solid currentColor; padding-bottom: 5px; margin-top: 0; color: inherit; opacity: 0.8;'>\u00bfQu\u00e9 es RadioRA\u00ae 2?<\/h3>\n<p style='font-size: 15px; color: inherit;'>RadioRA 2 es un sistema inal\u00e1mbrico de control total del hogar que permite el control conveniente e intuitivo de luces&comma; cortinas&comma; electrodom\u00e9sticos y temperatura en una habitaci\u00f3n sencilla o en una casa entera. Se instala con facilidad&comma; se programa con rapidez y se opera de manera confiable gracias a la Tecnolog\u00eda RF Clear Connect\u2122.<\/p>\n<\/p><\/div>\n<p> <!-- Beneficios --> <\/p>\n<div style='margin-bottom: 30px;'>\n<h3 style='font-size: 22px; border-bottom: 2px solid currentColor; padding-bottom: 5px; margin-top: 0; color: inherit; opacity: 0.8;'>\u00bfCu\u00e1les son algunos de los beneficios?<\/h3>\n<div style='margin-top: 20px;'>\n<h4 style='font-size: 18px; color: inherit; margin-top: 0; margin-bottom: 10px;'><strong>Ahorra energ\u00eda<\/strong><\/h4>\n<p style='font-size: 15px; color: inherit;'>Los propietarios de hoy quieren reducir los costos&comma; tener seguridad y proteger el planeta.<\/p>\n<p style='font-size: 15px; color: inherit;'>Con RadioRA 2&comma; pueden lograr ambos objetivos.<\/p>\n<\/p><\/div>\n<div style='margin-top: 20px;'>\n<h4 style='font-size: 18px; color: inherit; margin-top: 0; margin-bottom: 10px;'><strong>Integraci\u00f3n abierta con terceros<\/strong><\/h4>\n<ul style='padding-left: 20px; margin: 10px 0; font-size: 14px; list-style-type: disc; color: inherit;'>\n<li style='margin-bottom: 5px;'>Man\u00e9jelo con controles remotos&comma; sistemas de automatizaci\u00f3n del hogar&comma; dispositivos m\u00f3viles y m\u00e1s; todo desde un repetidor. El protocolo de integraci\u00f3n p\u00fablica con RS232 o IP.<\/li>\n<\/ul><\/div>\n<div style='margin-top: 20px;'>\n<h4 style='font-size: 18px; color: inherit; margin-top: 0; margin-bottom: 10px;'><strong>F\u00e1cil de instalar y programar<\/strong><\/h4>\n<ul style='padding-left: 20px; margin: 10px 0; font-size: 14px; list-style-type: disc; color: inherit;'>\n<li style='margin-bottom: 5px;'>La configuraci\u00f3n por computadora ahorra tiempo durante el dise\u00f1o y la programaci\u00f3n.<\/li>\n<li style='margin-bottom: 5px;'>Para aplicaciones sencillas&comma; la configuraci\u00f3n mediante la botonera no requiere de una computadora.<\/li>\n<\/ul><\/div>\n<div style='margin-top: 20px;'>\n<h4 style='font-size: 18px; color: inherit; margin-top: 0; margin-bottom: 10px;'><strong>Flexible&comma; expandible y confiable<\/strong><\/h4>\n<ul style='padding-left: 20px; margin: 10px 0; font-size: 14px; list-style-type: disc; color: inherit;'>\n<li style='margin-bottom: 5px;'>Elija entre una variedad de componentes inal\u00e1mbricos para personalizar un sistema que quepa en cualquier espacio soporte de 2 a 200 dispositivos.<\/li>\n<\/ul><\/div>\n<\/p><\/div>\n<p> <!-- Enlace Single Page final --> <\/p>\n<div style='margin-bottom: 30px;'> <a style='display: inline-block; padding: 10px 20px; background-color: #007bff; color: #ffffff !important; text-decoration: none; border-radius: 4px; font-weight: bold;' href='https:\/\/www.syscom.mx\/singlepage\/lutron_radiora' target='_blank' rel='noopener'>Ver Single Page<\/a> <\/div>\n<p> <!-- Imagen --> <\/p>\n<div style='margin-bottom: 30px;'> <img style='width: 100%; height: auto; border: 1px solid rgba(150&comma;150&comma;150&comma;0.3); border-radius: 8px;' src='http:\/\/ftp3.syscom.mx\/usuarios\/yhermosillo\/LUTRON\/RadioRa2\/SystemOverview.jpg' alt=''> <\/div>\n<\/p><\/div>\n","protected":false},"excerpt":{"rendered":"<p>(RadioRA2) Adaptador atenuador para lamparas, 300W INC\/HAL, compatible con RA2Select y RR3<\/p>\n","protected":false},"featured_media":6664,"comment_status":"open","ping_status":"closed","template":"","meta":[],"product_brand":[],"product_cat":[34],"product_tag":[30,35,36],"class_list":{"0":"post-6665","1":"product","2":"type-product","3":"status-publish","4":"has-post-thumbnail","6":"product_cat-lutron","7":"product_tag-automatizacion-casa-inteligente","8":"product_tag-lutron","9":"product_tag-lutron-electronics","11":"first","12":"instock","13":"sale","14":"shipping-taxable","15":"purchasable","16":"product-type-simple"},"_links":{"self":[{"href":"https:\/\/soydeaqui.ddns.net\/pachuca\/index.php\/wp-json\/wp\/v2\/product\/6665","targetHints":{"allow":["GET"]}}],"collection":[{"href":"https:\/\/soydeaqui.ddns.net\/pachuca\/index.php\/wp-json\/wp\/v2\/product"}],"about":[{"href":"https:\/\/soydeaqui.ddns.net\/pachuca\/index.php\/wp-json\/wp\/v2\/types\/product"}],"replies":[{"embeddable":true,"href":"https:\/\/soydeaqui.ddns.net\/pachuca\/index.php\/wp-json\/wp\/v2\/comments?post=6665"}],"wp:featuredmedia":[{"embeddable":true,"href":"https:\/\/soydeaqui.ddns.net\/pachuca\/index.php\/wp-json\/wp\/v2\/media\/6664"}],"wp:attachment":[{"href":"https:\/\/soydeaqui.ddns.net\/pachuca\/index.php\/wp-json\/wp\/v2\/media?parent=6665"}],"wp:term":[{"taxonomy":"product_brand","embeddable":true,"href":"https:\/\/soydeaqui.ddns.net\/pachuca\/index.php\/wp-json\/wp\/v2\/product_brand?post=6665"},{"taxonomy":"product_cat","embeddable":true,"href":"https:\/\/soydeaqui.ddns.net\/pachuca\/index.php\/wp-json\/wp\/v2\/product_cat?post=6665"},{"taxonomy":"product_tag","embeddable":true,"href":"https:\/\/soydeaqui.ddns.net\/pachuca\/index.php\/wp-json\/wp\/v2\/product_tag?post=6665"}],"curies":[{"name":"wp","href":"https:\/\/api.w.org\/{rel}","templated":true}]}}