{"id":66624,"date":"2026-03-19T09:04:33","date_gmt":"2026-03-19T09:04:33","guid":{"rendered":"https:\/\/soydeaqui.ddns.net\/pachuca\/index.php\/producto\/torre-especial-autosoportada-robusta-de-30-m-con-5-m-de-ancho-en-cara-de-base-linea-ssv-heavy-duty\/"},"modified":"2026-03-19T09:04:35","modified_gmt":"2026-03-19T09:04:35","slug":"torre-especial-autosoportada-robusta-de-30-m-con-5-m-de-ancho-en-cara-de-base-linea-ssv-heavy-duty","status":"publish","type":"product","link":"https:\/\/soydeaqui.ddns.net\/pachuca\/index.php\/producto\/torre-especial-autosoportada-robusta-de-30-m-con-5-m-de-ancho-en-cara-de-base-linea-ssv-heavy-duty\/","title":{"rendered":"Torre especial Autosoportada Robusta de 30 m. Con 5 m de Ancho en Cara de Base. Linea SSV HEAVY DUTY"},"content":{"rendered":"<div style='width: 100%; max-width: 1200px; margin: 0 auto; font-family: sans-serif; line-height: 1.6; color: inherit; background-color: transparent;'> <!-- Secci\u00f3n de descripci\u00f3n principal --> <\/p>\n<div style='margin-bottom: 30px; font-size: 15px; color: inherit;'>\n<p>Las torres <strong>ROHN SSV<\/strong> han estado en servicio por m\u00e1s de 50 a\u00f1os&comma; las piernas tubulares con brazos angulares en la parte inferior y s\u00f3lidos en la parte superior.<\/p>\n<p>Toda la l\u00ednea SSV Servicio Pesado (<em>Heavy Duty<\/em>) est\u00e1 completamente galvanizada por inmersi\u00f3n en caliente por dentro y por fuera para alta protecci\u00f3n a la corrosi\u00f3n.<\/p>\n<p>Usadas para una amplia variedad de aplicaciones&comma; preferida en la industria&comma; incluyendo radiodifusi\u00f3n&comma; PCS&comma; seguridad&comma; iluminaci\u00f3n deportiva y muchas otras m\u00e1s.<\/p>\n<p style='color: #e67e22;'><em>Las torres autosoportadas necesitan transporte especializado para su desplazamiento&comma; el c\u00e1lculo del flete debe ser proporcionado por un agente de ventas de SYSCOM.<\/em><\/p>\n<\/p><\/div>\n<p> <!-- Secci\u00f3n de caracter\u00edsticas --> <\/p>\n<div style='display: flex; flex-wrap: wrap; gap: 30px; margin-bottom: 30px;'>\n<div style='flex: 1 1 300px; min-width: 280px;'>\n<h3 style='font-size: 22px; border-bottom: 2px solid currentColor; padding-bottom: 5px; margin-top: 0; color: inherit; opacity: 0.8;'>Caracter\u00edsticas F\u00edsicas<\/h3>\n<ul style='padding-left: 20px; font-size: 15px; color: inherit;'>\n<li style='margin-bottom: 5px;'><strong>Altura de torre:<\/strong> 30m (100 ft)<\/li>\n<li style='margin-bottom: 5px;'><strong>Secci\u00f3n superior:<\/strong> Secci\u00f3n 8 (Modelo: 8N)<\/li>\n<li style='margin-bottom: 5px;'><strong>Secci\u00f3n inferior:<\/strong> Secci\u00f3n 12 (Modelo: 12N18)<\/li>\n<li style='margin-bottom: 5px;'><strong>Incluye:<\/strong> Torniller\u00eda y anclas para cimentaci\u00f3n<\/li>\n<\/ul><\/div>\n<\/p><\/div>\n<p> <!-- Separador --> <\/p>\n<hr style='border: 0; border-top: 1px solid rgba(150&comma; 150&comma; 150&comma; 0.3); margin: 30px 0;'> <\/div>\n","protected":false},"excerpt":{"rendered":"<p>Torre especial Autosoportada Robusta de 30 m. Con 5 m de Ancho en Cara de Base. Linea SSV HEAVY DUTY<\/p>\n","protected":false},"featured_media":66623,"comment_status":"open","ping_status":"closed","template":"","meta":[],"product_brand":[],"product_cat":[1713],"product_tag":[1899,1714,246],"class_list":{"0":"post-66624","1":"product","2":"type-product","3":"status-publish","4":"has-post-thumbnail","6":"product_cat-torres-autosoportadas","7":"product_tag-rohn","8":"product_tag-torres-autosoportadas","9":"product_tag-torres-y-mastiles","11":"first","12":"outofstock","13":"sale","14":"shipping-taxable","15":"purchasable","16":"product-type-simple"},"_links":{"self":[{"href":"https:\/\/soydeaqui.ddns.net\/pachuca\/index.php\/wp-json\/wp\/v2\/product\/66624","targetHints":{"allow":["GET"]}}],"collection":[{"href":"https:\/\/soydeaqui.ddns.net\/pachuca\/index.php\/wp-json\/wp\/v2\/product"}],"about":[{"href":"https:\/\/soydeaqui.ddns.net\/pachuca\/index.php\/wp-json\/wp\/v2\/types\/product"}],"replies":[{"embeddable":true,"href":"https:\/\/soydeaqui.ddns.net\/pachuca\/index.php\/wp-json\/wp\/v2\/comments?post=66624"}],"wp:featuredmedia":[{"embeddable":true,"href":"https:\/\/soydeaqui.ddns.net\/pachuca\/index.php\/wp-json\/wp\/v2\/media\/66623"}],"wp:attachment":[{"href":"https:\/\/soydeaqui.ddns.net\/pachuca\/index.php\/wp-json\/wp\/v2\/media?parent=66624"}],"wp:term":[{"taxonomy":"product_brand","embeddable":true,"href":"https:\/\/soydeaqui.ddns.net\/pachuca\/index.php\/wp-json\/wp\/v2\/product_brand?post=66624"},{"taxonomy":"product_cat","embeddable":true,"href":"https:\/\/soydeaqui.ddns.net\/pachuca\/index.php\/wp-json\/wp\/v2\/product_cat?post=66624"},{"taxonomy":"product_tag","embeddable":true,"href":"https:\/\/soydeaqui.ddns.net\/pachuca\/index.php\/wp-json\/wp\/v2\/product_tag?post=66624"}],"curies":[{"name":"wp","href":"https:\/\/api.w.org\/{rel}","templated":true}]}}