{"id":666,"date":"2026-03-18T05:42:28","date_gmt":"2026-03-18T05:42:28","guid":{"rendered":"https:\/\/soydeaqui.ddns.net\/pachuca\/index.php\/producto\/zigbee-apagador-switch-inalambrico-zigbee-control-de-2-regresos-de-carga-110v\/"},"modified":"2026-03-18T05:42:33","modified_gmt":"2026-03-18T05:42:33","slug":"zigbee-apagador-switch-inalambrico-zigbee-control-de-2-regresos-de-carga-110v","status":"publish","type":"product","link":"https:\/\/soydeaqui.ddns.net\/pachuca\/index.php\/producto\/zigbee-apagador-switch-inalambrico-zigbee-control-de-2-regresos-de-carga-110v\/","title":{"rendered":"(ZigBee) Apagador switch inal\u00e1mbrico ZigBee, control de 2 regresos de carga, 110V"},"content":{"rendered":"<div style='width: 100%; max-width: 1200px; margin: 0 auto; font-family: sans-serif; line-height: 1.6; color: inherit; background-color: transparent;'> <!-- Imagen de marca --> <\/p>\n<div style='margin-bottom: 20px;'> <img style='width: 100%; height: auto; border: 1px solid rgba(150&comma;150&comma;150&comma;0.3); border-radius: 8px;' src='https:\/\/ftp3.syscom.mx\/usuarios\/albamaria\/albamaria\/smarthomepoweredbyepcom\/smarthome-by-epcom.jpg' alt=''> <\/div>\n<p> <!-- Descripci\u00f3n principal --> <\/p>\n<div style='margin-bottom: 30px; font-size: 15px;'>\n<p style='margin: 0 0 15px 0; text-align: justify;'>El interruptor de iluminaci\u00f3n inteligente con tecnolog\u00eda ZigBee te ofrece un control total de la iluminaci\u00f3n en tu hogar. Con su conectividad ZigBee&comma; puedes gestionar las luces de forma remota desde tu smartphone o integrarlo en un sistema de automatizaci\u00f3n para crear escenas personalizadas. La instalaci\u00f3n es sencilla y no requiere de cables adicionales de control&comma; manteniendo un dise\u00f1o moderno y discreto que se adapta a cualquier estilo de decoraci\u00f3n.<\/p>\n<p style='margin: 0; text-align: justify;'>Para el uso de funcioanes inteligentes es necesario agregar el apagador a su HUB ZigBee.<\/p>\n<\/p><\/div>\n<p> <!-- Secci\u00f3n de caracter\u00edsticas en grid --> <\/p>\n<div style='display: flex; flex-wrap: wrap; gap: 20px; margin-bottom: 30px;'>\n<div style='flex: 1 1 300px; min-width: 280px;'>\n<div style='border-left: 5px solid #0091ff; border-radius: 5px; padding: 5px; box-shadow: 2px 2px 10px rgba(216&comma;216&comma;216&comma;0.3);'> <strong style='color: inherit; display: block; margin-bottom: 8px; font-size: 16px;'>Caracter\u00edsticas principales:<\/strong> <\/p>\n<ul style='padding-left: 20px; margin: 0; font-size: 14px; color: inherit;'>\n<li style='margin-bottom: 5px;'>Se\u00f1al inalambrica: ZigBee<\/li>\n<li style='margin-bottom: 5px;'>2 Gang&comma; espacio para control de 2 regresos<\/li>\n<li style='margin-bottom: 5px;'>Potencia: 800W\/cuadrilla<\/li>\n<\/ul><\/div>\n<\/p><\/div>\n<div style='flex: 1 1 300px; min-width: 280px;'>\n<div style='border-left: 5px solid #0091ff; border-radius: 5px; padding: 5px; box-shadow: 2px 2px 10px rgba(216&comma;216&comma;216&comma;0.3);'> <strong style='color: inherit; display: block; margin-bottom: 8px; font-size: 16px;'>Caracter\u00edsticas principales:<\/strong> <\/p>\n<ul style='padding-left: 20px; margin: 0; font-size: 14px; color: inherit;'>\n<li style='margin-bottom: 5px;'>Voltaje de entrada: 100V &#8211; 250V<\/li>\n<li style='margin-bottom: 5px;'>Especificaci\u00f3n: 120mm * 72mm<\/li>\n<li style='margin-bottom: 5px;'>Material del Panel: vidrio templado<\/li>\n<\/ul><\/div>\n<\/p><\/div>\n<div style='flex: 1 1 300px; min-width: 280px;'>\n<div style='border-left: 5px solid #0091ff; border-radius: 5px; padding: 5px; box-shadow: 2px 2px 10px rgba(216&comma;216&comma;216&comma;0.3);'> <strong style='color: inherit; display: block; margin-bottom: 8px; font-size: 16px;'>Caracter\u00edsticas principales:<\/strong> <\/p>\n<ul style='padding-left: 20px; margin: 0; font-size: 14px; color: inherit;'>\n<li style='margin-bottom: 5px;'>Material de la carcasa de PC: material ign\u00edfugo de PC<\/li>\n<li style='margin-bottom: 5px;'>Para su control inteligente&comma; escenarios&comma; app&comma; asistentes de voz es necesario su Hub controlador con recpecion ZigBee<\/li>\n<\/ul><\/div>\n<\/p><\/div>\n<\/p><\/div>\n<p> <!-- Diagrama --> <\/p>\n<div style='margin: 30px 0;'> <img style='width: 100%; height: auto; border: 1px solid rgba(150&comma;150&comma;150&comma;0.3); border-radius: 8px;' src='http:\/\/ftp3.syscom.mx\/usuarios\/mbarrio\/bll\/DiagramaSHS.JPG' alt='Diagrama de instalaci\u00f3n'> <\/div>\n<\/p><\/div>\n","protected":false},"excerpt":{"rendered":"<p>(ZigBee) Apagador switch inal\u00e1mbrico ZigBee, control de 2 regresos de carga, 110V<\/p>\n","protected":false},"featured_media":665,"comment_status":"open","ping_status":"closed","template":"","meta":[],"product_brand":[],"product_cat":[56],"product_tag":[30,57,187],"class_list":{"0":"post-666","1":"product","2":"type-product","3":"status-publish","4":"has-post-thumbnail","6":"product_cat-control-de-iluminacion","7":"product_tag-automatizacion-casa-inteligente","8":"product_tag-control-de-iluminacion","9":"product_tag-smarthome-by-epcom","11":"first","12":"instock","13":"sale","14":"shipping-taxable","15":"purchasable","16":"product-type-simple"},"_links":{"self":[{"href":"https:\/\/soydeaqui.ddns.net\/pachuca\/index.php\/wp-json\/wp\/v2\/product\/666","targetHints":{"allow":["GET"]}}],"collection":[{"href":"https:\/\/soydeaqui.ddns.net\/pachuca\/index.php\/wp-json\/wp\/v2\/product"}],"about":[{"href":"https:\/\/soydeaqui.ddns.net\/pachuca\/index.php\/wp-json\/wp\/v2\/types\/product"}],"replies":[{"embeddable":true,"href":"https:\/\/soydeaqui.ddns.net\/pachuca\/index.php\/wp-json\/wp\/v2\/comments?post=666"}],"wp:featuredmedia":[{"embeddable":true,"href":"https:\/\/soydeaqui.ddns.net\/pachuca\/index.php\/wp-json\/wp\/v2\/media\/665"}],"wp:attachment":[{"href":"https:\/\/soydeaqui.ddns.net\/pachuca\/index.php\/wp-json\/wp\/v2\/media?parent=666"}],"wp:term":[{"taxonomy":"product_brand","embeddable":true,"href":"https:\/\/soydeaqui.ddns.net\/pachuca\/index.php\/wp-json\/wp\/v2\/product_brand?post=666"},{"taxonomy":"product_cat","embeddable":true,"href":"https:\/\/soydeaqui.ddns.net\/pachuca\/index.php\/wp-json\/wp\/v2\/product_cat?post=666"},{"taxonomy":"product_tag","embeddable":true,"href":"https:\/\/soydeaqui.ddns.net\/pachuca\/index.php\/wp-json\/wp\/v2\/product_tag?post=666"}],"curies":[{"name":"wp","href":"https:\/\/api.w.org\/{rel}","templated":true}]}}