{"id":66596,"date":"2026-03-19T09:03:35","date_gmt":"2026-03-19T09:03:35","guid":{"rendered":"https:\/\/soydeaqui.ddns.net\/pachuca\/index.php\/producto\/adaptador-universal-de-brazos-rigidos-para-analizador-cadex\/"},"modified":"2026-03-19T09:03:38","modified_gmt":"2026-03-19T09:03:38","slug":"adaptador-universal-de-brazos-rigidos-para-analizador-cadex","status":"publish","type":"product","link":"https:\/\/soydeaqui.ddns.net\/pachuca\/index.php\/producto\/adaptador-universal-de-brazos-rigidos-para-analizador-cadex\/","title":{"rendered":"Adaptador universal de brazos r\u00edgidos para analizador CADEX"},"content":{"rendered":"<div style='width: 100%; max-width: 1200px; margin: 0 auto; font-family: sans-serif; line-height: 1.6; color: inherit; background-color: transparent;'>\n<div style='display: flex; flex-wrap: wrap; gap: 30px; margin-bottom: 30px;'>\n<div style='flex: 1 1 300px; min-width: 280px;'>\n<h3 style='font-size: 22px; border-bottom: 2px solid currentColor; padding-bottom: 5px; margin-top: 0; color: inherit; opacity: 0.8;'>Caracter\u00edsticas<\/h3>\n<ul style='padding-left: 20px; font-size: 15px; color: inherit;'>\n<li style='margin-bottom: 5px;'>Adaptador universal de brazos r\u00edgidos<\/li>\n<li style='margin-bottom: 5px;'>Dise\u00f1ado para analizadores CADEX<\/li>\n<li style='margin-bottom: 5px;'>Permite conexi\u00f3n de m\u00faltiples modelos de bater\u00edas<\/li>\n<li style='margin-bottom: 5px;'>Compatible con analizadores C5100B&comma; C7200&comma; C7400&comma; C7400ER y C8000<\/li>\n<\/ul><\/div>\n<div style='flex: 1 1 300px; min-width: 280px;'>\n<h3 style='font-size: 22px; border-bottom: 2px solid currentColor; padding-bottom: 5px; margin-top: 0; color: inherit; opacity: 0.8;'>Especificaciones T\u00e9cnicas<\/h3>\n<ul style='padding-left: 20px; font-size: 15px; color: inherit;'>\n<li style='margin-bottom: 5px;'><strong>Modelo:<\/strong> 071100192<\/li>\n<li style='margin-bottom: 5px;'><strong>Compatibilidad:<\/strong> Bater\u00edas Li-ion<\/li>\n<li style='margin-bottom: 5px;'><strong>Tensi\u00f3n nominal:<\/strong> 7.2V<\/li>\n<li style='margin-bottom: 5px;'><strong>Capacidad t\u00edpica:<\/strong> 2000-3400mAh<\/li>\n<\/ul><\/div>\n<\/p><\/div>\n<div style='display: flex; flex-wrap: wrap; gap: 20px; margin-bottom: 30px;'>\n<div style='flex: 1 1 250px; border: 1px solid rgba(150&comma; 150&comma; 150&comma; 0.4); border-radius: 8px; overflow: hidden; display: flex; flex-direction: column;'>\n<div style='padding: 15px; border-bottom: 1px solid rgba(150&comma; 150&comma; 150&comma; 0.2); font-weight: bold; font-size: 18px; color: inherit;'>Modelos de Bater\u00edas Compatibles<\/div>\n<div style='padding: 15px; color: inherit;'>\n<ul style='padding-left: 20px; margin: 0; font-size: 14px; list-style-type: disc;'>\n<li style='margin-bottom: 5px;'>KNB-L2<\/li>\n<li style='margin-bottom: 5px;'>KNB-L3<\/li>\n<li style='margin-bottom: 5px;'>KNB-LS5<\/li>\n<\/ul><\/div>\n<\/p><\/div>\n<div style='flex: 1 1 250px; border: 1px solid rgba(150&comma; 150&comma; 150&comma; 0.4); border-radius: 8px; overflow: hidden; display: flex; flex-direction: column;'>\n<div style='padding: 15px; border-bottom: 1px solid rgba(150&comma; 150&comma; 150&comma; 0.2); font-weight: bold; font-size: 18px; color: inherit;'>Modelos de Dispositivos Compatibles<\/div>\n<div style='padding: 15px; color: inherit;'>\n<ul style='padding-left: 20px; margin: 0; font-size: 14px; list-style-type: disc;'>\n<li style='margin-bottom: 5px;'>NX5200<\/li>\n<li style='margin-bottom: 5px;'>NX5300<\/li>\n<li style='margin-bottom: 5px;'>NX5400<\/li>\n<li style='margin-bottom: 5px;'>TK5230<\/li>\n<li style='margin-bottom: 5px;'>TK5330<\/li>\n<li style='margin-bottom: 5px;'>TK5430<\/li>\n<li style='margin-bottom: 5px;'>VP5000 Series<\/li>\n<li style='margin-bottom: 5px;'>VP6000 Series<\/li>\n<li style='margin-bottom: 5px;'>TK5400<\/li>\n<\/ul><\/div>\n<\/p><\/div>\n<div style='flex: 1 1 250px; border: 1px solid rgba(150&comma; 150&comma; 150&comma; 0.4); border-radius: 8px; overflow: hidden; display: flex; flex-direction: column;'>\n<div style='padding: 15px; border-bottom: 1px solid rgba(150&comma; 150&comma; 150&comma; 0.2); font-weight: bold; font-size: 18px; color: inherit;'>Analizadores CADEX Compatibles<\/div>\n<div style='padding: 15px; color: inherit;'>\n<ul style='padding-left: 20px; margin: 0; font-size: 14px; list-style-type: disc;'>\n<li style='margin-bottom: 5px;'>C5100B Storefront Analyzer<\/li>\n<li style='margin-bottom: 5px;'>C7200 (C Series) 2-Bay Professional Analyzer<\/li>\n<li style='margin-bottom: 5px;'>C7400 (C Series) 4-Bay Professional Analyzer<\/li>\n<li style='margin-bottom: 5px;'>C7400ER (C Series) 4-Bay Extended Range Professional Analyzer<\/li>\n<li style='margin-bottom: 5px;'>C8000 Lab Analyzer<\/li>\n<\/ul><\/div>\n<\/p><\/div>\n<\/p><\/div>\n<div style='margin-bottom: 30px;'>\n<h3 style='font-size: 22px; border-bottom: 2px solid currentColor; padding-bottom: 5px; margin-top: 0; color: inherit; opacity: 0.8;'>Informaci\u00f3n Adicional<\/h3>\n<p style='font-size: 15px; color: inherit; margin-bottom: 15px;'>Los modelos de bater\u00edas compatibles pueden no estar limitados a los listados. Un nuevo modelo de bater\u00eda puede estar disponible y ser compatible con uno de los modelos del dispositivo. Este adaptador probablemente sea compatible con dichas bater\u00edas. Se recomienda verificar la compatibilidad con bater\u00edas no listadas.<\/p>\n<p style='font-size: 15px; color: inherit; margin-bottom: 15px;'>Las bater\u00edas no est\u00e1n incluidas con el adaptador.<\/p>\n<\/p><\/div>\n<hr style='border: 0; border-top: 1px solid rgba(150&comma; 150&comma; 150&comma; 0.3); margin: 30px 0;'> <\/div>\n","protected":false},"excerpt":{"rendered":"<p>Adaptador universal de brazos r\u00edgidos para analizador CADEX<\/p>\n","protected":false},"featured_media":66595,"comment_status":"open","ping_status":"closed","template":"","meta":[],"product_brand":[],"product_cat":[1676],"product_tag":[1678,1677,931],"class_list":{"0":"post-66596","1":"product","2":"type-product","3":"status-publish","4":"has-post-thumbnail","6":"product_cat-cups-para-analizadores-de-baterias","7":"product_tag-cadex-electronics-inc","8":"product_tag-cups-para-analizadores-de-baterias","9":"product_tag-equipo-de-laboratorio","11":"first","12":"outofstock","13":"sale","14":"shipping-taxable","15":"purchasable","16":"product-type-simple"},"_links":{"self":[{"href":"https:\/\/soydeaqui.ddns.net\/pachuca\/index.php\/wp-json\/wp\/v2\/product\/66596","targetHints":{"allow":["GET"]}}],"collection":[{"href":"https:\/\/soydeaqui.ddns.net\/pachuca\/index.php\/wp-json\/wp\/v2\/product"}],"about":[{"href":"https:\/\/soydeaqui.ddns.net\/pachuca\/index.php\/wp-json\/wp\/v2\/types\/product"}],"replies":[{"embeddable":true,"href":"https:\/\/soydeaqui.ddns.net\/pachuca\/index.php\/wp-json\/wp\/v2\/comments?post=66596"}],"wp:featuredmedia":[{"embeddable":true,"href":"https:\/\/soydeaqui.ddns.net\/pachuca\/index.php\/wp-json\/wp\/v2\/media\/66595"}],"wp:attachment":[{"href":"https:\/\/soydeaqui.ddns.net\/pachuca\/index.php\/wp-json\/wp\/v2\/media?parent=66596"}],"wp:term":[{"taxonomy":"product_brand","embeddable":true,"href":"https:\/\/soydeaqui.ddns.net\/pachuca\/index.php\/wp-json\/wp\/v2\/product_brand?post=66596"},{"taxonomy":"product_cat","embeddable":true,"href":"https:\/\/soydeaqui.ddns.net\/pachuca\/index.php\/wp-json\/wp\/v2\/product_cat?post=66596"},{"taxonomy":"product_tag","embeddable":true,"href":"https:\/\/soydeaqui.ddns.net\/pachuca\/index.php\/wp-json\/wp\/v2\/product_tag?post=66596"}],"curies":[{"name":"wp","href":"https:\/\/api.w.org\/{rel}","templated":true}]}}