{"id":66590,"date":"2026-03-19T09:03:21","date_gmt":"2026-03-19T09:03:21","guid":{"rendered":"https:\/\/soydeaqui.ddns.net\/pachuca\/index.php\/producto\/cadex-7400er-c-analizador-de-baterias-de-4-cavidades-170-w-no-incluye-adaptadores\/"},"modified":"2026-03-19T09:03:23","modified_gmt":"2026-03-19T09:03:23","slug":"cadex-7400er-c-analizador-de-baterias-de-4-cavidades-170-w-no-incluye-adaptadores","status":"publish","type":"product","link":"https:\/\/soydeaqui.ddns.net\/pachuca\/index.php\/producto\/cadex-7400er-c-analizador-de-baterias-de-4-cavidades-170-w-no-incluye-adaptadores\/","title":{"rendered":"CADEX 7400ER-C Analizador de bater\u00edas de 4 cavidades (170 W) no incluye adaptadores."},"content":{"rendered":"<div style='width: 100%; max-width: 1200px; margin: 0 auto; font-family: sans-serif; line-height: 1.6; color: inherit; background-color: transparent;'>\n<div style='display: flex; flex-wrap: wrap; gap: 30px; margin-bottom: 30px;'>\n<div style='flex: 1 1 300px; min-width: 280px;'>\n<h3 style='font-size: 22px; border-bottom: 2px solid currentColor; padding-bottom: 5px; margin-top: 0; color: inherit; opacity: 0.8;'>MAXIMICE EL TIEMPO DE TRABAJO DE EQUIPO CR\u00cdTICO MIENTRAS MINIMIZA EL COSTO DE LA FLOTA DE LAS BATER\u00cdAS<\/h3>\n<p style='font-size: 15px; color: inherit; margin-bottom: 20px;'> Cadex C7400ER es el m\u00e1s poderoso de los analizadores de bater\u00edas de la Serie C7000. 6 Amps por estaci\u00f3n&comma; servicio de bater\u00edas de 36 V y 170 W de potencia continua satisfacen la mayor\u00eda de los requisitos de servicio. <\/p>\n<ul style='padding-left: 20px; font-size: 15px; color: inherit;'>\n<li style='margin-bottom: 5px;'>Rango de voltaje de la bater\u00eda 1.2- 36 V nominal<\/li>\n<li style='margin-bottom: 5px;'>Carga \/ corriente de descarga hasta 6 A por estaci\u00f3n<\/li>\n<li style='margin-bottom: 5px;'>Potencia de carga m\u00e1xima 75 W por estaci\u00f3n<\/li>\n<li style='margin-bottom: 5px;'>Potencia de descarga m\u00e1xima 75 W<\/li>\n<\/ul>\n<p style='font-size: 15px; color: inherit; margin-top: 20px; margin-bottom: 20px;'> Los analizadores de bater\u00edas de la serie Cadex C7000 sirven a bater\u00edas de litio&comma; n\u00edquel y \u00e1cido de plomo en el mismo dispositivo con un simple cambio de adaptador. Simplemente deslice la bater\u00eda en uno de los 3.200 adaptadores de bater\u00eda personalizados o elija uno de los 4 adaptadores universales y descubra por qu\u00e9 los analizadores de bater\u00edas de la serie C7000 se han convertido en los principales analizadores de bater\u00eda del mundo. <\/p>\n<p style='font-size: 15px; color: inherit; margin-top: 20px; margin-bottom: 20px;'> Con caracter\u00edsticas tales como <strong>Boost para despertar a las bater\u00edas de iones de litio<\/strong> que duermen y programas personalizados para preparar el Li-ion para su env\u00edo&comma; las series de analizadores C7000 controlan las pruebas de la bater\u00eda al m\u00e1ximo. Use el analizador para medir la capacidad&comma; verifique la capacidad de reserva despu\u00e9s de un largo d\u00eda y aplique la calibraci\u00f3n para mejorar las lecturas del medidor de energ\u00eda. <\/p>\n<\/p><\/div>\n<\/p><\/div>\n<div style='display: flex; flex-wrap: wrap; gap: 20px; margin-bottom: 30px;'>\n<div style='flex: 1 1 250px; border: 1px solid rgba(150&comma; 150&comma; 150&comma; 0.4); border-radius: 8px; overflow: hidden; display: flex; flex-direction: column;'>\n<div style='padding: 15px; border-bottom: 1px solid rgba(150&comma; 150&comma; 150&comma; 0.2); font-weight: bold; font-size: 18px; color: inherit;'>Caracter\u00edsticas principales<\/div>\n<div style='padding: 15px; color: inherit;'>\n<ul style='padding-left: 20px; margin: 0; font-size: 14px; list-style-type: disc;'>\n<li style='margin-bottom: 5px;'>M\u00e1s de 3.200 adaptadores de bater\u00eda personalizados SnapLock \u2122<\/li>\n<li style='margin-bottom: 5px;'>18 programas brindan pruebas autom\u00e1ticas de bater\u00eda<\/li>\n<li style='margin-bottom: 5px;'>QuickSort \u2122 prueba bater\u00edas de iones de litio en 30 segundos<\/li>\n<li style='margin-bottom: 5px;'>Boost \u2122 restaura las bater\u00edas de iones de litio durmientes para una vida plena<\/li>\n<li style='margin-bottom: 5px;'>Funciona de manera independiente o con el software BatteryShop<\/li>\n<\/ul><\/div>\n<\/p><\/div>\n<div style='flex: 1 1 250px; border: 1px solid rgba(150&comma; 150&comma; 150&comma; 0.4); border-radius: 8px; overflow: hidden; display: flex; flex-direction: column;'>\n<div style='padding: 15px; border-bottom: 1px solid rgba(150&comma; 150&comma; 150&comma; 0.2); font-weight: bold; font-size: 18px; color: inherit;'>Especificaciones t\u00e9cnicas<\/div>\n<div style='padding: 15px; color: inherit;'>\n<ul style='padding-left: 20px; margin: 0; font-size: 14px; list-style-type: disc;'>\n<li style='margin-bottom: 5px;'>Versi\u00f3n de alta potencia&comma; da servicio a 4 bater\u00edas al mismo tiempo<\/li>\n<li style='margin-bottom: 5px;'>Programable hasta 36V&comma; 25 Ah&comma; Li \/ SLA*<\/li>\n<li style='margin-bottom: 5px;'>28.8V NiCd \/ NiMH<\/li>\n<li style='margin-bottom: 5px;'>Carga de 6A<\/li>\n<li style='margin-bottom: 5px;'>Incluye puertos paralelos y seriales para conectarse a dispositivos de impresi\u00f3n o PC<\/li>\n<li style='margin-bottom: 5px;'>Incluye puerto USB para conectarse a PC<\/li>\n<\/ul><\/div>\n<\/p><\/div>\n<\/p><\/div>\n<div style='display: flex; flex-wrap: wrap; gap: 30px; margin-bottom: 30px;'>\n<div style='flex: 1 1 300px; min-width: 280px;'>\n<h3 style='font-size: 22px; border-bottom: 2px solid currentColor; padding-bottom: 5px; margin-top: 0; color: inherit; opacity: 0.8;'>Videos del producto<\/h3>\n<div style='position: relative; padding-bottom: 56.25%; height: 0; overflow: hidden; margin-bottom: 30px;'>   <\/div>\n<div style='position: relative; padding-bottom: 56.25%; height: 0; overflow: hidden; margin-bottom: 30px;'>   <\/div>\n<div style='position: relative; padding-bottom: 56.25%; height: 0; overflow: hidden; margin-bottom: 30px;'>   <\/div>\n<\/p><\/div>\n<\/p><\/div>\n<hr style='border: 0; border-top: 1px solid rgba(150&comma; 150&comma; 150&comma; 0.3); margin: 30px 0;'> <\/div>\n","protected":false},"excerpt":{"rendered":"<p>CADEX 7400ER-C Analizador de bater\u00edas de 4 cavidades (170 W) no incluye adaptadores.<\/p>\n","protected":false},"featured_media":66589,"comment_status":"open","ping_status":"closed","template":"","meta":[],"product_brand":[],"product_cat":[1907],"product_tag":[1908,1678,931],"class_list":{"0":"post-66590","1":"product","2":"type-product","3":"status-publish","4":"has-post-thumbnail","6":"product_cat-analizadores-de-baterias","7":"product_tag-analizadores-de-baterias","8":"product_tag-cadex-electronics-inc","9":"product_tag-equipo-de-laboratorio","11":"first","12":"outofstock","13":"sale","14":"shipping-taxable","15":"purchasable","16":"product-type-simple"},"_links":{"self":[{"href":"https:\/\/soydeaqui.ddns.net\/pachuca\/index.php\/wp-json\/wp\/v2\/product\/66590","targetHints":{"allow":["GET"]}}],"collection":[{"href":"https:\/\/soydeaqui.ddns.net\/pachuca\/index.php\/wp-json\/wp\/v2\/product"}],"about":[{"href":"https:\/\/soydeaqui.ddns.net\/pachuca\/index.php\/wp-json\/wp\/v2\/types\/product"}],"replies":[{"embeddable":true,"href":"https:\/\/soydeaqui.ddns.net\/pachuca\/index.php\/wp-json\/wp\/v2\/comments?post=66590"}],"wp:featuredmedia":[{"embeddable":true,"href":"https:\/\/soydeaqui.ddns.net\/pachuca\/index.php\/wp-json\/wp\/v2\/media\/66589"}],"wp:attachment":[{"href":"https:\/\/soydeaqui.ddns.net\/pachuca\/index.php\/wp-json\/wp\/v2\/media?parent=66590"}],"wp:term":[{"taxonomy":"product_brand","embeddable":true,"href":"https:\/\/soydeaqui.ddns.net\/pachuca\/index.php\/wp-json\/wp\/v2\/product_brand?post=66590"},{"taxonomy":"product_cat","embeddable":true,"href":"https:\/\/soydeaqui.ddns.net\/pachuca\/index.php\/wp-json\/wp\/v2\/product_cat?post=66590"},{"taxonomy":"product_tag","embeddable":true,"href":"https:\/\/soydeaqui.ddns.net\/pachuca\/index.php\/wp-json\/wp\/v2\/product_tag?post=66590"}],"curies":[{"name":"wp","href":"https:\/\/api.w.org\/{rel}","templated":true}]}}