{"id":66588,"date":"2026-03-19T09:03:18","date_gmt":"2026-03-19T09:03:18","guid":{"rendered":"https:\/\/soydeaqui.ddns.net\/pachuca\/index.php\/producto\/cadex-7400-c-analizador-de-baterias-de-4-cavidades-80-w-no-incluye-adaptadores\/"},"modified":"2026-03-19T09:03:19","modified_gmt":"2026-03-19T09:03:19","slug":"cadex-7400-c-analizador-de-baterias-de-4-cavidades-80-w-no-incluye-adaptadores","status":"publish","type":"product","link":"https:\/\/soydeaqui.ddns.net\/pachuca\/index.php\/producto\/cadex-7400-c-analizador-de-baterias-de-4-cavidades-80-w-no-incluye-adaptadores\/","title":{"rendered":"CADEX 7400-C Analizador de bater\u00edas  de 4 cavidades (80 W) no incluye adaptadores."},"content":{"rendered":"<div style='width: 100%; max-width: 1200px; margin: 0 auto; font-family: sans-serif; line-height: 1.6; color: inherit; background-color: transparent;'>\n<h2 style='font-size: 24px; color: inherit; margin-top: 0; margin-bottom: 20px; padding-bottom: 8px; border-bottom: 2px solid rgba(150&comma;150&comma;150&comma;0.4);'>MAXIMICE EL TIEMPO DE TRABAJO DEL EQUIPO CR\u00cdTICO MIENTRAS MINIMIZA EL COSTO DE LA FLOTA DE LAS BATER\u00cdAS<\/h2>\n<div style='display: flex; flex-wrap: wrap; gap: 30px; margin-bottom: 30px;'>\n<div style='flex: 1 1 300px; min-width: 280px;'>\n<p style='font-size: 15px; color: inherit; margin-bottom: 20px;'>Con cuatro estaciones y 80 W de potencia de carga&comma; el Cadex C7400 es el m\u00e1s econ\u00f3mico en t\u00e9rminos de costo por estaci\u00f3n. Las estaciones adicionales aumentan el rendimiento y mejoran la flexibilidad para acomodar bater\u00edas que requieren un servicio inmediato.<\/p>\n<ul style='padding-left: 20px; font-size: 15px; color: inherit;'>\n<li style='margin-bottom: 5px;'>Rango de voltaje de la bater\u00eda 1.2-16V nominal<\/li>\n<li style='margin-bottom: 5px;'>Carga \/ corriente de descarga hasta 4 A por estaci\u00f3n<\/li>\n<li style='margin-bottom: 5px;'>Potencia de carga m\u00e1xima 55 W por estaci\u00f3n<\/li>\n<li style='margin-bottom: 5px;'>Potencia de descarga m\u00e1xima 35 W<\/li>\n<\/ul><\/div>\n<div style='flex: 1 1 300px; min-width: 280px;'>\n<p style='font-size: 15px; color: inherit; margin-bottom: 20px;'>Los analizadores de bater\u00edas de la serie Cadex C7000 sirven a bater\u00edas de litio&comma; n\u00edquel y \u00e1cido de plomo en el mismo dispositivo con un simple cambio de adaptador. Simplemente deslice la bater\u00eda en uno de los 3.200 adaptadores de bater\u00eda personalizados o elija uno de los 4 adaptadores universales y descubra por qu\u00e9 los analizadores de bater\u00edas de la serie C7000 se han convertido en los principales analizadores de bater\u00eda del mundo.<\/p>\n<p style='font-size: 15px; color: inherit; margin-bottom: 20px;'>Con caracter\u00edsticas tales como <strong style='color: inherit;'>Boost para despertar a las bater\u00edas de iones de litio<\/strong> que duermen y programas personalizados para preparar el Li-ion para su env\u00edo&comma; las series de analizadores C7000 controlan las pruebas de la bater\u00eda al m\u00e1ximo. Use el analizador para medir la capacidad&comma; verifique la capacidad de reserva despu\u00e9s de un largo d\u00eda y aplique la calibraci\u00f3n para mejorar las lecturas del medidor de energ\u00eda.<\/p>\n<ul style='padding-left: 20px; font-size: 15px; color: inherit;'>\n<li style='margin-bottom: 5px;'>M\u00e1s de 3.200 adaptadores de bater\u00eda personalizados SnapLock \u2122<\/li>\n<li style='margin-bottom: 5px;'>18 programas brindan pruebas autom\u00e1ticas de bater\u00eda<\/li>\n<li style='margin-bottom: 5px;'>QuickSort \u2122 prueba bater\u00edas de iones de litio en 30 segundos<\/li>\n<li style='margin-bottom: 5px;'>Boost \u2122 restaura las bater\u00edas de iones de litio durmientes para una vida plena<\/li>\n<li style='margin-bottom: 5px;'>Funciona de manera independiente o con el software BatteryShop<\/li>\n<\/ul><\/div>\n<\/p><\/div>\n<div style='display: flex; flex-wrap: wrap; gap: 20px; margin-bottom: 30px; justify-content: center;'>\n<div style='position: relative; padding-bottom: 56.25%; height: 0; overflow: hidden; flex: 1 1 560px; max-width: 806px;'>   <\/div>\n<div style='position: relative; padding-bottom: 56.25%; height: 0; overflow: hidden; flex: 1 1 560px; max-width: 806px;'>   <\/div>\n<div style='position: relative; padding-bottom: 56.25%; height: 0; overflow: hidden; flex: 1 1 560px; max-width: 1280px;'>   <\/div>\n<\/p><\/div>\n<\/p><\/div>\n","protected":false},"excerpt":{"rendered":"<p>CADEX 7400-C Analizador de bater\u00edas  de 4 cavidades (80 W) no incluye adaptadores.<\/p>\n","protected":false},"featured_media":66587,"comment_status":"open","ping_status":"closed","template":"","meta":[],"product_brand":[],"product_cat":[1907],"product_tag":[1908,1678,931],"class_list":{"0":"post-66588","1":"product","2":"type-product","3":"status-publish","4":"has-post-thumbnail","6":"product_cat-analizadores-de-baterias","7":"product_tag-analizadores-de-baterias","8":"product_tag-cadex-electronics-inc","9":"product_tag-equipo-de-laboratorio","11":"first","12":"outofstock","13":"sale","14":"shipping-taxable","15":"purchasable","16":"product-type-simple"},"_links":{"self":[{"href":"https:\/\/soydeaqui.ddns.net\/pachuca\/index.php\/wp-json\/wp\/v2\/product\/66588","targetHints":{"allow":["GET"]}}],"collection":[{"href":"https:\/\/soydeaqui.ddns.net\/pachuca\/index.php\/wp-json\/wp\/v2\/product"}],"about":[{"href":"https:\/\/soydeaqui.ddns.net\/pachuca\/index.php\/wp-json\/wp\/v2\/types\/product"}],"replies":[{"embeddable":true,"href":"https:\/\/soydeaqui.ddns.net\/pachuca\/index.php\/wp-json\/wp\/v2\/comments?post=66588"}],"wp:featuredmedia":[{"embeddable":true,"href":"https:\/\/soydeaqui.ddns.net\/pachuca\/index.php\/wp-json\/wp\/v2\/media\/66587"}],"wp:attachment":[{"href":"https:\/\/soydeaqui.ddns.net\/pachuca\/index.php\/wp-json\/wp\/v2\/media?parent=66588"}],"wp:term":[{"taxonomy":"product_brand","embeddable":true,"href":"https:\/\/soydeaqui.ddns.net\/pachuca\/index.php\/wp-json\/wp\/v2\/product_brand?post=66588"},{"taxonomy":"product_cat","embeddable":true,"href":"https:\/\/soydeaqui.ddns.net\/pachuca\/index.php\/wp-json\/wp\/v2\/product_cat?post=66588"},{"taxonomy":"product_tag","embeddable":true,"href":"https:\/\/soydeaqui.ddns.net\/pachuca\/index.php\/wp-json\/wp\/v2\/product_tag?post=66588"}],"curies":[{"name":"wp","href":"https:\/\/api.w.org\/{rel}","templated":true}]}}