{"id":66586,"date":"2026-03-19T09:03:14","date_gmt":"2026-03-19T09:03:14","guid":{"rendered":"https:\/\/soydeaqui.ddns.net\/pachuca\/index.php\/producto\/brazo-lateral-de-4-sectores-recomendado-para-antenas-sectoriales-con-angulo-de-apertura-de-90-o-similar\/"},"modified":"2026-03-19T09:03:15","modified_gmt":"2026-03-19T09:03:15","slug":"brazo-lateral-de-4-sectores-recomendado-para-antenas-sectoriales-con-angulo-de-apertura-de-90-o-similar","status":"publish","type":"product","link":"https:\/\/soydeaqui.ddns.net\/pachuca\/index.php\/producto\/brazo-lateral-de-4-sectores-recomendado-para-antenas-sectoriales-con-angulo-de-apertura-de-90-o-similar\/","title":{"rendered":"Brazo lateral de 4 sectores recomendado para antenas sectoriales con angulo de apertura de 90\u00b0 (o similar)."},"content":{"rendered":"<div style='width: 100%; max-width: 1200px; margin: 0 auto; font-family: sans-serif; line-height: 1.6; color: inherit; background-color: transparent;'>\n<div style='display: flex; flex-wrap: wrap; gap: 30px; margin-bottom: 30px;'>\n<div style='flex: 1 1 300px; min-width: 280px;'>\n<h3 style='font-size: 22px; border-bottom: 2px solid currentColor; padding-bottom: 5px; margin-top: 0; color: inherit; opacity: 0.8;'>Caracter\u00edsticas<\/h3>\n<ul style='padding-left: 20px; font-size: 15px; color: inherit;'>\n<li style='margin-bottom: 5px;'>Ideal para antenas sectoriales con \u00e1ngulo de apertura de 90\u00b0 (o similar)<\/li>\n<li style='margin-bottom: 5px;'><strong>Material:<\/strong> Acero<\/li>\n<li style='margin-bottom: 5px;'><strong>Di\u00e1metro de tubo:<\/strong> \u00d8 2&#8242;<\/li>\n<li style='margin-bottom: 5px;'><strong>Altura:<\/strong> 1 m<\/li>\n<li style='margin-bottom: 5px;'><strong>Separaci\u00f3n entre centros para tubos de montaje:<\/strong> 90 cm (aprox.)<\/li>\n<li style='margin-bottom: 5px;'><strong>Protecci\u00f3n:<\/strong> Galvanizado por inmersi\u00f3n en caliente acorde a NMX-H-004-SCFI-2008<\/li>\n<li style='margin-bottom: 5px;'><strong>Compatible con:<\/strong> <a href='https:\/\/www.syscom.mx\/producto\/STZ-30G-SYSCOM-TOWERS-31574.html' style='color: inherit; text-decoration: underline;'>STZ30G<\/a>&comma; <a href='https:\/\/www.syscom.mx\/producto\/STZ-35G-SYSCOM-TOWERS-31577.html' style='color: inherit; text-decoration: underline;'>STZ35G<\/a>&comma; <a href='https:\/\/www.syscom.mx\/producto\/STZ-45G-SYSCOM-TOWERS-31580.html' style='color: inherit; text-decoration: underline;'>STZ45G<\/a><\/li>\n<li style='margin-bottom: 5px;'><strong>Aplicaci\u00f3n:<\/strong> Distribuci\u00f3n de servicio de internet (punto-multipunto)<\/li>\n<li style='margin-bottom: 5px;'><strong>Uso:<\/strong> Repetici\u00f3n de se\u00f1al celular (amplificaci\u00f3n para exterior)<\/li>\n<\/ul><\/div>\n<\/p><\/div>\n<hr style='border: 0; border-top: 1px solid rgba(150&comma; 150&comma; 150&comma; 0.3); margin: 30px 0;'> <\/div>\n","protected":false},"excerpt":{"rendered":"<p>Brazo lateral de 4 sectores recomendado para antenas sectoriales con angulo de apertura de 90\u00b0 (o similar).<\/p>\n","protected":false},"featured_media":66585,"comment_status":"open","ping_status":"closed","template":"","meta":[],"product_brand":[],"product_cat":[1539],"product_tag":[590,733,246],"class_list":{"0":"post-66586","1":"product","2":"type-product","3":"status-publish","4":"has-post-thumbnail","6":"product_cat-accesorios-para-torres-arriostradas-torres-y-mastiles","7":"product_tag-accesorios-para-torres-arriostradas","8":"product_tag-syscom-towers","9":"product_tag-torres-y-mastiles","11":"first","12":"outofstock","13":"sale","14":"shipping-taxable","15":"purchasable","16":"product-type-simple"},"_links":{"self":[{"href":"https:\/\/soydeaqui.ddns.net\/pachuca\/index.php\/wp-json\/wp\/v2\/product\/66586","targetHints":{"allow":["GET"]}}],"collection":[{"href":"https:\/\/soydeaqui.ddns.net\/pachuca\/index.php\/wp-json\/wp\/v2\/product"}],"about":[{"href":"https:\/\/soydeaqui.ddns.net\/pachuca\/index.php\/wp-json\/wp\/v2\/types\/product"}],"replies":[{"embeddable":true,"href":"https:\/\/soydeaqui.ddns.net\/pachuca\/index.php\/wp-json\/wp\/v2\/comments?post=66586"}],"wp:featuredmedia":[{"embeddable":true,"href":"https:\/\/soydeaqui.ddns.net\/pachuca\/index.php\/wp-json\/wp\/v2\/media\/66585"}],"wp:attachment":[{"href":"https:\/\/soydeaqui.ddns.net\/pachuca\/index.php\/wp-json\/wp\/v2\/media?parent=66586"}],"wp:term":[{"taxonomy":"product_brand","embeddable":true,"href":"https:\/\/soydeaqui.ddns.net\/pachuca\/index.php\/wp-json\/wp\/v2\/product_brand?post=66586"},{"taxonomy":"product_cat","embeddable":true,"href":"https:\/\/soydeaqui.ddns.net\/pachuca\/index.php\/wp-json\/wp\/v2\/product_cat?post=66586"},{"taxonomy":"product_tag","embeddable":true,"href":"https:\/\/soydeaqui.ddns.net\/pachuca\/index.php\/wp-json\/wp\/v2\/product_tag?post=66586"}],"curies":[{"name":"wp","href":"https:\/\/api.w.org\/{rel}","templated":true}]}}