{"id":66577,"date":"2026-03-19T09:02:50","date_gmt":"2026-03-19T09:02:50","guid":{"rendered":"https:\/\/soydeaqui.ddns.net\/pachuca\/index.php\/producto\/antena-omnidireccional-bandas-de-frecuencia-celular-2-y-4-dbi-de-ganancia-100-watt-de-potencia-50-ohm-de-impedancia-conector-n-hembra\/"},"modified":"2026-03-19T09:03:08","modified_gmt":"2026-03-19T09:03:08","slug":"antena-omnidireccional-bandas-de-frecuencia-celular-2-y-4-dbi-de-ganancia-100-watt-de-potencia-50-ohm-de-impedancia-conector-n-hembra","status":"publish","type":"product","link":"https:\/\/soydeaqui.ddns.net\/pachuca\/index.php\/producto\/antena-omnidireccional-bandas-de-frecuencia-celular-2-y-4-dbi-de-ganancia-100-watt-de-potencia-50-ohm-de-impedancia-conector-n-hembra\/","title":{"rendered":"Antena Omnidireccional | Bandas de Frecuencia Celular | 2 y 4 dBi de Ganancia, 100 Watt de Potencia, 50 Ohm de impedancia | Conector N Hembra"},"content":{"rendered":"<div style='width: 100%; max-width: 1200px; margin: 0 auto; font-family: sans-serif; line-height: 1.6; color: inherit; background-color: transparent;'>\n<div style='display: flex; flex-wrap: wrap; gap: 30px; margin-bottom: 30px;'>\n<div style='flex: 1 1 300px; min-width: 280px;'> <img style='width: 100%; height: auto; border: 1px solid rgba(150&comma;150&comma;150&comma;0.3); border-radius: 8px;' src='https:\/\/ftp3.syscom.mx\/usuarios\/amarquez\/FTP%202018\/Logo%20de%20Weboost.jpg' alt=''> <\/div>\n<div style='flex: 1 1 300px; min-width: 280px;'>\n<h3 style='font-size: 22px; border-bottom: 2px solid currentColor; padding-bottom: 5px; margin-top: 0; color: inherit; opacity: 0.8;'>Descripci\u00f3n<\/h3>\n<p style='font-size: 15px; color: inherit;'>Antena omnidireccional para amplificadores de se\u00f1al celular. Rangos de frecuencia de 698 a 960 MHz y de 1710 a 2700 MHz&comma; 50 Ohm de impedancia y hasta 4 dBi de ganancia. Con conector N macho. Incluye montaje de instalaci\u00f3n para m\u00e1stil o pared. Dise\u00f1ada para exterior a prueba de agua.<\/p>\n<\/p><\/div>\n<\/p><\/div>\n<div style='display: flex; flex-wrap: wrap; gap: 20px; margin-bottom: 30px;'>\n<div style='flex: 1 1 250px; border: 1px solid rgba(150&comma; 150&comma; 150&comma; 0.4); border-radius: 8px; overflow: hidden; display: flex; flex-direction: column;'>\n<div style='padding: 15px; border-bottom: 1px solid rgba(150&comma; 150&comma; 150&comma; 0.2); font-weight: bold; font-size: 18px; color: inherit;'>Especificaciones El\u00e9ctricas<\/div>\n<div style='padding: 15px; color: inherit;'>\n<ul style='padding-left: 20px; margin: 0; font-size: 14px; list-style-type: disc;'>\n<li style='margin-bottom: 5px;'><strong>Rangos de Frecuencias:<\/strong> 698 &#8211; 960 MHz \/ 1710 &#8211; 2100 MHz<\/li>\n<li style='margin-bottom: 5px;'><strong>Polarizaci\u00f3n:<\/strong> Vertical<\/li>\n<li style='margin-bottom: 5px;'><strong>Ganancia (dBi):<\/strong> 2 &#8211; 5<\/li>\n<li style='margin-bottom: 5px;'><strong>Apertura Horizontal:<\/strong> 360\u00b0<\/li>\n<li style='margin-bottom: 5px;'><strong>Apertura Vertical:<\/strong> 60\u00b0<\/li>\n<li style='margin-bottom: 5px;'><strong>Impedancia:<\/strong> 50 Ohm<\/li>\n<li style='margin-bottom: 5px;'><strong>VSWR:<\/strong> <1.8<\/li>\n<li style='margin-bottom: 5px;'><strong>Potencia M\u00e1xima:<\/strong> 100<\/li>\n<li style='margin-bottom: 5px;'><strong>Protecci\u00f3n Contra Rayos:<\/strong> DC Ground<\/li>\n<\/ul><\/div>\n<\/p><\/div>\n<div style='flex: 1 1 250px; border: 1px solid rgba(150&comma; 150&comma; 150&comma; 0.4); border-radius: 8px; overflow: hidden; display: flex; flex-direction: column;'>\n<div style='padding: 15px; border-bottom: 1px solid rgba(150&comma; 150&comma; 150&comma; 0.2); font-weight: bold; font-size: 18px; color: inherit;'>Especificaciones Mec\u00e1nicas<\/div>\n<div style='padding: 15px; color: inherit;'>\n<ul style='padding-left: 20px; margin: 0; font-size: 14px; list-style-type: disc;'>\n<li style='margin-bottom: 5px;'><strong>Conector:<\/strong> N hembra<\/li>\n<li style='margin-bottom: 5px;'><strong>Dimensiones:<\/strong> 190 x 66 x 66 mm<\/li>\n<li style='margin-bottom: 5px;'><strong>Peso:<\/strong> 0.35 kg<\/li>\n<li style='margin-bottom: 5px;'><strong>Resistencia al Viento:<\/strong> 210 km<\/li>\n<li style='margin-bottom: 5px;'><strong>Cubierta:<\/strong> Pl\u00e1stico ABS resistente a los rayos UV<\/li>\n<li style='margin-bottom: 5px;'><strong>Color:<\/strong> Blanco<\/li>\n<li style='margin-bottom: 5px;'><strong>Temperatura de Operaci\u00f3n:<\/strong> -40 a +149\u00b0C<\/li>\n<li style='margin-bottom: 5px;'><strong>Dimensiones del Montaje:<\/strong> 38 x 52 mm<\/li>\n<li style='margin-bottom: 5px;'><strong>Cumplimiento:<\/strong> RoHS<\/li>\n<\/ul><\/div>\n<\/p><\/div>\n<\/p><\/div>\n<hr style='border: 0; border-top: 1px solid rgba(150&comma; 150&comma; 150&comma; 0.3); margin: 30px 0;'> <\/div>\n","protected":false},"excerpt":{"rendered":"<p>Antena Omnidireccional | Bandas de Frecuencia Celular | 2 y 4 dBi de Ganancia, 100 Watt de Potencia, 50 Ohm de impedancia | Conector N Hembra<\/p>\n","protected":false},"featured_media":66576,"comment_status":"open","ping_status":"closed","template":"","meta":[],"product_brand":[],"product_cat":[1523],"product_tag":[1404,1524,1525],"class_list":{"0":"post-66577","1":"product","2":"type-product","3":"status-publish","4":"has-post-thumbnail","6":"product_cat-para-cobertura-celular","7":"product_tag-antenas","8":"product_tag-para-cobertura-celular","9":"product_tag-wilsonpro-weboost","11":"first","12":"outofstock","13":"sale","14":"shipping-taxable","15":"purchasable","16":"product-type-simple"},"_links":{"self":[{"href":"https:\/\/soydeaqui.ddns.net\/pachuca\/index.php\/wp-json\/wp\/v2\/product\/66577","targetHints":{"allow":["GET"]}}],"collection":[{"href":"https:\/\/soydeaqui.ddns.net\/pachuca\/index.php\/wp-json\/wp\/v2\/product"}],"about":[{"href":"https:\/\/soydeaqui.ddns.net\/pachuca\/index.php\/wp-json\/wp\/v2\/types\/product"}],"replies":[{"embeddable":true,"href":"https:\/\/soydeaqui.ddns.net\/pachuca\/index.php\/wp-json\/wp\/v2\/comments?post=66577"}],"wp:featuredmedia":[{"embeddable":true,"href":"https:\/\/soydeaqui.ddns.net\/pachuca\/index.php\/wp-json\/wp\/v2\/media\/66576"}],"wp:attachment":[{"href":"https:\/\/soydeaqui.ddns.net\/pachuca\/index.php\/wp-json\/wp\/v2\/media?parent=66577"}],"wp:term":[{"taxonomy":"product_brand","embeddable":true,"href":"https:\/\/soydeaqui.ddns.net\/pachuca\/index.php\/wp-json\/wp\/v2\/product_brand?post=66577"},{"taxonomy":"product_cat","embeddable":true,"href":"https:\/\/soydeaqui.ddns.net\/pachuca\/index.php\/wp-json\/wp\/v2\/product_cat?post=66577"},{"taxonomy":"product_tag","embeddable":true,"href":"https:\/\/soydeaqui.ddns.net\/pachuca\/index.php\/wp-json\/wp\/v2\/product_tag?post=66577"}],"curies":[{"name":"wp","href":"https:\/\/api.w.org\/{rel}","templated":true}]}}