{"id":66563,"date":"2026-03-19T09:02:19","date_gmt":"2026-03-19T09:02:19","guid":{"rendered":"https:\/\/soydeaqui.ddns.net\/pachuca\/index.php\/producto\/microfono-para-radio-movil-con-conector-de-8-pines-para-hyt-tm600-tm800-2\/"},"modified":"2026-03-19T09:02:20","modified_gmt":"2026-03-19T09:02:20","slug":"microfono-para-radio-movil-con-conector-de-8-pines-para-hyt-tm600-tm800-2","status":"publish","type":"product","link":"https:\/\/soydeaqui.ddns.net\/pachuca\/index.php\/producto\/microfono-para-radio-movil-con-conector-de-8-pines-para-hyt-tm600-tm800-2\/","title":{"rendered":"Micr\u00f3fono para radio movil con conector de 8 pines para HYT TM600\/ TM800"},"content":{"rendered":"<div style='width: 100%; max-width: 1200px; margin: 0 auto; font-family: sans-serif; line-height: 1.6; color: inherit; background-color: transparent;'> <!-- Secci\u00f3n de descripci\u00f3n --> <\/p>\n<div style='display: flex; flex-wrap: wrap; gap: 30px; margin-bottom: 30px;'>\n<div style='flex: 1 1 300px; min-width: 280px;'>\n<h3 style='font-size: 22px; border-bottom: 2px solid currentColor; padding-bottom: 5px; margin-top: 0; color: inherit; opacity: 0.8;'>Caracter\u00edsticas<\/h3>\n<p style='font-size: 15px; color: inherit; margin-bottom: 15px;'> Alternativa para el modelo original <span style='color: inherit; font-family: Gillsans&comma; Arial&comma; sans-serif; font-size: 15px;'>MH-67A8J<\/span>&comma; para las radios Vertex Standard&comma; este micr\u00f3fono m\u00f3vil est\u00e1ndar proporciona la funcionalidad pulsar para hablar (PTT) para controlar una radio m\u00f3vil. La conexi\u00f3n multipolo de 8 pines mantiene el micr\u00f3fono de forma segura en su lugar. <\/p>\n<p style='font-size: 15px; color: inherit; margin-bottom: 15px;'> Norma IP54 \u2013 sellado contra polvo y l\u00edquido. <br \/> \u2022 Bot\u00f3n PTT f\u00e1cil de operar incluso al traer guantes en bajas temperaturas. <\/p>\n<ul style='padding-left: 20px; font-size: 15px; color: inherit;'>\n<li style='margin-bottom: 5px;'>Cables reforzados con Kevlar<\/li>\n<li style='margin-bottom: 5px;'>Cable terso de PU color satinado es m\u00e1s terso&comma; no se enreda y de grado m\u00e9dico&comma; m\u00e1s flexible no se deforma aunque le jalen constantemente&comma; no irrita y c\u00f3modo de usar.<\/li>\n<li style='margin-bottom: 5px;'>40 kg resultado de la prueba de jal\u00f3n del cable.<\/li>\n<li style='margin-bottom: 5px;'>Retr\u00e1ctil: vuelve a su estado original<\/li>\n<li style='margin-bottom: 5px;'>Con doble troquelado en el lado del conector reforzado en el PTT y bocina.<\/li>\n<\/ul><\/div>\n<\/p><\/div>\n<p> <!-- Separador --> <\/p>\n<hr style='border: 0; border-top: 1px solid rgba(150&comma; 150&comma; 150&comma; 0.3); margin: 30px 0;'> <\/div>\n","protected":false},"excerpt":{"rendered":"<p>Micr\u00f3fono para radio movil con conector de 8 pines para HYT TM600\/ TM800<\/p>\n","protected":false},"featured_media":66562,"comment_status":"open","ping_status":"closed","template":"","meta":[],"product_brand":[],"product_cat":[1705],"product_tag":[1583,1631,1930],"class_list":{"0":"post-66563","1":"product","2":"type-product","3":"status-publish","4":"has-post-thumbnail","6":"product_cat-microfono-para-movil-accesorios-para-hytera-hyt","7":"product_tag-accesorios-para-hytera-hyt","8":"product_tag-microfono-para-movil","9":"product_tag-phox","11":"first","12":"outofstock","13":"sale","14":"shipping-taxable","15":"purchasable","16":"product-type-simple"},"_links":{"self":[{"href":"https:\/\/soydeaqui.ddns.net\/pachuca\/index.php\/wp-json\/wp\/v2\/product\/66563","targetHints":{"allow":["GET"]}}],"collection":[{"href":"https:\/\/soydeaqui.ddns.net\/pachuca\/index.php\/wp-json\/wp\/v2\/product"}],"about":[{"href":"https:\/\/soydeaqui.ddns.net\/pachuca\/index.php\/wp-json\/wp\/v2\/types\/product"}],"replies":[{"embeddable":true,"href":"https:\/\/soydeaqui.ddns.net\/pachuca\/index.php\/wp-json\/wp\/v2\/comments?post=66563"}],"wp:featuredmedia":[{"embeddable":true,"href":"https:\/\/soydeaqui.ddns.net\/pachuca\/index.php\/wp-json\/wp\/v2\/media\/66562"}],"wp:attachment":[{"href":"https:\/\/soydeaqui.ddns.net\/pachuca\/index.php\/wp-json\/wp\/v2\/media?parent=66563"}],"wp:term":[{"taxonomy":"product_brand","embeddable":true,"href":"https:\/\/soydeaqui.ddns.net\/pachuca\/index.php\/wp-json\/wp\/v2\/product_brand?post=66563"},{"taxonomy":"product_cat","embeddable":true,"href":"https:\/\/soydeaqui.ddns.net\/pachuca\/index.php\/wp-json\/wp\/v2\/product_cat?post=66563"},{"taxonomy":"product_tag","embeddable":true,"href":"https:\/\/soydeaqui.ddns.net\/pachuca\/index.php\/wp-json\/wp\/v2\/product_tag?post=66563"}],"curies":[{"name":"wp","href":"https:\/\/api.w.org\/{rel}","templated":true}]}}