{"id":66555,"date":"2026-03-19T09:02:01","date_gmt":"2026-03-19T09:02:01","guid":{"rendered":"https:\/\/soydeaqui.ddns.net\/pachuca\/index.php\/producto\/cadex-7200-c-analizador-de-baterias-de-2-cavidades-40w-no-incluye-adaptadores\/"},"modified":"2026-03-19T09:02:02","modified_gmt":"2026-03-19T09:02:02","slug":"cadex-7200-c-analizador-de-baterias-de-2-cavidades-40w-no-incluye-adaptadores","status":"publish","type":"product","link":"https:\/\/soydeaqui.ddns.net\/pachuca\/index.php\/producto\/cadex-7200-c-analizador-de-baterias-de-2-cavidades-40w-no-incluye-adaptadores\/","title":{"rendered":"CADEX 7200-C Analizador de Bater\u00edas de 2 Cavidades (40W). No Incluye Adaptadores."},"content":{"rendered":"<div style='width: 100%; max-width: 1200px; margin: 0 auto; font-family: sans-serif; line-height: 1.6; color: inherit; background-color: transparent;'>\n<div style='display: flex; flex-wrap: wrap; gap: 30px; margin-bottom: 30px;'>\n<div style='flex: 1 1 300px; min-width: 280px;'>\n<h3 style='font-size: 22px; border-bottom: 2px solid currentColor; padding-bottom: 5px; margin-top: 0; color: inherit; opacity: 0.8;'>Caracter\u00edsticas Principales<\/h3>\n<ul style='padding-left: 20px; font-size: 15px; color: inherit;'>\n<li style='margin-bottom: 5px;'>Maximice el tiempo de trabajo de equipo cr\u00edtico&comma; mientras minimiza el costo de la flota de las bater\u00edas<\/li>\n<li style='margin-bottom: 5px;'>40 W de potencia de carga a 4 A por estaci\u00f3n<\/li>\n<li style='margin-bottom: 5px;'>Rango de voltaje de la bater\u00eda 1.2-16 V nominal<\/li>\n<li style='margin-bottom: 5px;'>M\u00e1s de 3&comma;200 adaptadores de bater\u00eda personalizados SnapLock\u2122<\/li>\n<li style='margin-bottom: 5px;'>Funciona de manera independiente o con el software BatteryShop<\/li>\n<\/ul><\/div>\n<div style='flex: 1 1 300px; min-width: 280px;'>\n<h3 style='font-size: 22px; border-bottom: 2px solid currentColor; padding-bottom: 5px; margin-top: 0; color: inherit; opacity: 0.8;'>Especificaciones T\u00e9cnicas<\/h3>\n<ul style='padding-left: 20px; font-size: 15px; color: inherit;'>\n<li style='margin-bottom: 5px;'><strong>Corriente de carga y descarga:<\/strong> Hasta 4 A por estaci\u00f3n<\/li>\n<li style='margin-bottom: 5px;'><strong>Potencia de carga m\u00e1xima:<\/strong> 40 Watts por estaci\u00f3n<\/li>\n<li style='margin-bottom: 5px;'><strong>Potencia de descarga m\u00e1xima:<\/strong> 35 Watts<\/li>\n<li style='margin-bottom: 5px;'><strong>Capacidad programable:<\/strong> Hasta 15 V&comma; 25 Ah<\/li>\n<\/ul><\/div>\n<\/p><\/div>\n<div style='display: flex; flex-wrap: wrap; gap: 20px; margin-bottom: 30px;'>\n<div style='flex: 1 1 250px; border: 1px solid rgba(150&comma; 150&comma; 150&comma; 0.4); border-radius: 8px; overflow: hidden; display: flex; flex-direction: column;'>\n<div style='padding: 15px; border-bottom: 1px solid rgba(150&comma; 150&comma; 150&comma; 0.2); font-weight: bold; font-size: 18px; color: inherit;'>Funciones Avanzadas<\/div>\n<div style='padding: 15px; color: inherit;'>\n<ul style='padding-left: 20px; margin: 0; font-size: 14px; list-style-type: disc;'>\n<li style='margin-bottom: 5px;'>Boost\u2122 restaura las bater\u00edas de iones de litio durmientes<\/li>\n<li style='margin-bottom: 5px;'>QuickSort\u2122 prueba bater\u00edas de iones de litio en 30 segundos<\/li>\n<li style='margin-bottom: 5px;'>18 programas brindan pruebas autom\u00e1ticas de bater\u00eda<\/li>\n<\/ul><\/div>\n<\/p><\/div>\n<div style='flex: 1 1 250px; border: 1px solid rgba(150&comma; 150&comma; 150&comma; 0.4); border-radius: 8px; overflow: hidden; display: flex; flex-direction: column;'>\n<div style='padding: 15px; border-bottom: 1px solid rgba(150&comma; 150&comma; 150&comma; 0.2); font-weight: bold; font-size: 18px; color: inherit;'>Conectividad<\/div>\n<div style='padding: 15px; color: inherit;'>\n<ul style='padding-left: 20px; margin: 0; font-size: 14px; list-style-type: disc;'>\n<li style='margin-bottom: 5px;'>Puerto serial para dispositivos de impresi\u00f3n<\/li>\n<li style='margin-bottom: 5px;'>Puerto USB para conexi\u00f3n a PC<\/li>\n<li style='margin-bottom: 5px;'>Alimentaci\u00f3n: 110 Vca<\/li>\n<\/ul><\/div>\n<\/p><\/div>\n<div style='flex: 1 1 250px; border: 1px solid rgba(150&comma; 150&comma; 150&comma; 0.4); border-radius: 8px; overflow: hidden; display: flex; flex-direction: column;'>\n<div style='padding: 15px; border-bottom: 1px solid rgba(150&comma; 150&comma; 150&comma; 0.2); font-weight: bold; font-size: 18px; color: inherit;'>Compatibilidad<\/div>\n<div style='padding: 15px; color: inherit;'>\n<ul style='padding-left: 20px; margin: 0; font-size: 14px; list-style-type: disc;'>\n<li style='margin-bottom: 5px;'>Bater\u00edas de litio&comma; n\u00edquel y \u00e1cido de plomo<\/li>\n<li style='margin-bottom: 5px;'>2 estaciones para adaptadores de bater\u00edas simult\u00e1neos<\/li>\n<li style='margin-bottom: 5px;'>Adaptadores universales incluidos<\/li>\n<\/ul><\/div>\n<\/p><\/div>\n<\/p><\/div>\n<div style='margin-bottom: 30px;'>\n<h3 style='font-size: 22px; border-bottom: 2px solid currentColor; padding-bottom: 5px; margin-top: 0; color: inherit; opacity: 0.8;'>Aplicaciones<\/h3>\n<p style='font-size: 15px; color: inherit;'>El Cadex C7200 de dos estaciones se adapta a organizaciones m\u00e1s peque\u00f1as y operaciones de escaparates. Los analizadores de la serie C7000 controlan las pruebas de la bater\u00eda al m\u00e1ximo. Use el analizador para medir la capacidad&comma; verifique la capacidad de reserva despu\u00e9s de un largo d\u00eda y aplique la calibraci\u00f3n para mejorar las lecturas del medidor de energ\u00eda.<\/p>\n<\/p><\/div>\n<div style='margin-bottom: 30px;'>\n<h3 style='font-size: 22px; border-bottom: 2px solid currentColor; padding-bottom: 5px; margin-top: 0; color: inherit; opacity: 0.8;'>Contenido del Paquete<\/h3>\n<p style='font-size: 15px; color: inherit;'>Analizador de bater\u00edas Cadex 7200-C de 2 cavidades (40W). No incluye adaptadores.<\/p>\n<\/p><\/div>\n<div style='margin-bottom: 30px;'>\n<h3 style='font-size: 22px; border-bottom: 2px solid currentColor; padding-bottom: 5px; margin-top: 0; color: inherit; opacity: 0.8;'>Observaciones<\/h3>\n<p style='font-size: 15px; color: inherit;'>Producto exclusivo para clientes de radiocomunicaci\u00f3n.<\/p>\n<\/p><\/div>\n<div style='margin-bottom: 30px;'>\n<h3 style='font-size: 22px; border-bottom: 2px solid currentColor; padding-bottom: 5px; margin-top: 0; color: inherit; opacity: 0.8;'>Videos<\/h3>\n<div style='position: relative; padding-bottom: 56.25%; height: 0; overflow: hidden; margin-bottom: 30px;'>   <\/div>\n<div style='position: relative; padding-bottom: 56.25%; height: 0; overflow: hidden; margin-bottom: 30px;'>   <\/div>\n<div style='position: relative; padding-bottom: 56.25%; height: 0; overflow: hidden; margin-bottom: 30px;'>   <\/div>\n<\/p><\/div>\n<hr style='border: 0; border-top: 1px solid rgba(150&comma; 150&comma; 150&comma; 0.3); margin: 30px 0;'> <\/div>\n","protected":false},"excerpt":{"rendered":"<p>CADEX 7200-C Analizador de Bater\u00edas de 2 Cavidades (40W). No Incluye Adaptadores.<\/p>\n","protected":false},"featured_media":66554,"comment_status":"open","ping_status":"closed","template":"","meta":[],"product_brand":[],"product_cat":[1907],"product_tag":[1908,1678,931],"class_list":{"0":"post-66555","1":"product","2":"type-product","3":"status-publish","4":"has-post-thumbnail","6":"product_cat-analizadores-de-baterias","7":"product_tag-analizadores-de-baterias","8":"product_tag-cadex-electronics-inc","9":"product_tag-equipo-de-laboratorio","11":"first","12":"outofstock","13":"sale","14":"shipping-taxable","15":"purchasable","16":"product-type-simple"},"_links":{"self":[{"href":"https:\/\/soydeaqui.ddns.net\/pachuca\/index.php\/wp-json\/wp\/v2\/product\/66555","targetHints":{"allow":["GET"]}}],"collection":[{"href":"https:\/\/soydeaqui.ddns.net\/pachuca\/index.php\/wp-json\/wp\/v2\/product"}],"about":[{"href":"https:\/\/soydeaqui.ddns.net\/pachuca\/index.php\/wp-json\/wp\/v2\/types\/product"}],"replies":[{"embeddable":true,"href":"https:\/\/soydeaqui.ddns.net\/pachuca\/index.php\/wp-json\/wp\/v2\/comments?post=66555"}],"wp:featuredmedia":[{"embeddable":true,"href":"https:\/\/soydeaqui.ddns.net\/pachuca\/index.php\/wp-json\/wp\/v2\/media\/66554"}],"wp:attachment":[{"href":"https:\/\/soydeaqui.ddns.net\/pachuca\/index.php\/wp-json\/wp\/v2\/media?parent=66555"}],"wp:term":[{"taxonomy":"product_brand","embeddable":true,"href":"https:\/\/soydeaqui.ddns.net\/pachuca\/index.php\/wp-json\/wp\/v2\/product_brand?post=66555"},{"taxonomy":"product_cat","embeddable":true,"href":"https:\/\/soydeaqui.ddns.net\/pachuca\/index.php\/wp-json\/wp\/v2\/product_cat?post=66555"},{"taxonomy":"product_tag","embeddable":true,"href":"https:\/\/soydeaqui.ddns.net\/pachuca\/index.php\/wp-json\/wp\/v2\/product_tag?post=66555"}],"curies":[{"name":"wp","href":"https:\/\/api.w.org\/{rel}","templated":true}]}}