{"id":66493,"date":"2026-03-19T08:59:50","date_gmt":"2026-03-19T08:59:50","guid":{"rendered":"https:\/\/soydeaqui.ddns.net\/pachuca\/index.php\/producto\/kit-de-torre-arriostrada-de-techo-de-18-m-con-tramo-stz30g-galvanizada-por-inmersion-en-caliente-no-incluye-retenida\/"},"modified":"2026-03-19T08:59:51","modified_gmt":"2026-03-19T08:59:51","slug":"kit-de-torre-arriostrada-de-techo-de-18-m-con-tramo-stz30g-galvanizada-por-inmersion-en-caliente-no-incluye-retenida","status":"publish","type":"product","link":"https:\/\/soydeaqui.ddns.net\/pachuca\/index.php\/producto\/kit-de-torre-arriostrada-de-techo-de-18-m-con-tramo-stz30g-galvanizada-por-inmersion-en-caliente-no-incluye-retenida\/","title":{"rendered":"Kit de Torre Arriostrada de Techo de 18 m con Tramo STZ30G Galvanizada por Inmersi\u00f3n en Caliente (No incluye retenida)."},"content":{"rendered":"<div style='width: 100%; max-width: 1200px; margin: 0 auto; font-family: sans-serif; line-height: 1.6; color: inherit; background-color: transparent;'>\n<div style='display: flex; flex-wrap: wrap; gap: 30px; margin-bottom: 30px;'>\n<div style='flex: 1 1 300px; min-width: 280px;'><img style='width: 100%; height: auto; border: 1px solid rgba(150&comma;150&comma;150&comma;0.3); border-radius: 8px;' src='https:\/\/ftp3.syscom.mx\/usuarios\/fotos\/logotipos\/syscom_towers.png' alt='Logo SYSCOM TOWERS' \/><\/div>\n<\/div>\n<div style='display: flex; flex-wrap: wrap; gap: 30px; margin-bottom: 30px;'>\n<div style='flex: 1 1 300px; min-width: 280px;'>\n<h3 style='font-size: 22px; border-bottom: 2px solid currentColor; padding-bottom: 5px; margin-top: 0; color: inherit; opacity: 0.8;'>Caracter\u00edsticas Destacadas<\/h3>\n<ul style='padding-left: 20px; font-size: 15px; color: inherit;'>\n<li><strong>Normativa:<\/strong> ISO 9001:2015<\/li>\n<li>Gran Elevaci\u00f3n \/ Bajo costo<\/li>\n<li>100% Inspecci\u00f3n de Ensamble Tramo &#8211; Tramo<\/li>\n<li><strong>Galvanizado:<\/strong> Inmersi\u00f3n en Caliente (NMX-H-004-SCFI-2008)<\/li>\n<li>Ideal para zonas costeras de alta humedad o \u00e1reas industriales<\/li>\n<\/ul>\n<\/div>\n<div style='flex: 1 1 300px; min-width: 280px;'>\n<h3 style='font-size: 22px; border-bottom: 2px solid currentColor; padding-bottom: 5px; margin-top: 0; color: inherit; opacity: 0.8;'>Caracter\u00edsticas F\u00edsicas<\/h3>\n<ul style='padding-left: 20px; font-size: 15px; color: inherit;'>\n<li><strong>Carga Axial M\u00e1xima:<\/strong> 200 Kg<\/li>\n<li><strong>Altura:<\/strong> 18 metros (6 tramos)<\/li>\n<li><strong>Resistencia al viento:<\/strong> 200 km\/hr<\/li>\n<li><strong>Protecci\u00f3n anticorrosiva:<\/strong> Galvanizado por inmersi\u00f3n en caliente (NMX-H-004-SCFI-2008)<\/li>\n<li><strong>Aplicaci\u00f3n:<\/strong> Intemperie (Zonas H\u00famedas)<\/li>\n<\/ul>\n<\/div>\n<\/div>\n<div style='display: flex; flex-wrap: wrap; gap: 20px; margin-bottom: 30px;'>\n<div style='flex: 1 1 250px; border: 1px solid rgba(150&comma; 150&comma; 150&comma; 0.4); border-radius: 8px; overflow: hidden; display: flex; flex-direction: column;'>\n<div style='padding: 15px; border-bottom: 1px solid rgba(150&comma; 150&comma; 150&comma; 0.2); font-weight: bold; font-size: 18px; color: inherit;'>Incluye los siguientes componentes<\/div>\n<div style='padding: 15px; color: inherit;'>\n<ul style='padding-left: 20px; margin: 0; font-size: 14px; list-style-type: disc; color: inherit;'>\n<li><strong>Cantidad:<\/strong> 6 &#8211; <a style='color: inherit; text-decoration: none; border-bottom: 1px dotted;' href='https:\/\/www.syscom.mx\/producto\/STZ-30G-SYSCOM-TOWERS-31574.html' target='_blank' rel='noopener'>STZ30G<\/a> &#8211; Tramo de torre de 30 cm de ancho de cara<\/li>\n<li><strong>Cantidad:<\/strong> 1 &#8211; <a style='color: inherit; text-decoration: none; border-bottom: 1px dotted;' href='https:\/\/www.syscom.mx\/producto\/SCZ-30-PG-SYSCOM-TOWERS-169012.html' target='_blank' rel='noopener'>SCZ30PG<\/a> &#8211; Copete de torre de 30 cm con opresor para pararrayo<\/li>\n<li><strong>Cantidad:<\/strong> 1 &#8211; <a style='color: inherit; text-decoration: none; border-bottom: 1px dotted;' href='https:\/\/www.syscom.mx\/producto\/SBA-30G-SYSCOM-TOWERS-29104.html' target='_blank' rel='noopener'>SBA30G<\/a> &#8211; Base para torre de 30 cm<\/li>\n<li><strong>Cantidad:<\/strong> 1 &#8211; <a style='color: inherit; text-decoration: none; border-bottom: 1px dotted;' href='https:\/\/www.syscom.mx\/producto\/SAB-30G-SYSCOM-TOWERS-29012.html' target='_blank' rel='noopener'>SAB30G<\/a> &#8211; Ancla para base de torre<\/li>\n<li><strong>Cantidad:<\/strong> 3 &#8211; <a style='color: inherit; text-decoration: none; border-bottom: 1px dotted;' href='https:\/\/www.syscom.mx\/producto\/SJB-30G-SYSCOM-TOWERS-29952.html' target='_blank' rel='noopener'>SJB30G<\/a> &#8211; Brida de sujeci\u00f3n de Retenida<\/li>\n<li><strong>Cantidad:<\/strong> 3 &#8211; <a style='color: inherit; text-decoration: none; border-bottom: 1px dotted;' href='https:\/\/www.syscom.mx\/producto\/SAP-01G-SYSCOM-TOWERS-29052.html' target='_blank' rel='noopener'>SAP01G<\/a> &#8211; Ancla de losa o pared para Retenida<\/li>\n<li><strong>Cantidad:<\/strong> 18 &#8211; <a style='color: inherit; text-decoration: none; border-bottom: 1px dotted;' href='https:\/\/www.syscom.mx\/producto\/CUELLO-14-HDG-SYSCOM-TOWERS-199560.html' target='_blank' rel='noopener'>CUELLO-14-HDG<\/a> &#8211; Cuello para cable de retenida<\/li>\n<li><strong>Cantidad:<\/strong> 54 &#8211; <a style='color: inherit; text-decoration: none; border-bottom: 1px dotted;' href='https:\/\/www.syscom.mx\/producto\/NUDO-316-FJG-SYSCOM-TOWERS-199580.html' target='_blank' rel='noopener'>NUDO-316-FJG<\/a> &#8211; Abrazadera tipo perro de 3\/16&#8242;<\/li>\n<\/ul>\n<p style='margin-top: 15px; color: #c0392b;'><strong>No incluye cable de retenida.<\/strong> Se recomiendan 190 metros de retenida de 1\/8&#8242; (<a style='color: inherit; text-decoration: none; border-bottom: 1px dotted;' href='https:\/\/www.syscom.mx\/producto\/SRET318CAM-CAMESA-151126.html' target='_blank' rel='noopener'>SRET-318-CAM<\/a> ) o di\u00e1metros superiores.<\/p>\n<p style='color: #c0392b;'><strong>No incluye Tensores.<\/strong> Se recomiendan 9 tensores de 1\/2&#8242; x 6&#8242;. (<a style='color: inherit; text-decoration: none; border-bottom: 1px dotted;' href='https:\/\/www.syscom.mx\/producto\/TEN-1\/2X6-OGJ-SYSCOM-TOWERS-199554.html' target='_blank' rel='noopener'>TEN1\/2X6OGJ<\/a> o <a style='color: inherit; text-decoration: none; border-bottom: 1px dotted;' href='https:\/\/www.syscom.mx\/producto\/TEN-1\/2X6-OQJ-SYSCOM-TOWERS-199557.html' target='_blank' rel='noopener'>TEN1\/2X6OQJ<\/a>).<\/p>\n<p style='margin-top: 15px;'><em><strong>**El NO usar accesorios de instalaci\u00f3n como Bridas&comma; Base de torre&comma; Ancla de torre o Anclajes de Retenida&comma; se considera una p\u00e9rdida de garant\u00eda del equipo y cualquier adaptaci\u00f3n adicional queda a responsabilidad del instalador.**<\/em><\/p>\n<\/div>\n<\/div>\n<div style='display: flex; flex-wrap: wrap; gap: 20px; margin-bottom: 30px;'>\n<div style='flex: 1 1 250px; border: 1px solid rgba(150&comma; 150&comma; 150&comma; 0.4); border-radius: 8px; overflow: hidden; display: flex; flex-direction: column;'>\n<div style='padding: 15px; border-bottom: 1px solid rgba(150&comma; 150&comma; 150&comma; 0.2); font-weight: bold; font-size: 18px; color: inherit;'>Accesorios complementarios (No incluidos)<\/div>\n<div style='padding: 15px; color: inherit;'>\n<ul style='padding-left: 20px; margin: 0; font-size: 14px; list-style-type: disc; color: inherit;'>\n<li><strong>Sistema de Se\u00f1alizaci\u00f3n\/Iluminaci\u00f3n<\/strong> (No incluido)<\/li>\n<\/ul>\n<\/div>\n<\/div>\n<\/div>\n<div style='flex: 1 1 250px; border: 1px solid rgba(150&comma; 150&comma; 150&comma; 0.4); border-radius: 8px; overflow: hidden; display: flex; flex-direction: column;'>\n<div style='padding: 15px; border-bottom: 1px solid rgba(150&comma; 150&comma; 150&comma; 0.2); font-weight: bold; font-size: 18px; color: inherit;'>Sistema de l\u00ednea de vida (No incluido)<\/div>\n<div style='padding: 15px; color: inherit;'>\n<ul style='padding-left: 20px; margin: 0; font-size: 14px; list-style-type: disc; color: inherit;'>\n<li><strong>Cantidad:<\/strong> 1 &#8211; <a style='color: inherit; text-decoration: none; border-bottom: 1px dotted;' href='https:\/\/www.syscom.mx\/producto\/SHE-LV-SYSCOM-TOWERS-29815.html' target='_blank' rel='noopener'>SHE-LV<\/a> &#8211; Par de herrajes de sujeci\u00f3n<\/li>\n<li><strong>Cantidad:<\/strong> 1 &#8211; <a style='color: inherit; text-decoration: none; border-bottom: 1px dotted;' href='https:\/\/www.syscom.mx\/producto\/S-GULV-SYSCOM-TOWERS-29794.html' target='_blank' rel='noopener'>S-GULV<\/a> &#8211; Gu\u00eda para l\u00ednea<\/li>\n<li><strong>Cantidad:<\/strong> 21 &#8211; <a style='color: inherit; text-decoration: none; border-bottom: 1px dotted;' href='https:\/\/www.syscom.mx\/producto\/S-RET-338CAM-CAMESA-151134.html' target='_blank' rel='noopener'>SRET-338CAM<\/a> &#8211; Cable de 3\/8&#8242;<\/li>\n<li><strong>Cantidad:<\/strong> 6 &#8211; <a style='color: inherit; text-decoration: none; border-bottom: 1px dotted;' href='https:\/\/www.syscom.mx\/producto\/NUDO-38-FJG-SYSCOM-TOWERS-199587.html' target='_blank' rel='noopener'>NUDO-38FJG<\/a> &#8211; Nudo forjado 3\/8&#8242;<\/li>\n<li><strong>Cantidad:<\/strong> 2 &#8211; <a style='color: inherit; text-decoration: none; border-bottom: 1px dotted;' href='https:\/\/www.syscom.mx\/producto\/CUELLO-38-HDG-SYSCOM-TOWERS-199562.html' target='_blank' rel='noopener'>CUELLO-38-HDG<\/a> &#8211; Cuello 3\/8&#8242;<\/li>\n<li><strong>Cantidad:<\/strong> 1 &#8211; <a style='color: inherit; text-decoration: none; border-bottom: 1px dotted;' href='https:\/\/www.syscom.mx\/producto\/TRY-ACC-SLIDER2-Trylon-192532.html' target='_blank' rel='noopener'>TRY-ACC-SLIDER<\/a> &#8211; (Opcional) Carro de Seguridad para Instalador<\/li>\n<li><strong>Cantidad:<\/strong> 1 &#8211; <a style='color: inherit; text-decoration: none; border-bottom: 1px dotted;' href='https:\/\/www.syscom.mx\/producto\/SYS-USA7B-URREA-174988.html' target='_blank' rel='noopener'>SYS-USA7B<\/a> &#8211; (Opcional) Arn\u00e9s de Suspenci\u00f3n<\/li>\n<\/ul>\n<p style='margin-top: 15px;'><em>*La NOM-009 marca como obligatorio el uso de sistemas que frenen la ca\u00edda accidental en una estructura.<\/em><\/p>\n<\/div>\n<\/div>\n<\/div>\n<div style='display: flex; flex-wrap: wrap; gap: 20px; margin-bottom: 30px;'>\n<div style='flex: 1 1 250px; border: 1px solid rgba(150&comma; 150&comma; 150&comma; 0.4); border-radius: 8px; overflow: hidden; display: flex; flex-direction: column;'>\n<div style='padding: 15px; border-bottom: 1px solid rgba(150&comma; 150&comma; 150&comma; 0.2); font-weight: bold; font-size: 18px; color: inherit;'>Sistema de Tierra F\u00edsica Recomendado<\/div>\n<div style='padding: 15px; color: inherit;'>\n<ul style='padding-left: 20px; margin: 0; font-size: 14px; list-style-type: disc; color: inherit;'>\n<li><strong>Cantidad:<\/strong> 1 &#8211; <a style='color: inherit; text-decoration: none; border-bottom: 1px dotted;' href='http:\/\/www.syscom.mx\/producto\/TG45AB-TOTAL-GROUND-75917.html'>TG45AB<\/a> &#8211; Electrodo de puesta a tierra de 45 A con Electrodo&comma; Filtro y Compuesto H2Ohm<\/li>\n<li><strong>Cantidad:<\/strong> 1 &#8211; <a style='color: inherit; text-decoration: none; border-bottom: 1px dotted;' href='http:\/\/www.syscom.mx\/producto\/S610-TOTAL-GROUND-75929.html'>S610<\/a> &#8211; Registro pl\u00e1stico<\/li>\n<li><strong>Cantidad:<\/strong> 3 &#8211; <a style='color: inherit; text-decoration: none; border-bottom: 1px dotted;' href='http:\/\/www.syscom.mx\/producto\/TGCR11-TOTAL-GROUND-76026.html'>TGCR11<\/a> &#8211; Conector de Ojo<\/li>\n<li><strong>Cantidad:<\/strong> 2 &#8211; <a style='color: inherit; text-decoration: none; border-bottom: 1px dotted;' href='http:\/\/www.syscom.mx\/producto\/TGAB18-TOTAL-GROUND-76028.html'>TGAB18<\/a> &#8211; Conector para Varilla<\/li>\n<li><strong>Cantidad:<\/strong> 1 &#8211; <a style='color: inherit; text-decoration: none; border-bottom: 1px dotted;' href='http:\/\/www.syscom.mx\/producto\/TGBUSG10-TOTAL-GROUND-75914.html'>TGBUSG10<\/a> &#8211; Barra de Uni\u00f3n con Aisladores de 1000A de Capacidad (Sin Gabinete)<\/li>\n<\/ul>\n<p style='margin-top: 15px;'><em>* Se recomienda el uso de cable de cobre forrado cal. 4 AWG (<a style='color: inherit; text-decoration: none; border-bottom: 1px dotted;' href='https:\/\/www.syscom.mx\/producto\/SLY-287-GRN-INDIANA-176933.html'>SLY-287-GRN<\/a>) para aterrizaje del electrodo hasta la torre. Para equipos en torre se puede utilizar cal. 6 AWG (<a style='color: inherit; text-decoration: none; border-bottom: 1px dotted;' href='https:\/\/www.syscom.mx\/producto\/SL-Y-291-GRN-100-INDIANA-87721.html'>SLY-291-GRN<\/a>).<\/em><\/p>\n<\/div>\n<\/div>\n<div style='flex: 1 1 250px; border: 1px solid rgba(150&comma; 150&comma; 150&comma; 0.4); border-radius: 8px; overflow: hidden; display: flex; flex-direction: column;'>\n<div style='padding: 15px; border-bottom: 1px solid rgba(150&comma; 150&comma; 150&comma; 0.2); font-weight: bold; font-size: 18px; color: inherit;'>Sistema de Pararrayos B\u00e1sico Recomendado<\/div>\n<div style='padding: 15px; color: inherit;'>\n<ul style='padding-left: 20px; margin: 0; font-size: 14px; list-style-type: disc; color: inherit;'>\n<li><strong>Cantidad:<\/strong> 1 &#8211; <a style='color: inherit; text-decoration: none; border-bottom: 1px dotted;' href='http:\/\/www.syscom.mx\/producto\/TGTDPC-TOTAL-GROUND-76020.html'>TGTDPC<\/a> &#8211; Punta Pararrayos Dipolo Corona<\/li>\n<li><strong>Cantidad:<\/strong> 1 &#8211; <a style='color: inherit; text-decoration: none; border-bottom: 1px dotted;' href='http:\/\/www.syscom.mx\/producto\/TG45AB-TOTAL-GROUND-75917.html'>TG45AB<\/a> &#8211; Electrodo de 45 Amp. Con un saco de compuesto mejorador(H2OHM)&comma; br\u00fajula y nivel<\/li>\n<li><strong>Cantidad:<\/strong> 1 &#8211; <a style='color: inherit; text-decoration: none; border-bottom: 1px dotted;' href='http:\/\/www.syscom.mx\/producto\/S610-TOTAL-GROUND-75929.html'>S610<\/a> &#8211; Registro pl\u00e1stico chico<\/li>\n<li><strong>Cantidad:<\/strong> 1 &#8211; <a style='color: inherit; text-decoration: none; border-bottom: 1px dotted;' href='http:\/\/www.syscom.mx\/producto\/ANTIOX-TOTAL-GROUND-75931.html'>ANTIOX<\/a> &#8211; Aerosol para protecci\u00f3n de terminales<\/li>\n<li><strong>Cantidad:<\/strong> 3 &#8211; <a style='color: inherit; text-decoration: none; border-bottom: 1px dotted;' href='http:\/\/www.syscom.mx\/producto\/TGCR11-TOTAL-GROUND-76026.html'>TGCR11<\/a> &#8211; Conector de Ojo<\/li>\n<li><strong>Cantidad:<\/strong> 2 &#8211; <a style='color: inherit; text-decoration: none; border-bottom: 1px dotted;' href='http:\/\/www.syscom.mx\/producto\/TGAB18-TOTAL-GROUND-76028.html'>TGAB18<\/a> &#8211; Conector para Varilla<\/li>\n<li><strong>Cantidad:<\/strong> 12 &#8211; <a style='color: inherit; text-decoration: none; border-bottom: 1px dotted;' href='http:\/\/www.syscom.mx\/producto\/TGAC-TOTAL-GROUND-76016.html'>TGAC<\/a> &#8211; Aislador de cable de bajada<\/li>\n<\/ul>\n<p style='margin-top: 15px;'><em>*La punta tipo dipolo ofrece un cono de protecci\u00f3n de 72\u00b0 debajo del serpent\u00edn. Se recomienda para zonas de baja incidencia de rayos.<\/em><\/p>\n<p><em>*Se recomienda cable de cobre calibre 2\/0 para realizar la integraci\u00f3n (<a style='color: inherit; text-decoration: none; border-bottom: 1px dotted;' href='https:\/\/www.syscom.mx\/producto\/SLY-346-BLK-INDIANA-176872.html'>SLY-346-BLK<\/a>). Considerando una instalaci\u00f3n del electrodo a m\u00e1ximo 3 metros de la torre se usan aprox. 8 metros.<\/em><\/p>\n<p style='margin-top: 15px;'><strong>Ver diagrama de conexi\u00f3n de Tierra F\u00edsica + Pararrayo:<\/strong> <a style='color: inherit; text-decoration: none; border-bottom: 1px dotted;' href='https:\/\/ftp3.syscom.mx\/usuarios\/ftp\/2019\/03\/27\/2ed55\/01REV02-DIPOLO%20CORONA%20Y%20EQUIPO%20EN%20TORRE.pdf'>DIAGRAMA<\/a><\/p>\n<\/div>\n<\/div>\n<\/div>\n<div style='display: flex; flex-wrap: wrap; gap: 30px; margin-bottom: 30px;'>\n<div style='flex: 1 1 300px; min-width: 280px;'>\n<h3 style='font-size: 22px; border-bottom: 2px solid currentColor; padding-bottom: 5px; margin-top: 0; color: inherit; opacity: 0.8;'>Recomendaciones<\/h3>\n<ul style='padding-left: 20px; font-size: 15px; color: inherit;'>\n<li>Aseg\u00farese de que la instalaci\u00f3n sea realizada por un profesional capacitado<\/li>\n<li>Programe un plan de mantenimiento para revisi\u00f3n de tensiones en retenidas y ajuste de torniller\u00eda<\/li>\n<li>No instalar paneles solares a m\u00e1s de 6 metros de altura. Revisar la compatibilidad entre celdas solares y montajes<\/li>\n<li>Debe de realizarse un estudio de esfuerzos cuando se coloque una carga exc\u00e9ntrica en torre. \u00c9sta puede causar torsi\u00f3n y flexi\u00f3n excesiva en torre causando fallas estructurales<\/li>\n<li>La torre debe ser pintada en tono naranja-rojizo y blanco&comma; en 7 franjas de igual altura empezando y terminando en naranja-rojizo (SYSCOM no realiza el trabajo de pintura de la torre)<\/li>\n<li>Se recomienda iluminar la torre al menos en la punta con una l\u00e1mpara color rojo<\/li>\n<\/ul>\n<\/div>\n<\/div>\n<hr style='border: 0; border-top: 1px solid rgba(150&comma; 150&comma; 150&comma; 0.3); margin: 30px 0;'>\n<div style='display: flex; flex-wrap: wrap; gap: 30px; margin-bottom: 30px;'>\n<div style='flex: 1 1 300px; min-width: 280px;'>\n<h3 style='font-size: 22px; border-bottom: 2px solid currentColor; padding-bottom: 5px; margin-top: 0; color: inherit; opacity: 0.8;'>Diagrama Representativo: Instalaci\u00f3n de Retenida Versi\u00f3n 2.0<\/h3>\n<p><img style='width: 100%; height: auto; border: 1px solid rgba(150&comma;150&comma;150&comma;0.3); border-radius: 8px;' src='https:\/\/ftp3.syscom.mx\/usuarios\/fotos\/KTZ30G030\/75810-recomendaci%C3%B3n_de_instalaci%C3%B3n_de_retenida_2.0.png' alt='Diagrama de Instalaci\u00f3n de Retenida Versi\u00f3n 2.0' \/><\/div>\n<\/div>\n<div style='display: flex; flex-wrap: wrap; gap: 30px; margin-bottom: 30px;'>\n<div style='flex: 1 1 300px; min-width: 280px;'>\n<h3 style='font-size: 22px; border-bottom: 2px solid currentColor; padding-bottom: 5px; margin-top: 0; color: inherit; opacity: 0.8;'>Im\u00e1genes de Instalaci\u00f3n<\/h3>\n<p><img style='width: 100%; height: auto; border: 1px solid rgba(150&comma;150&comma;150&comma;0.3); border-radius: 8px;' src='http:\/\/ftp3.syscom.mx\/usuarios\/dcarreon\/TORRES\/ARRIOSTRADAS\/TORRES%20IMAGEN.png' alt='Imagen de Instalaci\u00f3n de Torre Arriostrada' \/><\/div>\n<\/div>\n<\/div>\n","protected":false},"excerpt":{"rendered":"<p>Kit de Torre Arriostrada de Techo de 18 m con Tramo STZ30G Galvanizada por Inmersi\u00f3n en Caliente (No incluye retenida).<\/p>\n","protected":false},"featured_media":66492,"comment_status":"open","ping_status":"closed","template":"","meta":[],"product_brand":[],"product_cat":[1693],"product_tag":[733,1694,246],"class_list":{"0":"post-66493","1":"product","2":"type-product","3":"status-publish","4":"has-post-thumbnail","6":"product_cat-torres-arriostradas-kits","7":"product_tag-syscom-towers","8":"product_tag-torres-arriostradas-kits","9":"product_tag-torres-y-mastiles","11":"first","12":"instock","13":"sale","14":"shipping-taxable","15":"purchasable","16":"product-type-simple"},"_links":{"self":[{"href":"https:\/\/soydeaqui.ddns.net\/pachuca\/index.php\/wp-json\/wp\/v2\/product\/66493","targetHints":{"allow":["GET"]}}],"collection":[{"href":"https:\/\/soydeaqui.ddns.net\/pachuca\/index.php\/wp-json\/wp\/v2\/product"}],"about":[{"href":"https:\/\/soydeaqui.ddns.net\/pachuca\/index.php\/wp-json\/wp\/v2\/types\/product"}],"replies":[{"embeddable":true,"href":"https:\/\/soydeaqui.ddns.net\/pachuca\/index.php\/wp-json\/wp\/v2\/comments?post=66493"}],"wp:featuredmedia":[{"embeddable":true,"href":"https:\/\/soydeaqui.ddns.net\/pachuca\/index.php\/wp-json\/wp\/v2\/media\/66492"}],"wp:attachment":[{"href":"https:\/\/soydeaqui.ddns.net\/pachuca\/index.php\/wp-json\/wp\/v2\/media?parent=66493"}],"wp:term":[{"taxonomy":"product_brand","embeddable":true,"href":"https:\/\/soydeaqui.ddns.net\/pachuca\/index.php\/wp-json\/wp\/v2\/product_brand?post=66493"},{"taxonomy":"product_cat","embeddable":true,"href":"https:\/\/soydeaqui.ddns.net\/pachuca\/index.php\/wp-json\/wp\/v2\/product_cat?post=66493"},{"taxonomy":"product_tag","embeddable":true,"href":"https:\/\/soydeaqui.ddns.net\/pachuca\/index.php\/wp-json\/wp\/v2\/product_tag?post=66493"}],"curies":[{"name":"wp","href":"https:\/\/api.w.org\/{rel}","templated":true}]}}