{"id":66449,"date":"2026-03-19T08:58:18","date_gmt":"2026-03-19T08:58:18","guid":{"rendered":"https:\/\/soydeaqui.ddns.net\/pachuca\/index.php\/producto\/paquete-de-software-para-medicion-automatica-de-intensidad-de-senal-prueba-de-campo-7\/"},"modified":"2026-03-19T08:58:19","modified_gmt":"2026-03-19T08:58:19","slug":"paquete-de-software-para-medicion-automatica-de-intensidad-de-senal-prueba-de-campo-7","status":"publish","type":"product","link":"https:\/\/soydeaqui.ddns.net\/pachuca\/index.php\/producto\/paquete-de-software-para-medicion-automatica-de-intensidad-de-senal-prueba-de-campo-7\/","title":{"rendered":"Paquete de Software para Medici\u00f3n Autom\u00e1tica de Intensidad de Se\u00f1al (Prueba de Campo 7)."},"content":{"rendered":"<div style='width: 100%; max-width: 1200px; margin: 0 auto; font-family: sans-serif; line-height: 1.6; color: inherit; background-color: transparent;'> <!-- Secci\u00f3n de contenido con flex\/grid --> <\/p>\n<div style='display: flex; flex-wrap: wrap; gap: 30px; margin-bottom: 30px;'>\n<div style='flex: 1 1 300px; min-width: 280px;'>\n<h3 style='font-size: 22px; border-bottom: 2px solid currentColor; padding-bottom: 5px; margin-top: 0; color: inherit; opacity: 0.8;'>Paquete de Software para Prueba Autom\u00e1tica de Se\u00f1al (Prueba de Campo 7)<\/h3>\n<ul style='padding-left: 20px; font-size: 15px; color: inherit;'>\n<li style='margin-bottom: 5px;'>Prueba de campo STI 7<\/li>\n<li style='margin-bottom: 5px;'>Cobertura de se\u00f1al geogr\u00e1fica STI Field Test 7 es un software de medici\u00f3n y an\u00e1lisis de se\u00f1al autom\u00e1ticos que se puede interconectar con la mayor\u00eda de los equipos de prueba de radio.<\/li>\n<li style='margin-bottom: 5px;'>El probador de Campo STI 7 consiste de un receptor GPS&comma; medici\u00f3n y software de an\u00e1lisis y controladores para la prueba de radio de equipos&comma; lo que le permite utilizar su computadora port\u00e1til para integrar su sistema de Prueba de Campo que cumple con los requisitos de prueba de manejo.<\/li>\n<li style='margin-bottom: 5px;'>Los tipos de medici\u00f3n de se\u00f1al tomadas est\u00e1n limitadas solo por las capacidades del instrumento de medici\u00f3n de RF usado.<\/li>\n<li style='margin-bottom: 5px;'>Esta caracter\u00edstica \u00fanica asegura una larga vida \u00fatil para su sistema STI. Desde P25 digital o TETRA BER a SINAD anal\u00f3gico e intensidad de se\u00f1al.<\/li>\n<li style='margin-bottom: 5px;'>El Medidor de Campo STI 7 es el kit automatizado de medici\u00f3n y an\u00e1lisis de campo para su compatible equipo de prueba.<\/li>\n<\/ul><\/div>\n<\/p><\/div>\n<\/p><\/div>\n","protected":false},"excerpt":{"rendered":"<p>Paquete de Software para Medici\u00f3n Autom\u00e1tica de Intensidad de Se\u00f1al (Prueba de Campo 7).<\/p>\n","protected":false},"featured_media":66448,"comment_status":"open","ping_status":"closed","template":"","meta":[],"product_brand":[],"product_cat":[1610],"product_tag":[1611,931,1674],"class_list":{"0":"post-66449","1":"product","2":"type-product","3":"status-publish","4":"has-post-thumbnail","6":"product_cat-analizadores-espectro-y-antenas-monitores-de-servicio-y-softwares","7":"product_tag-analizadores-espectro-y-antenas-monitores-de-servicio-y-softwares","8":"product_tag-equipo-de-laboratorio","9":"product_tag-freedom-communication-technologies","11":"first","12":"outofstock","13":"sale","14":"shipping-taxable","15":"purchasable","16":"product-type-simple"},"_links":{"self":[{"href":"https:\/\/soydeaqui.ddns.net\/pachuca\/index.php\/wp-json\/wp\/v2\/product\/66449","targetHints":{"allow":["GET"]}}],"collection":[{"href":"https:\/\/soydeaqui.ddns.net\/pachuca\/index.php\/wp-json\/wp\/v2\/product"}],"about":[{"href":"https:\/\/soydeaqui.ddns.net\/pachuca\/index.php\/wp-json\/wp\/v2\/types\/product"}],"replies":[{"embeddable":true,"href":"https:\/\/soydeaqui.ddns.net\/pachuca\/index.php\/wp-json\/wp\/v2\/comments?post=66449"}],"wp:featuredmedia":[{"embeddable":true,"href":"https:\/\/soydeaqui.ddns.net\/pachuca\/index.php\/wp-json\/wp\/v2\/media\/66448"}],"wp:attachment":[{"href":"https:\/\/soydeaqui.ddns.net\/pachuca\/index.php\/wp-json\/wp\/v2\/media?parent=66449"}],"wp:term":[{"taxonomy":"product_brand","embeddable":true,"href":"https:\/\/soydeaqui.ddns.net\/pachuca\/index.php\/wp-json\/wp\/v2\/product_brand?post=66449"},{"taxonomy":"product_cat","embeddable":true,"href":"https:\/\/soydeaqui.ddns.net\/pachuca\/index.php\/wp-json\/wp\/v2\/product_cat?post=66449"},{"taxonomy":"product_tag","embeddable":true,"href":"https:\/\/soydeaqui.ddns.net\/pachuca\/index.php\/wp-json\/wp\/v2\/product_tag?post=66449"}],"curies":[{"name":"wp","href":"https:\/\/api.w.org\/{rel}","templated":true}]}}