{"id":6639,"date":"2026-03-18T06:45:34","date_gmt":"2026-03-18T06:45:34","guid":{"rendered":"https:\/\/soydeaqui.ddns.net\/pachuca\/index.php\/producto\/sensor-inteligente-universal-anti-trepa-de-intrusos-para-muros-mallas-ciclonicas-rejas-paredes-andamios-vidrio-cristales-etc-sin-falsas-alarmas-proteccion-de-5-metros-de-diametro-integ-2\/"},"modified":"2026-03-18T06:45:40","modified_gmt":"2026-03-18T06:45:40","slug":"sensor-inteligente-universal-anti-trepa-de-intrusos-para-muros-mallas-ciclonicas-rejas-paredes-andamios-vidrio-cristales-etc-sin-falsas-alarmas-proteccion-de-5-metros-de-diametro-integ-2","status":"publish","type":"product","link":"https:\/\/soydeaqui.ddns.net\/pachuca\/index.php\/producto\/sensor-inteligente-universal-anti-trepa-de-intrusos-para-muros-mallas-ciclonicas-rejas-paredes-andamios-vidrio-cristales-etc-sin-falsas-alarmas-proteccion-de-5-metros-de-diametro-integ-2\/","title":{"rendered":"Sensor Inteligente Universal \/ Anti-trepa de intrusos \/ Para muros, mallas ciclonicas, rejas, paredes, andamios, vidrio, cristales, etc \/ Sin falsas alarmas \/Protecci\u00f3n de 5 metros de di\u00e1metro \/ Integraci\u00f3n con cualquier panel de alar"},"content":{"rendered":"<div style='width: 100%; max-width: 1200px; margin: 0 auto; font-family: sans-serif; line-height: 1.6; color: inherit; background-color: transparent;'> <!-- T\u00edtulo y primera imagen --> <\/p>\n<div style='display: flex; flex-direction: column; align-items: center; text-align: center; margin-bottom: 30px;'>\n<h1 style='color: #ff8d00; margin: 0;'>GAPID6<\/h1>\n<p> <img style='width: 100%; max-width: 600px; height: auto; border: 1px solid rgba(150&comma;150&comma;150&comma;0.3); border-radius: 8px; margin-top: 15px;' src='https:\/\/ftp3.syscom.mx\/usuarios\/ftp\/single_page\/nat_sensor\/GAPID-1.jpg' alt='Sensor GAPID6'> <\/div>\n<p> <!-- Descripci\u00f3n principal --> <\/p>\n<div style='margin-bottom: 30px;'>\n<h2 style='color: #ff8d00; border-bottom: 2px solid currentColor; padding-bottom: 5px; margin-top: 0; color: inherit; opacity: 0.8;'>Sensor antivand\u00e1lico y antitrepa<\/h2>\n<p>GAPID es un sensor MEMS&comma; que utiliza las capacidades de un aceler\u00f3metro triaxial capaz de discriminar y\/o detectar todos los tipos de vibraci\u00f3n y movimiento a fin de obtener la mejor protecci\u00f3n para una amplia gama de soportes. GAPID dispone de 6 programas preconfigurados m\u00e1s otros 3 adicionales de autoaprendizaje para condiciones particulares y espec\u00edficas. Representa una verdadera innovaci\u00f3n y evoluci\u00f3n en el sector de las protecciones perimetrales.<\/p>\n<\/p><\/div>\n<p> <!-- Imagen y nota --> <\/p>\n<div style='margin-bottom: 30px;'> <img style='width: 100%; max-width: 1200px; height: auto; border: 1px solid rgba(150&comma;150&comma;150&comma;0.3); border-radius: 8px;' src='https:\/\/ftp3.syscom.mx\/usuarios\/ftp\/single_page\/nat_sensor\/GAPID-DIAGRAA.PNG' alt='Diagrama GAPID6'> <\/p>\n<div style='margin-top: 15px; text-align: right;'>NOTA: No incluye accesorios&comma; llamar a Ingenier\u00eda para mas + Info<\/div>\n<\/p><\/div>\n<p> <!-- Caracter\u00edsticas t\u00e9cnicas --> <\/p>\n<div style='margin-bottom: 30px;'>\n<h2 style='color: #ff8d00; border-bottom: 2px solid currentColor; padding-bottom: 5px; margin-top: 0; color: inherit; opacity: 0.8;'>Caracter\u00edsticas t\u00e9cnicas<\/h2>\n<p> <!-- Contenedor de tabla responsive --> <\/p>\n<div style='overflow-x: auto;'>\n<table style='width: 100%; border-collapse: collapse; margin-top: 15px;'>\n<tbody>\n<tr style='background-color: rgba(150&comma; 150&comma; 150&comma; 0.05);'>\n<td style='border: 1px solid rgba(150&comma; 150&comma; 150&comma; 0.3); padding: 12px; font-weight: bold;'>\u00c1rea de cobertura m\u00e1xima<\/td>\n<td style='border: 1px solid rgba(150&comma; 150&comma; 150&comma; 0.3); padding: 12px;'>Di\u00e1metro de 5 metros en todo tipo de vallas&comma; estructuras met\u00e1licas y muros<\/td>\n<\/tr>\n<tr>\n<td style='border: 1px solid rgba(150&comma; 150&comma; 150&comma; 0.3); padding: 12px; font-weight: bold;'>Programaci\u00f3n<\/td>\n<td style='border: 1px solid rgba(150&comma; 150&comma; 150&comma; 0.3); padding: 12px;'>Por medio de un recortador de interruptor de 10 posiciones seleccionable en el umbral de alarma preestablecido<\/td>\n<\/tr>\n<tr style='background-color: rgba(150&comma; 150&comma; 150&comma; 0.05);'>\n<td style='border: 1px solid rgba(150&comma; 150&comma; 150&comma; 0.3); padding: 12px; font-weight: bold;'>Funciones de autoaprendizaje<\/td>\n<td style='border: 1px solid rgba(150&comma; 150&comma; 150&comma; 0.3); padding: 12px;'>3 de los cuales 1 para alarma y 2 para no alarma<\/td>\n<\/tr>\n<tr>\n<td style='border: 1px solid rgba(150&comma; 150&comma; 150&comma; 0.3); padding: 12px; font-weight: bold;'>Funciones de aplicaciones est\u00e1ndar<\/td>\n<td style='border: 1px solid rgba(150&comma; 150&comma; 150&comma; 0.3); padding: 12px;'>6 diferentes<\/td>\n<\/tr>\n<tr style='background-color: rgba(150&comma; 150&comma; 150&comma; 0.05);'>\n<td style='border: 1px solid rgba(150&comma; 150&comma; 150&comma; 0.3); padding: 12px; font-weight: bold;'>Sensibilidad \/ Flujo<\/td>\n<td style='border: 1px solid rgba(150&comma; 150&comma; 150&comma; 0.3); padding: 12px;'>Recortadora ajustable<\/td>\n<\/tr>\n<tr>\n<td style='border: 1px solid rgba(150&comma; 150&comma; 150&comma; 0.3); padding: 12px; font-weight: bold;'>Vibraci\u00f3n m\u00ednima detectable<\/td>\n<td style='border: 1px solid rgba(150&comma; 150&comma; 150&comma; 0.3); padding: 12px;'>0.5 mG<\/td>\n<\/tr>\n<tr style='background-color: rgba(150&comma; 150&comma; 150&comma; 0.05);'>\n<td style='border: 1px solid rgba(150&comma; 150&comma; 150&comma; 0.3); padding: 12px; font-weight: bold;'>Inclinaci\u00f3n m\u00ednima detectable<\/td>\n<td style='border: 1px solid rgba(150&comma; 150&comma; 150&comma; 0.3); padding: 12px;'>10\u00b0<\/td>\n<\/tr>\n<tr>\n<td style='border: 1px solid rgba(150&comma; 150&comma; 150&comma; 0.3); padding: 12px; font-weight: bold;'>Ahorro<\/td>\n<td style='border: 1px solid rgba(150&comma; 150&comma; 150&comma; 0.3); padding: 12px;'>Configuraci\u00f3n autom\u00e1tica de programaci\u00f3n<\/td>\n<\/tr>\n<tr style='background-color: rgba(150&comma; 150&comma; 150&comma; 0.05);'>\n<td style='border: 1px solid rgba(150&comma; 150&comma; 150&comma; 0.3); padding: 12px; font-weight: bold;'>ALIMENTACIONES<\/td>\n<td style='border: 1px solid rgba(150&comma; 150&comma; 150&comma; 0.3); padding: 12px;'><\/td>\n<\/tr>\n<tr>\n<td style='border: 1px solid rgba(150&comma; 150&comma; 150&comma; 0.3); padding: 12px; font-weight: bold;'>Alimentaci\u00f3n 10 a 30 Vcc o 3.6 V con bater\u00eda de litio seleccionable<\/td>\n<td style='border: 1px solid rgba(150&comma; 150&comma; 150&comma; 0.3); padding: 12px;'>Autonom\u00eda (bater\u00eda no incluida) 3 a\u00f1os con una bater\u00eda de 3.6 V a 2.7 Ah (bater\u00eda opcional)<\/td>\n<\/tr>\n<tr style='background-color: rgba(150&comma; 150&comma; 150&comma; 0.05);'>\n<td style='border: 1px solid rgba(150&comma; 150&comma; 150&comma; 0.3); padding: 12px; font-weight: bold;'>Consumo<\/td>\n<td style='border: 1px solid rgba(150&comma; 150&comma; 150&comma; 0.3); padding: 12px;'>En reposo 0.05 mA \/ en alarma 0.2 mA \/ en alarma 0.8 mA<\/td>\n<\/tr>\n<tr>\n<td style='border: 1px solid rgba(150&comma; 150&comma; 150&comma; 0.3); padding: 12px; font-weight: bold;'>SALIDA<\/td>\n<td style='border: 1px solid rgba(150&comma; 150&comma; 150&comma; 0.3); padding: 12px;'><\/td>\n<\/tr>\n<tr style='background-color: rgba(150&comma; 150&comma; 150&comma; 0.05);'>\n<td style='border: 1px solid rgba(150&comma; 150&comma; 150&comma; 0.3); padding: 12px; font-weight: bold;'>Baja producci\u00f3n de bater\u00eda<\/td>\n<td style='border: 1px solid rgba(150&comma; 150&comma; 150&comma; 0.3); padding: 12px;'>Colector negativo abierto<\/td>\n<\/tr>\n<tr>\n<td style='border: 1px solid rgba(150&comma; 150&comma; 150&comma; 0.3); padding: 12px; font-weight: bold;'>Salida de alarma<\/td>\n<td style='border: 1px solid rgba(150&comma; 150&comma; 150&comma; 0.3); padding: 12px;'>NC o equilibrado en el tablero de bornes a bordo<\/td>\n<\/tr>\n<tr style='background-color: rgba(150&comma; 150&comma; 150&comma; 0.05);'>\n<td style='border: 1px solid rgba(150&comma; 150&comma; 150&comma; 0.3); padding: 12px; font-weight: bold;'>Salida de manipulaci\u00f3n<\/td>\n<td style='border: 1px solid rgba(150&comma; 150&comma; 150&comma; 0.3); padding: 12px;'>NC o equilibrado en el tablero de bornes a bordo<\/td>\n<\/tr>\n<tr>\n<td style='border: 1px solid rgba(150&comma; 150&comma; 150&comma; 0.3); padding: 12px; font-weight: bold;'>CARACTER\u00cdSTICAS MEC\u00c1NICAS<\/td>\n<td style='border: 1px solid rgba(150&comma; 150&comma; 150&comma; 0.3); padding: 12px;'><\/td>\n<\/tr>\n<tr style='background-color: rgba(150&comma; 150&comma; 150&comma; 0.05);'>\n<td style='border: 1px solid rgba(150&comma; 150&comma; 150&comma; 0.3); padding: 12px; font-weight: bold;'>Dimensiones<\/td>\n<td style='border: 1px solid rgba(150&comma; 150&comma; 150&comma; 0.3); padding: 12px;'>102 x 52 x 19 mm<\/td>\n<\/tr>\n<tr>\n<td style='border: 1px solid rgba(150&comma; 150&comma; 150&comma; 0.3); padding: 12px; font-weight: bold;'>Temperatura de funcionamiento<\/td>\n<td style='border: 1px solid rgba(150&comma; 150&comma; 150&comma; 0.3); padding: 12px;'>-40 a 80 \u00b0C<\/td>\n<\/tr>\n<tr style='background-color: rgba(150&comma; 150&comma; 150&comma; 0.05);'>\n<td style='border: 1px solid rgba(150&comma; 150&comma; 150&comma; 0.3); padding: 12px; font-weight: bold;'>Material del contenedor<\/td>\n<td style='border: 1px solid rgba(150&comma; 150&comma; 150&comma; 0.3); padding: 12px;'>Policarbonato negro antiara\u00f1azos&comma; resistente a los rayos UV<\/td>\n<\/tr>\n<tr>\n<td style='border: 1px solid rgba(150&comma; 150&comma; 150&comma; 0.3); padding: 12px; font-weight: bold;'>Grado de protecci\u00f3n<\/td>\n<td style='border: 1px solid rgba(150&comma; 150&comma; 150&comma; 0.3); padding: 12px;'>IP66<\/td>\n<\/tr>\n<tr style='background-color: rgba(150&comma; 150&comma; 150&comma; 0.05);'>\n<td style='border: 1px solid rgba(150&comma; 150&comma; 150&comma; 0.3); padding: 12px; font-weight: bold;'>CARACTER\u00cdSTICAS DEL CABLE<\/td>\n<td style='border: 1px solid rgba(150&comma; 150&comma; 150&comma; 0.3); padding: 12px;'><\/td>\n<\/tr>\n<tr>\n<td style='border: 1px solid rgba(150&comma; 150&comma; 150&comma; 0.3); padding: 12px; font-weight: bold;'>3 diferentes longitudes de cable<\/td>\n<td style='border: 1px solid rgba(150&comma; 150&comma; 150&comma; 0.3); padding: 12px;'>2&comma; 4 y 6 m blindado&comma; anti-UV&comma; sellado en el sensor<\/td>\n<\/tr>\n<tr style='background-color: rgba(150&comma; 150&comma; 150&comma; 0.05);'>\n<td style='border: 1px solid rgba(150&comma; 150&comma; 150&comma; 0.3); padding: 12px; font-weight: bold;'>Cable<\/td>\n<td style='border: 1px solid rgba(150&comma; 150&comma; 150&comma; 0.3); padding: 12px;'>Antiarrugas y transitable&comma; adecuado para uso en exteriores<\/td>\n<\/tr>\n<tr>\n<td style='border: 1px solid rgba(150&comma; 150&comma; 150&comma; 0.3); padding: 12px; font-weight: bold;'>Accesorios suministrados<\/td>\n<td style='border: 1px solid rgba(150&comma; 150&comma; 150&comma; 0.3); padding: 12px;'>Placa de acero y tornillos de fijaci\u00f3n<\/td>\n<\/tr>\n<tr style='background-color: rgba(150&comma; 150&comma; 150&comma; 0.05);'>\n<td style='border: 1px solid rgba(150&comma; 150&comma; 150&comma; 0.3); padding: 12px; font-weight: bold;'>Aplicaciones<\/td>\n<td style='border: 1px solid rgba(150&comma; 150&comma; 150&comma; 0.3); padding: 12px;'>Cancelas \u2022 Muros antivand\u00e1licos \u2022 Ventanales \u2022 Verjas<\/td>\n<\/tr>\n<\/tbody>\n<\/table><\/div>\n<\/p><\/div>\n<p> <!-- Videos --> <\/p>\n<div style='display: flex; flex-wrap: wrap; gap: 30px; margin-bottom: 30px;'>\n<div style='flex: 1 1 500px; min-width: 300px;'>\n<div style='position: relative; padding-bottom: 56.25%; height: 0; overflow: hidden;'>   <\/div>\n<\/p><\/div>\n<div style='flex: 1 1 500px; min-width: 300px;'>\n<div style='position: relative; padding-bottom: 56.25%; height: 0; overflow: hidden;'>   <\/div>\n<\/p><\/div>\n<\/p><\/div>\n<p> <!-- Separador final --> <\/p>\n<hr style='border: 0; border-top: 1px solid rgba(150&comma; 150&comma; 150&comma; 0.3); margin: 30px 0;'> <\/div>\n","protected":false},"excerpt":{"rendered":"<p>Sensor Inteligente Universal \/ Anti-trepa de intrusos \/ Para muros, mallas ciclonicas, rejas, paredes, andamios, vidrio, cristales, etc \/ Sin falsas alarmas \/Protecci\u00f3n de 5 metros de di\u00e1metro \/ Integraci\u00f3n con cualquier panel de alar<\/p>\n","protected":false},"featured_media":6638,"comment_status":"open","ping_status":"closed","template":"","meta":[],"product_brand":[],"product_cat":[100],"product_tag":[19,101,379],"class_list":{"0":"post-6639","1":"product","2":"type-product","3":"status-publish","4":"has-post-thumbnail","6":"product_cat-impacto","7":"product_tag-detectores-sensores","8":"product_tag-impacto","9":"product_tag-politec","11":"first","12":"outofstock","13":"sale","14":"shipping-taxable","15":"purchasable","16":"product-type-simple"},"_links":{"self":[{"href":"https:\/\/soydeaqui.ddns.net\/pachuca\/index.php\/wp-json\/wp\/v2\/product\/6639","targetHints":{"allow":["GET"]}}],"collection":[{"href":"https:\/\/soydeaqui.ddns.net\/pachuca\/index.php\/wp-json\/wp\/v2\/product"}],"about":[{"href":"https:\/\/soydeaqui.ddns.net\/pachuca\/index.php\/wp-json\/wp\/v2\/types\/product"}],"replies":[{"embeddable":true,"href":"https:\/\/soydeaqui.ddns.net\/pachuca\/index.php\/wp-json\/wp\/v2\/comments?post=6639"}],"wp:featuredmedia":[{"embeddable":true,"href":"https:\/\/soydeaqui.ddns.net\/pachuca\/index.php\/wp-json\/wp\/v2\/media\/6638"}],"wp:attachment":[{"href":"https:\/\/soydeaqui.ddns.net\/pachuca\/index.php\/wp-json\/wp\/v2\/media?parent=6639"}],"wp:term":[{"taxonomy":"product_brand","embeddable":true,"href":"https:\/\/soydeaqui.ddns.net\/pachuca\/index.php\/wp-json\/wp\/v2\/product_brand?post=6639"},{"taxonomy":"product_cat","embeddable":true,"href":"https:\/\/soydeaqui.ddns.net\/pachuca\/index.php\/wp-json\/wp\/v2\/product_cat?post=6639"},{"taxonomy":"product_tag","embeddable":true,"href":"https:\/\/soydeaqui.ddns.net\/pachuca\/index.php\/wp-json\/wp\/v2\/product_tag?post=6639"}],"curies":[{"name":"wp","href":"https:\/\/api.w.org\/{rel}","templated":true}]}}