{"id":66381,"date":"2026-03-19T08:55:44","date_gmt":"2026-03-19T08:55:44","guid":{"rendered":"https:\/\/soydeaqui.ddns.net\/pachuca\/index.php\/producto\/radio-movil-digital-con-pantalla-numerica-en-rango-de-380-470mhz-de-99-canales-seleccionables-gps-y-bluethooth-incluye-microfono-cable-de-corriente-y-bracket\/"},"modified":"2026-03-19T08:55:45","modified_gmt":"2026-03-19T08:55:45","slug":"radio-movil-digital-con-pantalla-numerica-en-rango-de-380-470mhz-de-99-canales-seleccionables-gps-y-bluethooth-incluye-microfono-cable-de-corriente-y-bracket","status":"publish","type":"product","link":"https:\/\/soydeaqui.ddns.net\/pachuca\/index.php\/producto\/radio-movil-digital-con-pantalla-numerica-en-rango-de-380-470mhz-de-99-canales-seleccionables-gps-y-bluethooth-incluye-microfono-cable-de-corriente-y-bracket\/","title":{"rendered":"Radio m\u00f3vil digital con pantalla num\u00e9rica, en rango de 380-470MHz, de 99 canales seleccionables, GPS, y bluethooth. Incluye micr\u00f3fono, cable de corriente y bracket."},"content":{"rendered":"<div style='width: 100%; max-width: 1200px; margin: 0 auto; font-family: sans-serif; line-height: 1.6; color: inherit; background-color: transparent;'>\n<div style='margin-bottom: 30px; font-size: 15px; color: inherit;'>\n<p style='margin: 0 0 15px;'>La serie de radios F5400D es el nuevo producto IDAS insignia de ICOM. Se incluyen docenas de caracter\u00edsticas y funciones nuevas&comma; todo en un nuevo tama\u00f1o de factor de forma peque\u00f1o. Funciones como tarjeta SD&comma; interfaz USB y Bluetooth aparecen por primera vez en este producto m\u00f3vil terrestre. Una pantalla a color brillante permite una f\u00e1cil observaci\u00f3n de informaci\u00f3n cr\u00edtica&comma; desde la luz m\u00e1s tenue hasta la luz del sol m\u00e1s brillante. Icom es la elecci\u00f3n cuando desea llevar sus comunicaciones al siguiente nivel.<\/p>\n<\/p><\/div>\n<div style='display: flex; flex-wrap: wrap; gap: 20px; margin-bottom: 30px;'>\n<div style='flex: 1 1 250px; border: 1px solid rgba(150&comma; 150&comma; 150&comma; 0.4); border-radius: 8px; overflow: hidden; display: flex; flex-direction: column;'>\n<div style='padding: 15px; border-bottom: 1px solid rgba(150&comma; 150&comma; 150&comma; 0.2); font-weight: bold; font-size: 18px; color: inherit;'>Especificaciones<\/div>\n<div style='padding: 15px; color: inherit;'>\n<ul style='padding-left: 20px; margin: 0; font-size: 14px; list-style-type: disc;'>\n<li style='margin-bottom: 5px;'><strong>Canales:<\/strong> 99 canales con 128 zonas<\/li>\n<li style='margin-bottom: 5px;'><strong>Salida de poder:<\/strong> 50W VHF<\/li>\n<li style='margin-bottom: 5px;'><strong>Frecuencias:<\/strong> 380-470MHz<\/li>\n<li style='margin-bottom: 5px;'><strong>Convencional Digital:<\/strong> IDAS interconstruido<\/li>\n<li style='margin-bottom: 5px;'><strong>Troncalizaci\u00f3n digital:<\/strong> Actualizaci\u00f3n disponible<\/li>\n<li style='margin-bottom: 5px;'><strong>LTR\u00ae:<\/strong> Interconstruido<\/li>\n<li style='margin-bottom: 5px;'><strong>GPS:<\/strong> Interconstruido<\/li>\n<li style='margin-bottom: 5px;'><strong>Teclas programables:<\/strong> 5 (F5400DS)<\/li>\n<li style='margin-bottom: 5px;'><strong>Clasificaci\u00f3n impermeable:<\/strong> IP55<\/li>\n<\/ul><\/div>\n<\/p><\/div>\n<div style='flex: 1 1 250px; border: 1px solid rgba(150&comma; 150&comma; 150&comma; 0.4); border-radius: 8px; overflow: hidden; display: flex; flex-direction: column;'>\n<div style='padding: 15px; border-bottom: 1px solid rgba(150&comma; 150&comma; 150&comma; 0.2); font-weight: bold; font-size: 18px; color: inherit;'>Versiones<\/div>\n<div style='padding: 15px; color: inherit;'>\n<ul style='padding-left: 20px; margin: 0; font-size: 14px; list-style-type: disc;'>\n<li style='margin-bottom: 5px;'>Visualizaci\u00f3n solo num\u00e9rica<\/li>\n<li style='margin-bottom: 5px;'>Pantalla completa<\/li>\n<\/ul><\/div>\n<\/p><\/div>\n<\/p><\/div>\n<div style='margin-bottom: 30px;'>\n<h3 style='font-size: 22px; border-bottom: 2px solid currentColor; padding-bottom: 5px; margin-top: 0; color: inherit; opacity: 0.8;'>Interfaz de usuario intuitiva<\/h3>\n<p style='margin: 15px 0; font-size: 15px; color: inherit;'>La pantalla LCD a color de alta resoluci\u00f3n mejora la visibilidad tanto en la naturaleza como en la iluminaci\u00f3n interior. Las funciones y los elementos de men\u00fa claramente etiquetados facilitan la comprensi\u00f3n de los iconos y caracteres. La configuraci\u00f3n del modo nocturno de la pantalla LCD es una alternativa para usar durante la noche o en condiciones de poca iluminaci\u00f3n. El vidrio es resistente a los ara\u00f1azos para protegerlo de grietas y ara\u00f1azos.<\/p>\n<div style='display: flex; flex-wrap: wrap; gap: 15px; margin: 20px 0;'>\n<div style='flex: 1 1 200px; min-width: 180px;'> <img style='width: 100%; height: auto; border: 1px solid rgba(150&comma;150&comma;150&comma;0.3); border-radius: 8px;' src='https:\/\/www.icomamerica.com\/en\/products\/landmobile\/idas\/f5400dseries\/images\/F5400D-screen-1.jpg' alt=''> <\/p>\n<p style='text-align: center; margin-top: 8px; font-size: 14px; color: inherit;'>modo dia<\/p>\n<\/p><\/div>\n<div style='flex: 1 1 200px; min-width: 180px;'> <img style='width: 100%; height: auto; border: 1px solid rgba(150&comma;150&comma;150&comma;0.3); border-radius: 8px;' src='https:\/\/www.icomamerica.com\/en\/products\/landmobile\/idas\/f5400dseries\/images\/F5400D-screen-2.jpg' alt=''> <\/p>\n<p style='text-align: center; margin-top: 8px; font-size: 14px; color: inherit;'>modo noche<\/p>\n<\/p><\/div>\n<div style='flex: 1 1 200px; min-width: 180px;'> <img style='width: 100%; height: auto; border: 1px solid rgba(150&comma;150&comma;150&comma;0.3); border-radius: 8px;' src='https:\/\/www.icomamerica.com\/en\/products\/landmobile\/idas\/f5400dseries\/images\/F5400D-screen-3.jpg' alt=''> <\/p>\n<p style='text-align: center; margin-top: 8px; font-size: 14px; color: inherit;'>pantalla de men\u00fa<\/p>\n<\/p><\/div>\n<\/p><\/div>\n<\/p><\/div>\n<div style='margin-bottom: 30px;'>\n<h3 style='font-size: 22px; border-bottom: 2px solid currentColor; padding-bottom: 5px; margin-top: 0; color: inherit; opacity: 0.8;'>M\u00faltiples configuraciones de controlador<\/h3>\n<p style='margin: 15px 0; font-size: 15px; color: inherit;'>El F5400D\/F6400D permite al usuario configurar la radio de tres maneras para adaptarse a casi cualquier aplicaci\u00f3n o requisito de instalaci\u00f3n. La funci\u00f3n de intercomunicaci\u00f3n est\u00e1 disponible entre controladores y\/o COMMANDMIC.<\/p>\n<p style='margin: 15px 0; font-size: 15px; color: inherit;'>El nuevo COMMANDMIC tiene un dise\u00f1o f\u00edsico y una interfaz de usuario id\u00e9nticos a los del F3400D. Al instalarse en un veh\u00edculo&comma; permite un control remoto secundario del F5400D.<\/p>\n<div style='display: flex; flex-wrap: wrap; gap: 15px; margin: 20px 0;'>\n<div style='flex: 1 1 200px; min-width: 150px;'> <img style='width: 100%; height: auto; border: 1px solid rgba(150&comma;150&comma;150&comma;0.3); border-radius: 8px;' src='https:\/\/www.icomamerica.com\/en\/products\/landmobile\/idas\/f5400dseries\/images\/F5400D_detached_hm-220.jpg' alt=''> <\/p>\n<p style='text-align: center; margin-top: 8px; font-size: 14px; color: inherit;'>Configuraci\u00f3n del controlador separado<\/p>\n<p style='text-align: center; font-size: 14px; color: inherit;'>(con RMK-5 opcional y cable de separaci\u00f3n)<\/p>\n<\/p><\/div>\n<div style='flex: 1 1 200px; min-width: 200px;'> <img style='width: 100%; height: auto; border: 1px solid rgba(150&comma;150&comma;150&comma;0.3); border-radius: 8px;' src='https:\/\/www.icomamerica.com\/en\/products\/landmobile\/idas\/f5400dseries\/images\/F5400D_multiplt_dual_head.jpg' alt=''> <\/p>\n<p style='text-align: center; margin-top: 8px; font-size: 14px; color: inherit;'>Configuraci\u00f3n del controlador de dos cabezales<\/p>\n<p style='text-align: center; font-size: 14px; color: inherit;'>(con RMK-7 opcional y cable de separaci\u00f3n)<\/p>\n<\/p><\/div>\n<div style='flex: 1 1 200px; min-width: 180px;'> <img style='width: 100%; height: auto; border: 1px solid rgba(150&comma;150&comma;150&comma;0.3); border-radius: 8px;' src='https:\/\/www.icomamerica.com\/en\/products\/landmobile\/idas\/f5400dseries\/images\/F5400D_multiple_commandmic.jpg' alt=''> <\/p>\n<p style='text-align: center; margin-top: 8px; font-size: 14px; color: inherit;'>Configuraci\u00f3n de COMMANDMIC\u2122 y controlador separado<\/p>\n<p style='text-align: center; font-size: 14px; color: inherit;'>(con RMK-7&comma; HM-218 COMMANDMIC y cable de separaci\u00f3n opcionales)<\/p>\n<\/p><\/div>\n<\/p><\/div>\n<\/p><\/div>\n<div style='margin-bottom: 30px;'>\n<h3 style='font-size: 22px; border-bottom: 2px solid currentColor; padding-bottom: 5px; margin-top: 0; color: inherit; opacity: 0.8;'>Caracter\u00edsticas de IDAS<\/h3>\n<p style='margin: 15px 0; font-size: 15px; color: inherit;'>La serie F5400D proporciona una operaci\u00f3n de modelo digital IDAS basada en NXDN\u2122 CAI en IDAS convencional y multisitio convencional. Las siguientes caracter\u00edsticas de IDAS disponibles:<\/p>\n<ul style='padding-left: 20px; margin: 0 0 20px; font-size: 14px; color: inherit;'>\n<li style='margin-bottom: 5px;'>Funcionamiento en modo mixto convencional anal\u00f3gico\/digital<\/li>\n<li style='margin-bottom: 5px;'>Actualizar a enlace troncal tipo D<\/li>\n<li style='margin-bottom: 5px;'>Estado<\/li>\n<li style='margin-bottom: 5px;'>Mensaje de texto<\/li>\n<li style='margin-bottom: 5px;'>Control de radio<\/li>\n<li style='margin-bottom: 5px;'>Stun&comma; kill and revive<\/li>\n<li style='margin-bottom: 5px;'>Llamada de alerta<\/li>\n<li style='margin-bottom: 5px;'>Monitor remoto<\/li>\n<\/ul><\/div>\n<div style='margin-bottom: 30px;'>\n<h3 style='font-size: 22px; border-bottom: 2px solid currentColor; padding-bottom: 5px; margin-top: 0; color: inherit; opacity: 0.8;'>Caracter\u00edsticas adicionales<\/h3>\n<ul style='padding-left: 20px; margin: 0; font-size: 14px; color: inherit;'>\n<li style='margin-bottom: 5px;'>Comunicaci\u00f3n manos libres con Bluetooth\u00ae incorporado<\/li>\n<li style='margin-bottom: 5px;'>Funciones de seguridad: bot\u00f3n de emergencia&comma; funci\u00f3n de trabajador solitario y funci\u00f3n de emergencia de apagado<\/li>\n<li style='margin-bottom: 5px;'>El m\u00f3dem de datos transparente puede transmitir datos a 9600 bps por radio<\/li>\n<li style='margin-bottom: 5px;'>Env\u00eda mensajes de texto de hasta 100 caracteres<\/li>\n<li style='margin-bottom: 5px;'>Las alertas programables pueden vibrar cuando llama un usuario espec\u00edfico<\/li>\n<li style='margin-bottom: 5px;'>Anuncio de voz del canal<\/li>\n<li style='margin-bottom: 5px;'>Puerto USB para conectar a una PC<\/li>\n<li style='margin-bottom: 5px;'>Cancelaci\u00f3n activa de ruido<\/li>\n<li style='margin-bottom: 5px;'>2 tonos&comma; 5 tonos&comma; CTCSS&comma; DTCS y MDC1200 incorporados en anal\u00f3gico<\/li>\n<li style='margin-bottom: 5px;'>Conector ACC D-SUB de 25 pines con funciones programables<\/li>\n<li style='margin-bottom: 5px;'>Amplificador de audio de 20 W incorporado para conectar con sistemas de megafon\u00eda externos<\/li>\n<li style='margin-bottom: 5px;'>Funci\u00f3n de grupo t\u00e1ctico<\/li>\n<li style='margin-bottom: 5px;'>Escaneo normal&comma; prioritario y de votaci\u00f3n<\/li>\n<\/ul><\/div>\n<\/p><\/div>\n","protected":false},"excerpt":{"rendered":"<p>Radio m\u00f3vil digital con pantalla num\u00e9rica, en rango de 380-470MHz, de 99 canales seleccionables, GPS, y bluethooth. Incluye micr\u00f3fono, cable de corriente y bracket.<\/p>\n","protected":false},"featured_media":66380,"comment_status":"open","ping_status":"closed","template":"","meta":[],"product_brand":[],"product_cat":[1743],"product_tag":[1288,1744,1626],"class_list":{"0":"post-66381","1":"product","2":"type-product","3":"status-publish","4":"has-post-thumbnail","6":"product_cat-moviles-digitales-uhf","7":"product_tag-icom","8":"product_tag-moviles-digitales-uhf","9":"product_tag-radios-comerciales-icom-kenwood-txpro","11":"first","12":"outofstock","13":"sale","14":"shipping-taxable","15":"purchasable","16":"product-type-simple"},"_links":{"self":[{"href":"https:\/\/soydeaqui.ddns.net\/pachuca\/index.php\/wp-json\/wp\/v2\/product\/66381","targetHints":{"allow":["GET"]}}],"collection":[{"href":"https:\/\/soydeaqui.ddns.net\/pachuca\/index.php\/wp-json\/wp\/v2\/product"}],"about":[{"href":"https:\/\/soydeaqui.ddns.net\/pachuca\/index.php\/wp-json\/wp\/v2\/types\/product"}],"replies":[{"embeddable":true,"href":"https:\/\/soydeaqui.ddns.net\/pachuca\/index.php\/wp-json\/wp\/v2\/comments?post=66381"}],"wp:featuredmedia":[{"embeddable":true,"href":"https:\/\/soydeaqui.ddns.net\/pachuca\/index.php\/wp-json\/wp\/v2\/media\/66380"}],"wp:attachment":[{"href":"https:\/\/soydeaqui.ddns.net\/pachuca\/index.php\/wp-json\/wp\/v2\/media?parent=66381"}],"wp:term":[{"taxonomy":"product_brand","embeddable":true,"href":"https:\/\/soydeaqui.ddns.net\/pachuca\/index.php\/wp-json\/wp\/v2\/product_brand?post=66381"},{"taxonomy":"product_cat","embeddable":true,"href":"https:\/\/soydeaqui.ddns.net\/pachuca\/index.php\/wp-json\/wp\/v2\/product_cat?post=66381"},{"taxonomy":"product_tag","embeddable":true,"href":"https:\/\/soydeaqui.ddns.net\/pachuca\/index.php\/wp-json\/wp\/v2\/product_tag?post=66381"}],"curies":[{"name":"wp","href":"https:\/\/api.w.org\/{rel}","templated":true}]}}