{"id":66353,"date":"2026-03-19T08:54:41","date_gmt":"2026-03-19T08:54:41","guid":{"rendered":"https:\/\/soydeaqui.ddns.net\/pachuca\/index.php\/producto\/ventilador-110-vca-con-clavija-para-gabinete-de-pared-con-2-tomas-de-corriente\/"},"modified":"2026-03-19T08:54:44","modified_gmt":"2026-03-19T08:54:44","slug":"ventilador-110-vca-con-clavija-para-gabinete-de-pared-con-2-tomas-de-corriente","status":"publish","type":"product","link":"https:\/\/soydeaqui.ddns.net\/pachuca\/index.php\/producto\/ventilador-110-vca-con-clavija-para-gabinete-de-pared-con-2-tomas-de-corriente\/","title":{"rendered":"Ventilador 110 Vca con Clavija para Gabinete de Pared con 2 Tomas de Corriente"},"content":{"rendered":"<div style='width: 100%; max-width: 1200px; margin: 0 auto; font-family: sans-serif; line-height: 1.6; color: inherit;'> <!-- Imagen del producto --> <\/p>\n<div style='margin-bottom: 30px;'> <a style='display: inline-block; text-decoration: none; color: inherit;' href='https:\/\/www.syscom.mx\/principal\/listadoportadasazul\/redes-racks-y-gabinetes-509.html?ordenar=Precio_de_Menor_a_Mayor&#038;marca=-linkedpro&#038;pag=1'> <img style='width: 100%; max-width: 700px; height: auto; border: 1px solid rgba(150&comma;150&comma;150&comma;0.3); border-radius: 8px;' src='https:\/\/ftp3.syscom.mx\/usuarios\/fotos\/SR1906GFP\/74707-gabinetes_linkedpro.jpg' alt='Imagen del producto'> <\/a> <\/div>\n<p> <!-- Secci\u00f3n de funcionamiento --> <\/p>\n<div style='margin-bottom: 30px;'>\n<h3 style='font-size: 22px; border-bottom: 2px solid currentColor; padding-bottom: 5px; margin-top: 0; color: inherit; opacity: 0.8;'>\u00bfC\u00f3mo funciona el equipo?<\/h3>\n<p style='font-size: 15px; color: inherit;'> El ventilador LP-VENT-01 se instala en el techo de gabinetes de pared serie GFP para proporcionar un flujo de aire y disminuir la temperatura de los equipos resguardados. Para facilitar la instalaci\u00f3n&comma; el ventilador incluye en su parte lateral dos tomacorrientes con alimentaci\u00f3n de 110 Vca (max. 5A) para alimentar Dvr&#8217;s&comma; peque\u00f1as fuentes de poder u otros sistemas similares. <\/p>\n<\/p><\/div>\n<p> <!-- Secci\u00f3n de caracter\u00edsticas principales --> <\/p>\n<div style='margin-bottom: 30px;'>\n<h3 style='font-size: 22px; border-bottom: 2px solid currentColor; padding-bottom: 5px; margin-top: 0; color: inherit; opacity: 0.8;'>Caracter\u00edsticas Principales<\/h3>\n<ul style='padding-left: 20px; font-size: 15px; color: inherit;'>\n<li>Incluye bracket y torniller\u00eda para facil instalaci\u00f3n.<\/li>\n<li>Cuenta con interruptor ON\/OFF.<\/li>\n<li>Ventilador (1 pza) a 110 Vca con cable (3x18AWG) y clavija.<\/li>\n<li>Incluye dos contactos para alimentar equipos dentro de gabinete.<\/li>\n<li>Cuenta con fusible de 5A.<\/li>\n<li>Incluye torniller\u00eda para instalaci\u00f3n.<\/li>\n<li>Dimensiones: 171 x 41 x 127 mm (ancho x alto x profundidad).<\/li>\n<li>El ventilador tiene una capacidad de 38 CFM.<\/li>\n<\/ul><\/div>\n<p> <!-- Secci\u00f3n de compatibilidad --> <\/p>\n<div style='margin-bottom: 30px;'>\n<h3 style='font-size: 22px; border-bottom: 2px solid currentColor; padding-bottom: 5px; margin-top: 0; color: inherit; opacity: 0.8;'>Compatibilidad<\/h3>\n<p style='font-size: 15px; color: inherit; margin: 0 0 10px 0;'>Compatible con modelo:<\/p>\n<ul style='padding-left: 20px; font-size: 15px; color: inherit; margin-top: 0;'>\n<li>SR-1906-GFP<\/li>\n<li>SR-1909-GFP<\/li>\n<li>SR-1912-GFP<\/li>\n<li>SR-1916-GFP<\/li>\n<li>SR-1924-GFP<\/li>\n<\/ul><\/div>\n<\/p><\/div>\n","protected":false},"excerpt":{"rendered":"<p>Ventilador 110 Vca con Clavija para Gabinete de Pared con 2 Tomas de Corriente<\/p>\n","protected":false},"featured_media":66352,"comment_status":"open","ping_status":"closed","template":"","meta":[],"product_brand":[],"product_cat":[604],"product_tag":[606,435,605],"class_list":{"0":"post-66353","1":"product","2":"type-product","3":"status-publish","4":"has-post-thumbnail","6":"product_cat-accesorios-para-racks-y-gabinetes","7":"product_tag-accesorios-para-racks-y-gabinetes","8":"product_tag-linkedpro-by-epcom","9":"product_tag-racks-y-gabinetes","11":"first","12":"instock","13":"sale","14":"shipping-taxable","15":"purchasable","16":"product-type-simple"},"_links":{"self":[{"href":"https:\/\/soydeaqui.ddns.net\/pachuca\/index.php\/wp-json\/wp\/v2\/product\/66353","targetHints":{"allow":["GET"]}}],"collection":[{"href":"https:\/\/soydeaqui.ddns.net\/pachuca\/index.php\/wp-json\/wp\/v2\/product"}],"about":[{"href":"https:\/\/soydeaqui.ddns.net\/pachuca\/index.php\/wp-json\/wp\/v2\/types\/product"}],"replies":[{"embeddable":true,"href":"https:\/\/soydeaqui.ddns.net\/pachuca\/index.php\/wp-json\/wp\/v2\/comments?post=66353"}],"wp:featuredmedia":[{"embeddable":true,"href":"https:\/\/soydeaqui.ddns.net\/pachuca\/index.php\/wp-json\/wp\/v2\/media\/66352"}],"wp:attachment":[{"href":"https:\/\/soydeaqui.ddns.net\/pachuca\/index.php\/wp-json\/wp\/v2\/media?parent=66353"}],"wp:term":[{"taxonomy":"product_brand","embeddable":true,"href":"https:\/\/soydeaqui.ddns.net\/pachuca\/index.php\/wp-json\/wp\/v2\/product_brand?post=66353"},{"taxonomy":"product_cat","embeddable":true,"href":"https:\/\/soydeaqui.ddns.net\/pachuca\/index.php\/wp-json\/wp\/v2\/product_cat?post=66353"},{"taxonomy":"product_tag","embeddable":true,"href":"https:\/\/soydeaqui.ddns.net\/pachuca\/index.php\/wp-json\/wp\/v2\/product_tag?post=66353"}],"curies":[{"name":"wp","href":"https:\/\/api.w.org\/{rel}","templated":true}]}}