{"id":66348,"date":"2026-03-19T08:54:29","date_gmt":"2026-03-19T08:54:29","guid":{"rendered":"https:\/\/soydeaqui.ddns.net\/pachuca\/index.php\/producto\/metro-de-cable-coaxial-rg-8-x-lmr240-de-baja-prdida-50-ohms\/"},"modified":"2026-03-19T08:54:30","modified_gmt":"2026-03-19T08:54:30","slug":"metro-de-cable-coaxial-rg-8-x-lmr240-de-baja-prdida-50-ohms","status":"publish","type":"product","link":"https:\/\/soydeaqui.ddns.net\/pachuca\/index.php\/producto\/metro-de-cable-coaxial-rg-8-x-lmr240-de-baja-prdida-50-ohms\/","title":{"rendered":"Metro de Cable Coaxial RG-8\/X LMR240 de Baja P?rdida, 50 Ohms"},"content":{"rendered":"<div style='width: 100%; max-width: 1200px; margin: 0 auto; font-family: sans-serif; line-height: 1.6; color: inherit; background-color: transparent;'>\n<div style='display: flex; flex-wrap: wrap; gap: 30px; margin-bottom: 30px;'>\n<div style='flex: 1 1 300px; min-width: 280px;'>\n<h3 style='font-size: 22px; border-bottom: 2px solid currentColor; padding-bottom: 5px; margin-top: 0; color: inherit; opacity: 0.8;'>Caracter\u00edsticas Generales<\/h3>\n<ul style='padding-left: 20px; font-size: 15px; color: inherit;'>\n<li style='margin-bottom: 5px;'>Cable coaxial Times LMR de alto desempe\u00f1o<\/li>\n<li style='margin-bottom: 5px;'>Dise\u00f1o superior con gran flexibilidad y baja p\u00e9rdida&comma; recomendado para una gran variedad de aplicaciones que requieran un cable RF de baja p\u00e9rdida y de f\u00e1cil instalaci\u00f3n<\/li>\n<\/ul><\/div>\n<\/p><\/div>\n<div style='display: flex; flex-wrap: wrap; gap: 30px; margin-bottom: 30px;'>\n<div style='flex: 1 1 300px; min-width: 280px;'>\n<h3 style='font-size: 22px; border-bottom: 2px solid currentColor; padding-bottom: 5px; margin-top: 0; color: inherit; opacity: 0.8;'>Ventajas<\/h3>\n<ul style='padding-left: 20px; font-size: 15px; color: inherit;'>\n<li style='margin-bottom: 5px;'>Desempe\u00f1o similar al ofrecido por cables de cobre corrugado<\/li>\n<li style='margin-bottom: 5px;'>Flexibilidad superior<\/li>\n<li style='margin-bottom: 5px;'>Mayor facilidad y rapidez de instalaci\u00f3n<\/li>\n<li style='margin-bottom: 5px;'>Mejor blindaje y menor p\u00e9rdida comparado con otros cables del tipo RG-8\/X<\/li>\n<\/ul><\/div>\n<\/p><\/div>\n<div style='display: flex; flex-wrap: wrap; gap: 30px; margin-bottom: 30px;'>\n<div style='flex: 1 1 300px; min-width: 280px;'>\n<h3 style='font-size: 22px; border-bottom: 2px solid currentColor; padding-bottom: 5px; margin-top: 0; color: inherit; opacity: 0.8;'>Aplicaciones<\/h3>\n<ul style='padding-left: 20px; font-size: 15px; color: inherit;'>\n<li style='margin-bottom: 5px;'>Instalaciones cortas de cable<\/li>\n<li style='margin-bottom: 5px;'>Jumpers para sistemas de comunicaci\u00f3n<\/li>\n<li style='margin-bottom: 5px;'>Cualquier aplicaci\u00f3n como: sistemas de comunicaci\u00f3n v\u00eda radio&comma; GPS&comma; WiMax&comma; Satelital&comma; RF ID&comma; Sistemas DAS&comma; etc.<\/li>\n<\/ul><\/div>\n<\/p><\/div>\n<div style='display: flex; flex-wrap: wrap; gap: 20px; margin-bottom: 30px;'>\n<div style='flex: 1 1 250px; border: 1px solid rgba(150&comma; 150&comma; 150&comma; 0.4); border-radius: 8px; overflow: hidden; display: flex; flex-direction: column;'>\n<div style='padding: 15px; border-bottom: 1px solid rgba(150&comma; 150&comma; 150&comma; 0.2); font-weight: bold; font-size: 18px; color: inherit;'>Especificaciones T\u00e9cnicas<\/div>\n<div style='padding: 15px; color: inherit;'>\n<ul style='padding-left: 20px; margin: 0; font-size: 14px; list-style-type: disc;'>\n<li style='margin-bottom: 5px;'><strong>Impedancia:<\/strong> 50 Ohm<\/li>\n<li style='margin-bottom: 5px;'><strong>Atenuaci\u00f3n en 30 mts. a 150 MHz:<\/strong> 3 dB<\/li>\n<li style='margin-bottom: 5px;'><strong>Atenuaci\u00f3n en 30 mts. a 450 MHz:<\/strong> 5.3 dB<\/li>\n<li style='margin-bottom: 5px;'><strong>Efectividad de Blindaje:<\/strong> mayor a 90 dB<\/li>\n<li style='margin-bottom: 5px;'><strong>Factor de Velocidad:<\/strong> 84%<\/li>\n<li style='margin-bottom: 5px;'><strong>Potencia Nominal:<\/strong> 0.38 kW a 450 MHz<\/li>\n<\/ul><\/div>\n<\/p><\/div>\n<div style='flex: 1 1 250px; border: 1px solid rgba(150&comma; 150&comma; 150&comma; 0.4); border-radius: 8px; overflow: hidden; display: flex; flex-direction: column;'>\n<div style='padding: 15px; border-bottom: 1px solid rgba(150&comma; 150&comma; 150&comma; 0.2); font-weight: bold; font-size: 18px; color: inherit;'>Especificaciones de Construcci\u00f3n<\/div>\n<div style='padding: 15px; color: inherit;'>\n<ul style='padding-left: 20px; margin: 0; font-size: 14px; list-style-type: disc;'>\n<li style='margin-bottom: 5px;'><strong>Material del Conductor Central:<\/strong> Cobre s\u00f3lido<\/li>\n<li style='margin-bottom: 5px;'><strong>Di\u00e1metro Exterior del Cable:<\/strong> 6.10 mm<\/li>\n<li style='margin-bottom: 5px;'><strong>Di\u00e1metro del Conductor Interno:<\/strong> 1.42 mm<\/li>\n<li style='margin-bottom: 5px;'><strong>Blindaje:<\/strong> Malla de Cobre Esta\u00f1ado<\/li>\n<li style='margin-bottom: 5px;'><strong>Aislamiento Diel\u00e9ctrico:<\/strong> Espuma de polietileno<\/li>\n<\/ul><\/div>\n<\/p><\/div>\n<\/p><\/div>\n<div style='margin-bottom: 30px;'>\n<div style='padding: 15px; border: 1px solid rgba(231&comma; 76&comma; 60&comma; 0.6); border-radius: 8px; background-color: rgba(231&comma; 76&comma; 60&comma; 0.1);'> <strong style='color: #e74c3c;'>NOTA:<\/strong> Tramos de longitud m\u00e1xima de 305 metros&comma; para longitudes superiores comunicarse al departamento de ingenier\u00eda. <\/div>\n<\/p><\/div>\n<hr style='border: 0; border-top: 1px solid rgba(150&comma; 150&comma; 150&comma; 0.3); margin: 30px 0;'> <\/div>\n","protected":false},"excerpt":{"rendered":"<p>Metro de Cable Coaxial RG-8\/X LMR240 de Baja P?rdida, 50 Ohms<\/p>\n","protected":false},"featured_media":66347,"comment_status":"open","ping_status":"closed","template":"","meta":[],"product_brand":[],"product_cat":[1558],"product_tag":[138,1559,1306],"class_list":{"0":"post-66348","1":"product","2":"type-product","3":"status-publish","4":"has-post-thumbnail","6":"product_cat-coaxiales","7":"product_tag-cables","8":"product_tag-coaxiales","9":"product_tag-times-microwave","11":"first","12":"instock","13":"sale","14":"shipping-taxable","15":"purchasable","16":"product-type-simple"},"_links":{"self":[{"href":"https:\/\/soydeaqui.ddns.net\/pachuca\/index.php\/wp-json\/wp\/v2\/product\/66348","targetHints":{"allow":["GET"]}}],"collection":[{"href":"https:\/\/soydeaqui.ddns.net\/pachuca\/index.php\/wp-json\/wp\/v2\/product"}],"about":[{"href":"https:\/\/soydeaqui.ddns.net\/pachuca\/index.php\/wp-json\/wp\/v2\/types\/product"}],"replies":[{"embeddable":true,"href":"https:\/\/soydeaqui.ddns.net\/pachuca\/index.php\/wp-json\/wp\/v2\/comments?post=66348"}],"wp:featuredmedia":[{"embeddable":true,"href":"https:\/\/soydeaqui.ddns.net\/pachuca\/index.php\/wp-json\/wp\/v2\/media\/66347"}],"wp:attachment":[{"href":"https:\/\/soydeaqui.ddns.net\/pachuca\/index.php\/wp-json\/wp\/v2\/media?parent=66348"}],"wp:term":[{"taxonomy":"product_brand","embeddable":true,"href":"https:\/\/soydeaqui.ddns.net\/pachuca\/index.php\/wp-json\/wp\/v2\/product_brand?post=66348"},{"taxonomy":"product_cat","embeddable":true,"href":"https:\/\/soydeaqui.ddns.net\/pachuca\/index.php\/wp-json\/wp\/v2\/product_cat?post=66348"},{"taxonomy":"product_tag","embeddable":true,"href":"https:\/\/soydeaqui.ddns.net\/pachuca\/index.php\/wp-json\/wp\/v2\/product_tag?post=66348"}],"curies":[{"name":"wp","href":"https:\/\/api.w.org\/{rel}","templated":true}]}}