{"id":66346,"date":"2026-03-19T08:54:27","date_gmt":"2026-03-19T08:54:27","guid":{"rendered":"https:\/\/soydeaqui.ddns.net\/pachuca\/index.php\/producto\/kit-de-linea-de-vida-para-torres-stz45g-hasta-60-metros-de-altura\/"},"modified":"2026-03-19T08:54:27","modified_gmt":"2026-03-19T08:54:27","slug":"kit-de-linea-de-vida-para-torres-stz45g-hasta-60-metros-de-altura","status":"publish","type":"product","link":"https:\/\/soydeaqui.ddns.net\/pachuca\/index.php\/producto\/kit-de-linea-de-vida-para-torres-stz45g-hasta-60-metros-de-altura\/","title":{"rendered":"Kit de L\u00ednea de Vida para Torres STZ45G hasta 60 metros de altura."},"content":{"rendered":"<div style='width: 100%; max-width: 1200px; margin: 0 auto; font-family: sans-serif; line-height: 1.6; color: inherit; background-color: transparent;'>\n<div style='display: flex; flex-direction: column; gap: 20px;'>\n<div style='text-align: center;'> <img style='width: 100%; max-width: 300px; height: auto; border: 1px solid rgba(150&comma;150&comma;150&comma;0.3); border-radius: 8px;' src='https:\/\/ftp3.syscom.mx\/usuarios\/fotos\/logo_cover.png' alt='SYSCOM' \/> <\/div>\n<div>\n<p style='margin: 0 0 15px; color: inherit;'>Elimine riesgos al efectuar instalaciones en torres.<\/p>\n<p style='margin: 0 0 15px; color: inherit;'>El sistema de l\u00ednea de vida protege la integridad f\u00edsica del instalador al mismo tiempo que le otorga confianza y agilidad durante el proceso de instalaci\u00f3n del equipo.<\/p>\n<p style='margin: 0 0 15px; color: inherit;'> <span style='color: #ff0000; font-weight: bold;'>Producto Elaborado Bajo Normas ISO 9000<\/span> <\/p>\n<\/p><\/div>\n<div style='display: flex; flex-wrap: wrap; gap: 30px;'>\n<div style='flex: 1 1 300px; min-width: 280px;'>\n<h3 style='font-size: 22px; border-bottom: 2px solid currentColor; padding-bottom: 5px; margin-top: 0; color: inherit; opacity: 0.8;'>Caracter\u00edsticas<\/h3>\n<ul style='padding-left: 20px; font-size: 15px; color: inherit; list-style-type: disc;'>\n<li style='margin-bottom: 5px;'>Fabricado de acero galvanizado por inmersi\u00f3n en caliente.<\/li>\n<li style='margin-bottom: 5px;'>Compatible con tramos modelo STZ45 y STZ45G.<\/li>\n<li style='margin-bottom: 5px;'>Cuenta con todos los accesorios necesarios para fijaci\u00f3n.<\/li>\n<li style='margin-bottom: 5px;'>El sistema de l\u00ednea de vida es de caracter obligatorio seg\u00fan NOM-009-STP-2011.<\/li>\n<li style='margin-bottom: 5px;'>Aplica para torres de alturas hasta 60 metros*<\/li>\n<\/ul>\n<p style='margin: 0 0 15px; font-size: 14px; color: inherit;'><em>*Para alturas inferiores se recomienda cortar el cable excedente.<\/em><\/p>\n<\/p><\/div>\n<\/p><\/div>\n<div style='display: flex; flex-wrap: wrap; gap: 20px; margin-bottom: 30px;'>\n<div style='flex: 1 1 100%; border: 1px solid rgba(150&comma; 150&comma; 150&comma; 0.4); border-radius: 8px; overflow: hidden; display: flex; flex-direction: column;'>\n<div style='padding: 15px; border-bottom: 1px solid rgba(150&comma; 150&comma; 150&comma; 0.2); font-weight: bold; font-size: 18px; color: inherit;'>Equipo incluido<\/div>\n<div style='overflow-x: auto;'>\n<table style='width: 100%; border-collapse: collapse; color: inherit;'>\n<thead>\n<tr>\n<th style='padding: 10px; border: 1px solid rgba(150&comma;150&comma;150&comma;0.3); background-color: rgba(150&comma;150&comma;150&comma;0.1); text-align: center; font-weight: bold;'>Cantidad<\/th>\n<th style='padding: 10px; border: 1px solid rgba(150&comma;150&comma;150&comma;0.3); background-color: rgba(150&comma;150&comma;150&comma;0.1); text-align: center; font-weight: bold;'>Modelo<\/th>\n<th style='padding: 10px; border: 1px solid rgba(150&comma;150&comma;150&comma;0.3); background-color: rgba(150&comma;150&comma;150&comma;0.1); text-align: center; font-weight: bold;'>Descripci\u00f3n<\/th>\n<\/tr>\n<\/thead>\n<tbody>\n<tr>\n<td style='padding: 10px; border: 1px solid rgba(150&comma;150&comma;150&comma;0.3); text-align: center;'>1<\/td>\n<td style='padding: 10px; border: 1px solid rgba(150&comma;150&comma;150&comma;0.3); text-align: center;'> <a style='color: #2880b9; text-decoration: none; color: inherit;' href='https:\/\/www.syscom.mx\/producto\/SHE-LV-SYSCOM-TOWERS-29815.html' target='_blank' rel='noopener'>SHE-LV<\/a> <\/td>\n<td style='padding: 10px; border: 1px solid rgba(150&comma;150&comma;150&comma;0.3);'>Par de herrajes de l\u00ednea de vida.<\/td>\n<\/tr>\n<tr>\n<td style='padding: 10px; border: 1px solid rgba(150&comma;150&comma;150&comma;0.3); text-align: center;'>3<\/td>\n<td style='padding: 10px; border: 1px solid rgba(150&comma;150&comma;150&comma;0.3); text-align: center;'> <a style='color: #2880b9; text-decoration: none; color: inherit;' href='https:\/\/www.syscom.mx\/producto\/S-GULV-SYSCOM-TOWERS-29794.html' target='_blank' rel='noopener'>S-GULV<\/a> <\/td>\n<td style='padding: 10px; border: 1px solid rgba(150&comma;150&comma;150&comma;0.3);'>Gu\u00eda para l\u00ednea de vida.<\/td>\n<\/tr>\n<tr>\n<td style='padding: 10px; border: 1px solid rgba(150&comma;150&comma;150&comma;0.3); text-align: center;'>2<\/td>\n<td style='padding: 10px; border: 1px solid rgba(150&comma;150&comma;150&comma;0.3); text-align: center;'> <a style='color: #2880b9; text-decoration: none; color: inherit;' href='https:\/\/www.syscom.mx\/producto\/CUELLO-38-HDG-SYSCOM-TOWERS-199562.html' target='_blank' rel='noopener'>CUELLO-38-HDG<\/a> <\/td>\n<td style='padding: 10px; border: 1px solid rgba(150&comma;150&comma;150&comma;0.3);'>Cuello para cable de retenida 3\/8&#8242;.<\/td>\n<\/tr>\n<tr>\n<td style='padding: 10px; border: 1px solid rgba(150&comma;150&comma;150&comma;0.3); text-align: center;'>6<\/td>\n<td style='padding: 10px; border: 1px solid rgba(150&comma;150&comma;150&comma;0.3); text-align: center;'> <a style='color: #2880b9; text-decoration: none; color: inherit;' href='https:\/\/www.syscom.mx\/producto\/NUDO-38-FJG-SYSCOM-TOWERS-199587.html' target='_blank' rel='noopener'>NUDO-38-FJG<\/a> <\/td>\n<td style='padding: 10px; border: 1px solid rgba(150&comma;150&comma;150&comma;0.3);'>Nudo para cable de retenida 3\/8&#8242;.<\/td>\n<\/tr>\n<\/tbody>\n<\/table><\/div>\n<\/p><\/div>\n<\/p><\/div>\n<div style='margin-bottom: 30px;'>\n<p style='margin: 0 0 15px; color: inherit;'>Se recomiendan utilizar 62 metros de cable de retenida de 3\/18&#8242; (<a style='color: #005cb9; text-decoration: none;' href='https:\/\/www.syscom.mx\/principal\/searchcont?route=SRET338CAM-SYSCOM-151134&#038;autodetect=sret338'>SRET338CAM<\/a> o <a style='color: #005cb9; text-decoration: none;' href='https:\/\/www.syscom.mx\/principal\/searchcont?route=SRET-338-SYSCOM-31077&#038;autodetect=sret338'>SRET-338<\/a>).<\/p>\n<\/p><\/div>\n<div style='margin-bottom: 30px;'>\n<h3 style='font-size: 22px; border-bottom: 2px solid currentColor; padding-bottom: 5px; margin-top: 0; margin-bottom: 15px; color: inherit; opacity: 0.8;'>Video informativo sobre trabajo en alturas<\/h3>\n<div style='position: relative; padding-bottom: 56.25%; height: 0; overflow: hidden; margin-bottom: 30px;'>   <\/div>\n<\/p><\/div>\n<\/p><\/div>\n<\/p><\/div>\n","protected":false},"excerpt":{"rendered":"<p>Kit de L\u00ednea de Vida para Torres STZ45G hasta 60 metros de altura.<\/p>\n","protected":false},"featured_media":66345,"comment_status":"open","ping_status":"closed","template":"","meta":[],"product_brand":[],"product_cat":[589],"product_tag":[590,733,246],"class_list":{"0":"post-66346","1":"product","2":"type-product","3":"status-publish","4":"has-post-thumbnail","6":"product_cat-accesorios-para-torres-arriostradas","7":"product_tag-accesorios-para-torres-arriostradas","8":"product_tag-syscom-towers","9":"product_tag-torres-y-mastiles","11":"first","12":"instock","13":"sale","14":"shipping-taxable","15":"purchasable","16":"product-type-simple"},"_links":{"self":[{"href":"https:\/\/soydeaqui.ddns.net\/pachuca\/index.php\/wp-json\/wp\/v2\/product\/66346","targetHints":{"allow":["GET"]}}],"collection":[{"href":"https:\/\/soydeaqui.ddns.net\/pachuca\/index.php\/wp-json\/wp\/v2\/product"}],"about":[{"href":"https:\/\/soydeaqui.ddns.net\/pachuca\/index.php\/wp-json\/wp\/v2\/types\/product"}],"replies":[{"embeddable":true,"href":"https:\/\/soydeaqui.ddns.net\/pachuca\/index.php\/wp-json\/wp\/v2\/comments?post=66346"}],"wp:featuredmedia":[{"embeddable":true,"href":"https:\/\/soydeaqui.ddns.net\/pachuca\/index.php\/wp-json\/wp\/v2\/media\/66345"}],"wp:attachment":[{"href":"https:\/\/soydeaqui.ddns.net\/pachuca\/index.php\/wp-json\/wp\/v2\/media?parent=66346"}],"wp:term":[{"taxonomy":"product_brand","embeddable":true,"href":"https:\/\/soydeaqui.ddns.net\/pachuca\/index.php\/wp-json\/wp\/v2\/product_brand?post=66346"},{"taxonomy":"product_cat","embeddable":true,"href":"https:\/\/soydeaqui.ddns.net\/pachuca\/index.php\/wp-json\/wp\/v2\/product_cat?post=66346"},{"taxonomy":"product_tag","embeddable":true,"href":"https:\/\/soydeaqui.ddns.net\/pachuca\/index.php\/wp-json\/wp\/v2\/product_tag?post=66346"}],"curies":[{"name":"wp","href":"https:\/\/api.w.org\/{rel}","templated":true}]}}