{"id":66341,"date":"2026-03-19T08:54:16","date_gmt":"2026-03-19T08:54:16","guid":{"rendered":"https:\/\/soydeaqui.ddns.net\/pachuca\/index.php\/producto\/microfono-audifono-de-1-cable-de-fibra-trenzada-con-sistema-snap-para-radios-icom-ic-f4003-4013-2000-4021-4031-4210-4230-ic-f14-3021-3013-3103-3003-1000-2000-s-t-con-tornillos\/"},"modified":"2026-03-19T08:54:24","modified_gmt":"2026-03-19T08:54:24","slug":"microfono-audifono-de-1-cable-de-fibra-trenzada-con-sistema-snap-para-radios-icom-ic-f4003-4013-2000-4021-4031-4210-4230-ic-f14-3021-3013-3103-3003-1000-2000-s-t-con-tornillos","status":"publish","type":"product","link":"https:\/\/soydeaqui.ddns.net\/pachuca\/index.php\/producto\/microfono-audifono-de-1-cable-de-fibra-trenzada-con-sistema-snap-para-radios-icom-ic-f4003-4013-2000-4021-4031-4210-4230-ic-f14-3021-3013-3103-3003-1000-2000-s-t-con-tornillos\/","title":{"rendered":"Micr\u00f3fono aud\u00edfono de 1 cable de fibra trenzada con sistema SNAP para radios Icom IC-F4003\/4013\/2000\/4021\/4031\/4210\/4230\/IC-F14\/3021\/3013\/3103\/3003\/1000\/2000\/S\/T (con tornillos)"},"content":{"rendered":"<div style='width: 100%; max-width: 1200px; margin: 0 auto; font-family: sans-serif; line-height: 1.6; color: inherit; background-color: transparent;'> <!-- Secci\u00f3n principal --> <\/p>\n<div style='margin-bottom: 30px;'>\n<h2 style='font-size: 24px; margin-top: 0; margin-bottom: 15px; color: inherit; opacity: 0.9;'> Accesorio de audio de 1 cable de fibra trenzada con sistema de conexi\u00f3n SNAP para seleccionar diferentes auriculares (no incluidos) para radios Icom <\/h2>\n<p style='font-size: 15px; margin-bottom: 15px; color: inherit;'> El conector de 2 pines Pryme P-SNAP permite al usuario seleccionar el tipo de auricular m\u00e1s adecuado para su aplicaci\u00f3n. Tambi\u00e9n ayuda a prevenir el desgaste del puerto de accesorios del radio y reduce los costos de reparaci\u00f3n. <\/p>\n<p style='font-size: 15px; margin-bottom: 15px; color: inherit;'> El cable de fibra trenzada especial es m\u00e1s fuerte y m\u00e1s duradero que el cabezal recubierto de pl\u00e1stico y al mismo tiempo&comma; puede ser mucho m\u00e1s c\u00f3modo de usar al tiempo que evita el enredo com\u00fan en los cables de PUR (poliuretano). <\/p>\n<\/p><\/div>\n<p> <!-- Secci\u00f3n de compatibilidad --> <\/p>\n<div style='display: flex; flex-wrap: wrap; gap: 30px; margin-bottom: 30px;'>\n<div style='flex: 1 1 300px; min-width: 280px;'>\n<h3 style='font-size: 22px; border-bottom: 2px solid currentColor; padding-bottom: 5px; margin-top: 0; color: inherit; opacity: 0.8;'> Compatibilidad <\/h3>\n<ul style='padding-left: 20px; font-size: 15px; color: inherit;'>\n<li style='margin-bottom: 5px;'> Radios Icom IC-F4003\/4013\/2000\/4021\/4031\/4210\/4230\/IC-F14\/3021\/3013\/3103\/3003\/1000\/2000\/S\/T <\/li>\n<\/ul><\/div>\n<\/p><\/div>\n<p> <!-- Secci\u00f3n de caracter\u00edsticas --> <\/p>\n<div style='display: flex; flex-wrap: wrap; gap: 30px; margin-bottom: 30px;'>\n<div style='flex: 1 1 300px; min-width: 280px;'>\n<h3 style='font-size: 22px; border-bottom: 2px solid currentColor; padding-bottom: 5px; margin-top: 0; color: inherit; opacity: 0.8;'> Caracter\u00edsticas principales <\/h3>\n<ul style='padding-left: 20px; font-size: 15px; color: inherit;'>\n<li style='margin-bottom: 5px;'> Conector de 2 pines Pryme P-SNAP para selecci\u00f3n de auriculares <\/li>\n<li style='margin-bottom: 5px;'> Previene el desgaste del puerto de accesorios del radio <\/li>\n<li style='margin-bottom: 5px;'> Reduce costos de reparaci\u00f3n <\/li>\n<li style='margin-bottom: 5px;'> Cable de fibra trenzada especial <\/li>\n<li style='margin-bottom: 5px;'> Mayor durabilidad comparado con cabezales de pl\u00e1stico <\/li>\n<li style='margin-bottom: 5px;'> Mayor comodidad y prevenci\u00f3n de enredos comparado con cables PUR <\/li>\n<\/ul><\/div>\n<\/p><\/div>\n<p> <!-- Separador --> <\/p>\n<hr style='border: 0; border-top: 1px solid rgba(150&comma; 150&comma; 150&comma; 0.3); margin: 30px 0;'> <\/div>\n","protected":false},"excerpt":{"rendered":"<p>Micr\u00f3fono aud\u00edfono de 1 cable de fibra trenzada con sistema SNAP para radios Icom IC-F4003\/4013\/2000\/4021\/4031\/4210\/4230\/IC-F14\/3021\/3013\/3103\/3003\/1000\/2000\/S\/T (con tornillos)<\/p>\n","protected":false},"featured_media":66340,"comment_status":"open","ping_status":"closed","template":"","meta":[],"product_brand":[],"product_cat":[1516],"product_tag":[1517,1518,1730],"class_list":{"0":"post-66341","1":"product","2":"type-product","3":"status-publish","4":"has-post-thumbnail","6":"product_cat-microfono-audifono","7":"product_tag-accesorios-para-icom","8":"product_tag-microfono-audifono","9":"product_tag-pryme","11":"first","12":"outofstock","13":"sale","14":"shipping-taxable","15":"purchasable","16":"product-type-simple"},"_links":{"self":[{"href":"https:\/\/soydeaqui.ddns.net\/pachuca\/index.php\/wp-json\/wp\/v2\/product\/66341","targetHints":{"allow":["GET"]}}],"collection":[{"href":"https:\/\/soydeaqui.ddns.net\/pachuca\/index.php\/wp-json\/wp\/v2\/product"}],"about":[{"href":"https:\/\/soydeaqui.ddns.net\/pachuca\/index.php\/wp-json\/wp\/v2\/types\/product"}],"replies":[{"embeddable":true,"href":"https:\/\/soydeaqui.ddns.net\/pachuca\/index.php\/wp-json\/wp\/v2\/comments?post=66341"}],"wp:featuredmedia":[{"embeddable":true,"href":"https:\/\/soydeaqui.ddns.net\/pachuca\/index.php\/wp-json\/wp\/v2\/media\/66340"}],"wp:attachment":[{"href":"https:\/\/soydeaqui.ddns.net\/pachuca\/index.php\/wp-json\/wp\/v2\/media?parent=66341"}],"wp:term":[{"taxonomy":"product_brand","embeddable":true,"href":"https:\/\/soydeaqui.ddns.net\/pachuca\/index.php\/wp-json\/wp\/v2\/product_brand?post=66341"},{"taxonomy":"product_cat","embeddable":true,"href":"https:\/\/soydeaqui.ddns.net\/pachuca\/index.php\/wp-json\/wp\/v2\/product_cat?post=66341"},{"taxonomy":"product_tag","embeddable":true,"href":"https:\/\/soydeaqui.ddns.net\/pachuca\/index.php\/wp-json\/wp\/v2\/product_tag?post=66341"}],"curies":[{"name":"wp","href":"https:\/\/api.w.org\/{rel}","templated":true}]}}