{"id":66324,"date":"2026-03-19T08:53:43","date_gmt":"2026-03-19T08:53:43","guid":{"rendered":"https:\/\/soydeaqui.ddns.net\/pachuca\/index.php\/producto\/kit-de-linea-de-vida-para-torres-stz30g-stz35g-y-stz45g-hasta-30-metros-de-altura\/"},"modified":"2026-03-19T08:53:44","modified_gmt":"2026-03-19T08:53:44","slug":"kit-de-linea-de-vida-para-torres-stz30g-stz35g-y-stz45g-hasta-30-metros-de-altura","status":"publish","type":"product","link":"https:\/\/soydeaqui.ddns.net\/pachuca\/index.php\/producto\/kit-de-linea-de-vida-para-torres-stz30g-stz35g-y-stz45g-hasta-30-metros-de-altura\/","title":{"rendered":"Kit de L\u00ednea de Vida para Torres STZ30G, STZ35G y STZ45G hasta 30 metros de altura."},"content":{"rendered":"<div style='width: 100%; max-width: 1200px; margin: 0 auto; font-family: sans-serif; line-height: 1.6; color: inherit; background-color: transparent;'>\n<div style='display: flex; flex-wrap: wrap; gap: 30px; margin-bottom: 30px;'>\n<div style='flex: 1 1 300px; min-width: 280px;'> <img style='width: 100%; height: auto; border: 1px solid rgba(150&comma;150&comma;150&comma;0.3); border-radius: 8px;' src='https:\/\/ftp3.syscom.mx\/usuarios\/fotos\/logo_cover.png' alt='SYSCOM' \/> <\/p>\n<p style='font-size: 15px; margin-top: 20px; color: inherit;'>Elimine riesgos al efectuar instalaciones en torres. El sistema de l\u00ednea de vida protege la integridad f\u00edsica del instalador al mismo tiempo que le otorga confianza y agilidad durante el proceso de instalaci\u00f3n del equipo.<\/p>\n<p style='font-size: 15px; margin-top: 20px; color: inherit;'><span style='color: #ff0000; font-weight: bold;'>Producto Elaborado Bajo Normas ISO 9000<\/span><\/p>\n<\/p><\/div>\n<div style='flex: 1 1 300px; min-width: 280px;'>\n<h3 style='font-size: 22px; border-bottom: 2px solid currentColor; padding-bottom: 5px; margin-top: 0; color: inherit; opacity: 0.8;'>Caracter\u00edsticas<\/h3>\n<ul style='padding-left: 20px; font-size: 15px; color: inherit;'>\n<li style='margin-bottom: 5px;'>Fabricado de acero galvanizado por inmersi\u00f3n en caliente.<\/li>\n<li style='margin-bottom: 5px;'>Cuenta con todos los accesorios necesarios para fijaci\u00f3n.<\/li>\n<li style='margin-bottom: 5px;'>El sistema de l\u00ednea de vida es de caracter obligatorio seg\u00fan NOM-009-STP-2011.<\/li>\n<\/ul><\/div>\n<\/p><\/div>\n<div style='display: flex; flex-wrap: wrap; gap: 20px; margin-bottom: 30px;'>\n<div style='flex: 1 1 250px; border: 1px solid rgba(150&comma; 150&comma; 150&comma; 0.4); border-radius: 8px; overflow: hidden; display: flex; flex-direction: column;'>\n<div style='padding: 15px; border-bottom: 1px solid rgba(150&comma; 150&comma; 150&comma; 0.2); font-weight: bold; font-size: 18px; color: inherit;'>Equipo incluido<\/div>\n<div style='padding: 15px; color: inherit;'>\n<table style='width: 100%; border-collapse: collapse; color: inherit;'>\n<thead>\n<tr style='border-bottom: 2px solid rgba(150&comma; 150&comma; 150&comma; 0.3);'>\n<th style='padding: 8px; text-align: center; font-weight: bold; color: inherit;'>Cantidad<\/th>\n<th style='padding: 8px; text-align: center; font-weight: bold; color: inherit;'>Modelo<\/th>\n<th style='padding: 8px; font-weight: bold; color: inherit;'>Descripci\u00f3n<\/th>\n<\/tr>\n<\/thead>\n<tbody>\n<tr style='border-bottom: 1px solid rgba(150&comma; 150&comma; 150&comma; 0.2);'>\n<td style='padding: 8px; text-align: center; color: inherit;'>1<\/td>\n<td style='padding: 8px; text-align: center; color: inherit;'><a style='color: #2880b9; text-decoration: none;' href='https:\/\/www.syscom.mx\/producto\/SHE-LV-SYSCOM-TOWERS-29815.html' target='_blank' rel='noopener'>SHE-LV<\/a><\/td>\n<td style='padding: 8px; color: inherit;'>Par de herrajes de linea de vida.<\/td>\n<\/tr>\n<tr style='border-bottom: 1px solid rgba(150&comma; 150&comma; 150&comma; 0.2);'>\n<td style='padding: 8px; text-align: center; color: inherit;'>1<\/td>\n<td style='padding: 8px; text-align: center; color: inherit;'><a style='color: #2880b9; text-decoration: none;' href='https:\/\/www.syscom.mx\/producto\/S-GULV-SYSCOM-TOWERS-29794.html' target='_blank' rel='noopener'>S-GULV<\/a><\/td>\n<td style='padding: 8px; color: inherit;'>Gu\u00eda para l\u00ednea de vida.<\/td>\n<\/tr>\n<tr style='border-bottom: 1px solid rgba(150&comma; 150&comma; 150&comma; 0.2);'>\n<td style='padding: 8px; text-align: center; color: inherit;'>2<\/td>\n<td style='padding: 8px; text-align: center; color: inherit;'><a style='color: #2880b9; text-decoration: none;' href='https:\/\/www.syscom.mx\/producto\/CUELLO-38-HDG-SYSCOM-TOWERS-199562.html' target='_blank' rel='noopener'>CUELLO-38-HDG<\/a><\/td>\n<td style='padding: 8px; color: inherit;'>Cuello para cable de retenida 3\/8&#8242;.<\/td>\n<\/tr>\n<tr>\n<td style='padding: 8px; text-align: center; color: inherit;'>6<\/td>\n<td style='padding: 8px; text-align: center; color: inherit;'><a style='color: #2880b9; text-decoration: none;' href='https:\/\/www.syscom.mx\/producto\/NUDO-38-FJG-SYSCOM-TOWERS-199587.html' target='_blank' rel='noopener'>NUDO-38-FJG<\/a><\/td>\n<td style='padding: 8px; color: inherit;'>Nudo para cable de retenida 3\/8&#8242;.<\/td>\n<\/tr>\n<\/tbody>\n<\/table><\/div>\n<\/p><\/div>\n<\/p><\/div>\n<div style='margin-bottom: 30px;'>\n<p style='font-size: 15px; color: inherit;'>Se recomiendan utilizar 32 metros de cable de retenida de 3\/8&#8242; (<a style='color: #005cb9; text-decoration: none;' href='https:\/\/www.syscom.mx\/principal\/searchcont?route=SRET338CAM-SYSCOM-151134&#038;autodetect=sret338' target='_blank' rel='noopener'>SRET338CAM<\/a> o <a style='color: #005cb9; text-decoration: none;' href='https:\/\/www.syscom.mx\/principal\/searchcont?route=SRET-338-SYSCOM-31077&#038;autodetect=sret338' target='_blank' rel='noopener'>SRET-338<\/a>).<\/p>\n<\/p><\/div>\n<div style='margin-bottom: 30px;'>\n<h3 style='font-size: 22px; border-bottom: 2px solid currentColor; padding-bottom: 5px; margin-top: 0; color: inherit; opacity: 0.8;'>Video informativo sobre trabajo en alturas<\/h3>\n<div style='position: relative; padding-bottom: 56.25%; height: 0; overflow: hidden; margin-top: 15px;'>   <\/div>\n<\/p><\/div>\n<\/p><\/div>\n","protected":false},"excerpt":{"rendered":"<p>Kit de L\u00ednea de Vida para Torres STZ30G, STZ35G y STZ45G hasta 30 metros de altura.<\/p>\n","protected":false},"featured_media":66323,"comment_status":"open","ping_status":"closed","template":"","meta":[],"product_brand":[],"product_cat":[589],"product_tag":[590,733,246],"class_list":{"0":"post-66324","1":"product","2":"type-product","3":"status-publish","4":"has-post-thumbnail","6":"product_cat-accesorios-para-torres-arriostradas","7":"product_tag-accesorios-para-torres-arriostradas","8":"product_tag-syscom-towers","9":"product_tag-torres-y-mastiles","11":"first","12":"instock","13":"sale","14":"shipping-taxable","15":"purchasable","16":"product-type-simple"},"_links":{"self":[{"href":"https:\/\/soydeaqui.ddns.net\/pachuca\/index.php\/wp-json\/wp\/v2\/product\/66324","targetHints":{"allow":["GET"]}}],"collection":[{"href":"https:\/\/soydeaqui.ddns.net\/pachuca\/index.php\/wp-json\/wp\/v2\/product"}],"about":[{"href":"https:\/\/soydeaqui.ddns.net\/pachuca\/index.php\/wp-json\/wp\/v2\/types\/product"}],"replies":[{"embeddable":true,"href":"https:\/\/soydeaqui.ddns.net\/pachuca\/index.php\/wp-json\/wp\/v2\/comments?post=66324"}],"wp:featuredmedia":[{"embeddable":true,"href":"https:\/\/soydeaqui.ddns.net\/pachuca\/index.php\/wp-json\/wp\/v2\/media\/66323"}],"wp:attachment":[{"href":"https:\/\/soydeaqui.ddns.net\/pachuca\/index.php\/wp-json\/wp\/v2\/media?parent=66324"}],"wp:term":[{"taxonomy":"product_brand","embeddable":true,"href":"https:\/\/soydeaqui.ddns.net\/pachuca\/index.php\/wp-json\/wp\/v2\/product_brand?post=66324"},{"taxonomy":"product_cat","embeddable":true,"href":"https:\/\/soydeaqui.ddns.net\/pachuca\/index.php\/wp-json\/wp\/v2\/product_cat?post=66324"},{"taxonomy":"product_tag","embeddable":true,"href":"https:\/\/soydeaqui.ddns.net\/pachuca\/index.php\/wp-json\/wp\/v2\/product_tag?post=66324"}],"curies":[{"name":"wp","href":"https:\/\/api.w.org\/{rel}","templated":true}]}}