{"id":66270,"date":"2026-03-19T08:51:46","date_gmt":"2026-03-19T08:51:46","guid":{"rendered":"https:\/\/soydeaqui.ddns.net\/pachuca\/index.php\/producto\/kit-de-torre-arriostrada-de-techo-de-24-m-con-tramo-stz30-galvanizado-electrolitico-no-incluye-retenida\/"},"modified":"2026-03-19T08:51:47","modified_gmt":"2026-03-19T08:51:47","slug":"kit-de-torre-arriostrada-de-techo-de-24-m-con-tramo-stz30-galvanizado-electrolitico-no-incluye-retenida","status":"publish","type":"product","link":"https:\/\/soydeaqui.ddns.net\/pachuca\/index.php\/producto\/kit-de-torre-arriostrada-de-techo-de-24-m-con-tramo-stz30-galvanizado-electrolitico-no-incluye-retenida\/","title":{"rendered":"Kit de Torre Arriostrada de Techo de 24 m con Tramo STZ30 Galvanizado Electrol\u00edtico (No incluye retenida)."},"content":{"rendered":"<div style='width: 100%; max-width: 1200px; margin: 0 auto; font-family: sans-serif; line-height: 1.6; color: inherit; background-color: transparent;'>\n<div style='display: flex; flex-wrap: wrap; gap: 30px; margin-bottom: 30px;'>\n<div style='flex: 1 1 300px; min-width: 280px;'>\n<h3 style='font-size: 22px; border-bottom: 2px solid currentColor; padding-bottom: 5px; margin-top: 0; color: inherit; opacity: 0.8;'>Caracter\u00edsticas Destacadas<\/h3>\n<ul style='padding-left: 20px; font-size: 15px; color: inherit;'>\n<li style='margin-bottom: 5px;'>Producto elaborado Bajo Normativa <strong>ISO 9001:2015<\/strong><\/li>\n<li style='margin-bottom: 5px;'>Gran Elevaci\u00f3n \/ Bajo costo<\/li>\n<li style='margin-bottom: 5px;'>100% Inspecci\u00f3n de Ensamble Tramo &#8211; Tramo<\/li>\n<li style='margin-bottom: 5px;'>Galvanizado por Electrolisis de acuerdo a normativa <em>ASTM B-633<\/em><\/li>\n<li style='margin-bottom: 5px;'>Ideal para zonas secas libre de corrosi\u00f3n<\/li>\n<\/ul><\/div>\n<div style='flex: 1 1 300px; min-width: 280px;'>\n<h3 style='font-size: 22px; border-bottom: 2px solid currentColor; padding-bottom: 5px; margin-top: 0; color: inherit; opacity: 0.8;'>Caracter\u00edsticas F\u00edsicas<\/h3>\n<ul style='padding-left: 20px; font-size: 15px; color: inherit;'>\n<li style='margin-bottom: 5px;'><strong>Carga Axial M\u00e1xima:<\/strong> 200 Kg<\/li>\n<li style='margin-bottom: 5px;'><strong>Altura:<\/strong> 24 metros (8 tramos)<\/li>\n<li style='margin-bottom: 5px;'><strong>Resistencia al viento:<\/strong> 200 km\/hr<\/li>\n<li style='margin-bottom: 5px;'><strong>Protecci\u00f3n anticorrosiva:<\/strong> Galvanizado Electrol\u00edtico (AST B-633)<\/li>\n<li style='margin-bottom: 5px;'><strong>Aplicaci\u00f3n:<\/strong> Intemperie (Zonas des\u00e9rticas o baja humedad)<\/li>\n<\/ul><\/div>\n<\/p><\/div>\n<div style='display: flex; flex-wrap: wrap; gap: 20px; margin-bottom: 30px;'>\n<div style='flex: 1 1 250px; border: 1px solid rgba(150&comma; 150&comma; 150&comma; 0.4); border-radius: 8px; overflow: hidden; display: flex; flex-direction: column;'>\n<div style='padding: 15px; border-bottom: 1px solid rgba(150&comma; 150&comma; 150&comma; 0.2); font-weight: bold; font-size: 18px; color: inherit;'>Incluye los siguientes componentes<\/div>\n<div style='padding: 15px; color: inherit;'>\n<ul style='padding-left: 20px; margin: 0; font-size: 14px; list-style-type: disc;'>\n<li style='margin-bottom: 5px;'><strong>8 x STZ30<\/strong> &#8211; Tramo de torre de 30 cm de ancho de cara<\/li>\n<li style='margin-bottom: 5px;'><strong>1 x SCZ30P<\/strong> &#8211; Copete de torre de 30 cm con opresor para pararrayo<\/li>\n<li style='margin-bottom: 5px;'><strong>1 x SBA30<\/strong> &#8211; Base para torre de 30 cm<\/li>\n<li style='margin-bottom: 5px;'><strong>1 x SAB30<\/strong> &#8211; Ancla para base de torre<\/li>\n<li style='margin-bottom: 5px;'><strong>4 x SJB30<\/strong> &#8211; Brida de sujeci\u00f3n de Retenida<\/li>\n<li style='margin-bottom: 5px;'><strong>3 x SAP01<\/strong> &#8211; Ancla de losa o pared para Retenida<\/li>\n<li style='margin-bottom: 5px;'><strong>24 x CUELLO-14-HDG<\/strong> &#8211; Cuello para cable de retenida<\/li>\n<li style='margin-bottom: 5px;'><strong>72 x NUDO-316-FJG<\/strong> &#8211; Abrazadera tipo perro de 3\/16&#8242;<\/li>\n<\/ul>\n<p style='margin-top: 15px; color: inherit;'><strong>No incluye cable de retenida.<\/strong> Se recomiendan 315 metros de retenida de 1\/8&#8242; (SRET-318-CAM) o di\u00e1metros superiores.<\/p>\n<p style='color: inherit;'><strong>No incluye Tensores.<\/strong> Se recomiendan 12 tensores de 1\/2&#8242; x 6&#8242;. (TEN1\/2X6OGJ o TEN1\/2X6OQJ).<\/p>\n<p style='color: inherit; font-size: 12px;'><em>**El NO usar accesorios de instalaci\u00f3n como Bridas&comma; Base de torre&comma; Ancla de torre o Anclajes de Retenida&comma; se considera una p\u00e9rdida de garant\u00eda del equipo y cualquier adaptaci\u00f3n adicional queda a responsabilidad del instalador.**<\/em><\/p>\n<\/p><\/div>\n<\/p><\/div>\n<div style='flex: 1 1 250px; border: 1px solid rgba(150&comma; 150&comma; 150&comma; 0.4); border-radius: 8px; overflow: hidden; display: flex; flex-direction: column;'>\n<div style='padding: 15px; border-bottom: 1px solid rgba(150&comma; 150&comma; 150&comma; 0.2); font-weight: bold; font-size: 18px; color: inherit;'>Accesorios complementarios<\/div>\n<div style='padding: 15px; color: inherit;'>\n<h4 style='margin-top: 0; font-size: 16px; color: inherit; opacity: 0.9;'>Sistema de Se\u00f1alizaci\u00f3n\/Iluminaci\u00f3n<\/h4>\n<ul style='padding-left: 20px; margin: 0; font-size: 14px; list-style-type: disc;'>\n<li style='margin-bottom: 5px;'><strong>2 x EIGSLSE<\/strong> &#8211; Estrobo tipo LED Aut\u00f3nomo con fotocelda&comma; panel solar y bater\u00eda. Tipo L810<\/li>\n<li style='margin-bottom: 5px;'><strong>2 x HLU3R2<\/strong> &#8211; Montaje para l\u00e1mpara de obstrucci\u00f3n EIGSLSE<\/li>\n<\/ul>\n<p style='margin-top: 15px; font-size: 12px; color: inherit;'><em>*La norma de se\u00f1alizaci\u00f3n dicta que la torre debe estar pintada en 7 franjas de igual tama\u00f1o; 4 franjas en tono naranja-rojizo y 3 en blanco.<\/em><\/p>\n<h4 style='margin-top: 25px; font-size: 16px; color: inherit; opacity: 0.9;'>Sistema de l\u00ednea de vida<\/h4>\n<ul style='padding-left: 20px; margin: 0; font-size: 14px; list-style-type: disc;'>\n<li style='margin-bottom: 5px;'><strong>1 x SHE-LV<\/strong> &#8211; Par de herrajes de sujeci\u00f3n<\/li>\n<li style='margin-bottom: 5px;'><strong>1 x S-GULV<\/strong> &#8211; Gu\u00eda para l\u00ednea<\/li>\n<li style='margin-bottom: 5px;'><strong>27 x SRET-338CAM<\/strong> &#8211; Cable de 3\/8&#8242;<\/li>\n<li style='margin-bottom: 5px;'><strong>6 x NUDO-38FJG<\/strong> &#8211; Nudo forjado 3\/8&#8242;<\/li>\n<li style='margin-bottom: 5px;'><strong>2 x CUELLO-38-HDG<\/strong> &#8211; Cuello 3\/8&#8242;<\/li>\n<li style='margin-bottom: 5px;'><strong>1 x TRY-ACC-SLIDER<\/strong> &#8211; Carro de Seguridad para Instalador (Opcional)<\/li>\n<li style='margin-bottom: 5px;'><strong>1 x SYS-USA7B<\/strong> &#8211; Arn\u00e9s de Suspenci\u00f3n (Opcional)<\/li>\n<\/ul>\n<p style='margin-top: 15px; font-size: 12px; color: inherit;'><em>*La NOM-009 marca como obligatorio el uso de sistemas que frenen la ca\u00edda accidental en una estructura.<\/em><\/p>\n<\/p><\/div>\n<\/p><\/div>\n<div style='flex: 1 1 250px; border: 1px solid rgba(150&comma; 150&comma; 150&comma; 0.4); border-radius: 8px; overflow: hidden; display: flex; flex-direction: column;'>\n<div style='padding: 15px; border-bottom: 1px solid rgba(150&comma; 150&comma; 150&comma; 0.2); font-weight: bold; font-size: 18px; color: inherit;'>Sistema de Tierra F\u00edsica y Pararrayo<\/div>\n<div style='padding: 15px; color: inherit;'>\n<p style='margin: 0 0 15px; color: inherit;'><strong>\u00a1Nuevo!<\/strong> <strong>Kit Pararrayo + Tierra f\u00edsica con Cable<\/strong> Marca LINKEDPRO (No incluido)<\/p>\n<p style='margin: 0 0 15px; color: inherit;'><a href='https:\/\/www.syscom.mx\/producto\/KLP-TZ24-PRO-LINKEDPRO-BY-EPCOM-192189.html' style='color: currentColor; text-decoration: underline;' target='_blank' rel='noopener'>KLP-TZ24-PRO<\/a> &#8211; \u00a1Todo incluido! Ideal para torres de 24 m con dipolo corona&comma; cableado y electrodos con .<\/p>\n<p style='margin: 0 0 15px; color: inherit;'><em>O tambi\u00e9n puede cotizar individualmente los siguientes componentes de Tierra f\u00edsica o Pararrayo:<\/em><\/p>\n<h4 style='margin-top: 20px; margin-bottom: 10px; font-size: 16px; color: inherit; opacity: 0.9;'>Sistema de Tierra F\u00edsica Recomendada<\/h4>\n<ul style='padding-left: 20px; margin: 0; font-size: 14px; list-style-type: disc;'>\n<li style='margin-bottom: 5px;'><strong>1 x TG45AB<\/strong> &#8211; Electrodo de puesta a tierra de 45 A con Electrodo&comma; Filtro y Compuesto H2Ohm<\/li>\n<li style='margin-bottom: 5px;'><strong>1 x S610<\/strong> &#8211; Registro pl\u00e1stico<\/li>\n<li style='margin-bottom: 5px;'><strong>3 x TGCR11<\/strong> &#8211; Conector de Ojo<\/li>\n<li style='margin-bottom: 5px;'><strong>2 x TGAB18<\/strong> &#8211; Conector para Varilla<\/li>\n<li style='margin-bottom: 5px;'><strong>1 x TGBUSG10<\/strong> &#8211; Barra de Uni\u00f3n con Aisladores de 1000A de Capacidad (Sin Gabinete)<\/li>\n<\/ul>\n<h4 style='margin-top: 20px; margin-bottom: 10px; font-size: 16px; color: inherit; opacity: 0.9;'>Sistema de Pararrayos B\u00e1sico Recomendado<\/h4>\n<ul style='padding-left: 20px; margin: 0; font-size: 14px; list-style-type: disc;'>\n<li style='margin-bottom: 5px;'><strong>1 x TGTDPC<\/strong> &#8211; Punta Pararrayo con M\u00e1stil de Aluminio (MASTIL1.2)<\/li>\n<li style='margin-bottom: 5px;'><strong>1 x TG45AB<\/strong> &#8211; Electrodo de 45 Amp. Con un saco de compuesto mejorador de impedancia (H2OHM)&comma; br\u00fajula y nivel<\/li>\n<li style='margin-bottom: 5px;'><strong>1 x S610<\/strong> &#8211; Registro pl\u00e1stico chico<\/li>\n<li style='margin-bottom: 5px;'><strong>1 x ANTIOX<\/strong> &#8211; Aerosol para protecci\u00f3n de terminales<\/li>\n<li style='margin-bottom: 5px;'><strong>3 x TGCR11<\/strong> &#8211; Conector de Ojo<\/li>\n<li style='margin-bottom: 5px;'><strong>2 x TGAB18<\/strong> &#8211; Conector para Varilla<\/li>\n<li style='margin-bottom: 5px;'><strong>16 x TGAC<\/strong> &#8211; Aislador para torre<\/li>\n<\/ul>\n<p style='margin-top: 15px; font-size: 12px; color: inherit;'><em>*La punta tipo dipolo ofrece un cono de protecci\u00f3n de 72\u00b0 debajo del serpent\u00edn. Se recomienda para zonas de baja incidencia de rayos.<\/em><\/p>\n<p style='margin-top: 10px; font-size: 12px; color: inherit;'><em>*Se recomienda cable de cobre calibre 2\/0 para realizar la integraci\u00f3n (SLY-346-BLK). Considerando una instalaci\u00f3n del electrodo a m\u00e1ximo 3 metros de la torre se usan aprox. 8 metros.<\/em><\/p>\n<\/p><\/div>\n<\/p><\/div>\n<\/p><\/div>\n<hr style='border: 0; border-top: 1px solid rgba(150&comma; 150&comma; 150&comma; 0.3); margin: 30px 0;'>\n<div style='margin-bottom: 30px;'> <img style='width: 100%; height: auto; border: 1px solid rgba(150&comma;150&comma;150&comma;0.3); border-radius: 8px;' src='https:\/\/ftp3.syscom.mx\/usuarios\/fotos\/KTZ30G030\/75810-recomendaci%C3%B3n_de_instalaci%C3%B3n_de_retenida_2.0.png' alt='Diagrama Representativo: Instalaci\u00f3n de Retenida Versi\u00f3n 2.0'> <\/div>\n<hr style='border: 0; border-top: 1px solid rgba(150&comma; 150&comma; 150&comma; 0.3); margin: 30px 0;'>\n<div style='margin-bottom: 30px;'> <img style='width: 100%; height: auto; border: 1px solid rgba(150&comma;150&comma;150&comma;0.3); border-radius: 8px;' src='http:\/\/ftp3.syscom.mx\/usuarios\/dcarreon\/TORRES\/ARRIOSTRADAS\/TORRES%20IMAGEN.png' alt='Im\u00e1genes de Instalaci\u00f3n'> <\/div>\n<div style='margin-top: 30px;'>\n<h3 style='font-size: 22px; border-bottom: 2px solid currentColor; padding-bottom: 5px; margin-top: 0; color: inherit; opacity: 0.8;'>Recomendaciones<\/h3>\n<ul style='padding-left: 20px; margin-top: 15px; font-size: 14px; color: inherit;'>\n<li style='margin-bottom: 5px;'>Aseg\u00farese de que la instalaci\u00f3n sea realizada por un profesional capacitado<\/li>\n<li style='margin-bottom: 5px;'>Programe un plan de mantenimiento para revisi\u00f3n de tensiones en retenidas y ajuste de torniller\u00eda<\/li>\n<li style='margin-bottom: 5px;'>No instalar paneles solares a m\u00e1s de 6 metros de altura. Revisar la compatibilidad entre celdas solares y montajes<\/li>\n<li style='margin-bottom: 5px;'>Debe de realizarse un estudio de esfuerzos cuando se coloque una carga exc\u00e9ntrica en torre. \u00c9sta puede causar torsi\u00f3n y flexi\u00f3n excesiva en torre causando fallas estructurales<\/li>\n<li style='margin-bottom: 5px;'>La torre debe ser pintada en tono naranja-rojizo y blanco&comma; en 7 franjas de igual altura empezando y terminando en naranja-rojizo (SYSCOM no realiza el trabajo de pintura de la torre)<\/li>\n<li style='margin-bottom: 5px;'>Se recomienda iluminar la torre al menos en la punta con una l\u00e1mpara color rojo<\/li>\n<\/ul>\n<p style='margin-top: 20px; font-size: 14px; color: inherit;'><a href='https:\/\/ftp3.syscom.mx\/usuarios\/ftp\/2019\/03\/27\/2ed55\/01REV02-DIPOLO%20CORONA%20Y%20EQUIPO%20EN%20TORRE.pdf' style='color: currentColor; text-decoration: underline;' target='_blank' rel='noopener'>Ver diagrama de conexi\u00f3n de Tierra F\u00edsica + Pararrayo<\/a><\/p>\n<\/p><\/div>\n<\/p><\/div>\n","protected":false},"excerpt":{"rendered":"<p>Kit de Torre Arriostrada de Techo de 24 m con Tramo STZ30 Galvanizado Electrol\u00edtico (No incluye retenida).<\/p>\n","protected":false},"featured_media":66269,"comment_status":"open","ping_status":"closed","template":"","meta":[],"product_brand":[],"product_cat":[1693],"product_tag":[733,1694,246],"class_list":{"0":"post-66270","1":"product","2":"type-product","3":"status-publish","4":"has-post-thumbnail","6":"product_cat-torres-arriostradas-kits","7":"product_tag-syscom-towers","8":"product_tag-torres-arriostradas-kits","9":"product_tag-torres-y-mastiles","11":"first","12":"instock","13":"sale","14":"shipping-taxable","15":"purchasable","16":"product-type-simple"},"_links":{"self":[{"href":"https:\/\/soydeaqui.ddns.net\/pachuca\/index.php\/wp-json\/wp\/v2\/product\/66270","targetHints":{"allow":["GET"]}}],"collection":[{"href":"https:\/\/soydeaqui.ddns.net\/pachuca\/index.php\/wp-json\/wp\/v2\/product"}],"about":[{"href":"https:\/\/soydeaqui.ddns.net\/pachuca\/index.php\/wp-json\/wp\/v2\/types\/product"}],"replies":[{"embeddable":true,"href":"https:\/\/soydeaqui.ddns.net\/pachuca\/index.php\/wp-json\/wp\/v2\/comments?post=66270"}],"wp:featuredmedia":[{"embeddable":true,"href":"https:\/\/soydeaqui.ddns.net\/pachuca\/index.php\/wp-json\/wp\/v2\/media\/66269"}],"wp:attachment":[{"href":"https:\/\/soydeaqui.ddns.net\/pachuca\/index.php\/wp-json\/wp\/v2\/media?parent=66270"}],"wp:term":[{"taxonomy":"product_brand","embeddable":true,"href":"https:\/\/soydeaqui.ddns.net\/pachuca\/index.php\/wp-json\/wp\/v2\/product_brand?post=66270"},{"taxonomy":"product_cat","embeddable":true,"href":"https:\/\/soydeaqui.ddns.net\/pachuca\/index.php\/wp-json\/wp\/v2\/product_cat?post=66270"},{"taxonomy":"product_tag","embeddable":true,"href":"https:\/\/soydeaqui.ddns.net\/pachuca\/index.php\/wp-json\/wp\/v2\/product_tag?post=66270"}],"curies":[{"name":"wp","href":"https:\/\/api.w.org\/{rel}","templated":true}]}}