{"id":66264,"date":"2026-03-19T08:51:32","date_gmt":"2026-03-19T08:51:32","guid":{"rendered":"https:\/\/soydeaqui.ddns.net\/pachuca\/index.php\/producto\/organizador-de-cables-horizontal-netmanager-de-alta-densidad-sencillo-solo-frontal-para-rack-de-19in-2ur\/"},"modified":"2026-03-19T08:51:38","modified_gmt":"2026-03-19T08:51:38","slug":"organizador-de-cables-horizontal-netmanager-de-alta-densidad-sencillo-solo-frontal-para-rack-de-19in-2ur","status":"publish","type":"product","link":"https:\/\/soydeaqui.ddns.net\/pachuca\/index.php\/producto\/organizador-de-cables-horizontal-netmanager-de-alta-densidad-sencillo-solo-frontal-para-rack-de-19in-2ur\/","title":{"rendered":"Organizador de Cables Horizontal NetManager de Alta Densidad, Sencillo (Solo Frontal), Para Rack de 19in, 2UR"},"content":{"rendered":"<div style='width: 100%; max-width: 1200px; margin: 0 auto; font-family: sans-serif; line-height: 1.6; color: inherit; background-color: transparent;'>\n<div style='margin-bottom: 20px;'>\n<p style='margin: 0; padding: 0; color: inherit;'> Los organizadores de cables horizontales de alta capacidad Panduit\u00ae NetManager\u00ae organizan y protegen de forma rentable el cableado de red de cobre y fibra en cualquier Rack o Gabinete EIA est\u00e1ndar de 19 pulgadas (483 mm). Las grandes aberturas frontales para los dedos acomodan f\u00e1cilmente cables de Categor\u00eda 6 y 10G&comma; lo que reduce el tiempo de instalaci\u00f3n y los costos de mantenimiento. <\/p>\n<\/p><\/div>\n<div style='display: flex; flex-wrap: wrap; gap: 30px; margin-bottom: 30px;'>\n<div style='flex: 1 1 300px; min-width: 280px;'>\n<h3 style='font-size: 22px; border-bottom: 2px solid currentColor; padding-bottom: 5px; margin-top: 0; color: inherit; opacity: 0.8;'>Caracter\u00edsticas funcionales<\/h3>\n<ul style='padding-left: 20px; font-size: 15px; color: inherit; list-style-type: disc;'>\n<li style='margin-bottom: 5px;'>Los organizadores horizontales son capaces de gestionar cables en la parte delantera y trasera de cualquier rack que cumple con el est\u00e1ndar de 19&#8242; de la EIA<\/li>\n<li style='margin-bottom: 5px;'>El organizador consiste en una sola pieza moldeada en pl\u00e1stico<\/li>\n<li style='margin-bottom: 5px;'>Pasan el cable a trav\u00e9s de agujeros que incorporan un radio de curvatura integral para mantener el control y protecci\u00f3n del mismo cable<\/li>\n<li style='margin-bottom: 5px;'>Cuenta con cubiertas con bisagra para permitir el acceso a la v\u00eda del cable sin tener que eliminar la tapa frontal del organizador<\/li>\n<\/ul><\/div>\n<\/p><\/div>\n<div style='display: flex; flex-wrap: wrap; gap: 20px; margin-bottom: 30px;'>\n<div style='flex: 1 1 250px; border: 1px solid rgba(150&comma; 150&comma; 150&comma; 0.4); border-radius: 8px; overflow: hidden; display: flex; flex-direction: column;'>\n<div style='padding: 15px; border-bottom: 1px solid rgba(150&comma; 150&comma; 150&comma; 0.2); font-weight: bold; font-size: 18px; color: inherit;'>Caracter\u00edsticas f\u00edsicas<\/div>\n<div style='padding: 15px; color: inherit;'>\n<ul style='padding-left: 20px; margin: 0; font-size: 14px; list-style-type: disc;'>\n<li style='margin-bottom: 5px;'><strong>Tipo:<\/strong> Organizador de cables horizontal sencillo<\/li>\n<li style='margin-bottom: 5px;'><strong>No. de espacios de rack:<\/strong> 2<\/li>\n<li style='margin-bottom: 5px;'><strong>Material:<\/strong> Pl\u00e1stico ABS<\/li>\n<li style='margin-bottom: 5px;'><strong>Dimensiones exteriores:<\/strong> 483 x 88 x 157 mm (Ancho x Alto x Profundidad)<\/li>\n<\/ul><\/div>\n<\/p><\/div>\n<\/p><\/div>\n<hr style='border: 0; border-top: 1px solid rgba(150&comma; 150&comma; 150&comma; 0.3); margin: 30px 0;'> <\/div>\n","protected":false},"excerpt":{"rendered":"<p>Organizador de Cables Horizontal NetManager de Alta Densidad, Sencillo (Solo Frontal), Para Rack de 19in, 2UR<\/p>\n","protected":false},"featured_media":66263,"comment_status":"open","ping_status":"closed","template":"","meta":[],"product_brand":[],"product_cat":[604],"product_tag":[606,445,605],"class_list":{"0":"post-66264","1":"product","2":"type-product","3":"status-publish","4":"has-post-thumbnail","6":"product_cat-accesorios-para-racks-y-gabinetes","7":"product_tag-accesorios-para-racks-y-gabinetes","8":"product_tag-panduit","9":"product_tag-racks-y-gabinetes","11":"first","12":"instock","13":"sale","14":"shipping-taxable","15":"purchasable","16":"product-type-simple"},"_links":{"self":[{"href":"https:\/\/soydeaqui.ddns.net\/pachuca\/index.php\/wp-json\/wp\/v2\/product\/66264","targetHints":{"allow":["GET"]}}],"collection":[{"href":"https:\/\/soydeaqui.ddns.net\/pachuca\/index.php\/wp-json\/wp\/v2\/product"}],"about":[{"href":"https:\/\/soydeaqui.ddns.net\/pachuca\/index.php\/wp-json\/wp\/v2\/types\/product"}],"replies":[{"embeddable":true,"href":"https:\/\/soydeaqui.ddns.net\/pachuca\/index.php\/wp-json\/wp\/v2\/comments?post=66264"}],"wp:featuredmedia":[{"embeddable":true,"href":"https:\/\/soydeaqui.ddns.net\/pachuca\/index.php\/wp-json\/wp\/v2\/media\/66263"}],"wp:attachment":[{"href":"https:\/\/soydeaqui.ddns.net\/pachuca\/index.php\/wp-json\/wp\/v2\/media?parent=66264"}],"wp:term":[{"taxonomy":"product_brand","embeddable":true,"href":"https:\/\/soydeaqui.ddns.net\/pachuca\/index.php\/wp-json\/wp\/v2\/product_brand?post=66264"},{"taxonomy":"product_cat","embeddable":true,"href":"https:\/\/soydeaqui.ddns.net\/pachuca\/index.php\/wp-json\/wp\/v2\/product_cat?post=66264"},{"taxonomy":"product_tag","embeddable":true,"href":"https:\/\/soydeaqui.ddns.net\/pachuca\/index.php\/wp-json\/wp\/v2\/product_tag?post=66264"}],"curies":[{"name":"wp","href":"https:\/\/api.w.org\/{rel}","templated":true}]}}