{"id":66203,"date":"2026-03-19T08:49:27","date_gmt":"2026-03-19T08:49:27","guid":{"rendered":"https:\/\/soydeaqui.ddns.net\/pachuca\/index.php\/producto\/par-de-herrajes-para-sujecion-de-linea-de-vida-para-stz90g\/"},"modified":"2026-03-19T08:49:28","modified_gmt":"2026-03-19T08:49:28","slug":"par-de-herrajes-para-sujecion-de-linea-de-vida-para-stz90g","status":"publish","type":"product","link":"https:\/\/soydeaqui.ddns.net\/pachuca\/index.php\/producto\/par-de-herrajes-para-sujecion-de-linea-de-vida-para-stz90g\/","title":{"rendered":"Par de Herrajes para sujeci\u00f3n de l\u00ednea de vida para STZ90G."},"content":{"rendered":"<div style='width: 100%; max-width: 1200px; margin: 0 auto; font-family: sans-serif; line-height: 1.6; color: inherit; background-color: transparent;'> <!-- Secci\u00f3n de introducci\u00f3n --> <\/p>\n<div style='margin-bottom: 30px;'>\n<p style='font-size: 15px; color: inherit; margin-bottom: 15px;'>Elimine riesgos al efectuar instalaciones en torres. El sistema de l\u00ednea de vida protege la integridad f\u00edsica del instalador al mismo tiempo que le otorga confianza y agilidad durante el proceso de instalaci\u00f3n del equipo.<\/p>\n<p style='font-size: 15px; color: inherit; margin-bottom: 15px;'><strong style='color: #FF0000; font-weight: bold;'>Producto Elaborado Bajo Normas ISO 9000<\/strong><\/p>\n<\/p><\/div>\n<p> <!-- Secci\u00f3n de caracter\u00edsticas funcionales --> <\/p>\n<div style='margin-bottom: 30px;'>\n<h3 style='font-size: 20px; border-bottom: 2px solid currentColor; padding-bottom: 5px; margin-top: 0; color: inherit; opacity: 0.8;'>Caracter\u00edsticas Funcionales<\/h3>\n<ul style='padding-left: 20px; font-size: 15px; color: inherit; margin-top: 15px;'>\n<li style='margin-bottom: 8px;'>Compatible con tramos SYSCOM STZ90G.<\/li>\n<li style='margin-bottom: 8px;'>Se coloca un herraje en la parte inferior de la torre y otro en la parte superior.<\/li>\n<li style='margin-bottom: 8px;'>Se recomienda colocar una gu\u00eda (SGULV) cada 15 m. de distancia recorrida por el cable (No incluido).<\/li>\n<li style='margin-bottom: 8px;'>Se recomienda una instalaci\u00f3n con cable de retenida de 3\/8\u201d (SRET338. Se vende por separado).<\/li>\n<li style='margin-bottom: 8px;'>Dise\u00f1o totalmente met\u00e1lico (Acero).<\/li>\n<li style='margin-bottom: 8px;'>Galvanizado por inmersi\u00f3n en caliente.<\/li>\n<\/ul><\/div>\n<p> <!-- Secci\u00f3n de caracter\u00edsticas f\u00edsicas --> <\/p>\n<div style='margin-bottom: 30px;'>\n<h3 style='font-size: 20px; border-bottom: 2px solid currentColor; padding-bottom: 5px; margin-top: 0; color: inherit; opacity: 0.8;'>Caracter\u00edsticas F\u00edsicas<\/h3>\n<ul style='padding-left: 20px; font-size: 15px; color: inherit; margin-top: 15px;'>\n<li style='margin-bottom: 8px;'>Aplicaci\u00f3n: Intemperie.<\/li>\n<li style='margin-bottom: 8px;'>Material: Acero galvanizado por inmersi\u00f3n en caliente.<\/li>\n<li style='margin-bottom: 8px;'>Peso: 4.25 Kg. Aprox.<\/li>\n<\/ul><\/div>\n<p> <!-- Secci\u00f3n de recomendaciones --> <\/p>\n<div style='margin-bottom: 30px;'>\n<h3 style='font-size: 20px; border-bottom: 2px solid currentColor; padding-bottom: 5px; margin-top: 0; color: inherit; opacity: 0.8;'>Recomendaciones<\/h3>\n<ul style='padding-left: 20px; font-size: 15px; color: inherit; margin-top: 15px;'>\n<li style='margin-bottom: 8px;'>Aseg\u00farese de que la instalaci\u00f3n sea realizada por un profesional capacitado.<\/li>\n<li style='margin-bottom: 8px;'>Peri\u00f3dicamente revise que la torniller\u00eda est\u00e9 correctamente ajustada.<\/li>\n<li style='margin-bottom: 8px;'>Programe un plan de mantenimiento para eliminar exceso de polvo y suciedad en el equipo.<\/li>\n<\/ul><\/div>\n<p> <!-- Notas adicionales --> <\/p>\n<div style='margin-bottom: 30px;'>\n<p style='font-size: 14px; color: inherit; margin-bottom: 8px;'>*Los colores de los productos pueden cambiar para mejoras t\u00e9cnicas. El peso declarado es de los equipos sin accesorios y sin embalaje.<\/p>\n<p style='font-size: 14px; color: inherit; margin-bottom: 0;'>PARA CUALQUIER DUDA O COMENTARIO CONTACTE AL DEPARTAMENTO DE INGENIER\u00cdA.<\/p>\n<\/p><\/div>\n<\/p><\/div>\n","protected":false},"excerpt":{"rendered":"<p>Par de Herrajes para sujeci\u00f3n de l\u00ednea de vida para STZ90G.<\/p>\n","protected":false},"featured_media":66202,"comment_status":"open","ping_status":"closed","template":"","meta":[],"product_brand":[],"product_cat":[589],"product_tag":[590,733,246],"class_list":{"0":"post-66203","1":"product","2":"type-product","3":"status-publish","4":"has-post-thumbnail","6":"product_cat-accesorios-para-torres-arriostradas","7":"product_tag-accesorios-para-torres-arriostradas","8":"product_tag-syscom-towers","9":"product_tag-torres-y-mastiles","11":"first","12":"outofstock","13":"sale","14":"shipping-taxable","15":"purchasable","16":"product-type-simple"},"_links":{"self":[{"href":"https:\/\/soydeaqui.ddns.net\/pachuca\/index.php\/wp-json\/wp\/v2\/product\/66203","targetHints":{"allow":["GET"]}}],"collection":[{"href":"https:\/\/soydeaqui.ddns.net\/pachuca\/index.php\/wp-json\/wp\/v2\/product"}],"about":[{"href":"https:\/\/soydeaqui.ddns.net\/pachuca\/index.php\/wp-json\/wp\/v2\/types\/product"}],"replies":[{"embeddable":true,"href":"https:\/\/soydeaqui.ddns.net\/pachuca\/index.php\/wp-json\/wp\/v2\/comments?post=66203"}],"wp:featuredmedia":[{"embeddable":true,"href":"https:\/\/soydeaqui.ddns.net\/pachuca\/index.php\/wp-json\/wp\/v2\/media\/66202"}],"wp:attachment":[{"href":"https:\/\/soydeaqui.ddns.net\/pachuca\/index.php\/wp-json\/wp\/v2\/media?parent=66203"}],"wp:term":[{"taxonomy":"product_brand","embeddable":true,"href":"https:\/\/soydeaqui.ddns.net\/pachuca\/index.php\/wp-json\/wp\/v2\/product_brand?post=66203"},{"taxonomy":"product_cat","embeddable":true,"href":"https:\/\/soydeaqui.ddns.net\/pachuca\/index.php\/wp-json\/wp\/v2\/product_cat?post=66203"},{"taxonomy":"product_tag","embeddable":true,"href":"https:\/\/soydeaqui.ddns.net\/pachuca\/index.php\/wp-json\/wp\/v2\/product_tag?post=66203"}],"curies":[{"name":"wp","href":"https:\/\/api.w.org\/{rel}","templated":true}]}}