{"id":66193,"date":"2026-03-19T08:49:07","date_gmt":"2026-03-19T08:49:07","guid":{"rendered":"https:\/\/soydeaqui.ddns.net\/pachuca\/index.php\/producto\/orejeras-duales-inalambricas-con-diadema-rigida-por-detras-de-la-cabeza-compatible-con-adaptadores-pryme-blu-radio-y-dispositivos-bluetooth-con-funcion-de-ptt-y-para-contestar-celulares\/"},"modified":"2026-03-19T08:49:08","modified_gmt":"2026-03-19T08:49:08","slug":"orejeras-duales-inalambricas-con-diadema-rigida-por-detras-de-la-cabeza-compatible-con-adaptadores-pryme-blu-radio-y-dispositivos-bluetooth-con-funcion-de-ptt-y-para-contestar-celulares","status":"publish","type":"product","link":"https:\/\/soydeaqui.ddns.net\/pachuca\/index.php\/producto\/orejeras-duales-inalambricas-con-diadema-rigida-por-detras-de-la-cabeza-compatible-con-adaptadores-pryme-blu-radio-y-dispositivos-bluetooth-con-funcion-de-ptt-y-para-contestar-celulares\/","title":{"rendered":"Orejeras duales inal\u00e1mbricas con diadema r\u00edgida por detr\u00e1s de la cabeza compatible con adaptadores PRYME BLU, radio y dispositivos bluetooth, con funci\u00f3n de PTT y para contestar celulares."},"content":{"rendered":"<div style='width: 100%; max-width: 1200px; margin: 0 auto; font-family: sans-serif; line-height: 1.6; color: inherit; background-color: transparent;'>\n<div style='display: flex; flex-wrap: wrap; gap: 30px; margin-bottom: 30px;'>\n<div style='flex: 1 1 300px; min-width: 280px;'>\n<h3 style='font-size: 22px; border-bottom: 2px solid currentColor; padding-bottom: 5px; margin-top: 0; color: inherit; opacity: 0.8;'>Descripci\u00f3n general<\/h3>\n<p style='font-size: 15px; color: inherit; margin-top: 0; margin-bottom: 15px;'>La l\u00ednea de auriculares inal\u00e1mbricos de doble auricular de grado profesional de PRYME est\u00e1 disponible.<\/p>\n<p style='font-size: 15px; color: inherit; margin-top: 0; margin-bottom: 15px;'>El BTH-900 tiene una banda fuerte de acero el\u00e1stico detr\u00e1s de la cabeza&comma; que sostiene los altavoces firmemente contra las orejas y es el estilo preferido por los equipos de carreras.<\/p>\n<p style='font-size: 15px; color: inherit; margin-top: 0; margin-bottom: 15px;'>Todas las orejeras BTH cuentan con lo \u00faltimo en tecnolog\u00eda Bluetooth&comma; con un alcance de hasta 10 metros&comma; tiempo de conversaci\u00f3n de hasta aproximadamente 12 horas y tiempo de espera de m\u00e1s de 50 horas.<\/p>\n<p style='font-size: 15px; color: inherit; margin-top: 0; margin-bottom: 15px;'>Las orejeras BTH-900EMB se puede emparejar con celulares y radios de dos v\u00edas ambos al mismo tiempo (utilizando adaptadores de radio PRYMEBLU).<\/p>\n<p style='font-size: 15px; color: inherit; margin-top: 0; margin-bottom: 15px;'>Los botones de goma grandes e impermeables incorporados en la serie BTH proporcionan PTT de tel\u00e9fono m\u00f3vil y radio independientes&comma; control de volumen e interruptor de encendido (retro iluminado). La serie BTH inal\u00e1mbrica es robusta&comma; f\u00e1cil de usar y ofrece aproximadamente 24dB de protecci\u00f3n auditiva sin dejar de ser s\u00faper c\u00f3modo de llevar todo el d\u00eda. Tambi\u00e9n disponible con almohadillas de GEL opcionales&comma; fundas de almohadillas de tela&comma; cubre almohadillas desechables&comma; y es f\u00e1cil de cambiar a diferentes estilos de micr\u00f3fonos.<\/p>\n<\/p><\/div>\n<\/p><\/div>\n<div style='display: flex; flex-wrap: wrap; gap: 20px; margin-bottom: 30px;'>\n<div style='flex: 1 1 250px; border: 1px solid rgba(150&comma; 150&comma; 150&comma; 0.4); border-radius: 8px; overflow: hidden; display: flex; flex-direction: column;'>\n<div style='padding: 15px; border-bottom: 1px solid rgba(150&comma; 150&comma; 150&comma; 0.2); font-weight: bold; font-size: 18px; color: inherit;'>Caracter\u00edsticas principales<\/div>\n<div style='padding: 15px; color: inherit;'>\n<ul style='padding-left: 20px; margin: 0; font-size: 14px; list-style-type: disc; color: inherit;'>\n<li style='margin-bottom: 5px; color: inherit;'><strong>Bluetooth:<\/strong> Totalmente integrado. Sin cables&comma; sin cajas de BT externas&comma; limpias y profesionales<\/li>\n<li style='margin-bottom: 5px; color: inherit;'><strong>Operaci\u00f3n dual:<\/strong> BT para uso simult\u00e1neo tanto en dongles de radio como en tel\u00e9fonos celulares<\/li>\n<li style='margin-bottom: 5px; color: inherit;'><strong>Botones de control:<\/strong> Separados para radio PTT y respuesta \/ bloqueo del tel\u00e9fono celular<\/li>\n<li style='margin-bottom: 5px; color: inherit;'><strong>Interruptores de control:<\/strong> Dise\u00f1ados en membrana de goma ubicados en una de las orejeras<\/li>\n<li style='margin-bottom: 5px; color: inherit;'><strong>Funciones:<\/strong> Encendido \/ apagado&comma; volumen arriba&comma; volumen abajo&comma; PTT y control de tel\u00e9fono<\/li>\n<li style='margin-bottom: 5px; color: inherit;'><strong>Auriculares estilo carrera:<\/strong> BTH-900 con gran bot\u00f3n PTT elevado para usuarios con guantes<\/li>\n<\/ul><\/div>\n<\/p><\/div>\n<div style='flex: 1 1 250px; border: 1px solid rgba(150&comma; 150&comma; 150&comma; 0.4); border-radius: 8px; overflow: hidden; display: flex; flex-direction: column;'>\n<div style='padding: 15px; border-bottom: 1px solid rgba(150&comma; 150&comma; 150&comma; 0.2); font-weight: bold; font-size: 18px; color: inherit;'>Caracter\u00edsticas adicionales<\/div>\n<div style='padding: 15px; color: inherit;'>\n<ul style='padding-left: 20px; margin: 0; font-size: 14px; list-style-type: disc; color: inherit;'>\n<li style='margin-bottom: 5px; color: inherit;'><strong>LED de dos colores:<\/strong> Ubicado detr\u00e1s del interruptor de alimentaci\u00f3n&comma; protegido de la lluvia y el polvo<\/li>\n<li style='margin-bottom: 5px; color: inherit;'><strong>Indicadores:<\/strong> Estado de energ\u00eda&comma; estado de enlace&comma; estado de PTT&comma; bater\u00eda baja y carga<\/li>\n<li style='margin-bottom: 5px; color: inherit;'><strong>Orejeras:<\/strong> Del mismo tama\u00f1o que nuestras orejeras con cable y compatibles con repuestos<\/li>\n<li style='margin-bottom: 5px; color: inherit;'><strong>Accesorios:<\/strong> Almohadillas de GEL&comma; fundas para almohadillas&comma; elementos de micr\u00f3fono f\u00e1ciles de reemplazar<\/li>\n<li style='margin-bottom: 5px; color: inherit;'><strong>Protecci\u00f3n auditiva:<\/strong> Aproximadamente 24dB<\/li>\n<li style='margin-bottom: 5px; color: inherit;'><strong>Confort:<\/strong> Dise\u00f1o s\u00faper c\u00f3modo para uso prolongado<\/li>\n<\/ul><\/div>\n<\/p><\/div>\n<\/p><\/div>\n<hr style='border: 0; border-top: 1px solid rgba(150&comma; 150&comma; 150&comma; 0.3); margin: 30px 0;'>\n<div style='display: flex; flex-wrap: wrap; gap: 30px; margin-bottom: 30px;'>\n<div style='flex: 1 1 300px; min-width: 280px;'>\n<h3 style='font-size: 22px; border-bottom: 2px solid currentColor; padding-bottom: 5px; margin-top: 0; color: inherit; opacity: 0.8;'>Especificaciones t\u00e9cnicas<\/h3>\n<ul style='padding-left: 20px; font-size: 15px; color: inherit;'>\n<li style='margin-bottom: 5px;'><strong>Alcance Bluetooth:<\/strong> Hasta 10 metros<\/li>\n<li style='margin-bottom: 5px;'><strong>Tiempo de conversaci\u00f3n:<\/strong> Hasta aproximadamente 12 horas<\/li>\n<li style='margin-bottom: 5px;'><strong>Tiempo de espera:<\/strong> M\u00e1s de 50 horas<\/li>\n<li style='margin-bottom: 5px;'><strong>Protecci\u00f3n auditiva:<\/strong> Aproximadamente 24dB<\/li>\n<\/ul><\/div>\n<\/p><\/div>\n<\/p><\/div>\n","protected":false},"excerpt":{"rendered":"<p>Orejeras duales inal\u00e1mbricas con diadema r\u00edgida por detr\u00e1s de la cabeza compatible con adaptadores PRYME BLU, radio y dispositivos bluetooth, con funci\u00f3n de PTT y para contestar celulares.<\/p>\n","protected":false},"featured_media":32,"comment_status":"open","ping_status":"closed","template":"","meta":[],"product_brand":[],"product_cat":[1738],"product_tag":[1337,1584,1730],"class_list":{"0":"post-66193","1":"product","2":"type-product","3":"status-publish","4":"has-post-thumbnail","6":"product_cat-diademas-accesorios-para-otras-marcas","7":"product_tag-accesorios-para-otras-marcas","8":"product_tag-diademas","9":"product_tag-pryme","11":"first","12":"outofstock","13":"sale","14":"shipping-taxable","15":"purchasable","16":"product-type-simple"},"_links":{"self":[{"href":"https:\/\/soydeaqui.ddns.net\/pachuca\/index.php\/wp-json\/wp\/v2\/product\/66193","targetHints":{"allow":["GET"]}}],"collection":[{"href":"https:\/\/soydeaqui.ddns.net\/pachuca\/index.php\/wp-json\/wp\/v2\/product"}],"about":[{"href":"https:\/\/soydeaqui.ddns.net\/pachuca\/index.php\/wp-json\/wp\/v2\/types\/product"}],"replies":[{"embeddable":true,"href":"https:\/\/soydeaqui.ddns.net\/pachuca\/index.php\/wp-json\/wp\/v2\/comments?post=66193"}],"wp:featuredmedia":[{"embeddable":true,"href":"https:\/\/soydeaqui.ddns.net\/pachuca\/index.php\/wp-json\/wp\/v2\/media\/32"}],"wp:attachment":[{"href":"https:\/\/soydeaqui.ddns.net\/pachuca\/index.php\/wp-json\/wp\/v2\/media?parent=66193"}],"wp:term":[{"taxonomy":"product_brand","embeddable":true,"href":"https:\/\/soydeaqui.ddns.net\/pachuca\/index.php\/wp-json\/wp\/v2\/product_brand?post=66193"},{"taxonomy":"product_cat","embeddable":true,"href":"https:\/\/soydeaqui.ddns.net\/pachuca\/index.php\/wp-json\/wp\/v2\/product_cat?post=66193"},{"taxonomy":"product_tag","embeddable":true,"href":"https:\/\/soydeaqui.ddns.net\/pachuca\/index.php\/wp-json\/wp\/v2\/product_tag?post=66193"}],"curies":[{"name":"wp","href":"https:\/\/api.w.org\/{rel}","templated":true}]}}