{"id":66180,"date":"2026-03-19T08:48:35","date_gmt":"2026-03-19T08:48:35","guid":{"rendered":"https:\/\/soydeaqui.ddns.net\/pachuca\/index.php\/producto\/audifonos-inalambricos-bluetooth-con-diadema-rigida-por-arriba-de-la-cabeza-compatible-con-adaptadores-pryme-blu-radio-y-dispositivos-bluetooth-con-funcion-de-ptt-y-para-contestar-celulares\/"},"modified":"2026-03-19T08:48:36","modified_gmt":"2026-03-19T08:48:36","slug":"audifonos-inalambricos-bluetooth-con-diadema-rigida-por-arriba-de-la-cabeza-compatible-con-adaptadores-pryme-blu-radio-y-dispositivos-bluetooth-con-funcion-de-ptt-y-para-contestar-celulares","status":"publish","type":"product","link":"https:\/\/soydeaqui.ddns.net\/pachuca\/index.php\/producto\/audifonos-inalambricos-bluetooth-con-diadema-rigida-por-arriba-de-la-cabeza-compatible-con-adaptadores-pryme-blu-radio-y-dispositivos-bluetooth-con-funcion-de-ptt-y-para-contestar-celulares\/","title":{"rendered":"Aud\u00edfonos inal\u00e1mbricos Bluetooth con diadema r\u00edgida por arriba de la cabeza compatible con adaptadores PRYME BLU, radio y dispositivos bluetooth, con funci\u00f3n de PTT y para contestar celulares."},"content":{"rendered":"<div style='width: 100%; max-width: 1200px; margin: 0 auto; font-family: sans-serif; line-height: 1.6; color: inherit; background-color: transparent;'> <!-- Secci\u00f3n de descripci\u00f3n general --> <\/p>\n<div style='margin-bottom: 30px;'>\n<p style='font-size: 16px; color: inherit; margin-bottom: 15px;'> La l\u00ednea de auriculares inal\u00e1mbricos de doble auricular de grado profesional de PRYME est\u00e1 disponible. <\/p>\n<p style='font-size: 16px; color: inherit; margin-bottom: 15px;'> El BTH-800-OMB tiene una diadema r\u00edgida por arriba de la cabeza&comma; que sostiene los altavoces firmemente contra las orejas y es el estilo preferido por los equipos de carreras. <\/p>\n<p style='font-size: 16px; color: inherit; margin-bottom: 15px;'> Todas las orejeras BTH cuentan con lo \u00faltimo en tecnolog\u00eda Bluetooth&comma; con un alcance de hasta 10 metros&comma; tiempo de conversaci\u00f3n de hasta aproximadamente 12 horas y tiempo de espera de m\u00e1s de 50 horas. <\/p>\n<p style='font-size: 16px; color: inherit; margin-bottom: 15px;'> Las orejeras BTH-800-OMB se puede emparejar con celulares y radios de dos v\u00edas ambos al mismo tiempo (utilizando adaptadores de radio PRYMEBLU). <\/p>\n<p style='font-size: 16px; color: inherit; margin-bottom: 15px;'> Los botones de goma grandes e impermeables incorporados en la serie BTH proporcionan PTT de tel\u00e9fono m\u00f3vil y radio independientes&comma; control de volumen e interruptor de encendido (retro iluminado). La serie BTH inal\u00e1mbrica es robusta&comma; f\u00e1cil de usar y ofrece aproximadamente 24dB de protecci\u00f3n auditiva sin dejar de ser s\u00faper c\u00f3modo de llevar todo el d\u00eda. Tambi\u00e9n disponible con almohadillas de GEL opcionales&comma; fundas de almohadillas de tela&comma; cubre almohadillas desechables&comma; y es f\u00e1cil de cambiar a diferentes estilos de micr\u00f3fonos. <\/p>\n<\/p><\/div>\n<p> <!-- Secci\u00f3n de caracter\u00edsticas --> <\/p>\n<div style='display: flex; flex-wrap: wrap; gap: 30px; margin-bottom: 30px;'>\n<div style='flex: 1 1 300px; min-width: 280px;'>\n<h3 style='font-size: 22px; border-bottom: 2px solid currentColor; padding-bottom: 5px; margin-top: 0; color: inherit; opacity: 0.8;'>Caracter\u00edsticas<\/h3>\n<ul style='padding-left: 20px; font-size: 15px; color: inherit;'>\n<li style='margin-bottom: 5px;'>Bluetooth totalmente integrado. Sin cables&comma; sin cajas de BT externas&comma; limpias y profesionales<\/li>\n<li style='margin-bottom: 5px;'>Operaci\u00f3n dual BT para uso simult\u00e1neo tanto en dongles de radio como en tel\u00e9fonos celulares<\/li>\n<li style='margin-bottom: 5px;'>Botones de control separados para radio PTT y respuesta \/ bloqueo del tel\u00e9fono celular<\/li>\n<li style='margin-bottom: 5px;'>Los interruptores de control de membrana de goma bien dise\u00f1ados ubicados en una de las orejeras proporcionan: Encendido \/ apagado&comma; volumen arriba&comma; volumen abajo&comma; PTT y control de tel\u00e9fono<\/li>\n<li style='margin-bottom: 5px;'>Los auriculares estilo carrera BTH-800 tienen un gran bot\u00f3n PTT elevado&comma; perfecto para usuarios que usan guantes<\/li>\n<li style='margin-bottom: 5px;'>El LED de dos colores est\u00e1 ubicado detr\u00e1s del interruptor de alimentaci\u00f3n&comma; protegido de la lluvia y el polvo<\/li>\n<li style='margin-bottom: 5px;'>Indica: estado de energ\u00eda&comma; estado de enlace&comma; estado de PTT&comma; bater\u00eda baja y carga<\/li>\n<li style='margin-bottom: 5px;'>Las orejeras son del mismo tama\u00f1o que nuestras orejeras con cable y comparten el repuesto \/ opcional<\/li>\n<li style='margin-bottom: 5px;'>Accesorios&comma; como almohadillas de GEL&comma; fundas para almohadillas&comma; elementos de micr\u00f3fono f\u00e1ciles de reemplazar<\/li>\n<\/ul><\/div>\n<\/p><\/div>\n<p> <!-- Separador --> <\/p>\n<hr style='border: 0; border-top: 1px solid rgba(150&comma; 150&comma; 150&comma; 0.3); margin: 30px 0;'> <\/div>\n","protected":false},"excerpt":{"rendered":"<p>Aud\u00edfonos inal\u00e1mbricos Bluetooth con diadema r\u00edgida por arriba de la cabeza compatible con adaptadores PRYME BLU, radio y dispositivos bluetooth, con funci\u00f3n de PTT y para contestar celulares.<\/p>\n","protected":false},"featured_media":66179,"comment_status":"open","ping_status":"closed","template":"","meta":[],"product_brand":[],"product_cat":[1738],"product_tag":[1337,1584,1730],"class_list":{"0":"post-66180","1":"product","2":"type-product","3":"status-publish","4":"has-post-thumbnail","6":"product_cat-diademas-accesorios-para-otras-marcas","7":"product_tag-accesorios-para-otras-marcas","8":"product_tag-diademas","9":"product_tag-pryme","11":"first","12":"outofstock","13":"sale","14":"shipping-taxable","15":"purchasable","16":"product-type-simple"},"_links":{"self":[{"href":"https:\/\/soydeaqui.ddns.net\/pachuca\/index.php\/wp-json\/wp\/v2\/product\/66180","targetHints":{"allow":["GET"]}}],"collection":[{"href":"https:\/\/soydeaqui.ddns.net\/pachuca\/index.php\/wp-json\/wp\/v2\/product"}],"about":[{"href":"https:\/\/soydeaqui.ddns.net\/pachuca\/index.php\/wp-json\/wp\/v2\/types\/product"}],"replies":[{"embeddable":true,"href":"https:\/\/soydeaqui.ddns.net\/pachuca\/index.php\/wp-json\/wp\/v2\/comments?post=66180"}],"wp:featuredmedia":[{"embeddable":true,"href":"https:\/\/soydeaqui.ddns.net\/pachuca\/index.php\/wp-json\/wp\/v2\/media\/66179"}],"wp:attachment":[{"href":"https:\/\/soydeaqui.ddns.net\/pachuca\/index.php\/wp-json\/wp\/v2\/media?parent=66180"}],"wp:term":[{"taxonomy":"product_brand","embeddable":true,"href":"https:\/\/soydeaqui.ddns.net\/pachuca\/index.php\/wp-json\/wp\/v2\/product_brand?post=66180"},{"taxonomy":"product_cat","embeddable":true,"href":"https:\/\/soydeaqui.ddns.net\/pachuca\/index.php\/wp-json\/wp\/v2\/product_cat?post=66180"},{"taxonomy":"product_tag","embeddable":true,"href":"https:\/\/soydeaqui.ddns.net\/pachuca\/index.php\/wp-json\/wp\/v2\/product_tag?post=66180"}],"curies":[{"name":"wp","href":"https:\/\/api.w.org\/{rel}","templated":true}]}}