{"id":66178,"date":"2026-03-19T08:48:31","date_gmt":"2026-03-19T08:48:31","guid":{"rendered":"https:\/\/soydeaqui.ddns.net\/pachuca\/index.php\/producto\/orejeras-duales-inalambricas-para-montar-en-casco-compatible-con-adaptadores-pryme-blu-radio-y-dispositivos-bluetooth-con-funcion-de-ptt-y-para-contestar-celulares\/"},"modified":"2026-03-19T08:48:32","modified_gmt":"2026-03-19T08:48:32","slug":"orejeras-duales-inalambricas-para-montar-en-casco-compatible-con-adaptadores-pryme-blu-radio-y-dispositivos-bluetooth-con-funcion-de-ptt-y-para-contestar-celulares","status":"publish","type":"product","link":"https:\/\/soydeaqui.ddns.net\/pachuca\/index.php\/producto\/orejeras-duales-inalambricas-para-montar-en-casco-compatible-con-adaptadores-pryme-blu-radio-y-dispositivos-bluetooth-con-funcion-de-ptt-y-para-contestar-celulares\/","title":{"rendered":"Orejeras duales inal\u00e1mbricas para montar en casco compatible con adaptadores PRYME BLU, radio y dispositivos bluetooth, con funci\u00f3n de PTT y para contestar celulares."},"content":{"rendered":"<div style='width: 100%; max-width: 1200px; margin: 0 auto; font-family: sans-serif; line-height: 1.6; color: inherit; background-color: transparent;'>\n<div style='display: flex; flex-wrap: wrap; gap: 30px; margin-bottom: 30px;'>\n<div style='flex: 1 1 300px; min-width: 280px;'>\n<h3 style='font-size: 22px; border-bottom: 2px solid currentColor; padding-bottom: 5px; margin-top: 0; color: inherit; opacity: 0.8;'>Descripci\u00f3n general<\/h3>\n<p style='font-size: 15px; color: inherit; margin-top: 0; margin-bottom: 15px;'>La l\u00ednea de auriculares inal\u00e1mbricos de doble auricular de grado profesional de PRYME est\u00e1 disponible.<\/p>\n<p style='font-size: 15px; color: inherit; margin-top: 0; margin-bottom: 15px;'>El BTH-700-HMB con soporte para montaje en casco&comma; que sostiene los altavoces firmemente contra las orejas y es el estilo preferido por los equipos de carreras.<\/p>\n<p style='font-size: 15px; color: inherit; margin-top: 0; margin-bottom: 15px;'>Todas las orejeras BTH cuentan con lo \u00faltimo en tecnolog\u00eda Bluetooth&comma; con un alcance de hasta 10 metros&comma; tiempo de conversaci\u00f3n de hasta aproximadamente 12 horas y tiempo de espera de m\u00e1s de 50 horas.<\/p>\n<p style='font-size: 15px; color: inherit; margin-top: 0; margin-bottom: 15px;'>Las orejeras BTH-700-HMB se puede emparejar con celulares y radios de dos v\u00edas ambos al mismo tiempo (utilizando adaptadores de radio PRYMEBLU).<\/p>\n<\/p><\/div>\n<\/p><\/div>\n<div style='display: flex; flex-wrap: wrap; gap: 20px; margin-bottom: 30px;'>\n<div style='flex: 1 1 250px; border: 1px solid rgba(150&comma; 150&comma; 150&comma; 0.4); border-radius: 8px; overflow: hidden; display: flex; flex-direction: column;'>\n<div style='padding: 15px; border-bottom: 1px solid rgba(150&comma; 150&comma; 150&comma; 0.2); font-weight: bold; font-size: 18px; color: inherit;'>Caracter\u00edsticas principales<\/div>\n<div style='padding: 15px; color: inherit;'>\n<ul style='padding-left: 20px; margin: 0; font-size: 14px; list-style-type: disc;'>\n<li style='margin-bottom: 5px;'><strong>Conectividad:<\/strong> Bluetooth totalmente integrado. Sin cables&comma; sin cajas de BT externas&comma; limpias y profesionales<\/li>\n<li style='margin-bottom: 5px;'><strong>Operaci\u00f3n dual:<\/strong> Para uso simult\u00e1neo tanto en dongles de radio como en tel\u00e9fonos celulares<\/li>\n<li style='margin-bottom: 5px;'><strong>Controles:<\/strong> Botones de control separados para radio PTT y respuesta \/ bloqueo del tel\u00e9fono celular<\/li>\n<li style='margin-bottom: 5px;'><strong>Interruptores:<\/strong> De membrana de goma bien dise\u00f1ados ubicados en una de las orejeras<\/li>\n<\/ul><\/div>\n<\/p><\/div>\n<div style='flex: 1 1 250px; border: 1px solid rgba(150&comma; 150&comma; 150&comma; 0.4); border-radius: 8px; overflow: hidden; display: flex; flex-direction: column;'>\n<div style='padding: 15px; border-bottom: 1px solid rgba(150&comma; 150&comma; 150&comma; 0.2); font-weight: bold; font-size: 18px; color: inherit;'>Detalles t\u00e9cnicos<\/div>\n<div style='padding: 15px; color: inherit;'>\n<ul style='padding-left: 20px; margin: 0; font-size: 14px; list-style-type: disc;'>\n<li style='margin-bottom: 5px;'><strong>Funciones:<\/strong> Encendido\/apagado&comma; volumen arriba&comma; volumen abajo&comma; PTT y control de tel\u00e9fono<\/li>\n<li style='margin-bottom: 5px;'><strong>Dise\u00f1o:<\/strong> Auriculares estilo carrera con gran bot\u00f3n PTT elevado para uso con guantes<\/li>\n<li style='margin-bottom: 5px;'><strong>Indicadores LED:<\/strong> Dos colores detr\u00e1s del interruptor de alimentaci\u00f3n (protegido de lluvia y polvo)<\/li>\n<li style='margin-bottom: 5px;'><strong>Indicaciones:<\/strong> Estado de energ\u00eda&comma; estado de enlace&comma; estado de PTT&comma; bater\u00eda baja y carga<\/li>\n<\/ul><\/div>\n<\/p><\/div>\n<div style='flex: 1 1 250px; border: 1px solid rgba(150&comma; 150&comma; 150&comma; 0.4); border-radius: 8px; overflow: hidden; display: flex; flex-direction: column;'>\n<div style='padding: 15px; border-bottom: 1px solid rgba(150&comma; 150&comma; 150&comma; 0.2); font-weight: bold; font-size: 18px; color: inherit;'>Compatibilidad y accesorios<\/div>\n<div style='padding: 15px; color: inherit;'>\n<ul style='padding-left: 20px; margin: 0; font-size: 14px; list-style-type: disc;'>\n<li style='margin-bottom: 5px;'><strong>Compatibilidad:<\/strong> Orejeras del mismo tama\u00f1o que modelos con cable<\/li>\n<li style='margin-bottom: 5px;'><strong>Accesorios:<\/strong> Almohadillas de GEL&comma; fundas para almohadillas&comma; elementos de micr\u00f3fono reemplazables<\/li>\n<li style='margin-bottom: 5px;'><strong>Protecci\u00f3n auditiva:<\/strong> Aproximadamente 24dB<\/li>\n<li style='margin-bottom: 5px;'><strong>Confort:<\/strong> Dise\u00f1o superc\u00f3modo para uso prolongado<\/li>\n<\/ul><\/div>\n<\/p><\/div>\n<\/p><\/div>\n<hr style='border: 0; border-top: 1px solid rgba(150&comma; 150&comma; 150&comma; 0.3); margin: 30px 0;'>\n<div style='display: flex; flex-wrap: wrap; gap: 30px; margin-bottom: 30px;'>\n<div style='flex: 1 1 300px; min-width: 280px;'>\n<h3 style='font-size: 22px; border-bottom: 2px solid currentColor; padding-bottom: 5px; margin-top: 0; color: inherit; opacity: 0.8;'>Especificaciones adicionales<\/h3>\n<ul style='padding-left: 20px; font-size: 15px; color: inherit;'>\n<li style='margin-bottom: 5px;'><strong>Alcance Bluetooth:<\/strong> Hasta 10 metros<\/li>\n<li style='margin-bottom: 5px;'><strong>Tiempo de conversaci\u00f3n:<\/strong> Hasta aproximadamente 12 horas<\/li>\n<li style='margin-bottom: 5px;'><strong>Tiempo de espera:<\/strong> M\u00e1s de 50 horas<\/li>\n<li style='margin-bottom: 5px;'><strong>Botones:<\/strong> De goma grandes e impermeables<\/li>\n<\/ul><\/div>\n<\/p><\/div>\n<\/p><\/div>\n","protected":false},"excerpt":{"rendered":"<p>Orejeras duales inal\u00e1mbricas para montar en casco compatible con adaptadores PRYME BLU, radio y dispositivos bluetooth, con funci\u00f3n de PTT y para contestar celulares.<\/p>\n","protected":false},"featured_media":66177,"comment_status":"open","ping_status":"closed","template":"","meta":[],"product_brand":[],"product_cat":[1738],"product_tag":[1337,1584,1730],"class_list":{"0":"post-66178","1":"product","2":"type-product","3":"status-publish","4":"has-post-thumbnail","6":"product_cat-diademas-accesorios-para-otras-marcas","7":"product_tag-accesorios-para-otras-marcas","8":"product_tag-diademas","9":"product_tag-pryme","11":"first","12":"outofstock","13":"sale","14":"shipping-taxable","15":"purchasable","16":"product-type-simple"},"_links":{"self":[{"href":"https:\/\/soydeaqui.ddns.net\/pachuca\/index.php\/wp-json\/wp\/v2\/product\/66178","targetHints":{"allow":["GET"]}}],"collection":[{"href":"https:\/\/soydeaqui.ddns.net\/pachuca\/index.php\/wp-json\/wp\/v2\/product"}],"about":[{"href":"https:\/\/soydeaqui.ddns.net\/pachuca\/index.php\/wp-json\/wp\/v2\/types\/product"}],"replies":[{"embeddable":true,"href":"https:\/\/soydeaqui.ddns.net\/pachuca\/index.php\/wp-json\/wp\/v2\/comments?post=66178"}],"wp:featuredmedia":[{"embeddable":true,"href":"https:\/\/soydeaqui.ddns.net\/pachuca\/index.php\/wp-json\/wp\/v2\/media\/66177"}],"wp:attachment":[{"href":"https:\/\/soydeaqui.ddns.net\/pachuca\/index.php\/wp-json\/wp\/v2\/media?parent=66178"}],"wp:term":[{"taxonomy":"product_brand","embeddable":true,"href":"https:\/\/soydeaqui.ddns.net\/pachuca\/index.php\/wp-json\/wp\/v2\/product_brand?post=66178"},{"taxonomy":"product_cat","embeddable":true,"href":"https:\/\/soydeaqui.ddns.net\/pachuca\/index.php\/wp-json\/wp\/v2\/product_cat?post=66178"},{"taxonomy":"product_tag","embeddable":true,"href":"https:\/\/soydeaqui.ddns.net\/pachuca\/index.php\/wp-json\/wp\/v2\/product_tag?post=66178"}],"curies":[{"name":"wp","href":"https:\/\/api.w.org\/{rel}","templated":true}]}}