{"id":66171,"date":"2026-03-19T08:48:15","date_gmt":"2026-03-19T08:48:15","guid":{"rendered":"https:\/\/soydeaqui.ddns.net\/pachuca\/index.php\/producto\/otto-connect-molde-de-goma-protector-para-intercom-ct-00210\/"},"modified":"2026-03-19T08:48:19","modified_gmt":"2026-03-19T08:48:19","slug":"otto-connect-molde-de-goma-protector-para-intercom-ct-00210","status":"publish","type":"product","link":"https:\/\/soydeaqui.ddns.net\/pachuca\/index.php\/producto\/otto-connect-molde-de-goma-protector-para-intercom-ct-00210\/","title":{"rendered":"OTTO CONNECT, MOLDE DE GOMA PROTECTOR PARA INTERCOM CT-00210"},"content":{"rendered":"<div style='width: 100%; max-width: 1200px; margin: 0 auto; font-family: sans-serif; line-height: 1.6; color: inherit; background-color: transparent;'>\n<div style='display: flex; flex-wrap: wrap; gap: 30px; margin-bottom: 30px;'>\n<div style='flex: 1 1 300px; min-width: 280px;'>\n<h3 style='font-size: 22px; border-bottom: 2px solid currentColor; padding-bottom: 5px; margin-top: 0; color: inherit; opacity: 0.8;'>Caracter\u00edsticas<\/h3>\n<ul style='padding-left: 20px; font-size: 15px; color: inherit;'>\n<li style='margin-bottom: 5px;'>Tecnolog\u00eda de protecci\u00f3n auditiva avanzada con filtros reductores de ruido patentados<\/li>\n<li style='margin-bottom: 5px;'>Permiten escuchar sonidos y conversaciones con claridad a niveles seguros<\/li>\n<li style='margin-bottom: 5px;'>Reducci\u00f3n de ruido potencialmente da\u00f1ino mediante dise\u00f1o patentado<\/li>\n<li style='margin-bottom: 5px;'>Interruptor deslizante para control del nivel de sonido ambiental<\/li>\n<li style='margin-bottom: 5px;'>Posici\u00f3n abierta: permite escuchar sonidos ambientales y conversaciones con claridad<\/li>\n<li style='margin-bottom: 5px;'>Posici\u00f3n cerrada: aumenta la efectividad del bloqueo de ruido en entornos ruidosos<\/li>\n<li style='margin-bottom: 5px;'>Reducci\u00f3n de 21dB de ruido de fondo ambiental<\/li>\n<li style='margin-bottom: 5px;'>Hasta 40 dB de protecci\u00f3n contra ruidos fuertes<\/li>\n<\/ul>\n<\/div>\n<\/div>\n<\/div>\n<hr style='border: 0; border-top: 1px solid rgba(150&comma; 150&comma; 150&comma; 0.3); margin: 30px 0;'><\/div>\n","protected":false},"excerpt":{"rendered":"<p>OTTO CONNECT, MOLDE DE GOMA PROTECTOR PARA INTERCOM CT-00210<\/p>\n","protected":false},"featured_media":66170,"comment_status":"open","ping_status":"closed","template":"","meta":[],"product_brand":[],"product_cat":[1336],"product_tag":[417,1337,1585],"class_list":{"0":"post-66171","1":"product","2":"type-product","3":"status-publish","4":"has-post-thumbnail","6":"product_cat-accesorios-generales-accesorios-para-otras-marcas","7":"product_tag-accesorios-generales","8":"product_tag-accesorios-para-otras-marcas","9":"product_tag-otto","11":"first","12":"outofstock","13":"sale","14":"shipping-taxable","15":"purchasable","16":"product-type-simple"},"_links":{"self":[{"href":"https:\/\/soydeaqui.ddns.net\/pachuca\/index.php\/wp-json\/wp\/v2\/product\/66171","targetHints":{"allow":["GET"]}}],"collection":[{"href":"https:\/\/soydeaqui.ddns.net\/pachuca\/index.php\/wp-json\/wp\/v2\/product"}],"about":[{"href":"https:\/\/soydeaqui.ddns.net\/pachuca\/index.php\/wp-json\/wp\/v2\/types\/product"}],"replies":[{"embeddable":true,"href":"https:\/\/soydeaqui.ddns.net\/pachuca\/index.php\/wp-json\/wp\/v2\/comments?post=66171"}],"wp:featuredmedia":[{"embeddable":true,"href":"https:\/\/soydeaqui.ddns.net\/pachuca\/index.php\/wp-json\/wp\/v2\/media\/66170"}],"wp:attachment":[{"href":"https:\/\/soydeaqui.ddns.net\/pachuca\/index.php\/wp-json\/wp\/v2\/media?parent=66171"}],"wp:term":[{"taxonomy":"product_brand","embeddable":true,"href":"https:\/\/soydeaqui.ddns.net\/pachuca\/index.php\/wp-json\/wp\/v2\/product_brand?post=66171"},{"taxonomy":"product_cat","embeddable":true,"href":"https:\/\/soydeaqui.ddns.net\/pachuca\/index.php\/wp-json\/wp\/v2\/product_cat?post=66171"},{"taxonomy":"product_tag","embeddable":true,"href":"https:\/\/soydeaqui.ddns.net\/pachuca\/index.php\/wp-json\/wp\/v2\/product_tag?post=66171"}],"curies":[{"name":"wp","href":"https:\/\/api.w.org\/{rel}","templated":true}]}}