{"id":66167,"date":"2026-03-19T08:48:09","date_gmt":"2026-03-19T08:48:09","guid":{"rendered":"https:\/\/soydeaqui.ddns.net\/pachuca\/index.php\/producto\/kit-demo-de-otto-connect-de-3-intercomunicadores-con-diademas-no-para-reventa\/"},"modified":"2026-03-19T08:48:10","modified_gmt":"2026-03-19T08:48:10","slug":"kit-demo-de-otto-connect-de-3-intercomunicadores-con-diademas-no-para-reventa","status":"publish","type":"product","link":"https:\/\/soydeaqui.ddns.net\/pachuca\/index.php\/producto\/kit-demo-de-otto-connect-de-3-intercomunicadores-con-diademas-no-para-reventa\/","title":{"rendered":"Kit demo de OTTO Connect de 3 intercomunicadores con diademas (no para reventa)."},"content":{"rendered":"<div style='width: 100%; max-width: 1200px; margin: 0 auto; font-family: sans-serif; line-height: 1.6; color: inherit; background-color: transparent;'>\n<div style='display: flex; flex-wrap: wrap; gap: 30px; margin-bottom: 30px;'>\n<div style='flex: 1 1 300px; min-width: 280px;'>\n<h3 style='font-size: 22px; border-bottom: 2px solid currentColor; padding-bottom: 5px; margin-top: 0; color: inherit; opacity: 0.8;'>Descripci\u00f3n<\/h3>\n<p style='font-size: 15px; color: inherit; margin-bottom: 15px;'>Equipos profesionales de comunicaci\u00f3n efectiva&comma; manos libres&comma; full d\u00faplex.<\/p>\n<p style='font-size: 15px; color: inherit; margin-bottom: 15px;'>Advertencia: Este Demo Kit no es para reventa&comma; \u00e9sta solo es una herramienta de ventas para cada distribuidor&comma; para que sus usuarios finales experimenten el desempe\u00f1o de los equipos y solo podemos vender un DEMO por distribuidor cada 3 a\u00f1os. Si requieren el sistema para re-vender&comma; se cotizar\u00e1n por separados los componentes.<\/p>\n<p style='font-size: 15px; color: inherit; margin-bottom: 15px;'>Para grupos de cuadrillas o de tour guiados en plantas de manufactura en ambientes altamente ruidosos y extremos a la intemperie.<\/p>\n<p style='font-size: 15px; color: inherit; margin-bottom: 15px;'>OTTO Connect es un sistema de comunicaci\u00f3n conversacional que permite una comunicaci\u00f3n efectiva manos libres entre los miembros del equipo de trabajo o grupos de trabajo.<\/p>\n<p style='font-size: 15px; color: inherit; margin-bottom: 15px;'>Un intercomunicador inal\u00e1mbrico provee hasta 18 horas de pl\u00e1tica continua en una variedad de aplicaciones demandantes y de condiciones ambientales adversas y se carga en 4 horas.<\/p>\n<p style='font-size: 15px; color: inherit; margin-bottom: 15px;'>La tecnolog\u00eda de procesamiento de la se\u00f1al digital provee una reducci\u00f3n del ruido ambiental en ambientes altamente ruidosos.<\/p>\n<p style='font-size: 15px; color: inherit; margin-bottom: 15px;'>Este equipo opera en un rango de frecuencia de 900 MHz&comma; esto soluciona el problema de interferencia por saturaci\u00f3n de frecuencias como WiFi&comma; Bluetooth&comma; se\u00f1al de celular&comma; otros intercomunicadores y rangos de frecuencia de 1.7-2.5 GHz&comma; tambi\u00e9n ofrece un excelente desempe\u00f1o en ambientes donde los intercomunicadores fallan&comma; incluyendo mejor penetraci\u00f3n a trav\u00e9s de paredes y a grandes distancias dentro de la lluvia.<\/p>\n<p style='font-size: 15px; color: inherit; margin-bottom: 15px;'>Ideal para ambientes de construcci\u00f3n&comma; cuadrillas de carreteras&comma; miner\u00eda&comma; manufactura.<\/p>\n<p style='font-size: 15px; color: inherit; margin-bottom: 15px;'>Las ventajas de OTTO Connect es que es port\u00e1til&comma; durable&comma; puedes moverte libremente y manos libres&comma; con una comunicaci\u00f3n full d\u00faplex&comma; \u00fatil en todo tipo de clima&comma; con una comunicaci\u00f3n clara en ambientes ruidosos&comma; cuenta por separado con accesorios para transportarlos como maletines para 3 y 8 equipos tipo beliz con ruedas&comma; un cargador de pares de 4 puertos y cables micro USB de reemplazo.<\/p>\n<p style='font-size: 15px; color: inherit; margin-bottom: 15px;'>El alcance m\u00e1ximo con l\u00ednea de vista es de 4&comma;000 pies (1&comma;219 m) y el rango t\u00edpico con algunos obst\u00e1culos es de 1600 a 2000 pies (487-609 m)&comma; con una capacidad para 8 oradores simult\u00e1neos y un ilimitado n\u00famero de radio escuchas sincronizados en grupos o multigrupos que soporta.<\/p>\n<p style='font-size: 15px; color: inherit; margin-bottom: 15px;'>Las dimensiones sin antena son 5.33 X 3.3 X 1.3 in sin antena&comma; la antena mide 3.5 in con una carcasa de policarbonato mezclado con ABS&comma; funda de goma protectora&comma; un espectro de dispersi\u00f3n de frecuencia 902-928 MHz. Su temperatura de operaci\u00f3n oscila entre los -20\u00b0C a +60\u00b0C&comma; y la temperatura de almacenamiento va de -40\u00b0C a los +70\u00b0C. Pesa 453 gr con un clip de uso rudo rotatorio&comma; para colgarlo de cualquier cinto.<\/p>\n<p style='font-size: 15px; color: inherit; margin-bottom: 15px;'>Puede utilizar diademas para reducci\u00f3n de ruido y con micr\u00f3fonos de cancelaci\u00f3n de ruido para una comunicaci\u00f3n clara&comma; fuerte y efectiva en un ambiente industrial y a la intemperie.<\/p>\n<h3 style='font-size: 22px; border-bottom: 2px solid currentColor; padding-bottom: 5px; margin-top: 25px; margin-bottom: 15px; color: inherit; opacity: 0.8;'>Incluye<\/h3>\n<ul style='padding-left: 20px; font-size: 15px; color: inherit; list-style-type: disc;'>\n<li style='margin-bottom: 5px;'>3 OTTO CONNECT de 1 Canal (Modelo: CT00210)<\/li>\n<li style='margin-bottom: 5px;'>1 Gu\u00eda de inicio r\u00e1pido<\/li>\n<li style='margin-bottom: 5px;'>1 Diadema de uso rudo de doble orejera (Modelo: V4-10943)<\/li>\n<li style='margin-bottom: 5px;'>1 Profile Headset (Modelo: V4-10935)<\/li>\n<li style='margin-bottom: 5px;'>1 Huracane II Headset (Modelo: V4-10986)<\/li>\n<li style='margin-bottom: 5px;'>1 Cargador de pared (Modelo C760540)<\/li>\n<li style='margin-bottom: 5px;'>3 Cables USB de carga (Incluidos con los CT00210)<\/li>\n<li style='margin-bottom: 5px;'>1 Estuche de viaje para 3 radios (Modelo: C760585)<\/li>\n<\/ul><\/div>\n<\/p><\/div>\n<div style='display: flex; flex-wrap: wrap; gap: 30px; margin-bottom: 30px;'>\n<div style='flex: 1 1 300px; min-width: 280px;'>\n<h3 style='font-size: 22px; border-bottom: 2px solid currentColor; padding-bottom: 5px; margin-top: 0; color: inherit; opacity: 0.8;'>Especificaciones t\u00e9cnicas<\/h3>\n<ul style='padding-left: 20px; font-size: 15px; color: inherit; list-style-type: disc;'>\n<li style='margin-bottom: 5px;'><strong>Frecuencia de operaci\u00f3n:<\/strong> 902-928 MHz<\/li>\n<li style='margin-bottom: 5px;'><strong>Alcance m\u00e1ximo (l\u00ednea de vista):<\/strong> 4&comma;000 pies (1&comma;219 m)<\/li>\n<li style='margin-bottom: 5px;'><strong>Rango t\u00edpico (con obst\u00e1culos):<\/strong> 1600-2000 pies (487-609 m)<\/li>\n<li style='margin-bottom: 5px;'><strong>Capacidad de comunicaci\u00f3n:<\/strong> Hasta 8 oradores simult\u00e1neos e ilimitado n\u00famero de radio escuchas<\/li>\n<li style='margin-bottom: 5px;'><strong>Duraci\u00f3n de bater\u00eda:<\/strong> Hasta 18 horas de uso continuo<\/li>\n<li style='margin-bottom: 5px;'><strong>Tiempo de carga:<\/strong> 4 horas<\/li>\n<li style='margin-bottom: 5px;'><strong>Temperatura de operaci\u00f3n:<\/strong> -20\u00b0C a +60\u00b0C<\/li>\n<li style='margin-bottom: 5px;'><strong>Temperatura de almacenamiento:<\/strong> -40\u00b0C a +70\u00b0C<\/li>\n<li style='margin-bottom: 5px;'><strong>Peso:<\/strong> 453 gr<\/li>\n<li style='margin-bottom: 5px;'><strong>Dimensiones:<\/strong> 5.33 X 3.3 X 1.3 in (sin antena)<\/li>\n<li style='margin-bottom: 5px;'><strong>Material:<\/strong> Carcasa de policarbonato mezclado con ABS&comma; funda de goma protectora<\/li>\n<\/ul><\/div>\n<\/p><\/div>\n<div style='display: flex; flex-wrap: wrap; gap: 30px; margin-bottom: 30px;'>\n<div style='flex: 1 1 300px; min-width: 280px;'>\n<h3 style='font-size: 22px; border-bottom: 2px solid currentColor; padding-bottom: 5px; margin-top: 0; color: inherit; opacity: 0.8;'>Restricciones de venta<\/h3>\n<p style='font-size: 15px; color: inherit; margin-bottom: 15px;'>Atenci\u00f3n: Solo se le puede vender 1 demo por distribuidor o integrador cada 3 a\u00f1os.<\/p>\n<\/p><\/div>\n<\/p><\/div>\n<div style='position: relative; padding-bottom: 56.25%; height: 0; overflow: hidden; margin-bottom: 30px;'>   <\/div>\n<\/p><\/div>\n","protected":false},"excerpt":{"rendered":"<p>Kit demo de OTTO Connect de 3 intercomunicadores con diademas (no para reventa).<\/p>\n","protected":false},"featured_media":66166,"comment_status":"open","ping_status":"closed","template":"","meta":[],"product_brand":[],"product_cat":[1336],"product_tag":[417,1337,1585],"class_list":{"0":"post-66167","1":"product","2":"type-product","3":"status-publish","4":"has-post-thumbnail","6":"product_cat-accesorios-generales-accesorios-para-otras-marcas","7":"product_tag-accesorios-generales","8":"product_tag-accesorios-para-otras-marcas","9":"product_tag-otto","11":"first","12":"outofstock","13":"sale","14":"shipping-taxable","15":"purchasable","16":"product-type-simple"},"_links":{"self":[{"href":"https:\/\/soydeaqui.ddns.net\/pachuca\/index.php\/wp-json\/wp\/v2\/product\/66167","targetHints":{"allow":["GET"]}}],"collection":[{"href":"https:\/\/soydeaqui.ddns.net\/pachuca\/index.php\/wp-json\/wp\/v2\/product"}],"about":[{"href":"https:\/\/soydeaqui.ddns.net\/pachuca\/index.php\/wp-json\/wp\/v2\/types\/product"}],"replies":[{"embeddable":true,"href":"https:\/\/soydeaqui.ddns.net\/pachuca\/index.php\/wp-json\/wp\/v2\/comments?post=66167"}],"wp:featuredmedia":[{"embeddable":true,"href":"https:\/\/soydeaqui.ddns.net\/pachuca\/index.php\/wp-json\/wp\/v2\/media\/66166"}],"wp:attachment":[{"href":"https:\/\/soydeaqui.ddns.net\/pachuca\/index.php\/wp-json\/wp\/v2\/media?parent=66167"}],"wp:term":[{"taxonomy":"product_brand","embeddable":true,"href":"https:\/\/soydeaqui.ddns.net\/pachuca\/index.php\/wp-json\/wp\/v2\/product_brand?post=66167"},{"taxonomy":"product_cat","embeddable":true,"href":"https:\/\/soydeaqui.ddns.net\/pachuca\/index.php\/wp-json\/wp\/v2\/product_cat?post=66167"},{"taxonomy":"product_tag","embeddable":true,"href":"https:\/\/soydeaqui.ddns.net\/pachuca\/index.php\/wp-json\/wp\/v2\/product_tag?post=66167"}],"curies":[{"name":"wp","href":"https:\/\/api.w.org\/{rel}","templated":true}]}}