{"id":66165,"date":"2026-03-19T08:48:05","date_gmt":"2026-03-19T08:48:05","guid":{"rendered":"https:\/\/soydeaqui.ddns.net\/pachuca\/index.php\/producto\/microfono-de-garganta-para-radios-motorola-moto-trbo-apx-series-apx4000-apx6000-apx6000xe-apx7000-apx7000xe-dp3400-dp3401-dp3600\/"},"modified":"2026-03-19T08:48:06","modified_gmt":"2026-03-19T08:48:06","slug":"microfono-de-garganta-para-radios-motorola-moto-trbo-apx-series-apx4000-apx6000-apx6000xe-apx7000-apx7000xe-dp3400-dp3401-dp3600","status":"publish","type":"product","link":"https:\/\/soydeaqui.ddns.net\/pachuca\/index.php\/producto\/microfono-de-garganta-para-radios-motorola-moto-trbo-apx-series-apx4000-apx6000-apx6000xe-apx7000-apx7000xe-dp3400-dp3401-dp3600\/","title":{"rendered":"Micr\u00f3fono de garganta para radios Motorola MOTO TRBO\/APX SERIES APX4000, APX6000\/APX6000XE, APX7000\/APX7000XE DP3400\/ DP3401, DP3600"},"content":{"rendered":"<div style='width: 100%; max-width: 1200px; margin: 0 auto; font-family: sans-serif; line-height: 1.6; color: inherit; background-color: transparent;'> <!-- Imagen principal --> <\/p>\n<div style='margin-bottom: 30px;'> <img style='width: 100%; height: auto; border: 1px solid rgba(150&comma;150&comma;150&comma;0.3); border-radius: 8px;' src='http:\/\/ftp3.syscom.mx\/usuarios\/fotos\/E2RE2KB5111\/87816-otto.png' alt='Micr\u00f3fono de garganta OTTO V1T12MF117'> <\/div>\n<p> <!-- Secci\u00f3n de compatibilidad --> <\/p>\n<div style='display: flex; flex-wrap: wrap; gap: 30px; margin-bottom: 30px;'>\n<div style='flex: 1 1 300px; min-width: 280px;'>\n<h3 style='font-size: 22px; border-bottom: 2px solid currentColor; padding-bottom: 5px; margin-top: 0; color: inherit; opacity: 0.8;'>Compatibilidad<\/h3>\n<ul style='padding-left: 20px; font-size: 15px; color: inherit;'>\n<li style='margin-bottom: 5px;'><strong>Mototrbo:<\/strong> EP350&comma; 450&comma; 450S&comma; MAG ONE&comma; DEP450&comma; DTR620&comma; RVA50&comma; VLR150<\/li>\n<li style='margin-bottom: 5px;'><strong>Hytera:<\/strong> TC500&comma; 508&comma; 518&comma; 580&comma; 600&comma; 610&comma; 700&comma; PD506<\/li>\n<\/ul><\/div>\n<p> <!-- Caracter\u00edsticas --> <\/p>\n<div style='flex: 1 1 300px; min-width: 280px;'>\n<h3 style='font-size: 22px; border-bottom: 2px solid currentColor; padding-bottom: 5px; margin-top: 0; color: inherit; opacity: 0.8;'>Caracter\u00edsticas<\/h3>\n<ul style='padding-left: 20px; font-size: 15px; color: inherit;'>\n<li style='margin-bottom: 5px;'>Avanzada tecnolog\u00eda de micr\u00f3fono que transmite la voz incluso al susurrar<\/li>\n<li style='margin-bottom: 5px;'>Correa confortable el\u00e1stica con ajuste para largas jornadas de trabajo<\/li>\n<li style='margin-bottom: 5px;'>Excelente equipo para requerimiento de manos libres<\/li>\n<li style='margin-bottom: 5px;'>Bot\u00f3n de PTT en el cable<\/li>\n<li style='margin-bottom: 5px;'>Tubo ac\u00fastico Plug and Play para compartir el equipo durante m\u00faltiples turnos de trabajo manteniendo un ambiente higi\u00e9nico<\/li>\n<\/ul><\/div>\n<p> <!-- Accesorios --> <\/p>\n<div style='flex: 1 1 300px; min-width: 280px;'>\n<h3 style='font-size: 22px; border-bottom: 2px solid currentColor; padding-bottom: 5px; margin-top: 0; color: inherit; opacity: 0.8;'>Accesorios incluidos<\/h3>\n<ul style='padding-left: 20px; font-size: 15px; color: inherit;'>\n<li style='margin-bottom: 5px;'>Adaptador jack de 2.5mm para conectar bot\u00f3n de PTT remoto<\/li>\n<\/ul><\/div>\n<\/p><\/div>\n<p> <!-- Video y diagrama --> <\/p>\n<div style='display: flex; flex-wrap: wrap; gap: 30px; margin-bottom: 30px;'> <!-- Video --> <\/p>\n<div style='flex: 1 1 400px; min-width: 300px;'>\n<div style='position: relative; padding-bottom: 56.25%; height: 0; overflow: hidden; margin-bottom: 30px;'>   <\/div>\n<\/p><\/div>\n<p> <!-- Diagrama --> <\/p>\n<div style='flex: 1 1 400px; min-width: 300px; display: flex; align-items: center;'> <img style='width: 100%; height: auto; border: 1px solid rgba(150&comma;150&comma;150&comma;0.3); border-radius: 8px;' src='http:\/\/ftp3.syscom.mx\/usuarios\/fotos\/recursos\/513.jpg' alt='Diagrama de instalaci\u00f3n'> <\/div>\n<\/p><\/div>\n<p> <!-- Separador final --> <\/p>\n<hr style='border: 0; border-top: 1px solid rgba(150&comma; 150&comma; 150&comma; 0.3); margin: 30px 0;'> <\/div>\n","protected":false},"excerpt":{"rendered":"<p>Micr\u00f3fono de garganta para radios Motorola MOTO TRBO\/APX SERIES APX4000, APX6000\/APX6000XE, APX7000\/APX7000XE DP3400\/ DP3401, DP3600<\/p>\n","protected":false},"featured_media":66164,"comment_status":"open","ping_status":"closed","template":"","meta":[],"product_brand":[],"product_cat":[1779],"product_tag":[1614,1568,1585],"class_list":{"0":"post-66165","1":"product","2":"type-product","3":"status-publish","4":"has-post-thumbnail","6":"product_cat-microfono-bocina-accesorios-para-motorola","7":"product_tag-accesorios-para-motorola","8":"product_tag-microfono-bocina","9":"product_tag-otto","11":"first","12":"outofstock","13":"sale","14":"shipping-taxable","15":"purchasable","16":"product-type-simple"},"_links":{"self":[{"href":"https:\/\/soydeaqui.ddns.net\/pachuca\/index.php\/wp-json\/wp\/v2\/product\/66165","targetHints":{"allow":["GET"]}}],"collection":[{"href":"https:\/\/soydeaqui.ddns.net\/pachuca\/index.php\/wp-json\/wp\/v2\/product"}],"about":[{"href":"https:\/\/soydeaqui.ddns.net\/pachuca\/index.php\/wp-json\/wp\/v2\/types\/product"}],"replies":[{"embeddable":true,"href":"https:\/\/soydeaqui.ddns.net\/pachuca\/index.php\/wp-json\/wp\/v2\/comments?post=66165"}],"wp:featuredmedia":[{"embeddable":true,"href":"https:\/\/soydeaqui.ddns.net\/pachuca\/index.php\/wp-json\/wp\/v2\/media\/66164"}],"wp:attachment":[{"href":"https:\/\/soydeaqui.ddns.net\/pachuca\/index.php\/wp-json\/wp\/v2\/media?parent=66165"}],"wp:term":[{"taxonomy":"product_brand","embeddable":true,"href":"https:\/\/soydeaqui.ddns.net\/pachuca\/index.php\/wp-json\/wp\/v2\/product_brand?post=66165"},{"taxonomy":"product_cat","embeddable":true,"href":"https:\/\/soydeaqui.ddns.net\/pachuca\/index.php\/wp-json\/wp\/v2\/product_cat?post=66165"},{"taxonomy":"product_tag","embeddable":true,"href":"https:\/\/soydeaqui.ddns.net\/pachuca\/index.php\/wp-json\/wp\/v2\/product_tag?post=66165"}],"curies":[{"name":"wp","href":"https:\/\/api.w.org\/{rel}","templated":true}]}}