{"id":66163,"date":"2026-03-19T08:48:00","date_gmt":"2026-03-19T08:48:00","guid":{"rendered":"https:\/\/soydeaqui.ddns.net\/pachuca\/index.php\/producto\/insertos-intercambiables-para-ascender-de-categoria-la-diadema-hurricane-ii-a-hurricane-iii-del-otto-connect\/"},"modified":"2026-03-19T08:48:00","modified_gmt":"2026-03-19T08:48:00","slug":"insertos-intercambiables-para-ascender-de-categoria-la-diadema-hurricane-ii-a-hurricane-iii-del-otto-connect","status":"publish","type":"product","link":"https:\/\/soydeaqui.ddns.net\/pachuca\/index.php\/producto\/insertos-intercambiables-para-ascender-de-categoria-la-diadema-hurricane-ii-a-hurricane-iii-del-otto-connect\/","title":{"rendered":"Insertos intercambiables para ascender de categor\u00eda la diadema Hurricane II a Hurricane III del OTTO Connect."},"content":{"rendered":"<div style='width: 100%; max-width: 1200px; margin: 0 auto; font-family: sans-serif; line-height: 1.6; color: inherit; background-color: transparent;'>\n<div style='display: flex; flex-wrap: wrap; gap: 30px; margin-bottom: 30px;'>\n<div style='flex: 1 1 300px; min-width: 280px;'>\n<p style='margin: 0; padding: 0;'><a style='display: inline-block; outline: none; text-decoration: none; color: inherit;' href='https:\/\/www.syscom.mx\/principal\/marca\/OTTO'> <img style='width: 100%; max-width: 220px; height: auto; border: 1px solid rgba(150&comma;150&comma;150&comma;0.3); border-radius: 8px; margin: 10px 0; padding: 10px;' src='https:\/\/ftp3.syscom.mx\/usuarios\/fotos\/logotipos\/otto.png' alt='OTTO logo'> <\/a><\/p>\n<p style='font-size: 15px; margin-top: 20px; color: inherit;'>Los anillos de retenci\u00f3n EarLock (R) y los filtros reductores de ruido patentados por SureFire&comma; incorporan la innovadora tecnolog\u00eda de SureFire&comma; l\u00edder en tecnolog\u00eda de protecci\u00f3n auditiva. Los sonidos pueden pasar y se pueden escuchar con claridad a niveles seguros&comma; incluido el habla&comma; mientras que los ruidos potencialmente da\u00f1inos se reducen a trav\u00e9s de un dise\u00f1o patentado que incorpora un filtro especial que reduce el ruido.<\/p>\n<p style='font-size: 15px; margin-top: 20px; color: inherit;'>Un interruptor deslizante permite al usuario controlar el nivel de sonido ambiental&comma; al mismo tiempo que conserva la conciencia situacional. En la posici\u00f3n abierta&comma; los filtros permiten que los sonidos ambientales y las conversaciones se escuchen con claridad. En entornos de alto ruido&comma; el cierre del interruptor aumenta la efectividad del bloqueo de ruido. El ruido de fondo ambiental se reduce en 21dB&comma; con hasta 40 dB de protecci\u00f3n contra ruidos fuertes.<\/p>\n<\/p><\/div>\n<\/p><\/div>\n<\/p><\/div>\n","protected":false},"excerpt":{"rendered":"<p>Insertos intercambiables para ascender de categor\u00eda la diadema Hurricane II a Hurricane III del OTTO Connect.<\/p>\n","protected":false},"featured_media":66162,"comment_status":"open","ping_status":"closed","template":"","meta":[],"product_brand":[],"product_cat":[1336],"product_tag":[417,1337,1585],"class_list":{"0":"post-66163","1":"product","2":"type-product","3":"status-publish","4":"has-post-thumbnail","6":"product_cat-accesorios-generales-accesorios-para-otras-marcas","7":"product_tag-accesorios-generales","8":"product_tag-accesorios-para-otras-marcas","9":"product_tag-otto","11":"first","12":"instock","13":"sale","14":"shipping-taxable","15":"purchasable","16":"product-type-simple"},"_links":{"self":[{"href":"https:\/\/soydeaqui.ddns.net\/pachuca\/index.php\/wp-json\/wp\/v2\/product\/66163","targetHints":{"allow":["GET"]}}],"collection":[{"href":"https:\/\/soydeaqui.ddns.net\/pachuca\/index.php\/wp-json\/wp\/v2\/product"}],"about":[{"href":"https:\/\/soydeaqui.ddns.net\/pachuca\/index.php\/wp-json\/wp\/v2\/types\/product"}],"replies":[{"embeddable":true,"href":"https:\/\/soydeaqui.ddns.net\/pachuca\/index.php\/wp-json\/wp\/v2\/comments?post=66163"}],"wp:featuredmedia":[{"embeddable":true,"href":"https:\/\/soydeaqui.ddns.net\/pachuca\/index.php\/wp-json\/wp\/v2\/media\/66162"}],"wp:attachment":[{"href":"https:\/\/soydeaqui.ddns.net\/pachuca\/index.php\/wp-json\/wp\/v2\/media?parent=66163"}],"wp:term":[{"taxonomy":"product_brand","embeddable":true,"href":"https:\/\/soydeaqui.ddns.net\/pachuca\/index.php\/wp-json\/wp\/v2\/product_brand?post=66163"},{"taxonomy":"product_cat","embeddable":true,"href":"https:\/\/soydeaqui.ddns.net\/pachuca\/index.php\/wp-json\/wp\/v2\/product_cat?post=66163"},{"taxonomy":"product_tag","embeddable":true,"href":"https:\/\/soydeaqui.ddns.net\/pachuca\/index.php\/wp-json\/wp\/v2\/product_tag?post=66163"}],"curies":[{"name":"wp","href":"https:\/\/api.w.org\/{rel}","templated":true}]}}