{"id":66151,"date":"2026-03-19T08:47:37","date_gmt":"2026-03-19T08:47:37","guid":{"rendered":"https:\/\/soydeaqui.ddns.net\/pachuca\/index.php\/producto\/maletin-de-carcasa-rigida-resistente-al-agua-de-uso-rudo-con-asa-y-ruedas-para-transportar-8-sistemas-de-intercomunicacion-otto-connect\/"},"modified":"2026-03-19T08:47:39","modified_gmt":"2026-03-19T08:47:39","slug":"maletin-de-carcasa-rigida-resistente-al-agua-de-uso-rudo-con-asa-y-ruedas-para-transportar-8-sistemas-de-intercomunicacion-otto-connect","status":"publish","type":"product","link":"https:\/\/soydeaqui.ddns.net\/pachuca\/index.php\/producto\/maletin-de-carcasa-rigida-resistente-al-agua-de-uso-rudo-con-asa-y-ruedas-para-transportar-8-sistemas-de-intercomunicacion-otto-connect\/","title":{"rendered":"Malet\u00edn de carcasa r\u00edgida, resistente al agua, de uso rudo con asa y ruedas, para transportar 8 sistemas de intercomunicaci\u00f3n OTTO Connect"},"content":{"rendered":"<div style='width: 100%; max-width: 1200px; margin: 0 auto; font-family: sans-serif; line-height: 1.6; color: inherit; background-color: transparent;'> <!-- T\u00edtulo del producto --> <\/p>\n<h2 style='font-size: 24px; margin-top: 0; margin-bottom: 20px; color: inherit; font-weight: 600;'> Malet\u00edn de carcasa r\u00edgida&comma; resistente al agua&comma; de uso rudo con asa y ruedas&comma; para transportar 8 sistemas de intercomunicadores OTTO Connect <\/h2>\n<p> <!-- Secci\u00f3n de caracter\u00edsticas --> <\/p>\n<div style='display: flex; flex-wrap: wrap; gap: 30px; margin-bottom: 30px;'>\n<div style='flex: 1 1 300px; min-width: 280px;'>\n<h3 style='font-size: 22px; border-bottom: 2px solid currentColor; padding-bottom: 5px; margin-top: 0; color: inherit; opacity: 0.8;'>Caracter\u00edsticas<\/h3>\n<ul style='padding-left: 20px; font-size: 15px; color: inherit;'>\n<li style='margin-bottom: 5px;'>Carcasa r\u00edgida de ABS<\/li>\n<li style='margin-bottom: 5px;'>Interior con formas prefabricadas de hule espuma para los equipos<\/li>\n<li style='margin-bottom: 5px;'>Impermeable<\/li>\n<li style='margin-bottom: 5px;'>Puede rodar<\/li>\n<li style='margin-bottom: 5px;'>Protege el equipo contra da\u00f1os en la transportaci\u00f3n<\/li>\n<li style='margin-bottom: 5px;'>Alta calidad y a prueba de golpes<\/li>\n<li style='margin-bottom: 5px;'>A prueba de fallas<\/li>\n<\/ul><\/div>\n<\/p><\/div>\n<p> <!-- Separador --> <\/p>\n<hr style='border: 0; border-top: 1px solid rgba(150&comma; 150&comma; 150&comma; 0.3); margin: 30px 0;'> <\/div>\n","protected":false},"excerpt":{"rendered":"<p>Malet\u00edn de carcasa r\u00edgida, resistente al agua, de uso rudo con asa y ruedas, para transportar 8 sistemas de intercomunicaci\u00f3n OTTO Connect<\/p>\n","protected":false},"featured_media":66150,"comment_status":"open","ping_status":"closed","template":"","meta":[],"product_brand":[],"product_cat":[1336],"product_tag":[417,1337,1585],"class_list":{"0":"post-66151","1":"product","2":"type-product","3":"status-publish","4":"has-post-thumbnail","6":"product_cat-accesorios-generales-accesorios-para-otras-marcas","7":"product_tag-accesorios-generales","8":"product_tag-accesorios-para-otras-marcas","9":"product_tag-otto","11":"first","12":"outofstock","13":"sale","14":"shipping-taxable","15":"purchasable","16":"product-type-simple"},"_links":{"self":[{"href":"https:\/\/soydeaqui.ddns.net\/pachuca\/index.php\/wp-json\/wp\/v2\/product\/66151","targetHints":{"allow":["GET"]}}],"collection":[{"href":"https:\/\/soydeaqui.ddns.net\/pachuca\/index.php\/wp-json\/wp\/v2\/product"}],"about":[{"href":"https:\/\/soydeaqui.ddns.net\/pachuca\/index.php\/wp-json\/wp\/v2\/types\/product"}],"replies":[{"embeddable":true,"href":"https:\/\/soydeaqui.ddns.net\/pachuca\/index.php\/wp-json\/wp\/v2\/comments?post=66151"}],"wp:featuredmedia":[{"embeddable":true,"href":"https:\/\/soydeaqui.ddns.net\/pachuca\/index.php\/wp-json\/wp\/v2\/media\/66150"}],"wp:attachment":[{"href":"https:\/\/soydeaqui.ddns.net\/pachuca\/index.php\/wp-json\/wp\/v2\/media?parent=66151"}],"wp:term":[{"taxonomy":"product_brand","embeddable":true,"href":"https:\/\/soydeaqui.ddns.net\/pachuca\/index.php\/wp-json\/wp\/v2\/product_brand?post=66151"},{"taxonomy":"product_cat","embeddable":true,"href":"https:\/\/soydeaqui.ddns.net\/pachuca\/index.php\/wp-json\/wp\/v2\/product_cat?post=66151"},{"taxonomy":"product_tag","embeddable":true,"href":"https:\/\/soydeaqui.ddns.net\/pachuca\/index.php\/wp-json\/wp\/v2\/product_tag?post=66151"}],"curies":[{"name":"wp","href":"https:\/\/api.w.org\/{rel}","templated":true}]}}