{"id":66142,"date":"2026-03-19T08:47:20","date_gmt":"2026-03-19T08:47:20","guid":{"rendered":"https:\/\/soydeaqui.ddns.net\/pachuca\/index.php\/producto\/kit-amplificador-de-senal-celular-de-una-banda-de-frecuencia-mejora-las-llamadas-convencionales-soporta-los-datos-de-las-tecnologias-2g-y-3g-de-telcel-att-y-movistar-puede-cubrir-un-espacio-de\/"},"modified":"2026-03-19T08:47:25","modified_gmt":"2026-03-19T08:47:25","slug":"kit-amplificador-de-senal-celular-de-una-banda-de-frecuencia-mejora-las-llamadas-convencionales-soporta-los-datos-de-las-tecnologias-2g-y-3g-de-telcel-att-y-movistar-puede-cubrir-un-espacio-de","status":"publish","type":"product","link":"https:\/\/soydeaqui.ddns.net\/pachuca\/index.php\/producto\/kit-amplificador-de-senal-celular-de-una-banda-de-frecuencia-mejora-las-llamadas-convencionales-soporta-los-datos-de-las-tecnologias-2g-y-3g-de-telcel-att-y-movistar-puede-cubrir-un-espacio-de\/","title":{"rendered":"Kit Amplificador de Se\u00f1al Celular de UNA banda de frecuencia \/ Mejora las llamadas convencionales \/ Soporta los datos de las tecnolog\u00edas 2G y 3G de TELCEL, AT&#038;T y MOVISTAR \/ Puede cubrir un espacio de hasta 140 m2."},"content":{"rendered":"<div style='width: 100%; max-width: 1200px; margin: 0 auto; font-family: sans-serif; line-height: 1.6; color: inherit; background-color: transparent;'>\n<div style='display: flex; flex-wrap: wrap; gap: 30px; margin-bottom: 30px;'>\n<div style='flex: 1 1 300px; min-width: 280px;'>\n<h3 style='font-size: 22px; border-bottom: 2px solid currentColor; padding-bottom: 5px; margin-top: 0; color: inherit; opacity: 0.8;'>Caracter\u00edsticas principales<\/h3>\n<ul style='padding-left: 20px; font-size: 15px; color: inherit;'>\n<li style='margin-bottom: 5px;'>Una banda de frecuencia: <strong style='color: inherit; font-weight: bold;'>850 MHz<\/strong><\/li>\n<li style='margin-bottom: 5px;'>Amplifica la banda <strong style='color: inherit; font-weight: bold;'>B5<\/strong><\/li>\n<li style='margin-bottom: 5px;'>Ganancia de <strong style='color: inherit; font-weight: bold;'>65 dB<\/strong><\/li>\n<li style='margin-bottom: 5px;'>Potencia m\u00e1xima de <strong style='color: inherit; font-weight: bold;'>17 dBm<\/strong><\/li>\n<li style='margin-bottom: 5px;'>Mejora llamadas convencionales (2G\/3G)<\/li>\n<li style='margin-bottom: 5px;'>Soporta datos <strong style='color: inherit; font-weight: bold;'>3G<\/strong> para internet y redes sociales<\/li>\n<li style='margin-bottom: 5px;'>Soporta datos <strong style='color: inherit; font-weight: bold;'>2G<\/strong> para paquetes peque\u00f1os<\/li>\n<li style='margin-bottom: 5px;'>Soporta m\u00faltiples operadores y usuarios simult\u00e1neamente<\/li>\n<\/ul><\/div>\n<div style='flex: 1 1 300px; min-width: 280px;'>\n<h3 style='font-size: 22px; border-bottom: 2px solid currentColor; padding-bottom: 5px; margin-top: 0; color: inherit; opacity: 0.8;'>Caracter\u00edsticas generales<\/h3>\n<ul style='padding-left: 20px; font-size: 15px; color: inherit;'>\n<li style='margin-bottom: 5px;'>S\u00f3lo amplifica se\u00f1ales en banda 5 (850 MHz)<\/li>\n<li style='margin-bottom: 5px;'>Incluye todo lo necesario para su funcionamiento<\/li>\n<li style='margin-bottom: 5px;'>Antena exterior tipo panel para 850 MHz con cable coaxial incluido de 15 m<\/li>\n<li style='margin-bottom: 5px;'>Antena interior tipo l\u00e1tigo omnidireccional para 850 MHz<\/li>\n<li style='margin-bottom: 5px;'>Jumper coaxial con cable RG58 y conector SMA macho<\/li>\n<li style='margin-bottom: 5px;'>Muy f\u00e1cil de instalar<\/li>\n<li style='margin-bottom: 5px;'>No requiere configuraci\u00f3n<\/li>\n<li style='margin-bottom: 5px;'>Pantalla para visualizar condiciones del amplificador<\/li>\n<\/ul><\/div>\n<div style='flex: 1 1 300px; min-width: 280px;'>\n<h3 style='font-size: 22px; border-bottom: 2px solid currentColor; padding-bottom: 5px; margin-top: 0; color: inherit; opacity: 0.8;'>Especificaciones f\u00edsicas y el\u00e9ctricas<\/h3>\n<ul style='padding-left: 20px; font-size: 15px; color: inherit;'>\n<li style='margin-bottom: 5px;'>Banda de frecuencia: 850 MHz (B5)<\/li>\n<li style='margin-bottom: 5px;'>Ganancia: 65 dB \u00b1 3 dBm<\/li>\n<li style='margin-bottom: 5px;'>Potencia m\u00e1xima: 17 dBm<\/li>\n<li style='margin-bottom: 5px;'>Consumo: &lt;3W<\/li>\n<li style='margin-bottom: 5px;'>Alimentaci\u00f3n requerida: 5 Vcc&comma; 1.2 A<\/li>\n<li style='margin-bottom: 5px;'>Temperatura: -25\u00b0C a +55\u00b0C<\/li>\n<li style='margin-bottom: 5px;'>Dimensiones: 128 mm x 87 mm x 21 mm<\/li>\n<li style='margin-bottom: 5px;'>Peso: &lt;500 g<\/li>\n<\/ul><\/div>\n<\/p><\/div>\n<hr style='border: 0; border-top: 1px solid rgba(150&comma;150&comma;150&comma;0.3); margin: 30px 0;'>\n<div style='display: flex; flex-wrap: wrap; gap: 30px; margin-bottom: 30px;'>\n<div style='flex: 1 1 300px; min-width: 280px;'>\n<h3 style='font-size: 22px; border-bottom: 2px solid currentColor; padding-bottom: 5px; margin-top: 0; color: inherit; opacity: 0.8;'>Notas<\/h3>\n<ul style='padding-left: 20px; font-size: 15px; color: inherit;'>\n<li style='margin-bottom: 5px;'>Utilice la aplicaci\u00f3n NETWORK CELL INFO LITE para corroborar que la se\u00f1al 3G o 2G llega en la Banda 5.<\/li>\n<li style='margin-bottom: 5px;'>Instale el kit amplificador de acuerdo al manual de usuario o gu\u00eda de instalaci\u00f3n.<\/li>\n<li style='margin-bottom: 5px;'>Use el kit amplificador para lo que est\u00e1 dise\u00f1ado.<\/li>\n<li style='margin-bottom: 5px;'>Si tiene dudas contacte nuestro departamento de Ingenier\u00eda Radiocomunicaci\u00f3n.<\/li>\n<li style='margin-bottom: 5px;'>Una mala instalaci\u00f3n o mal uso de este sistema puede provocar interferencia.<\/li>\n<\/ul><\/div>\n<div style='flex: 1 1 300px; min-width: 280px;'>\n<h3 style='font-size: 22px; border-bottom: 2px solid currentColor; padding-bottom: 5px; margin-top: 0; color: inherit; opacity: 0.8;'>Aplicaci\u00f3n para medir se\u00f1al celular<\/h3>\n<p style='font-size: 15px; color: inherit; margin-bottom: 15px;'>Puedes usar una aplicaci\u00f3n gratuita para Android que te permite medir la intensidad real de se\u00f1al celular en tu ubicaci\u00f3n&comma; lo cual es \u00fatil para una buena soluci\u00f3n de amplificador.<\/p>\n<p style='margin-bottom: 0;'><a href='https:\/\/soporte.syscom.mx\/es\/articles\/6106035-aplicacion-app-para-medir-la-intensidad-de-senal-celular-con-android' target='_blank' rel='noopener' style='color: inherit; text-decoration: underline;'>Ver art\u00edculo de soporte<\/a><\/p>\n<\/p><\/div>\n<\/p><\/div>\n<hr style='border: 0; border-top: 1px solid rgba(150&comma;150&comma;150&comma;0.3); margin: 30px 0;'>\n<div style='display: flex; flex-wrap: wrap; gap: 30px; margin-bottom: 30px;'>\n<div style='flex: 1 1 300px; min-width: 280px;'>\n<h3 style='font-size: 22px; border-bottom: 2px solid currentColor; padding-bottom: 5px; margin-top: 0; color: inherit; opacity: 0.8;'>Amplificador de Se\u00f1al Celular de UNA banda de frecuencia<\/h3>\n<ul style='padding-left: 20px; font-size: 15px; color: inherit;'>\n<li style='margin-bottom: 5px;'><strong style='color: inherit; font-weight: bold;'>EP-865-17<\/strong> mejora las llamadas convencionales<\/li>\n<li style='margin-bottom: 5px;'>Soporta los datos de las tecnolog\u00edas 2G y 3G de TELCEL&comma; AT&#038;T y MOVISTAR<\/li>\n<li style='margin-bottom: 5px;'>Puede cubrir un espacio de hasta 140 m\u00b2<\/li>\n<\/ul><\/div>\n<div style='flex: 1 1 300px; min-width: 280px;'>\n<h3 style='font-size: 22px; border-bottom: 2px solid currentColor; padding-bottom: 5px; margin-top: 0; color: inherit; opacity: 0.8;'>Contenido del kit<\/h3>\n<ul style='padding-left: 20px; font-size: 15px; color: inherit;'>\n<li style='margin-bottom: 5px;'>Amplificador<\/li>\n<li style='margin-bottom: 5px;'>Fuente de alimentaci\u00f3n<\/li>\n<li style='margin-bottom: 5px;'>Antena exterior (donadora) con 15 m de cable coaxial con conector<\/li>\n<li style='margin-bottom: 5px;'>Antena interior (de servicio) tipo l\u00e1tigo<\/li>\n<li style='margin-bottom: 5px;'>Jumper coaxial con cable RG58 y conector SMA macho<\/li>\n<\/ul>\n<p style='font-size: 14px; color: inherit; margin-top: 15px; margin-bottom: 0;'>Adicional puede considerar el m\u00e1stil <a href='https:\/\/www.syscom.mx\/producto\/SMRP-150-CF-SYSCOM-TOWERS-163269.html' target='_blank' rel='noopener' style='color: inherit; text-decoration: underline;'>SMRP-150-CF<\/a> o <a href='https:\/\/www.syscom.mx\/producto\/KIT-SLM-3-SYSCOM-TOWERS-78520.html' target='_blank' rel='noopener' style='color: inherit; text-decoration: underline;'>KIT-SLM-3<\/a> para la antena exterior<\/p>\n<\/p><\/div>\n<div style='flex: 1 1 300px; min-width: 280px;'>\n<h3 style='font-size: 22px; border-bottom: 2px solid currentColor; padding-bottom: 5px; margin-top: 0; color: inherit; opacity: 0.8;'>Recomendaci\u00f3n<\/h3>\n<p style='font-size: 15px; color: inherit; margin-bottom: 15px;'>La potencia del amplificador es gracias a la se\u00f1al que le entra.<\/p>\n<p> <img src='https:\/\/ftp3.syscom.mx\/usuarios\/amarquez\/AdSC\/Fotos%20y%20diagramas%20para%20AdSC\/Tabla%20para%20determinar%20cobertura%20estimada..png' style='width: 100%; height: auto; border: 1px solid rgba(150&comma;150&comma;150&comma;0.3); border-radius: 8px;' alt='Tabla para determinar cobertura estimada'> <\/div>\n<\/p><\/div>\n<hr style='border: 0; border-top: 1px solid rgba(150&comma;150&comma;150&comma;0.3); margin: 30px 0;'>\n<div style='margin-bottom: 30px;'>\n<h3 style='font-size: 22px; color: inherit; margin-bottom: 15px;'>Diagrama demostrativo de instalaci\u00f3n<\/h3>\n<p> <img src='https:\/\/ftp3.syscom.mx\/usuarios\/fotos\/EP86517\/141919-imagen_de_instalaci\u00f3n..png' style='width: 100%; height: auto; border: 1px solid rgba(150&comma;150&comma;150&comma;0.3); border-radius: 8px;' alt='Diagrama de instalaci\u00f3n'> <\/div>\n<div style='margin-bottom: 30px;'>\n<h3 style='font-size: 22px; color: inherit; margin-bottom: 15px;'>Banda de frecuencia<\/h3>\n<p style='margin-bottom: 15px;'>El amplificador <strong style='color: inherit; font-weight: bold;'>EP-865-17<\/strong> es de banda sencilla&comma; s\u00f3lo amplifica la banda de 850 MHz.<\/p>\n<p> <img src='https:\/\/ftp3.syscom.mx\/usuarios\/amarquez\/AdSC\/Fotos%20y%20diagramas%20para%20AdSC\/850%20MHz%20Bandas%20de%20frecuencia%20y%20tecnologias.png' style='width: 100%; height: auto; border: 1px solid rgba(150&comma;150&comma;150&comma;0.3); border-radius: 8px;' alt='Banda de frecuencia 850 MHz'> <\/div>\n<\/p><\/div>\n","protected":false},"excerpt":{"rendered":"<p>Kit Amplificador de Se\u00f1al Celular de UNA banda de frecuencia \/ Mejora las llamadas convencionales \/ Soporta los datos de las tecnolog\u00edas 2G y 3G de TELCEL, AT&#038;T y MOVISTAR \/ Puede cubrir un espacio de hasta 140 m2.<\/p>\n","protected":false},"featured_media":66141,"comment_status":"open","ping_status":"closed","template":"","meta":[],"product_brand":[],"product_cat":[1570,1552],"product_tag":[1535,1571,1553,935],"class_list":{"0":"post-66142","1":"product","2":"type-product","3":"status-publish","4":"has-post-thumbnail","6":"product_cat-amplificadores-de-senal-celular-adsc","7":"product_cat-cobertura-para-celular-4g-lte","8":"product_tag-3g-y-voz","9":"product_tag-amplificadores-de-senal-celular-adsc","10":"product_tag-cobertura-para-celular-4g-lte","11":"product_tag-epcom","13":"first","14":"instock","15":"sale","16":"shipping-taxable","17":"purchasable","18":"product-type-simple"},"_links":{"self":[{"href":"https:\/\/soydeaqui.ddns.net\/pachuca\/index.php\/wp-json\/wp\/v2\/product\/66142","targetHints":{"allow":["GET"]}}],"collection":[{"href":"https:\/\/soydeaqui.ddns.net\/pachuca\/index.php\/wp-json\/wp\/v2\/product"}],"about":[{"href":"https:\/\/soydeaqui.ddns.net\/pachuca\/index.php\/wp-json\/wp\/v2\/types\/product"}],"replies":[{"embeddable":true,"href":"https:\/\/soydeaqui.ddns.net\/pachuca\/index.php\/wp-json\/wp\/v2\/comments?post=66142"}],"wp:featuredmedia":[{"embeddable":true,"href":"https:\/\/soydeaqui.ddns.net\/pachuca\/index.php\/wp-json\/wp\/v2\/media\/66141"}],"wp:attachment":[{"href":"https:\/\/soydeaqui.ddns.net\/pachuca\/index.php\/wp-json\/wp\/v2\/media?parent=66142"}],"wp:term":[{"taxonomy":"product_brand","embeddable":true,"href":"https:\/\/soydeaqui.ddns.net\/pachuca\/index.php\/wp-json\/wp\/v2\/product_brand?post=66142"},{"taxonomy":"product_cat","embeddable":true,"href":"https:\/\/soydeaqui.ddns.net\/pachuca\/index.php\/wp-json\/wp\/v2\/product_cat?post=66142"},{"taxonomy":"product_tag","embeddable":true,"href":"https:\/\/soydeaqui.ddns.net\/pachuca\/index.php\/wp-json\/wp\/v2\/product_tag?post=66142"}],"curies":[{"name":"wp","href":"https:\/\/api.w.org\/{rel}","templated":true}]}}