{"id":66115,"date":"2026-03-19T08:46:22","date_gmt":"2026-03-19T08:46:22","guid":{"rendered":"https:\/\/soydeaqui.ddns.net\/pachuca\/index.php\/producto\/bateria-li-ion-1900-mah-para-hyt-x1e-x1p-harris-hdp250\/"},"modified":"2026-03-19T08:46:23","modified_gmt":"2026-03-19T08:46:23","slug":"bateria-li-ion-1900-mah-para-hyt-x1e-x1p-harris-hdp250","status":"publish","type":"product","link":"https:\/\/soydeaqui.ddns.net\/pachuca\/index.php\/producto\/bateria-li-ion-1900-mah-para-hyt-x1e-x1p-harris-hdp250\/","title":{"rendered":"Bater\u00eda Li-Ion 1900 mAh para HYT X1E, X1P, Harris HDP250"},"content":{"rendered":"<div style='width: 100%; max-width: 1200px; margin: 0 auto; font-family: sans-serif; line-height: 1.6; color: inherit; background-color: transparent;'> <!-- Secci\u00f3n de caracter\u00edsticas --> <\/p>\n<div style='display: flex; flex-wrap: wrap; gap: 30px; margin-bottom: 30px;'>\n<div style='flex: 1 1 300px; min-width: 280px;'>\n<h3 style='font-size: 22px; border-bottom: 2px solid currentColor; padding-bottom: 5px; margin-top: 0; color: inherit; opacity: 0.8;'>Caracter\u00edsticas principales<\/h3>\n<ul style='padding-left: 20px; font-size: 15px; color: inherit;'>\n<li style='margin-bottom: 5px;'>Dise\u00f1ada para ambientes extremos y de uso rudo<\/li>\n<li style='margin-bottom: 5px;'>Fabricadas con los m\u00e1s rigurosos controles de calidad<\/li>\n<li style='margin-bottom: 5px;'>Selladas con soldadora s\u00f3nica<\/li>\n<li style='margin-bottom: 5px;'>Fabricada con policarbonato de alta resistencia<\/li>\n<li style='margin-bottom: 5px;'>Utilizan celdas japonesas de alta duraci\u00f3n<\/li>\n<li style='margin-bottom: 5px;'>Cumplen con est\u00e1ndares militares<\/li>\n<\/ul><\/div>\n<\/p><\/div>\n<p> <!-- Secci\u00f3n de especificaciones t\u00e9cnicas --> <\/p>\n<div style='display: flex; flex-wrap: wrap; gap: 20px; margin-bottom: 30px;'>\n<div style='flex: 1 1 250px; border: 1px solid rgba(150&comma; 150&comma; 150&comma; 0.4); border-radius: 8px; overflow: hidden; display: flex; flex-direction: column;'>\n<div style='padding: 15px; border-bottom: 1px solid rgba(150&comma; 150&comma; 150&comma; 0.2); font-weight: bold; font-size: 18px; color: inherit;'>Especificaciones T\u00e9cnicas<\/div>\n<div style='padding: 15px; color: inherit;'>\n<ul style='padding-left: 20px; margin: 0; font-size: 14px; list-style-type: disc;'>\n<li style='margin-bottom: 5px;'><strong>Voltaje:<\/strong> 7.4V<\/li>\n<li style='margin-bottom: 5px;'><strong>Capacidad:<\/strong> 1900 mAh<\/li>\n<li style='margin-bottom: 5px;'><strong>Qu\u00edmica:<\/strong> Li-Ion<\/li>\n<li style='margin-bottom: 5px;'><strong>Tipo de celda:<\/strong> Panasonic o equivalente<\/li>\n<li style='margin-bottom: 5px;'><strong>Ciclos de carga:<\/strong> 300<\/li>\n<li style='margin-bottom: 5px;'><strong>Tipo de carga:<\/strong> R\u00e1pida<\/li>\n<\/ul><\/div>\n<\/p><\/div>\n<p> <!-- Secci\u00f3n de compatibilidad --> <\/p>\n<div style='flex: 1 1 250px; border: 1px solid rgba(150&comma; 150&comma; 150&comma; 0.4); border-radius: 8px; overflow: hidden; display: flex; flex-direction: column;'>\n<div style='padding: 15px; border-bottom: 1px solid rgba(150&comma; 150&comma; 150&comma; 0.2); font-weight: bold; font-size: 18px; color: inherit;'>Compatibilidad<\/div>\n<div style='padding: 15px; color: inherit;'>\n<ul style='padding-left: 20px; margin: 0; font-size: 14px; list-style-type: disc;'>\n<li style='margin-bottom: 5px;'><strong>Radios compatibles:<\/strong> Hytera X1e&comma; X1p&comma; Z1p \/ Harris HDP250<\/li>\n<li style='margin-bottom: 5px;'><strong>Reemplaza bater\u00eda OEM:<\/strong> BL1809<\/li>\n<li style='margin-bottom: 5px;'><strong>Cargadores compatibles:<\/strong> Endura EC1-HY8&comma; EC1M-HY8&comma; EC6M-HY8 \/ Hytera CH10L15<\/li>\n<\/ul><\/div>\n<\/p><\/div>\n<p> <!-- Secci\u00f3n de protecci\u00f3n y construcci\u00f3n --> <\/p>\n<div style='flex: 1 1 250px; border: 1px solid rgba(150&comma; 150&comma; 150&comma; 0.4); border-radius: 8px; overflow: hidden; display: flex; flex-direction: column;'>\n<div style='padding: 15px; border-bottom: 1px solid rgba(150&comma; 150&comma; 150&comma; 0.2); font-weight: bold; font-size: 18px; color: inherit;'>Protecci\u00f3n y Construcci\u00f3n<\/div>\n<div style='padding: 15px; color: inherit;'>\n<ul style='padding-left: 20px; margin: 0; font-size: 14px; list-style-type: disc;'>\n<li style='margin-bottom: 5px;'><strong>Protecciones:<\/strong> Sobrecarga \/ Descarga excesiva \/ Temperatura excesiva<\/li>\n<li style='margin-bottom: 5px;'><strong>Material del estuche:<\/strong> ABS<\/li>\n<li style='margin-bottom: 5px;'><strong>Sellado:<\/strong> Soldadura s\u00f3nica<\/li>\n<li style='margin-bottom: 5px;'><strong>Soldadura de terminales:<\/strong> Pesta\u00f1as de n\u00edquel puro con soldadora por puntos<\/li>\n<\/ul><\/div>\n<\/p><\/div>\n<p> <!-- Secci\u00f3n de rendimiento --> <\/p>\n<div style='flex: 1 1 250px; border: 1px solid rgba(150&comma; 150&comma; 150&comma; 0.4); border-radius: 8px; overflow: hidden; display: flex; flex-direction: column;'>\n<div style='padding: 15px; border-bottom: 1px solid rgba(150&comma; 150&comma; 150&comma; 0.2); font-weight: bold; font-size: 18px; color: inherit;'>Rendimiento<\/div>\n<div style='padding: 15px; color: inherit;'>\n<ul style='padding-left: 20px; margin: 0; font-size: 14px; list-style-type: disc;'>\n<li style='margin-bottom: 5px;'><strong>Temperatura operaci\u00f3n:<\/strong> -20\u00b0C a +60\u00b0C (descarga) \/ 0\u00b0C a +40\u00b0C (carga)<\/li>\n<li style='margin-bottom: 5px;'><strong>Garant\u00eda:<\/strong> 12 meses<\/li>\n<\/ul><\/div>\n<\/p><\/div>\n<\/p><\/div>\n<p> <!-- Separador --> <\/p>\n<hr style='border: 0; border-top: 1px solid rgba(150&comma; 150&comma; 150&comma; 0.3); margin: 30px 0;'> <\/div>\n","protected":false},"excerpt":{"rendered":"<p>Bater\u00eda Li-Ion 1900 mAh para HYT X1E, X1P, Harris HDP250<\/p>\n","protected":false},"featured_media":66114,"comment_status":"open","ping_status":"closed","template":"","meta":[],"product_brand":[],"product_cat":[1940],"product_tag":[1583,143,1764],"class_list":{"0":"post-66115","1":"product","2":"type-product","3":"status-publish","4":"has-post-thumbnail","6":"product_cat-baterias-accesorios-para-hytera-hyt","7":"product_tag-accesorios-para-hytera-hyt","8":"product_tag-baterias","9":"product_tag-power-products","11":"first","12":"outofstock","13":"sale","14":"shipping-taxable","15":"purchasable","16":"product-type-simple"},"_links":{"self":[{"href":"https:\/\/soydeaqui.ddns.net\/pachuca\/index.php\/wp-json\/wp\/v2\/product\/66115","targetHints":{"allow":["GET"]}}],"collection":[{"href":"https:\/\/soydeaqui.ddns.net\/pachuca\/index.php\/wp-json\/wp\/v2\/product"}],"about":[{"href":"https:\/\/soydeaqui.ddns.net\/pachuca\/index.php\/wp-json\/wp\/v2\/types\/product"}],"replies":[{"embeddable":true,"href":"https:\/\/soydeaqui.ddns.net\/pachuca\/index.php\/wp-json\/wp\/v2\/comments?post=66115"}],"wp:featuredmedia":[{"embeddable":true,"href":"https:\/\/soydeaqui.ddns.net\/pachuca\/index.php\/wp-json\/wp\/v2\/media\/66114"}],"wp:attachment":[{"href":"https:\/\/soydeaqui.ddns.net\/pachuca\/index.php\/wp-json\/wp\/v2\/media?parent=66115"}],"wp:term":[{"taxonomy":"product_brand","embeddable":true,"href":"https:\/\/soydeaqui.ddns.net\/pachuca\/index.php\/wp-json\/wp\/v2\/product_brand?post=66115"},{"taxonomy":"product_cat","embeddable":true,"href":"https:\/\/soydeaqui.ddns.net\/pachuca\/index.php\/wp-json\/wp\/v2\/product_cat?post=66115"},{"taxonomy":"product_tag","embeddable":true,"href":"https:\/\/soydeaqui.ddns.net\/pachuca\/index.php\/wp-json\/wp\/v2\/product_tag?post=66115"}],"curies":[{"name":"wp","href":"https:\/\/api.w.org\/{rel}","templated":true}]}}